{"id":193,"date":"2017-03-13T18:17:41","date_gmt":"2017-03-13T17:17:41","guid":{"rendered":"\/\/www.sorefix.com\/ned\/?page_id=193"},"modified":"2024-03-01T13:14:19","modified_gmt":"2024-03-01T13:14:19","slug":"tietoa-tuotteesta","status":"publish","type":"page","link":"https:\/\/www.sorefix.com\/fi\/tietoa-tuotteesta\/","title":{"rendered":"Tietoa tuotteesta"},"content":{"rendered":"<div id='page-content-section-margin'  class='avia-section av-3kxyhl-83da002ea10cfb198292fb799f0a8e00 main_color avia-section-default avia-no-border-styling  avia-builder-el-0  el_before_av_section  avia-builder-el-first  avia-bg-style-scroll container_wrap fullsize'  ><div class='container av-section-cont-open' ><main  role=\"main\" itemprop=\"mainContentOfPage\"  class='template-page content  av-content-full alpha units'><div class='post-entry post-entry-type-page post-entry-193'><div class='entry-content-wrapper clearfix'>\n\n<style type=\"text\/css\" data-created_by=\"avia_inline_auto\" id=\"style-css-av-3frp8p-72d5a2c684332887e4dbc5d2d00f1ae2\">\n.flex_column.av-3frp8p-72d5a2c684332887e4dbc5d2d00f1ae2{\nborder-radius:0px 0px 0px 0px;\npadding:0px 0px 0px 0px;\n}\n<\/style>\n<div  class='flex_column av-3frp8p-72d5a2c684332887e4dbc5d2d00f1ae2 av_one_third  avia-builder-el-1  el_before_av_two_third  avia-builder-el-first  first flex_column_div av-zero-column-padding  '     ><p>\n<style type=\"text\/css\" data-created_by=\"avia_inline_auto\" id=\"style-css-av-37pvll-15d9850a5f8a5ba7c4c7d1b9c1812363\">\n#top .hr.hr-invisible.av-37pvll-15d9850a5f8a5ba7c4c7d1b9c1812363{\nheight:40px;\n}\n<\/style>\n<div  class='hr av-37pvll-15d9850a5f8a5ba7c4c7d1b9c1812363 hr-invisible  avia-builder-el-2  el_before_av_image  avia-builder-el-first '><span class='hr-inner '><span class=\"hr-inner-style\"><\/span><\/span><\/div><br \/>\n\n<style type=\"text\/css\" data-created_by=\"avia_inline_auto\" id=\"style-css-av-30d9d5-10c6f0bec25ccddc5d867821d1dd5d34\">\n.avia-image-container.av-30d9d5-10c6f0bec25ccddc5d867821d1dd5d34 img.avia_image{\nbox-shadow:none;\n}\n.avia-image-container.av-30d9d5-10c6f0bec25ccddc5d867821d1dd5d34 .av-image-caption-overlay-center{\ncolor:#ffffff;\n}\n<\/style>\n<div  class='avia-image-container av-30d9d5-10c6f0bec25ccddc5d867821d1dd5d34 av-styling- avia-align-center  avia-builder-el-3  el_after_av_hr  avia-builder-el-last '   itemprop=\"image\" itemscope=\"itemscope\" itemtype=\"https:\/\/schema.org\/ImageObject\" ><div class=\"avia-image-container-inner\"><div class=\"avia-image-overlay-wrap\"><img decoding=\"async\" fetchpriority=\"high\" class='wp-image-1315 avia-img-lazy-loading-not-1315 avia_image ' src=\"https:\/\/www.sorefix.com\/fi\/files\/2024\/03\/duo.png\" alt='' title='duo'  height=\"211\" width=\"354\"  itemprop=\"thumbnailUrl\" srcset=\"https:\/\/www.sorefix.com\/fi\/files\/2024\/03\/duo.png 354w, https:\/\/www.sorefix.com\/fi\/files\/2024\/03\/duo-300x179.png 300w\" sizes=\"(max-width: 354px) 100vw, 354px\" \/><\/div><\/div><\/div><\/p><\/div>\n<style type=\"text\/css\" data-created_by=\"avia_inline_auto\" id=\"style-css-av-2wq7rt-f52bc36db34ed28a0f95b6683b50f8ed\">\n.flex_column.av-2wq7rt-f52bc36db34ed28a0f95b6683b50f8ed{\nborder-radius:0px 0px 0px 0px;\npadding:0 0 0 0;\nbackground-color:#ffffff;\n}\n<\/style>\n<div  class='flex_column av-2wq7rt-f52bc36db34ed28a0f95b6683b50f8ed av_two_third  avia-builder-el-4  el_after_av_one_third  el_before_av_hr  flex_column_div av-zero-column-padding  '     ><section  class='av_textblock_section av-2sc9td-e0d84cc91bf8317e2d08513baeb3a189 '   itemscope=\"itemscope\" itemtype=\"https:\/\/schema.org\/CreativeWork\" ><div class='avia_textblock'  itemprop=\"text\" ><h1>Hyv\u00e4sti huuliherpekselle, hymy\u00e4 huuliin!<\/h1>\n<h4><\/h4>\n<\/div><\/section><br \/>\n<section  class='av_textblock_section av-2iuvox-a5305a3b0e68b3e85e5576948bfc95a9 '   itemscope=\"itemscope\" itemtype=\"https:\/\/schema.org\/CreativeWork\" ><div class='avia_textblock'  itemprop=\"text\" ><p>SoreFix huuliherpesvoiteen ainutlaatuinen koostumus perustuu kahden eri sinkkiyhdisteen yhdistelm\u00e4\u00e4n, joka voi ehk\u00e4ist\u00e4 ja hoitaa huuliherpest\u00e4. Tuotesarjaan kuuluu kaksi eri varianttia: yksi huuliherpeksen ehk\u00e4isyyn, ja yksi huuliherpeksen hoitoon. Jos huuliherpes uusiutuu useammin kuin kerran vuodessa, voit k\u00e4ytt\u00e4\u00e4 <a href=\"http:\/\/www.sorefix.com\/fi\/tietoa-tuotteesta\/sorefix-ehkaiseva-huuliherpesvoide\/\">SoreFix Ehk\u00e4isev\u00e4 huuliherpesvoidetta<\/a> ennaltaehk\u00e4ist\u00e4ksesi huuliherpesrokahtumien synty\u00e4 tai v\u00e4hent\u00e4\u00e4ksesi niiden m\u00e4\u00e4r\u00e4\u00e4.<\/p>\n<p>Mik\u00e4li sinulla on huuliherpes voit k\u00e4ytt\u00e4\u00e4 <a href=\"http:\/\/www.sorefix.com\/fi\/tietoa-tuotteesta\/sorefix-hoitava-huuliherpesvoide\/\">SoreFix Hoitava huuliherpesvoidetta<\/a>, joka on todistetusti tehokas huuliherpeksen jokaisessa nelj\u00e4ss\u00e4 vaiheessa, ensimm\u00e4isest\u00e4 kihelm\u00f6innist\u00e4 rakkulaan asti. <a href=\"http:\/\/www.sorefix.com\/fi\/tietoa-tuotteesta\/sorefix-hoitava-huuliherpesvoide\/\">So<\/a><a href=\"http:\/\/www.sorefix.com\/fi\/tietoa-tuotteesta\/sorefix-hoitava-huuliherpesvoide\/\">reFix<\/a><a href=\"http:\/\/www.sorefix.com\/fi\/tietoa-tuotteesta\/sorefix-hoitava-huuliherpesvoide\/\"> Hoitav<\/a><a href=\"http:\/\/www.sorefix.com\/fi\/tietoa-tuotteesta\/sorefix-hoitava-huuliherpesvoide\/\">a<\/a><a href=\"http:\/\/www.sorefix.com\/fi\/tietoa-tuotteesta\/sorefix-hoitava-huuliherpesvoide\/\"> huuliherpesvoide<\/a>\u00a0lyhent\u00e4\u00e4 paranemisaikaa ja lievitt\u00e4\u00e4 ep\u00e4mukavia oireita jotka tulevat huuliherpeksen mukana.<\/p>\n<p><strong>Tuote s\u00e4ilyy vuoden avaamisen j\u00e4lkeen. <\/strong><\/p>\n<h4><\/h4>\n<\/div><\/section><\/p><\/div>\n<style type=\"text\/css\" data-created_by=\"avia_inline_auto\" id=\"style-css-av-2e1s7l-5c1e9d3d9d1d50e6e23384b3d18ec9e8\">\n#top .hr.hr-invisible.av-2e1s7l-5c1e9d3d9d1d50e6e23384b3d18ec9e8{\nheight:40px;\n}\n<\/style>\n<div  class='hr av-2e1s7l-5c1e9d3d9d1d50e6e23384b3d18ec9e8 hr-invisible  avia-builder-el-7  el_after_av_two_third  el_before_av_one_third '><span class='hr-inner '><span class=\"hr-inner-style\"><\/span><\/span><\/div>\n\n<style type=\"text\/css\" data-created_by=\"avia_inline_auto\" id=\"style-css-av-28j6ip-51d5c360347f2a5c655ca53621184659\">\n.flex_column.av-28j6ip-51d5c360347f2a5c655ca53621184659{\nborder-radius:0px 0px 0px 0px;\npadding:20px 20px 20px 20px;\n}\n<\/style>\n<div  class='flex_column av-28j6ip-51d5c360347f2a5c655ca53621184659 av_one_third  avia-builder-el-8  el_after_av_hr  el_before_av_two_third  first no_margin flex_column_div  '     ><style type=\"text\/css\" data-created_by=\"avia_inline_auto\" id=\"style-css-av-20xvs9-a77d1d3282e7827b0b270107d6f7da09\">\n.avia-image-container.av-20xvs9-a77d1d3282e7827b0b270107d6f7da09 img.avia_image{\nbox-shadow:none;\n}\n.avia-image-container.av-20xvs9-a77d1d3282e7827b0b270107d6f7da09 .av-image-caption-overlay-center{\ncolor:#ffffff;\n}\n<\/style>\n<div  class='avia-image-container av-20xvs9-a77d1d3282e7827b0b270107d6f7da09 av-styling- av-img-linked avia-align-center  avia-builder-el-9  avia-builder-el-no-sibling '   itemprop=\"image\" itemscope=\"itemscope\" itemtype=\"https:\/\/schema.org\/ImageObject\" ><div class=\"avia-image-container-inner\"><div class=\"avia-image-overlay-wrap\"><a href=\"https:\/\/www.sorefix.com\/fi\/tietoa-tuotteesta\/sorefix-hoitava-huuliherpesvoide\/\" class='avia_image '  aria-label='SoreFix_Rescue_FI'><img decoding=\"async\" fetchpriority=\"high\" class='wp-image-1301 avia-img-lazy-loading-not-1301 avia_image ' src=\"https:\/\/www.sorefix.com\/fi\/files\/2024\/03\/SoreFix_Rescue_FI-289x300.png\" alt='' title='SoreFix_Rescue_FI'  height=\"300\" width=\"289\"  itemprop=\"thumbnailUrl\" srcset=\"https:\/\/www.sorefix.com\/fi\/files\/2024\/03\/SoreFix_Rescue_FI-289x300.png 289w, https:\/\/www.sorefix.com\/fi\/files\/2024\/03\/SoreFix_Rescue_FI-36x36.png 36w, https:\/\/www.sorefix.com\/fi\/files\/2024\/03\/SoreFix_Rescue_FI.png 354w\" sizes=\"(max-width: 289px) 100vw, 289px\" \/><\/a><\/div><\/div><\/div><\/div>\n<style type=\"text\/css\" data-created_by=\"avia_inline_auto\" id=\"style-css-av-1vnq3t-144fd15b125d0fd75e40992e442fcf6c\">\n.flex_column.av-1vnq3t-144fd15b125d0fd75e40992e442fcf6c{\nborder-radius:0px 0px 0px 0px;\npadding:10px 30px 10px 0px;\n}\n<\/style>\n<div  class='flex_column av-1vnq3t-144fd15b125d0fd75e40992e442fcf6c av_two_third  avia-builder-el-10  el_after_av_one_third  el_before_av_hr  no_margin flex_column_div  '     ><section  class='av_textblock_section av-1orqmx-e4fb46d45ce66ca0d868f695d44ac282 '   itemscope=\"itemscope\" itemtype=\"https:\/\/schema.org\/CreativeWork\" ><div class='avia_textblock'  itemprop=\"text\" ><h2>SOREFIX HOITAVA HUULIHERPESVOIDE<\/h2>\n<p>SoreFix Hoitava huuliherpesvoide on l\u00e4pin\u00e4kyv\u00e4 huuliherpesvoide, joka perustuu ainutlaatuiseen yhdistelm\u00e4\u00e4n. SoreFix ehk\u00e4isee viruksen levi\u00e4mist\u00e4 suojaamalla terveit\u00e4 ihosoluja. Se v\u00e4hent\u00e4\u00e4 kihelm\u00f6inti\u00e4, rakkuloiden m\u00e4\u00e4r\u00e4\u00e4 ja kuivattaa niit\u00e4.<\/p>\n<\/div><\/section><br \/>\n<div  class='avia-button-wrap av-1iqhnd-b91a49fa8d3e89abb6b69ee664d2ffe3-wrap avia-button-left  avia-builder-el-12  el_after_av_textblock  avia-builder-el-last '><a href='https:\/\/www.sorefix.com\/fi\/tietoa-tuotteesta\/sorefix-hoitava-huuliherpesvoide\/'  class='avia-button av-1iqhnd-b91a49fa8d3e89abb6b69ee664d2ffe3 av-link-btn avia-icon_select-yes-right-icon avia-size-small avia-position-left avia-color-theme-color'   aria-label=\"LIS\u00c4TIETOA\"><span class='avia_iconbox_title' >LIS\u00c4TIETOA<\/span><span class='avia_button_icon avia_button_icon_right avia-iconfont avia-font-entypo-fontello' data-av_icon='\ue875' data-av_iconfont='entypo-fontello' ><\/span><\/a><\/div><\/p><\/div>\n<style type=\"text\/css\" data-created_by=\"avia_inline_auto\" id=\"style-css-av-1ge1ix-6779776525d63551bfe23e42237594f0\">\n#top .hr.hr-invisible.av-1ge1ix-6779776525d63551bfe23e42237594f0{\nheight:40px;\n}\n<\/style>\n<div  class='hr av-1ge1ix-6779776525d63551bfe23e42237594f0 hr-invisible  avia-builder-el-13  el_after_av_two_third  el_before_av_one_third '><span class='hr-inner '><span class=\"hr-inner-style\"><\/span><\/span><\/div>\n\n<style type=\"text\/css\" data-created_by=\"avia_inline_auto\" id=\"style-css-av-1apzuh-ab71153ea61b15d4f5878cc78213d392\">\n.flex_column.av-1apzuh-ab71153ea61b15d4f5878cc78213d392{\nborder-radius:0px 0px 0px 0px;\npadding:20px 20px 20px 20px;\n}\n<\/style>\n<div  class='flex_column av-1apzuh-ab71153ea61b15d4f5878cc78213d392 av_one_third  avia-builder-el-14  el_after_av_hr  el_before_av_two_third  first no_margin flex_column_div  '     ><style type=\"text\/css\" data-created_by=\"avia_inline_auto\" id=\"style-css-av-11fgmx-464534fdc57f51f5e419f6a3c5bb8f84\">\n.avia-image-container.av-11fgmx-464534fdc57f51f5e419f6a3c5bb8f84 img.avia_image{\nbox-shadow:none;\n}\n.avia-image-container.av-11fgmx-464534fdc57f51f5e419f6a3c5bb8f84 .av-image-caption-overlay-center{\ncolor:#ffffff;\n}\n<\/style>\n<div  class='avia-image-container av-11fgmx-464534fdc57f51f5e419f6a3c5bb8f84 av-styling- av-img-linked avia-align-center  avia-builder-el-15  avia-builder-el-no-sibling '   itemprop=\"image\" itemscope=\"itemscope\" itemtype=\"https:\/\/schema.org\/ImageObject\" ><div class=\"avia-image-container-inner\"><div class=\"avia-image-overlay-wrap\"><a href=\"https:\/\/www.sorefix.com\/fi\/tietoa-tuotteesta\/sorefix-ehkaiseva-huuliherpesvoide\/\" class='avia_image '  aria-label='SoreFix_Prevent_FI'><img decoding=\"async\" fetchpriority=\"high\" class='wp-image-1300 avia-img-lazy-loading-not-1300 avia_image ' src=\"https:\/\/www.sorefix.com\/fi\/files\/2024\/03\/SoreFix_Prevent_FI-289x300.png\" alt='' title='SoreFix_Prevent_FI'  height=\"300\" width=\"289\"  itemprop=\"thumbnailUrl\" srcset=\"https:\/\/www.sorefix.com\/fi\/files\/2024\/03\/SoreFix_Prevent_FI-289x300.png 289w, https:\/\/www.sorefix.com\/fi\/files\/2024\/03\/SoreFix_Prevent_FI-36x36.png 36w, https:\/\/www.sorefix.com\/fi\/files\/2024\/03\/SoreFix_Prevent_FI.png 354w\" sizes=\"(max-width: 289px) 100vw, 289px\" \/><\/a><\/div><\/div><\/div><\/div>\n<style type=\"text\/css\" data-created_by=\"avia_inline_auto\" id=\"style-css-av-ymbfl-e7688bd5171fd555665e57409dbdb60d\">\n.flex_column.av-ymbfl-e7688bd5171fd555665e57409dbdb60d{\nborder-radius:0px 0px 0px 0px;\npadding:10px 30px 10px 0px;\n}\n<\/style>\n<div  class='flex_column av-ymbfl-e7688bd5171fd555665e57409dbdb60d av_two_third  avia-builder-el-16  el_after_av_one_third  avia-builder-el-last  no_margin flex_column_div  '     ><section  class='av_textblock_section av-qls35-ac5dd6618c54ae7b494e7888d4c808dc '   itemscope=\"itemscope\" itemtype=\"https:\/\/schema.org\/CreativeWork\" ><div class='avia_textblock'  itemprop=\"text\" ><h2>SOREFIX EHK\u00c4ISEV\u00c4 HUULIHERPESVOIDE<\/h2>\n<p>SoreFix Ehk\u00e4isev\u00e4 huuliherpesvoide sis\u00e4lt\u00e4\u00e4 korkean aurinkosuojakertoimen (SPF 30) sek\u00e4 ravitsevia ainesosia, jotka muodostavat suojaavan kalvon huulille. Voiteen ainutlaatuinen koostumus ehk\u00e4isee herpesrokahtuman synty\u00e4, pit\u00e4en viruksen inaktiivisena ja huulet tervein\u00e4 ja kauniina. SoreFix Ehk\u00e4isev\u00e4 huuliherpesvoidetta voi k\u00e4ytt\u00e4\u00e4 p\u00e4ivitt\u00e4in huuliherpeksen ennaltaehk\u00e4isyyn.<\/p>\n<\/div><\/section><br \/>\n<div  class='avia-button-wrap av-j2tgh-c8ff54de38d626ef181e10650cc712c7-wrap avia-button-left  avia-builder-el-18  el_after_av_textblock  avia-builder-el-last '><a href='https:\/\/www.sorefix.com\/fi\/tietoa-tuotteesta\/sorefix-ehkaiseva-huuliherpesvoide\/'  class='avia-button av-j2tgh-c8ff54de38d626ef181e10650cc712c7 av-link-btn avia-icon_select-yes-right-icon avia-size-small avia-position-left avia-color-theme-color'   aria-label=\"LIS\u00c4TIETOA\"><span class='avia_iconbox_title' >LIS\u00c4TIETOA<\/span><span class='avia_button_icon avia_button_icon_right avia-iconfont avia-font-entypo-fontello' data-av_icon='\ue875' data-av_iconfont='entypo-fontello' ><\/span><\/a><\/div><\/p><\/div><\/div><\/div><\/main><!-- close content main element --><\/div><\/div><div id='content_footer'  class='avia-section av-1o94p-e2ed4a03a9ba39cad243c45753bca29e main_color avia-section-no-padding avia-no-border-styling  avia-builder-el-19  el_after_av_section  avia-builder-el-last  avia-bg-style-scroll container_wrap fullsize'  ><div class='container av-section-cont-open' ><div class='template-page content  av-content-full alpha units'><div class='post-entry post-entry-type-page post-entry-193'><div class='entry-content-wrapper clearfix'>\n<div  class='avia-builder-widget-area clearfix  avia-builder-el-20  avia-builder-el-no-sibling '><div id=\"text-2\" class=\"widget clearfix widget_text\">\t\t\t<div class=\"textwidget\"><a href=\"\/fi\/elamaa-huuliherpeksen-kanssa\/vauvat-ja-huuliherpes\"><img decoding=\"async\" title=\"Baby en koortslip - SoreFix\" src=\"\/nl\/files\/2017\/05\/baby.jpg\" alt=\"Vauvat ja huuliherpes - SoreFix\" \/><\/a>\r\n<div class=\"av_promobox text\">\r\n<h3>Vauvat ja huuliherpes<\/h3>\r\n<\/div><\/div>\n\t\t<\/div><div id=\"text-3\" class=\"widget clearfix widget_text\">\t\t\t<div class=\"textwidget\"><a href=\"\/fi\/mista-sorefixia-voi-ostaa\/\"><img decoding=\"async\" title=\"Osta SoreFixia t\u00e4\u00e4lt\u00e4\" src=\"\/fi\/files\/2024\/03\/sorefix-buy.jpg\" alt=\"Osta SoreFixia t\u00e4\u00e4lt\u00e4\" \/><\/a>\r\n<div class=\"av_promobox text\">\r\n<h3>Osta SoreFixia t\u00e4\u00e4lt\u00e4<\/h3>\r\n<\/div><\/div>\n\t\t<\/div><div id=\"text-4\" class=\"widget clearfix widget_text\">\t\t\t<div class=\"textwidget\"><a href=\"\/fi\/yleista-huuliherpeksesta\/huuliherpeksen-eri-vaiheet\/\"><div class=\"fases-background\"><img decoding=\"async\" title=\"Huuliherpeksen eri vaiheet\" src=\"\/fi\/files\/2017\/09\/phases-finland.jpg\" alt=\"Huuliherpeksen eri vaiheet\" \/><\/div>\r\n<div class=\"av_promobox text\">\r\n<h3>Huuliherpeksen eri vaiheet<\/h3>\r\n<\/div><\/a><\/div>\n\t\t<\/div><\/div>\n<\/p>\n","protected":false},"excerpt":{"rendered":"","protected":false},"author":7,"featured_media":786,"parent":0,"menu_order":2,"comment_status":"closed","ping_status":"closed","template":"","meta":{"_acf_changed":false,"footnotes":""},"class_list":["post-193","page","type-page","status-publish","has-post-thumbnail","hentry"],"acf":[],"yoast_head":"<!-- This site is optimized with the Yoast SEO plugin v26.9 - https:\/\/yoast.com\/product\/yoast-seo-wordpress\/ -->\n<title>Tietoa tuotteesta - SoreFix<\/title>\n<meta name=\"description\" content=\"SoreFix on kokonaisvaltainen ja ainutlaatuinen ratkaisu huuliherpekseen ja se perustuu kahden eri sinkkiyhdisteen yhdistelm\u00e4\u00e4n.\" \/>\n<meta name=\"robots\" content=\"index, follow, max-snippet:-1, max-image-preview:large, max-video-preview:-1\" \/>\n<link rel=\"canonical\" href=\"https:\/\/www.sorefix.com\/fi\/tietoa-tuotteesta\/\" \/>\n<meta property=\"og:locale\" content=\"fi_FI\" \/>\n<meta property=\"og:type\" content=\"article\" \/>\n<meta property=\"og:title\" content=\"Tietoa tuotteesta - SoreFix\" \/>\n<meta property=\"og:description\" content=\"SoreFix on kokonaisvaltainen ja ainutlaatuinen ratkaisu huuliherpekseen ja se perustuu kahden eri sinkkiyhdisteen yhdistelm\u00e4\u00e4n.\" \/>\n<meta property=\"og:url\" content=\"https:\/\/www.sorefix.com\/fi\/tietoa-tuotteesta\/\" \/>\n<meta property=\"og:site_name\" content=\"SoreFix Finland\" \/>\n<meta property=\"article:modified_time\" content=\"2024-03-01T13:14:19+00:00\" \/>\n<meta property=\"og:image\" content=\"https:\/\/www.sorefix.com\/fi\/files\/2017\/05\/sorefix-header-potje.png\" \/>\n\t<meta property=\"og:image:width\" content=\"855\" \/>\n\t<meta property=\"og:image:height\" content=\"284\" \/>\n\t<meta property=\"og:image:type\" content=\"image\/png\" \/>\n<meta name=\"twitter:card\" content=\"summary_large_image\" \/>\n<meta name=\"twitter:label1\" content=\"Est. reading time\" \/>\n\t<meta name=\"twitter:data1\" content=\"2 minutes\" \/>\n<script type=\"application\/ld+json\" class=\"yoast-schema-graph\">{\"@context\":\"https:\/\/schema.org\",\"@graph\":[{\"@type\":\"WebPage\",\"@id\":\"https:\/\/www.sorefix.com\/fi\/tietoa-tuotteesta\/\",\"url\":\"https:\/\/www.sorefix.com\/fi\/tietoa-tuotteesta\/\",\"name\":\"Tietoa tuotteesta - SoreFix\",\"isPartOf\":{\"@id\":\"https:\/\/www.sorefix.com\/fi\/#website\"},\"primaryImageOfPage\":{\"@id\":\"https:\/\/www.sorefix.com\/fi\/tietoa-tuotteesta\/#primaryimage\"},\"image\":{\"@id\":\"https:\/\/www.sorefix.com\/fi\/tietoa-tuotteesta\/#primaryimage\"},\"thumbnailUrl\":\"https:\/\/www.sorefix.com\/fi\/files\/2017\/05\/sorefix-header-potje.png\",\"datePublished\":\"2017-03-13T17:17:41+00:00\",\"dateModified\":\"2024-03-01T13:14:19+00:00\",\"description\":\"SoreFix on kokonaisvaltainen ja ainutlaatuinen ratkaisu huuliherpekseen ja se perustuu kahden eri sinkkiyhdisteen yhdistelm\u00e4\u00e4n.\",\"breadcrumb\":{\"@id\":\"https:\/\/www.sorefix.com\/fi\/tietoa-tuotteesta\/#breadcrumb\"},\"inLanguage\":\"fi\",\"potentialAction\":[{\"@type\":\"ReadAction\",\"target\":[\"https:\/\/www.sorefix.com\/fi\/tietoa-tuotteesta\/\"]}]},{\"@type\":\"ImageObject\",\"inLanguage\":\"fi\",\"@id\":\"https:\/\/www.sorefix.com\/fi\/tietoa-tuotteesta\/#primaryimage\",\"url\":\"https:\/\/www.sorefix.com\/fi\/files\/2017\/05\/sorefix-header-potje.png\",\"contentUrl\":\"https:\/\/www.sorefix.com\/fi\/files\/2017\/05\/sorefix-header-potje.png\",\"width\":855,\"height\":284},{\"@type\":\"BreadcrumbList\",\"@id\":\"https:\/\/www.sorefix.com\/fi\/tietoa-tuotteesta\/#breadcrumb\",\"itemListElement\":[{\"@type\":\"ListItem\",\"position\":1,\"name\":\"Home\",\"item\":\"https:\/\/www.sorefix.com\/fi\/\"},{\"@type\":\"ListItem\",\"position\":2,\"name\":\"Tietoa tuotteesta\"}]},{\"@type\":\"WebSite\",\"@id\":\"https:\/\/www.sorefix.com\/fi\/#website\",\"url\":\"https:\/\/www.sorefix.com\/fi\/\",\"name\":\"SoreFix Finland\",\"description\":\"\",\"potentialAction\":[{\"@type\":\"SearchAction\",\"target\":{\"@type\":\"EntryPoint\",\"urlTemplate\":\"https:\/\/www.sorefix.com\/fi\/?s={search_term_string}\"},\"query-input\":{\"@type\":\"PropertyValueSpecification\",\"valueRequired\":true,\"valueName\":\"search_term_string\"}}],\"inLanguage\":\"fi\"}]}<\/script>\n<!-- \/ Yoast SEO plugin. -->","yoast_head_json":{"title":"Tietoa tuotteesta - SoreFix","description":"SoreFix on kokonaisvaltainen ja ainutlaatuinen ratkaisu huuliherpekseen ja se perustuu kahden eri sinkkiyhdisteen yhdistelm\u00e4\u00e4n.","robots":{"index":"index","follow":"follow","max-snippet":"max-snippet:-1","max-image-preview":"max-image-preview:large","max-video-preview":"max-video-preview:-1"},"canonical":"https:\/\/www.sorefix.com\/fi\/tietoa-tuotteesta\/","og_locale":"fi_FI","og_type":"article","og_title":"Tietoa tuotteesta - SoreFix","og_description":"SoreFix on kokonaisvaltainen ja ainutlaatuinen ratkaisu huuliherpekseen ja se perustuu kahden eri sinkkiyhdisteen yhdistelm\u00e4\u00e4n.","og_url":"https:\/\/www.sorefix.com\/fi\/tietoa-tuotteesta\/","og_site_name":"SoreFix Finland","article_modified_time":"2024-03-01T13:14:19+00:00","og_image":[{"width":855,"height":284,"url":"https:\/\/www.sorefix.com\/fi\/files\/2017\/05\/sorefix-header-potje.png","type":"image\/png"}],"twitter_card":"summary_large_image","twitter_misc":{"Est. reading time":"2 minutes"},"schema":{"@context":"https:\/\/schema.org","@graph":[{"@type":"WebPage","@id":"https:\/\/www.sorefix.com\/fi\/tietoa-tuotteesta\/","url":"https:\/\/www.sorefix.com\/fi\/tietoa-tuotteesta\/","name":"Tietoa tuotteesta - SoreFix","isPartOf":{"@id":"https:\/\/www.sorefix.com\/fi\/#website"},"primaryImageOfPage":{"@id":"https:\/\/www.sorefix.com\/fi\/tietoa-tuotteesta\/#primaryimage"},"image":{"@id":"https:\/\/www.sorefix.com\/fi\/tietoa-tuotteesta\/#primaryimage"},"thumbnailUrl":"https:\/\/www.sorefix.com\/fi\/files\/2017\/05\/sorefix-header-potje.png","datePublished":"2017-03-13T17:17:41+00:00","dateModified":"2024-03-01T13:14:19+00:00","description":"SoreFix on kokonaisvaltainen ja ainutlaatuinen ratkaisu huuliherpekseen ja se perustuu kahden eri sinkkiyhdisteen yhdistelm\u00e4\u00e4n.","breadcrumb":{"@id":"https:\/\/www.sorefix.com\/fi\/tietoa-tuotteesta\/#breadcrumb"},"inLanguage":"fi","potentialAction":[{"@type":"ReadAction","target":["https:\/\/www.sorefix.com\/fi\/tietoa-tuotteesta\/"]}]},{"@type":"ImageObject","inLanguage":"fi","@id":"https:\/\/www.sorefix.com\/fi\/tietoa-tuotteesta\/#primaryimage","url":"https:\/\/www.sorefix.com\/fi\/files\/2017\/05\/sorefix-header-potje.png","contentUrl":"https:\/\/www.sorefix.com\/fi\/files\/2017\/05\/sorefix-header-potje.png","width":855,"height":284},{"@type":"BreadcrumbList","@id":"https:\/\/www.sorefix.com\/fi\/tietoa-tuotteesta\/#breadcrumb","itemListElement":[{"@type":"ListItem","position":1,"name":"Home","item":"https:\/\/www.sorefix.com\/fi\/"},{"@type":"ListItem","position":2,"name":"Tietoa tuotteesta"}]},{"@type":"WebSite","@id":"https:\/\/www.sorefix.com\/fi\/#website","url":"https:\/\/www.sorefix.com\/fi\/","name":"SoreFix Finland","description":"","potentialAction":[{"@type":"SearchAction","target":{"@type":"EntryPoint","urlTemplate":"https:\/\/www.sorefix.com\/fi\/?s={search_term_string}"},"query-input":{"@type":"PropertyValueSpecification","valueRequired":true,"valueName":"search_term_string"}}],"inLanguage":"fi"}]}},"_links":{"self":[{"href":"https:\/\/www.sorefix.com\/fi\/wp-json\/wp\/v2\/pages\/193","targetHints":{"allow":["GET"]}}],"collection":[{"href":"https:\/\/www.sorefix.com\/fi\/wp-json\/wp\/v2\/pages"}],"about":[{"href":"https:\/\/www.sorefix.com\/fi\/wp-json\/wp\/v2\/types\/page"}],"author":[{"embeddable":true,"href":"https:\/\/www.sorefix.com\/fi\/wp-json\/wp\/v2\/users\/7"}],"replies":[{"embeddable":true,"href":"https:\/\/www.sorefix.com\/fi\/wp-json\/wp\/v2\/comments?post=193"}],"version-history":[{"count":0,"href":"https:\/\/www.sorefix.com\/fi\/wp-json\/wp\/v2\/pages\/193\/revisions"}],"wp:featuredmedia":[{"embeddable":true,"href":"https:\/\/www.sorefix.com\/fi\/wp-json\/wp\/v2\/media\/786"}],"wp:attachment":[{"href":"https:\/\/www.sorefix.com\/fi\/wp-json\/wp\/v2\/media?parent=193"}],"curies":[{"name":"wp","href":"https:\/\/api.w.org\/{rel}","templated":true}]}}