{"id":195,"date":"2017-03-13T18:18:18","date_gmt":"2017-03-13T18:18:18","guid":{"rendered":"\/\/www.sorefix.com\/ned\/?page_id=195"},"modified":"2024-03-01T13:23:45","modified_gmt":"2024-03-01T13:23:45","slug":"sorefix-hoitava-huuliherpesvoide","status":"publish","type":"page","link":"https:\/\/www.sorefix.com\/fi\/tietoa-tuotteesta\/sorefix-hoitava-huuliherpesvoide\/","title":{"rendered":"Hoitava huuliherpesvoide"},"content":{"rendered":"<div id='page-content-section'  class='avia-section av-1lh0pv-d8d61be7578eb383e7d5b01b65fc1e55 main_color avia-section-default avia-no-shadow  avia-builder-el-0  el_before_av_section  avia-builder-el-first  avia-bg-style-scroll container_wrap fullsize'  ><div class='container av-section-cont-open' ><main  role=\"main\" itemprop=\"mainContentOfPage\"  class='template-page content  av-content-full alpha units'><div class='post-entry post-entry-type-page post-entry-195'><div class='entry-content-wrapper clearfix'>\n\n<style type=\"text\/css\" data-created_by=\"avia_inline_auto\" id=\"style-css-av-1dc03v-176e5003f114a187e3cc4738040436fd\">\n.flex_column.av-1dc03v-176e5003f114a187e3cc4738040436fd{\nborder-radius:0px 0px 0px 0px;\npadding:20px 20px 20px 20px;\n}\n<\/style>\n<div  class='flex_column av-1dc03v-176e5003f114a187e3cc4738040436fd av_one_third  avia-builder-el-1  el_before_av_two_third  avia-builder-el-first  first flex_column_div  '     ><p>\n<style type=\"text\/css\" data-created_by=\"avia_inline_auto\" id=\"style-css-av-19sgab-3b0183a3b0fa4b9b80815fef5b435c3d\">\n.avia-image-container.av-19sgab-3b0183a3b0fa4b9b80815fef5b435c3d img.avia_image{\nbox-shadow:none;\n}\n.avia-image-container.av-19sgab-3b0183a3b0fa4b9b80815fef5b435c3d .av-image-caption-overlay-center{\ncolor:#ffffff;\n}\n<\/style>\n<div  class='avia-image-container av-19sgab-3b0183a3b0fa4b9b80815fef5b435c3d av-styling- avia-align-center  avia-builder-el-2  el_before_av_textblock  avia-builder-el-first '   itemprop=\"image\" itemscope=\"itemscope\" itemtype=\"https:\/\/schema.org\/ImageObject\" ><div class=\"avia-image-container-inner\"><div class=\"avia-image-overlay-wrap\"><img decoding=\"async\" fetchpriority=\"high\" class='wp-image-903 avia-img-lazy-loading-not-903 avia_image ' src=\"https:\/\/www.sorefix.com\/fi\/files\/2017\/03\/SoreFix_Rescue_FI.png\" alt='' title='SoreFix_Rescue_FI'  height=\"368\" width=\"354\"  itemprop=\"thumbnailUrl\" srcset=\"https:\/\/www.sorefix.com\/fi\/files\/2017\/03\/SoreFix_Rescue_FI.png 354w, https:\/\/www.sorefix.com\/fi\/files\/2017\/03\/SoreFix_Rescue_FI-289x300.png 289w, https:\/\/www.sorefix.com\/fi\/files\/2017\/03\/SoreFix_Rescue_FI-36x36.png 36w\" sizes=\"(max-width: 354px) 100vw, 354px\" \/><\/div><\/div><\/div><br \/>\n\n<style type=\"text\/css\" data-created_by=\"avia_inline_auto\" id=\"style-css-av-10cn9f-225c27230d7ed83f9e653a959aa818c0\">\n#top .av_textblock_section.av-10cn9f-225c27230d7ed83f9e653a959aa818c0 .avia_textblock{\nfont-size:12px;\n}\n<\/style>\n<section  class='av_textblock_section av-10cn9f-225c27230d7ed83f9e653a959aa818c0 '   itemscope=\"itemscope\" itemtype=\"https:\/\/schema.org\/CreativeWork\" ><div class='avia_textblock'  itemprop=\"text\" ><p style=\"text-align: center;\"><em>Lue <a href=\"http:\/\/www.sorefix.com\/pdf\/Sorefix_Rescue_Leaflet_FI_L044FI100.pdf\" target=\"_blank\" rel=\"noopener\"><strong>k\u00e4ytt\u00f6ohje<\/strong><\/a>\u00a0ennen tuotteen k\u00e4ytt\u00f6\u00e4.<\/em><\/p>\n<\/div><\/section><\/p><\/div>\n<style type=\"text\/css\" data-created_by=\"avia_inline_auto\" id=\"style-css-av-xtn0z-293bb3b77d6cb8cb22a58802a26d40e8\">\n.flex_column.av-xtn0z-293bb3b77d6cb8cb22a58802a26d40e8{\nborder-radius:0px 0px 0px 0px;\npadding:30px 30px 30px 30px;\nbackground-color:#ffffff;\n}\n<\/style>\n<div  class='flex_column av-xtn0z-293bb3b77d6cb8cb22a58802a26d40e8 av_two_third  avia-builder-el-4  el_after_av_one_third  avia-builder-el-last  flex_column_div  '     ><style type=\"text\/css\" data-created_by=\"avia_inline_auto\" id=\"style-css-av-2pagr-94f85a4d4f1993d63622010752cc1b11\">\n#top .av_textblock_section.av-2pagr-94f85a4d4f1993d63622010752cc1b11 .avia_textblock{\ncolor:#f01d2c;\n}\n<\/style>\n<section  class='av_textblock_section av-2pagr-94f85a4d4f1993d63622010752cc1b11 '   itemscope=\"itemscope\" itemtype=\"https:\/\/schema.org\/CreativeWork\" ><div class='avia_textblock av_inherit_color'  itemprop=\"text\" ><h1>SoreFix\u00a0Hoitava huuliherpesvoide<\/h1>\n<\/div><\/section><br \/>\n<section  class='av_textblock_section av-av_textblock-0366cc7376be6c9e82a3e9cc8987b64f '   itemscope=\"itemscope\" itemtype=\"https:\/\/schema.org\/CreativeWork\" ><div class='avia_textblock'  itemprop=\"text\" ><p>SoreFix Hoitava huuliherpesvoide on l\u00e4pin\u00e4kyv\u00e4 voide, joka sis\u00e4lt\u00e4\u00e4 ainesosia, jotka tehoavat todistetusti huuliherpeksen jokaisessa vaiheessa ja lyhent\u00e4v\u00e4t paranemisaikaa. Voide hoitaa ja lievitt\u00e4\u00e4 huuliherpeksen oireita, kuten kihelm\u00f6inti\u00e4, kutinaa, pistely\u00e4 ja polttavaa tunnetta. Samalla se v\u00e4hent\u00e4\u00e4 oireiden vaikeusastetta ja kestoa. SoreFix Hoitava huuliherpesvoide on l\u00e4pin\u00e4kyv\u00e4, joten valmisteen k\u00e4ytt\u00f6 ei korosta herpesrokahtumaa.<\/p>\n<h3>Mit\u00e4 SoreFix Hoitava huuliherpesvoide voi tehd\u00e4 sinulle?<\/h3>\n<ul>\n<li>Lievitt\u00e4\u00e4 kihelm\u00f6inti\u00e4<\/li>\n<li>V\u00e4hent\u00e4\u00e4 rakkuloita<\/li>\n<li>Lyhent\u00e4\u00e4 paranemisaikaa<\/li>\n<li>Ehk\u00e4isee rupea halkeamasta<\/li>\n<\/ul>\n<h5><\/h5>\n<p><strong>Tuote s\u00e4ilyy vuoden avaamisen j\u00e4lkeen, joka tarkoittaa ett\u00e4 voidetuubia voi k\u00e4ytt\u00e4\u00e4 useamman huuliherpeksen hoitoon.<\/strong><\/p>\n<p>SoreFix Hoitava huuliherpesvoiteella on ainutlaatuinen koostumus, joka on todistetusti tehokas huuliherpeksen jokaisessa <a href=\"http:\/\/www.sorefix.com\/fi\/yleista-huuliherpeksesta\/huuliherpeksen-eri-vaiheet\/\">nelj\u00e4ss\u00e4 vaiheessa.\u00a0<\/a>SoreFix hoitava huuliherpesvoidetta voi k\u00e4ytt\u00e4\u00e4 turvallisesti huuliherpeksen puhkeamisen aikana, ensimm\u00e4isest\u00e4 kihelm\u00f6innist\u00e4 siihen asti kunnes rupi on l\u00e4htenyt pois ja huuliherpes on kokonaan parantunut.<\/p>\n<h3>SoreFix Hoitava huuliherpesvoide<\/h3>\n<ol>\n<li>Lievitt\u00e4\u00e4 kihelm\u00f6inti\u00e4<\/li>\n<li>V\u00e4hent\u00e4\u00e4 rakkuloita<\/li>\n<li>Lyhent\u00e4\u00e4 paranemisaikaa<\/li>\n<li>Ehk\u00e4isee rupea halkeamasta<\/li>\n<\/ol>\n<p>Huuliherpes on eritt\u00e4in tarttuva, pese k\u00e4det k\u00e4ytetty\u00e4si SoreFix Hoitava huuliherpesvoidetta.<\/p>\n<\/div><\/section><\/p><\/div><\/div><\/div><\/main><!-- close content main element --><\/div><\/div><div id='content_footer'  class='avia-section av-ecsbf-c2e317653e3b27fb42cfc6fe3d1f79df main_color avia-section-no-padding avia-no-border-styling  avia-builder-el-7  el_after_av_section  avia-builder-el-last  avia-bg-style-scroll container_wrap fullsize'  ><div class='container av-section-cont-open' ><div class='template-page content  av-content-full alpha units'><div class='post-entry post-entry-type-page post-entry-195'><div class='entry-content-wrapper clearfix'>\n<div  class='avia-builder-widget-area clearfix  avia-builder-el-8  avia-builder-el-no-sibling '><div id=\"text-2\" class=\"widget clearfix widget_text\">\t\t\t<div class=\"textwidget\"><a href=\"\/fi\/elamaa-huuliherpeksen-kanssa\/vauvat-ja-huuliherpes\"><img decoding=\"async\" title=\"Baby en koortslip - SoreFix\" src=\"\/nl\/files\/2017\/05\/baby.jpg\" alt=\"Vauvat ja huuliherpes - SoreFix\" \/><\/a>\r\n<div class=\"av_promobox text\">\r\n<h3>Vauvat ja huuliherpes<\/h3>\r\n<\/div><\/div>\n\t\t<\/div><div id=\"text-3\" class=\"widget clearfix widget_text\">\t\t\t<div class=\"textwidget\"><a href=\"\/fi\/mista-sorefixia-voi-ostaa\/\"><img decoding=\"async\" title=\"Osta SoreFixia t\u00e4\u00e4lt\u00e4\" src=\"\/fi\/files\/2024\/03\/sorefix-buy.jpg\" alt=\"Osta SoreFixia t\u00e4\u00e4lt\u00e4\" \/><\/a>\r\n<div class=\"av_promobox text\">\r\n<h3>Osta SoreFixia t\u00e4\u00e4lt\u00e4<\/h3>\r\n<\/div><\/div>\n\t\t<\/div><div id=\"text-4\" class=\"widget clearfix widget_text\">\t\t\t<div class=\"textwidget\"><a href=\"\/fi\/yleista-huuliherpeksesta\/huuliherpeksen-eri-vaiheet\/\"><div class=\"fases-background\"><img decoding=\"async\" title=\"Huuliherpeksen eri vaiheet\" src=\"\/fi\/files\/2017\/09\/phases-finland.jpg\" alt=\"Huuliherpeksen eri vaiheet\" \/><\/div>\r\n<div class=\"av_promobox text\">\r\n<h3>Huuliherpeksen eri vaiheet<\/h3>\r\n<\/div><\/a><\/div>\n\t\t<\/div><\/div>\n<\/p>\n","protected":false},"excerpt":{"rendered":"","protected":false},"author":7,"featured_media":786,"parent":193,"menu_order":1,"comment_status":"closed","ping_status":"closed","template":"","meta":{"_acf_changed":false,"footnotes":""},"class_list":["post-195","page","type-page","status-publish","has-post-thumbnail","hentry"],"acf":[],"yoast_head":"<!-- This site is optimized with the Yoast SEO plugin v26.9 - https:\/\/yoast.com\/product\/yoast-seo-wordpress\/ -->\n<title>SoreFix Hoitava huuliherpesvoide tehoaa todistetusti huuliherpeksen jokaisessa vaiheessa ja lyhent\u00e4\u00e4 paranemisaikaa.<\/title>\n<meta name=\"description\" content=\"Voide hoitaa ja lievitt\u00e4\u00e4 huuliherpeksen oireita, kuten kihelm\u00f6inti\u00e4, kutinaa, pistely\u00e4 ja polttavaa tunnetta. Samalla se v\u00e4hent\u00e4\u00e4 oireiden kestoa. \u00a0\" \/>\n<meta name=\"robots\" content=\"index, follow, max-snippet:-1, max-image-preview:large, max-video-preview:-1\" \/>\n<link rel=\"canonical\" href=\"https:\/\/www.sorefix.com\/fi\/tietoa-tuotteesta\/sorefix-hoitava-huuliherpesvoide\/\" \/>\n<meta property=\"og:locale\" content=\"fi_FI\" \/>\n<meta property=\"og:type\" content=\"article\" \/>\n<meta property=\"og:title\" content=\"SoreFix Hoitava huuliherpesvoide tehoaa todistetusti huuliherpeksen jokaisessa vaiheessa ja lyhent\u00e4\u00e4 paranemisaikaa.\" \/>\n<meta property=\"og:description\" content=\"Voide hoitaa ja lievitt\u00e4\u00e4 huuliherpeksen oireita, kuten kihelm\u00f6inti\u00e4, kutinaa, pistely\u00e4 ja polttavaa tunnetta. Samalla se v\u00e4hent\u00e4\u00e4 oireiden kestoa. \u00a0\" \/>\n<meta property=\"og:url\" content=\"https:\/\/www.sorefix.com\/fi\/tietoa-tuotteesta\/sorefix-hoitava-huuliherpesvoide\/\" \/>\n<meta property=\"og:site_name\" content=\"SoreFix Finland\" \/>\n<meta property=\"article:modified_time\" content=\"2024-03-01T13:23:45+00:00\" \/>\n<meta property=\"og:image\" content=\"https:\/\/www.sorefix.com\/fi\/files\/2017\/05\/sorefix-header-potje.png\" \/>\n\t<meta property=\"og:image:width\" content=\"855\" \/>\n\t<meta property=\"og:image:height\" content=\"284\" \/>\n\t<meta property=\"og:image:type\" content=\"image\/png\" \/>\n<meta name=\"twitter:card\" content=\"summary_large_image\" \/>\n<meta name=\"twitter:label1\" content=\"Est. reading time\" \/>\n\t<meta name=\"twitter:data1\" content=\"2 minutes\" \/>\n<script type=\"application\/ld+json\" class=\"yoast-schema-graph\">{\"@context\":\"https:\/\/schema.org\",\"@graph\":[{\"@type\":\"WebPage\",\"@id\":\"https:\/\/www.sorefix.com\/fi\/tietoa-tuotteesta\/sorefix-hoitava-huuliherpesvoide\/\",\"url\":\"https:\/\/www.sorefix.com\/fi\/tietoa-tuotteesta\/sorefix-hoitava-huuliherpesvoide\/\",\"name\":\"SoreFix Hoitava huuliherpesvoide tehoaa todistetusti huuliherpeksen jokaisessa vaiheessa ja lyhent\u00e4\u00e4 paranemisaikaa.\",\"isPartOf\":{\"@id\":\"https:\/\/www.sorefix.com\/fi\/#website\"},\"primaryImageOfPage\":{\"@id\":\"https:\/\/www.sorefix.com\/fi\/tietoa-tuotteesta\/sorefix-hoitava-huuliherpesvoide\/#primaryimage\"},\"image\":{\"@id\":\"https:\/\/www.sorefix.com\/fi\/tietoa-tuotteesta\/sorefix-hoitava-huuliherpesvoide\/#primaryimage\"},\"thumbnailUrl\":\"https:\/\/www.sorefix.com\/fi\/files\/2017\/05\/sorefix-header-potje.png\",\"datePublished\":\"2017-03-13T18:18:18+00:00\",\"dateModified\":\"2024-03-01T13:23:45+00:00\",\"description\":\"Voide hoitaa ja lievitt\u00e4\u00e4 huuliherpeksen oireita, kuten kihelm\u00f6inti\u00e4, kutinaa, pistely\u00e4 ja polttavaa tunnetta. Samalla se v\u00e4hent\u00e4\u00e4 oireiden kestoa. \u00a0\",\"breadcrumb\":{\"@id\":\"https:\/\/www.sorefix.com\/fi\/tietoa-tuotteesta\/sorefix-hoitava-huuliherpesvoide\/#breadcrumb\"},\"inLanguage\":\"fi\",\"potentialAction\":[{\"@type\":\"ReadAction\",\"target\":[\"https:\/\/www.sorefix.com\/fi\/tietoa-tuotteesta\/sorefix-hoitava-huuliherpesvoide\/\"]}]},{\"@type\":\"ImageObject\",\"inLanguage\":\"fi\",\"@id\":\"https:\/\/www.sorefix.com\/fi\/tietoa-tuotteesta\/sorefix-hoitava-huuliherpesvoide\/#primaryimage\",\"url\":\"https:\/\/www.sorefix.com\/fi\/files\/2017\/05\/sorefix-header-potje.png\",\"contentUrl\":\"https:\/\/www.sorefix.com\/fi\/files\/2017\/05\/sorefix-header-potje.png\",\"width\":855,\"height\":284},{\"@type\":\"BreadcrumbList\",\"@id\":\"https:\/\/www.sorefix.com\/fi\/tietoa-tuotteesta\/sorefix-hoitava-huuliherpesvoide\/#breadcrumb\",\"itemListElement\":[{\"@type\":\"ListItem\",\"position\":1,\"name\":\"Home\",\"item\":\"https:\/\/www.sorefix.com\/fi\/\"},{\"@type\":\"ListItem\",\"position\":2,\"name\":\"Tietoa tuotteesta\",\"item\":\"https:\/\/www.sorefix.com\/fi\/tietoa-tuotteesta\/\"},{\"@type\":\"ListItem\",\"position\":3,\"name\":\"Hoitava huuliherpesvoide\"}]},{\"@type\":\"WebSite\",\"@id\":\"https:\/\/www.sorefix.com\/fi\/#website\",\"url\":\"https:\/\/www.sorefix.com\/fi\/\",\"name\":\"SoreFix Finland\",\"description\":\"\",\"potentialAction\":[{\"@type\":\"SearchAction\",\"target\":{\"@type\":\"EntryPoint\",\"urlTemplate\":\"https:\/\/www.sorefix.com\/fi\/?s={search_term_string}\"},\"query-input\":{\"@type\":\"PropertyValueSpecification\",\"valueRequired\":true,\"valueName\":\"search_term_string\"}}],\"inLanguage\":\"fi\"}]}<\/script>\n<!-- \/ Yoast SEO plugin. -->","yoast_head_json":{"title":"SoreFix Hoitava huuliherpesvoide tehoaa todistetusti huuliherpeksen jokaisessa vaiheessa ja lyhent\u00e4\u00e4 paranemisaikaa.","description":"Voide hoitaa ja lievitt\u00e4\u00e4 huuliherpeksen oireita, kuten kihelm\u00f6inti\u00e4, kutinaa, pistely\u00e4 ja polttavaa tunnetta. Samalla se v\u00e4hent\u00e4\u00e4 oireiden kestoa. \u00a0","robots":{"index":"index","follow":"follow","max-snippet":"max-snippet:-1","max-image-preview":"max-image-preview:large","max-video-preview":"max-video-preview:-1"},"canonical":"https:\/\/www.sorefix.com\/fi\/tietoa-tuotteesta\/sorefix-hoitava-huuliherpesvoide\/","og_locale":"fi_FI","og_type":"article","og_title":"SoreFix Hoitava huuliherpesvoide tehoaa todistetusti huuliherpeksen jokaisessa vaiheessa ja lyhent\u00e4\u00e4 paranemisaikaa.","og_description":"Voide hoitaa ja lievitt\u00e4\u00e4 huuliherpeksen oireita, kuten kihelm\u00f6inti\u00e4, kutinaa, pistely\u00e4 ja polttavaa tunnetta. Samalla se v\u00e4hent\u00e4\u00e4 oireiden kestoa. \u00a0","og_url":"https:\/\/www.sorefix.com\/fi\/tietoa-tuotteesta\/sorefix-hoitava-huuliherpesvoide\/","og_site_name":"SoreFix Finland","article_modified_time":"2024-03-01T13:23:45+00:00","og_image":[{"width":855,"height":284,"url":"https:\/\/www.sorefix.com\/fi\/files\/2017\/05\/sorefix-header-potje.png","type":"image\/png"}],"twitter_card":"summary_large_image","twitter_misc":{"Est. reading time":"2 minutes"},"schema":{"@context":"https:\/\/schema.org","@graph":[{"@type":"WebPage","@id":"https:\/\/www.sorefix.com\/fi\/tietoa-tuotteesta\/sorefix-hoitava-huuliherpesvoide\/","url":"https:\/\/www.sorefix.com\/fi\/tietoa-tuotteesta\/sorefix-hoitava-huuliherpesvoide\/","name":"SoreFix Hoitava huuliherpesvoide tehoaa todistetusti huuliherpeksen jokaisessa vaiheessa ja lyhent\u00e4\u00e4 paranemisaikaa.","isPartOf":{"@id":"https:\/\/www.sorefix.com\/fi\/#website"},"primaryImageOfPage":{"@id":"https:\/\/www.sorefix.com\/fi\/tietoa-tuotteesta\/sorefix-hoitava-huuliherpesvoide\/#primaryimage"},"image":{"@id":"https:\/\/www.sorefix.com\/fi\/tietoa-tuotteesta\/sorefix-hoitava-huuliherpesvoide\/#primaryimage"},"thumbnailUrl":"https:\/\/www.sorefix.com\/fi\/files\/2017\/05\/sorefix-header-potje.png","datePublished":"2017-03-13T18:18:18+00:00","dateModified":"2024-03-01T13:23:45+00:00","description":"Voide hoitaa ja lievitt\u00e4\u00e4 huuliherpeksen oireita, kuten kihelm\u00f6inti\u00e4, kutinaa, pistely\u00e4 ja polttavaa tunnetta. Samalla se v\u00e4hent\u00e4\u00e4 oireiden kestoa. \u00a0","breadcrumb":{"@id":"https:\/\/www.sorefix.com\/fi\/tietoa-tuotteesta\/sorefix-hoitava-huuliherpesvoide\/#breadcrumb"},"inLanguage":"fi","potentialAction":[{"@type":"ReadAction","target":["https:\/\/www.sorefix.com\/fi\/tietoa-tuotteesta\/sorefix-hoitava-huuliherpesvoide\/"]}]},{"@type":"ImageObject","inLanguage":"fi","@id":"https:\/\/www.sorefix.com\/fi\/tietoa-tuotteesta\/sorefix-hoitava-huuliherpesvoide\/#primaryimage","url":"https:\/\/www.sorefix.com\/fi\/files\/2017\/05\/sorefix-header-potje.png","contentUrl":"https:\/\/www.sorefix.com\/fi\/files\/2017\/05\/sorefix-header-potje.png","width":855,"height":284},{"@type":"BreadcrumbList","@id":"https:\/\/www.sorefix.com\/fi\/tietoa-tuotteesta\/sorefix-hoitava-huuliherpesvoide\/#breadcrumb","itemListElement":[{"@type":"ListItem","position":1,"name":"Home","item":"https:\/\/www.sorefix.com\/fi\/"},{"@type":"ListItem","position":2,"name":"Tietoa tuotteesta","item":"https:\/\/www.sorefix.com\/fi\/tietoa-tuotteesta\/"},{"@type":"ListItem","position":3,"name":"Hoitava huuliherpesvoide"}]},{"@type":"WebSite","@id":"https:\/\/www.sorefix.com\/fi\/#website","url":"https:\/\/www.sorefix.com\/fi\/","name":"SoreFix Finland","description":"","potentialAction":[{"@type":"SearchAction","target":{"@type":"EntryPoint","urlTemplate":"https:\/\/www.sorefix.com\/fi\/?s={search_term_string}"},"query-input":{"@type":"PropertyValueSpecification","valueRequired":true,"valueName":"search_term_string"}}],"inLanguage":"fi"}]}},"_links":{"self":[{"href":"https:\/\/www.sorefix.com\/fi\/wp-json\/wp\/v2\/pages\/195","targetHints":{"allow":["GET"]}}],"collection":[{"href":"https:\/\/www.sorefix.com\/fi\/wp-json\/wp\/v2\/pages"}],"about":[{"href":"https:\/\/www.sorefix.com\/fi\/wp-json\/wp\/v2\/types\/page"}],"author":[{"embeddable":true,"href":"https:\/\/www.sorefix.com\/fi\/wp-json\/wp\/v2\/users\/7"}],"replies":[{"embeddable":true,"href":"https:\/\/www.sorefix.com\/fi\/wp-json\/wp\/v2\/comments?post=195"}],"version-history":[{"count":0,"href":"https:\/\/www.sorefix.com\/fi\/wp-json\/wp\/v2\/pages\/195\/revisions"}],"up":[{"embeddable":true,"href":"https:\/\/www.sorefix.com\/fi\/wp-json\/wp\/v2\/pages\/193"}],"wp:featuredmedia":[{"embeddable":true,"href":"https:\/\/www.sorefix.com\/fi\/wp-json\/wp\/v2\/media\/786"}],"wp:attachment":[{"href":"https:\/\/www.sorefix.com\/fi\/wp-json\/wp\/v2\/media?parent=195"}],"curies":[{"name":"wp","href":"https:\/\/api.w.org\/{rel}","templated":true}]}}