{"id":230,"date":"2017-03-14T10:31:29","date_gmt":"2017-03-14T09:31:29","guid":{"rendered":"\/\/www.sorefix.com\/ned\/?page_id=230"},"modified":"2020-11-19T11:47:09","modified_gmt":"2020-11-19T11:47:09","slug":"mista-sorefixia-voi-ostaa","status":"publish","type":"page","link":"https:\/\/www.sorefix.com\/fi\/mista-sorefixia-voi-ostaa\/","title":{"rendered":"Mist\u00e4 SoreFixia voi ostaa?"},"content":{"rendered":"<div id='page-content-section'  class='avia-section av-1n1ova-fd65d83f8fd942e6ba95cc3b56b8ccb4 main_color avia-section-default avia-no-border-styling  avia-builder-el-0  avia-builder-el-no-sibling  avia-bg-style-scroll container_wrap fullsize'  ><div class='container av-section-cont-open' ><main  role=\"main\" itemprop=\"mainContentOfPage\"  class='template-page content  av-content-full alpha units'><div class='post-entry post-entry-type-page post-entry-230'><div class='entry-content-wrapper clearfix'>\n\n<style type=\"text\/css\" data-created_by=\"avia_inline_auto\" id=\"style-css-av-1df8na-121751602748a05720449116051e806c\">\n#top .hr.hr-invisible.av-1df8na-121751602748a05720449116051e806c{\nheight:50px;\n}\n<\/style>\n<div  class='hr av-1df8na-121751602748a05720449116051e806c hr-invisible  avia-builder-el-1  el_before_av_textblock  avia-builder-el-first '><span class='hr-inner '><span class=\"hr-inner-style\"><\/span><\/span><\/div>\n<section  class='av_textblock_section av-1a6tae-676ae69b5bb96ed93d7bf5881094aef9 '   itemscope=\"itemscope\" itemtype=\"https:\/\/schema.org\/CreativeWork\" ><div class='avia_textblock'  itemprop=\"text\" ><h4 class=\"p1\" style=\"text-align: center;\"><span class=\"s1\">Voit ostaa SoreFix huuliherpesvoidetta l\u00e4himm\u00e4st\u00e4 apteekistasi tai apteekkien verkkokaupoista.<\/span><\/h4>\n<\/div><\/section>\n\n<style type=\"text\/css\" data-created_by=\"avia_inline_auto\" id=\"style-css-av-tdbg6-a7f914505689081f360b874aa7a07b1c\">\n.flex_column.av-tdbg6-a7f914505689081f360b874aa7a07b1c{\nborder-radius:0px 0px 0px 0px;\npadding:0px 0px 0px 0px;\n}\n<\/style>\n<div  class='flex_column av-tdbg6-a7f914505689081f360b874aa7a07b1c av_one_fourth  avia-builder-el-3  el_after_av_textblock  el_before_av_one_fourth  first flex_column_div av-zero-column-padding  column-top-margin'     ><style type=\"text\/css\" data-created_by=\"avia_inline_auto\" id=\"style-css-av-lcs3q-4e7dbaf426d541c04ec796cd0b9fd939\">\n.avia-image-container.av-lcs3q-4e7dbaf426d541c04ec796cd0b9fd939 img.avia_image{\nbox-shadow:none;\n}\n.avia-image-container.av-lcs3q-4e7dbaf426d541c04ec796cd0b9fd939 .av-image-caption-overlay-center{\ncolor:#ffffff;\n}\n<\/style>\n<div  class='avia-image-container av-lcs3q-4e7dbaf426d541c04ec796cd0b9fd939 av-styling- av-img-linked avia-align-center  avia-builder-el-4  avia-builder-el-no-sibling '   itemprop=\"image\" itemscope=\"itemscope\" itemtype=\"https:\/\/schema.org\/ImageObject\" ><div class=\"avia-image-container-inner\"><div class=\"avia-image-overlay-wrap\"><a href=\"https:\/\/www.apteekkini.fi\/Suun-ja-hampaiden-hoito\/Huuliherpes\/SoreFix\" class='avia_image '  target=\"_blank\"  rel=\"noopener noreferrer\" aria-label='aptekkini-logo_verkkokauppaan_.apteekkini.fi_nettiapteekki_apteekki_verkkoapteekki_'><img decoding=\"async\" fetchpriority=\"high\" class='wp-image-1022 avia-img-lazy-loading-not-1022 avia_image ' src=\"https:\/\/www.sorefix.com\/fi\/files\/2017\/03\/aptekkini-logo_verkkokauppaan_.apteekkini.fi_nettiapteekki_apteekki_verkkoapteekki_-300x92.jpg\" alt='' title='aptekkini-logo_verkkokauppaan_.apteekkini.fi_nettiapteekki_apteekki_verkkoapteekki_'  height=\"92\" width=\"300\"  itemprop=\"thumbnailUrl\" srcset=\"https:\/\/www.sorefix.com\/fi\/files\/2017\/03\/aptekkini-logo_verkkokauppaan_.apteekkini.fi_nettiapteekki_apteekki_verkkoapteekki_-300x92.jpg 300w, https:\/\/www.sorefix.com\/fi\/files\/2017\/03\/aptekkini-logo_verkkokauppaan_.apteekkini.fi_nettiapteekki_apteekki_verkkoapteekki_.jpg 390w\" sizes=\"(max-width: 300px) 100vw, 300px\" \/><\/a><\/div><\/div><\/div><\/div>\n<style type=\"text\/css\" data-created_by=\"avia_inline_auto\" id=\"style-css-av-15b57q-c6a842e9cf149463a55721f72174383b\">\n.flex_column.av-15b57q-c6a842e9cf149463a55721f72174383b{\nborder-radius:0px 0px 0px 0px;\npadding:0px 0px 0px 0px;\n}\n<\/style>\n<div  class='flex_column av-15b57q-c6a842e9cf149463a55721f72174383b av_one_fourth  avia-builder-el-5  el_after_av_one_fourth  el_before_av_one_fourth  flex_column_div av-zero-column-padding  column-top-margin'     ><style type=\"text\/css\" data-created_by=\"avia_inline_auto\" id=\"style-css-av-z9hke-400b2fab2570c812d0e05694a9222685\">\n.avia-image-container.av-z9hke-400b2fab2570c812d0e05694a9222685 img.avia_image{\nbox-shadow:none;\n}\n.avia-image-container.av-z9hke-400b2fab2570c812d0e05694a9222685 .av-image-caption-overlay-center{\ncolor:#ffffff;\n}\n<\/style>\n<div  class='avia-image-container av-z9hke-400b2fab2570c812d0e05694a9222685 av-styling- av-img-linked avia-align-center  avia-builder-el-6  avia-builder-el-no-sibling '   itemprop=\"image\" itemscope=\"itemscope\" itemtype=\"https:\/\/schema.org\/ImageObject\" ><div class=\"avia-image-container-inner\"><div class=\"avia-image-overlay-wrap\"><a href=\"https:\/\/goo.gl\/OKkS1Y\" class='avia_image '  target=\"_blank\"  rel=\"noopener noreferrer\" aria-label='yliopistonverkkoapteekki_logo_turkoosi_vektori'><img decoding=\"async\" fetchpriority=\"high\" class='wp-image-900 avia-img-lazy-loading-not-900 avia_image ' src=\"https:\/\/www.sorefix.com\/fi\/files\/2017\/03\/yliopistonverkkoapteekki_logo_turkoosi_vektori-1030x251.jpg\" alt='' title='yliopistonverkkoapteekki_logo_turkoosi_vektori'  height=\"251\" width=\"1030\"  itemprop=\"thumbnailUrl\" srcset=\"https:\/\/www.sorefix.com\/fi\/files\/2017\/03\/yliopistonverkkoapteekki_logo_turkoosi_vektori-1030x251.jpg 1030w, https:\/\/www.sorefix.com\/fi\/files\/2017\/03\/yliopistonverkkoapteekki_logo_turkoosi_vektori-300x73.jpg 300w, https:\/\/www.sorefix.com\/fi\/files\/2017\/03\/yliopistonverkkoapteekki_logo_turkoosi_vektori-768x187.jpg 768w, https:\/\/www.sorefix.com\/fi\/files\/2017\/03\/yliopistonverkkoapteekki_logo_turkoosi_vektori-1500x365.jpg 1500w, https:\/\/www.sorefix.com\/fi\/files\/2017\/03\/yliopistonverkkoapteekki_logo_turkoosi_vektori-705x171.jpg 705w, https:\/\/www.sorefix.com\/fi\/files\/2017\/03\/yliopistonverkkoapteekki_logo_turkoosi_vektori-450x109.jpg 450w\" sizes=\"(max-width: 1030px) 100vw, 1030px\" \/><\/a><\/div><\/div><\/div><\/div>\n<style type=\"text\/css\" data-created_by=\"avia_inline_auto\" id=\"style-css-av-15b57q-c6a842e9cf149463a55721f72174383b\">\n.flex_column.av-15b57q-c6a842e9cf149463a55721f72174383b{\nborder-radius:0px 0px 0px 0px;\npadding:0px 0px 0px 0px;\n}\n<\/style>\n<div  class='flex_column av-15b57q-c6a842e9cf149463a55721f72174383b av_one_fourth  avia-builder-el-7  el_after_av_one_fourth  el_before_av_one_fourth  flex_column_div av-zero-column-padding  column-top-margin'     ><style type=\"text\/css\" data-created_by=\"avia_inline_auto\" id=\"style-css-av-z9hke-ec073f643330527fbfdeb9b46a250ea7\">\n.avia-image-container.av-z9hke-ec073f643330527fbfdeb9b46a250ea7 img.avia_image{\nbox-shadow:none;\n}\n.avia-image-container.av-z9hke-ec073f643330527fbfdeb9b46a250ea7 .av-image-caption-overlay-center{\ncolor:#ffffff;\n}\n<\/style>\n<div  class='avia-image-container av-z9hke-ec073f643330527fbfdeb9b46a250ea7 av-styling- av-img-linked avia-align-center  avia-builder-el-8  avia-builder-el-no-sibling '   itemprop=\"image\" itemscope=\"itemscope\" itemtype=\"https:\/\/schema.org\/ImageObject\" ><div class=\"avia-image-container-inner\"><div class=\"avia-image-overlay-wrap\"><a href=\"https:\/\/www.karhuapteekki.fi\/haku\/?q=sorefix&amp;button=\" class='avia_image '  target=\"_blank\"  rel=\"noopener noreferrer\" aria-label='KarhuApteekki_2rivi-mini'><img decoding=\"async\" fetchpriority=\"high\" class='wp-image-1260 avia-img-lazy-loading-not-1260 avia_image ' src=\"https:\/\/www.sorefix.com\/fi\/files\/2019\/06\/KarhuApteekki_2rivi-mini-300x74.jpg\" alt='' title='KarhuApteekki_2rivi-mini'  height=\"74\" width=\"300\"  itemprop=\"thumbnailUrl\" srcset=\"https:\/\/www.sorefix.com\/fi\/files\/2019\/06\/KarhuApteekki_2rivi-mini-300x74.jpg 300w, https:\/\/www.sorefix.com\/fi\/files\/2019\/06\/KarhuApteekki_2rivi-mini-450x111.jpg 450w, https:\/\/www.sorefix.com\/fi\/files\/2019\/06\/KarhuApteekki_2rivi-mini.jpg 586w\" sizes=\"(max-width: 300px) 100vw, 300px\" \/><\/a><\/div><\/div><\/div><\/div>\n<style type=\"text\/css\" data-created_by=\"avia_inline_auto\" id=\"style-css-av-eioja-43a79dc0ec1766051bb57e3b83365056\">\n.flex_column.av-eioja-43a79dc0ec1766051bb57e3b83365056{\nborder-radius:0px 0px 0px 0px;\npadding:0px 0px 0px 0px;\n}\n<\/style>\n<div  class='flex_column av-eioja-43a79dc0ec1766051bb57e3b83365056 av_one_fourth  avia-builder-el-9  el_after_av_one_fourth  avia-builder-el-last  flex_column_div av-zero-column-padding  column-top-margin'     ><style type=\"text\/css\" data-created_by=\"avia_inline_auto\" id=\"style-css-av-z9hke-455a9b22605a868c39b4b484b8af157c\">\n.avia-image-container.av-z9hke-455a9b22605a868c39b4b484b8af157c img.avia_image{\nbox-shadow:none;\n}\n.avia-image-container.av-z9hke-455a9b22605a868c39b4b484b8af157c .av-image-caption-overlay-center{\ncolor:#ffffff;\n}\n<\/style>\n<div  class='avia-image-container av-z9hke-455a9b22605a868c39b4b484b8af157c av-styling- av-img-linked avia-align-center  avia-builder-el-10  avia-builder-el-no-sibling '   itemprop=\"image\" itemscope=\"itemscope\" itemtype=\"https:\/\/schema.org\/ImageObject\" ><div class=\"avia-image-container-inner\"><div class=\"avia-image-overlay-wrap\"><a href=\"http:\/\/www.verkkosivuapteekki.fi\/Sorefix\" class='avia_image '  target=\"_blank\"  rel=\"noopener noreferrer\" aria-label='logo'><img decoding=\"async\" fetchpriority=\"high\" class='wp-image-1271 avia-img-lazy-loading-not-1271 avia_image ' src=\"https:\/\/www.sorefix.com\/fi\/files\/2020\/11\/logo.jpg\" alt='' title='logo'  height=\"105\" width=\"409\"  itemprop=\"thumbnailUrl\" srcset=\"https:\/\/www.sorefix.com\/fi\/files\/2020\/11\/logo.jpg 409w, https:\/\/www.sorefix.com\/fi\/files\/2020\/11\/logo-300x77.jpg 300w\" sizes=\"(max-width: 409px) 100vw, 409px\" \/><\/a><\/div><\/div><\/div><\/div>\n","protected":false},"excerpt":{"rendered":"","protected":false},"author":7,"featured_media":0,"parent":0,"menu_order":6,"comment_status":"closed","ping_status":"closed","template":"","meta":{"_acf_changed":false,"footnotes":""},"class_list":["post-230","page","type-page","status-publish","hentry"],"acf":[],"yoast_head":"<!-- This site is optimized with the Yoast SEO plugin v26.9 - https:\/\/yoast.com\/product\/yoast-seo-wordpress\/ -->\n<title>Mist\u00e4 SoreFixia voi ostaa - SoreFix<\/title>\n<meta name=\"description\" content=\"Voit ostaa SoreFix huuliherpesvoidetta l\u00e4himm\u00e4st\u00e4 apteekistasi tai apteekkien verkkokaupoista.\" \/>\n<meta name=\"robots\" content=\"index, follow, max-snippet:-1, max-image-preview:large, max-video-preview:-1\" \/>\n<link rel=\"canonical\" href=\"https:\/\/www.sorefix.com\/fi\/mista-sorefixia-voi-ostaa\/\" \/>\n<meta property=\"og:locale\" content=\"fi_FI\" \/>\n<meta property=\"og:type\" content=\"article\" \/>\n<meta property=\"og:title\" content=\"Mist\u00e4 SoreFixia voi ostaa - SoreFix\" \/>\n<meta property=\"og:description\" content=\"Voit ostaa SoreFix huuliherpesvoidetta l\u00e4himm\u00e4st\u00e4 apteekistasi tai apteekkien verkkokaupoista.\" \/>\n<meta property=\"og:url\" content=\"https:\/\/www.sorefix.com\/fi\/mista-sorefixia-voi-ostaa\/\" \/>\n<meta property=\"og:site_name\" content=\"SoreFix Finland\" \/>\n<meta property=\"article:modified_time\" content=\"2020-11-19T11:47:09+00:00\" \/>\n<meta name=\"twitter:card\" content=\"summary_large_image\" \/>\n<meta name=\"twitter:label1\" content=\"Est. reading time\" \/>\n\t<meta name=\"twitter:data1\" content=\"3 minutes\" \/>\n<script type=\"application\/ld+json\" class=\"yoast-schema-graph\">{\"@context\":\"https:\/\/schema.org\",\"@graph\":[{\"@type\":\"WebPage\",\"@id\":\"https:\/\/www.sorefix.com\/fi\/mista-sorefixia-voi-ostaa\/\",\"url\":\"https:\/\/www.sorefix.com\/fi\/mista-sorefixia-voi-ostaa\/\",\"name\":\"Mist\u00e4 SoreFixia voi ostaa - SoreFix\",\"isPartOf\":{\"@id\":\"https:\/\/www.sorefix.com\/fi\/#website\"},\"datePublished\":\"2017-03-14T09:31:29+00:00\",\"dateModified\":\"2020-11-19T11:47:09+00:00\",\"description\":\"Voit ostaa SoreFix huuliherpesvoidetta l\u00e4himm\u00e4st\u00e4 apteekistasi tai apteekkien verkkokaupoista.\",\"breadcrumb\":{\"@id\":\"https:\/\/www.sorefix.com\/fi\/mista-sorefixia-voi-ostaa\/#breadcrumb\"},\"inLanguage\":\"fi\",\"potentialAction\":[{\"@type\":\"ReadAction\",\"target\":[\"https:\/\/www.sorefix.com\/fi\/mista-sorefixia-voi-ostaa\/\"]}]},{\"@type\":\"BreadcrumbList\",\"@id\":\"https:\/\/www.sorefix.com\/fi\/mista-sorefixia-voi-ostaa\/#breadcrumb\",\"itemListElement\":[{\"@type\":\"ListItem\",\"position\":1,\"name\":\"Home\",\"item\":\"https:\/\/www.sorefix.com\/fi\/\"},{\"@type\":\"ListItem\",\"position\":2,\"name\":\"Mist\u00e4 SoreFixia voi ostaa?\"}]},{\"@type\":\"WebSite\",\"@id\":\"https:\/\/www.sorefix.com\/fi\/#website\",\"url\":\"https:\/\/www.sorefix.com\/fi\/\",\"name\":\"SoreFix Finland\",\"description\":\"\",\"potentialAction\":[{\"@type\":\"SearchAction\",\"target\":{\"@type\":\"EntryPoint\",\"urlTemplate\":\"https:\/\/www.sorefix.com\/fi\/?s={search_term_string}\"},\"query-input\":{\"@type\":\"PropertyValueSpecification\",\"valueRequired\":true,\"valueName\":\"search_term_string\"}}],\"inLanguage\":\"fi\"}]}<\/script>\n<!-- \/ Yoast SEO plugin. -->","yoast_head_json":{"title":"Mist\u00e4 SoreFixia voi ostaa - SoreFix","description":"Voit ostaa SoreFix huuliherpesvoidetta l\u00e4himm\u00e4st\u00e4 apteekistasi tai apteekkien verkkokaupoista.","robots":{"index":"index","follow":"follow","max-snippet":"max-snippet:-1","max-image-preview":"max-image-preview:large","max-video-preview":"max-video-preview:-1"},"canonical":"https:\/\/www.sorefix.com\/fi\/mista-sorefixia-voi-ostaa\/","og_locale":"fi_FI","og_type":"article","og_title":"Mist\u00e4 SoreFixia voi ostaa - SoreFix","og_description":"Voit ostaa SoreFix huuliherpesvoidetta l\u00e4himm\u00e4st\u00e4 apteekistasi tai apteekkien verkkokaupoista.","og_url":"https:\/\/www.sorefix.com\/fi\/mista-sorefixia-voi-ostaa\/","og_site_name":"SoreFix Finland","article_modified_time":"2020-11-19T11:47:09+00:00","twitter_card":"summary_large_image","twitter_misc":{"Est. reading time":"3 minutes"},"schema":{"@context":"https:\/\/schema.org","@graph":[{"@type":"WebPage","@id":"https:\/\/www.sorefix.com\/fi\/mista-sorefixia-voi-ostaa\/","url":"https:\/\/www.sorefix.com\/fi\/mista-sorefixia-voi-ostaa\/","name":"Mist\u00e4 SoreFixia voi ostaa - SoreFix","isPartOf":{"@id":"https:\/\/www.sorefix.com\/fi\/#website"},"datePublished":"2017-03-14T09:31:29+00:00","dateModified":"2020-11-19T11:47:09+00:00","description":"Voit ostaa SoreFix huuliherpesvoidetta l\u00e4himm\u00e4st\u00e4 apteekistasi tai apteekkien verkkokaupoista.","breadcrumb":{"@id":"https:\/\/www.sorefix.com\/fi\/mista-sorefixia-voi-ostaa\/#breadcrumb"},"inLanguage":"fi","potentialAction":[{"@type":"ReadAction","target":["https:\/\/www.sorefix.com\/fi\/mista-sorefixia-voi-ostaa\/"]}]},{"@type":"BreadcrumbList","@id":"https:\/\/www.sorefix.com\/fi\/mista-sorefixia-voi-ostaa\/#breadcrumb","itemListElement":[{"@type":"ListItem","position":1,"name":"Home","item":"https:\/\/www.sorefix.com\/fi\/"},{"@type":"ListItem","position":2,"name":"Mist\u00e4 SoreFixia voi ostaa?"}]},{"@type":"WebSite","@id":"https:\/\/www.sorefix.com\/fi\/#website","url":"https:\/\/www.sorefix.com\/fi\/","name":"SoreFix Finland","description":"","potentialAction":[{"@type":"SearchAction","target":{"@type":"EntryPoint","urlTemplate":"https:\/\/www.sorefix.com\/fi\/?s={search_term_string}"},"query-input":{"@type":"PropertyValueSpecification","valueRequired":true,"valueName":"search_term_string"}}],"inLanguage":"fi"}]}},"_links":{"self":[{"href":"https:\/\/www.sorefix.com\/fi\/wp-json\/wp\/v2\/pages\/230","targetHints":{"allow":["GET"]}}],"collection":[{"href":"https:\/\/www.sorefix.com\/fi\/wp-json\/wp\/v2\/pages"}],"about":[{"href":"https:\/\/www.sorefix.com\/fi\/wp-json\/wp\/v2\/types\/page"}],"author":[{"embeddable":true,"href":"https:\/\/www.sorefix.com\/fi\/wp-json\/wp\/v2\/users\/7"}],"replies":[{"embeddable":true,"href":"https:\/\/www.sorefix.com\/fi\/wp-json\/wp\/v2\/comments?post=230"}],"version-history":[{"count":0,"href":"https:\/\/www.sorefix.com\/fi\/wp-json\/wp\/v2\/pages\/230\/revisions"}],"wp:attachment":[{"href":"https:\/\/www.sorefix.com\/fi\/wp-json\/wp\/v2\/media?parent=230"}],"curies":[{"name":"wp","href":"https:\/\/api.w.org\/{rel}","templated":true}]}}