{"id":244,"date":"2017-03-14T11:13:11","date_gmt":"2017-03-14T11:13:11","guid":{"rendered":"\/\/www.sorefix.com\/ned\/?page_id=244"},"modified":"2024-03-01T15:12:55","modified_gmt":"2024-03-01T15:12:55","slug":"sorefix-ehkaiseva-huuliherpesvoide","status":"publish","type":"page","link":"https:\/\/www.sorefix.com\/fi\/tietoa-tuotteesta\/sorefix-ehkaiseva-huuliherpesvoide\/","title":{"rendered":"Ehk\u00e4isev\u00e4 huuliherpesvoide"},"content":{"rendered":"<div id='page-content-section'  class='avia-section av-5pxro-8f77b9b896695cb832c95ad3ac1bb6fc main_color avia-section-default avia-no-border-styling  avia-builder-el-0  el_before_av_section  avia-builder-el-first  avia-bg-style-scroll container_wrap fullsize'  ><div class='container av-section-cont-open' ><main  role=\"main\" itemprop=\"mainContentOfPage\"  class='template-page content  av-content-full alpha units'><div class='post-entry post-entry-type-page post-entry-244'><div class='entry-content-wrapper clearfix'>\n\n<style type=\"text\/css\" data-created_by=\"avia_inline_auto\" id=\"style-css-av-1ebthw-a1d01e1c141c269d29d88d1a4fe8c1f2\">\n.flex_column.av-1ebthw-a1d01e1c141c269d29d88d1a4fe8c1f2{\nborder-radius:0px 0px 0px 0px;\npadding:20px 20px 20px 20px;\n}\n<\/style>\n<div  class='flex_column av-1ebthw-a1d01e1c141c269d29d88d1a4fe8c1f2 av_one_third  avia-builder-el-1  el_before_av_two_third  avia-builder-el-first  first flex_column_div  '     ><p>\n<style type=\"text\/css\" data-created_by=\"avia_inline_auto\" id=\"style-css-av-4gb0s-999e1b602e18e832e0305b865869a57d\">\n.avia-image-container.av-4gb0s-999e1b602e18e832e0305b865869a57d img.avia_image{\nbox-shadow:none;\n}\n.avia-image-container.av-4gb0s-999e1b602e18e832e0305b865869a57d .av-image-caption-overlay-center{\ncolor:#ffffff;\n}\n<\/style>\n<div  class='avia-image-container av-4gb0s-999e1b602e18e832e0305b865869a57d av-styling- avia-align-center  avia-builder-el-2  el_before_av_textblock  avia-builder-el-first '   itemprop=\"image\" itemscope=\"itemscope\" itemtype=\"https:\/\/schema.org\/ImageObject\" ><div class=\"avia-image-container-inner\"><div class=\"avia-image-overlay-wrap\"><img decoding=\"async\" fetchpriority=\"high\" class='wp-image-950 avia-img-lazy-loading-not-950 avia_image ' src=\"https:\/\/www.sorefix.com\/fi\/files\/2016\/12\/SoreFix_Prevent_FI.png\" alt='' title='SoreFix_Prevent_FI'  height=\"368\" width=\"354\"  itemprop=\"thumbnailUrl\" srcset=\"https:\/\/www.sorefix.com\/fi\/files\/2016\/12\/SoreFix_Prevent_FI.png 354w, https:\/\/www.sorefix.com\/fi\/files\/2016\/12\/SoreFix_Prevent_FI-289x300.png 289w, https:\/\/www.sorefix.com\/fi\/files\/2016\/12\/SoreFix_Prevent_FI-36x36.png 36w\" sizes=\"(max-width: 354px) 100vw, 354px\" \/><\/div><\/div><\/div><br \/>\n\n<style type=\"text\/css\" data-created_by=\"avia_inline_auto\" id=\"style-css-av-3zad8-cfeee15803b2e259c36ed8cbc07e2bc6\">\n#top .av_textblock_section.av-3zad8-cfeee15803b2e259c36ed8cbc07e2bc6 .avia_textblock{\nfont-size:12px;\n}\n<\/style>\n<section  class='av_textblock_section av-3zad8-cfeee15803b2e259c36ed8cbc07e2bc6 '   itemscope=\"itemscope\" itemtype=\"https:\/\/schema.org\/CreativeWork\" ><div class='avia_textblock'  itemprop=\"text\" ><p style=\"text-align: center;\"><em>Lue <a href=\"http:\/\/www.sorefix.com\/pdf\/SFX_Prevent_Leaflet_FI_L034FI100.pdf\" target=\"_blank\" rel=\"noopener\">k\u00e4ytt\u00f6ohje<\/a>\u00a0ennen tuotteen k\u00e4ytt\u00f6\u00e4.<\/em><\/p>\n<\/div><\/section><\/p><\/div>\n<style type=\"text\/css\" data-created_by=\"avia_inline_auto\" id=\"style-css-av-wbhzo-efbd66de1143b2d63e75ddd7052fb763\">\n.flex_column.av-wbhzo-efbd66de1143b2d63e75ddd7052fb763{\nborder-radius:0px 0px 0px 0px;\npadding:20px 20px 20px 20px;\n}\n<\/style>\n<div  class='flex_column av-wbhzo-efbd66de1143b2d63e75ddd7052fb763 av_two_third  avia-builder-el-4  el_after_av_one_third  avia-builder-el-last  flex_column_div  '     ><style type=\"text\/css\" data-created_by=\"avia_inline_auto\" id=\"style-css-av-tauq4-64354e5dae4c673d1d9efb5f1eac9ceb\">\n#top .av_textblock_section.av-tauq4-64354e5dae4c673d1d9efb5f1eac9ceb .avia_textblock{\ncolor:#38c600;\n}\n<\/style>\n<section  class='av_textblock_section av-tauq4-64354e5dae4c673d1d9efb5f1eac9ceb '   itemscope=\"itemscope\" itemtype=\"https:\/\/schema.org\/CreativeWork\" ><div class='avia_textblock av_inherit_color'  itemprop=\"text\" ><div class=\"page\" title=\"Page 5\">\n<div class=\"section\">\n<div class=\"layoutArea\">\n<div class=\"column\">\n<h1><strong>SoreFix\u00a0Ehk\u00e4isev\u00e4 huuliherpesvoide<\/strong><\/h1>\n<\/div>\n<\/div>\n<\/div>\n<\/div>\n<\/div><\/section><br \/>\n<section  class='av_textblock_section av-1vh78-93dc9df366ad09595e668142261827cf '   itemscope=\"itemscope\" itemtype=\"https:\/\/schema.org\/CreativeWork\" ><div class='avia_textblock'  itemprop=\"text\" ><p>SoreFix Ehk\u00e4isev\u00e4 huuliherpesvoide on sinkkipohjainen huulivoide joka ennaltaehk\u00e4isee huuliherpest\u00e4 muodostamalla fyysisen suodattimen joka suojaa huulia huuliherpeksen puhkeamiselle altistavilta ulkoisilta tekij\u00f6ilt\u00e4. SoreFix Ehk\u00e4isv\u00e4 huuliherpesvoide sis\u00e4lt\u00e4\u00e4 my\u00f6s korkean aurinkosuojan (SPF 30).<\/p>\n<h3>Mit\u00e4 SoreFix Ehk\u00e4isev\u00e4 huuliherpesvoide voi tehd\u00e4 sinulle?<\/h3>\n<ul>\n<li>Ehk\u00e4isee huuliherpest\u00e4<\/li>\n<li>Muodostaa huulille suojaavan kalvon joka suojelee huulia herpeksen <a href=\"http:\/\/www.sorefix.com\/fi\/yleista-huuliherpeksesta\/laukaisevat-tekijat\/\">laukaisevilta tekij\u00f6ilt\u00e4<\/a><\/li>\n<li>Sis\u00e4lt\u00e4\u00e4 korkean aurinkosuojan (SPF 30)<\/li>\n<li>Parantaa huuliesi kuntoa<\/li>\n<\/ul>\n<p><strong>Tuote s\u00e4ilyy vuoden avaamisen j\u00e4lkeen.<\/strong><\/p>\n<h3>Ravitseva huulivoide<\/h3>\n<p>Huuliherpesvoide sis\u00e4lt\u00e4\u00e4 luonnosta per\u00e4isin olevia, runsaasti E-vitamiinia sis\u00e4lt\u00e4vi\u00e4 \u00f6ljyj\u00e4, jotka parantavat huulten kuntoa. SoreFix Ehk\u00e4isev\u00e4 huuliherpesvoidetta voi k\u00e4ytt\u00e4\u00e4 p\u00e4ivitt\u00e4in huuliherpeksen ennaltaehk\u00e4isyyn ja huulien ravitsemiseen.<\/p>\n<\/div><\/section><\/p><\/div><\/div><\/div><\/main><!-- close content main element --><\/div><\/div><div id='content_footer'  class='avia-section av-hn22k-e278c8b1bd1132b7019d04c99c5aac62 main_color avia-section-no-padding avia-no-border-styling  avia-builder-el-7  el_after_av_section  avia-builder-el-last  avia-bg-style-scroll container_wrap fullsize'  ><div class='container av-section-cont-open' ><div class='template-page content  av-content-full alpha units'><div class='post-entry post-entry-type-page post-entry-244'><div class='entry-content-wrapper clearfix'>\n<div  class='avia-builder-widget-area clearfix  avia-builder-el-8  avia-builder-el-no-sibling '><div id=\"text-2\" class=\"widget clearfix widget_text\">\t\t\t<div class=\"textwidget\"><a href=\"\/fi\/elamaa-huuliherpeksen-kanssa\/vauvat-ja-huuliherpes\"><img decoding=\"async\" title=\"Baby en koortslip - SoreFix\" src=\"\/nl\/files\/2017\/05\/baby.jpg\" alt=\"Vauvat ja huuliherpes - SoreFix\" \/><\/a>\r\n<div class=\"av_promobox text\">\r\n<h3>Vauvat ja huuliherpes<\/h3>\r\n<\/div><\/div>\n\t\t<\/div><div id=\"text-3\" class=\"widget clearfix widget_text\">\t\t\t<div class=\"textwidget\"><a href=\"\/fi\/mista-sorefixia-voi-ostaa\/\"><img decoding=\"async\" title=\"Osta SoreFixia t\u00e4\u00e4lt\u00e4\" src=\"\/fi\/files\/2024\/03\/sorefix-buy.jpg\" alt=\"Osta SoreFixia t\u00e4\u00e4lt\u00e4\" \/><\/a>\r\n<div class=\"av_promobox text\">\r\n<h3>Osta SoreFixia t\u00e4\u00e4lt\u00e4<\/h3>\r\n<\/div><\/div>\n\t\t<\/div><div id=\"text-4\" class=\"widget clearfix widget_text\">\t\t\t<div class=\"textwidget\"><a href=\"\/fi\/yleista-huuliherpeksesta\/huuliherpeksen-eri-vaiheet\/\"><div class=\"fases-background\"><img decoding=\"async\" title=\"Huuliherpeksen eri vaiheet\" src=\"\/fi\/files\/2017\/09\/phases-finland.jpg\" alt=\"Huuliherpeksen eri vaiheet\" \/><\/div>\r\n<div class=\"av_promobox text\">\r\n<h3>Huuliherpeksen eri vaiheet<\/h3>\r\n<\/div><\/a><\/div>\n\t\t<\/div><\/div>\n<\/p>\n","protected":false},"excerpt":{"rendered":"","protected":false},"author":7,"featured_media":786,"parent":193,"menu_order":2,"comment_status":"closed","ping_status":"closed","template":"","meta":{"_acf_changed":false,"footnotes":""},"class_list":["post-244","page","type-page","status-publish","has-post-thumbnail","hentry"],"acf":[],"yoast_head":"<!-- This site is optimized with the Yoast SEO plugin v26.9 - https:\/\/yoast.com\/product\/yoast-seo-wordpress\/ -->\n<title>SoreFix Ehk\u00e4isev\u00e4 huuliherpesvoide ehk\u00e4isee huuliherpest\u00e4 muodostamalla suojaavan kalvon, joka suojelee huulia huuliherpeksen puhkeamiselle altistavilta tekij\u00f6ilt\u00e4.<\/title>\n<meta name=\"description\" content=\"Voiteen aurinkosuoja SPF 30 ehk\u00e4isee my\u00f6s UV-valon aiheuttaman huuliherpeksen uudelleenaktivoitumisen. Huuliherpesvoide sis\u00e4lt\u00e4\u00e4 luonnosta per\u00e4isin olevia, runsaasti E-vitamiinia sis\u00e4lt\u00e4vi\u00e4 \u00f6ljyj\u00e4, jotka parantavat huulten kuntoa.\" \/>\n<meta name=\"robots\" content=\"index, follow, max-snippet:-1, max-image-preview:large, max-video-preview:-1\" \/>\n<link rel=\"canonical\" href=\"https:\/\/www.sorefix.com\/fi\/tietoa-tuotteesta\/sorefix-ehkaiseva-huuliherpesvoide\/\" \/>\n<meta property=\"og:locale\" content=\"fi_FI\" \/>\n<meta property=\"og:type\" content=\"article\" \/>\n<meta property=\"og:title\" content=\"SoreFix Ehk\u00e4isev\u00e4 huuliherpesvoide ehk\u00e4isee huuliherpest\u00e4 muodostamalla suojaavan kalvon, joka suojelee huulia huuliherpeksen puhkeamiselle altistavilta tekij\u00f6ilt\u00e4.\" \/>\n<meta property=\"og:description\" content=\"Voiteen aurinkosuoja SPF 30 ehk\u00e4isee my\u00f6s UV-valon aiheuttaman huuliherpeksen uudelleenaktivoitumisen. Huuliherpesvoide sis\u00e4lt\u00e4\u00e4 luonnosta per\u00e4isin olevia, runsaasti E-vitamiinia sis\u00e4lt\u00e4vi\u00e4 \u00f6ljyj\u00e4, jotka parantavat huulten kuntoa.\" \/>\n<meta property=\"og:url\" content=\"https:\/\/www.sorefix.com\/fi\/tietoa-tuotteesta\/sorefix-ehkaiseva-huuliherpesvoide\/\" \/>\n<meta property=\"og:site_name\" content=\"SoreFix Finland\" \/>\n<meta property=\"article:modified_time\" content=\"2024-03-01T15:12:55+00:00\" \/>\n<meta property=\"og:image\" content=\"https:\/\/www.sorefix.com\/fi\/files\/2017\/05\/sorefix-header-potje.png\" \/>\n\t<meta property=\"og:image:width\" content=\"855\" \/>\n\t<meta property=\"og:image:height\" content=\"284\" \/>\n\t<meta property=\"og:image:type\" content=\"image\/png\" \/>\n<meta name=\"twitter:card\" content=\"summary_large_image\" \/>\n<meta name=\"twitter:label1\" content=\"Est. reading time\" \/>\n\t<meta name=\"twitter:data1\" content=\"2 minutes\" \/>\n<script type=\"application\/ld+json\" class=\"yoast-schema-graph\">{\"@context\":\"https:\/\/schema.org\",\"@graph\":[{\"@type\":\"WebPage\",\"@id\":\"https:\/\/www.sorefix.com\/fi\/tietoa-tuotteesta\/sorefix-ehkaiseva-huuliherpesvoide\/\",\"url\":\"https:\/\/www.sorefix.com\/fi\/tietoa-tuotteesta\/sorefix-ehkaiseva-huuliherpesvoide\/\",\"name\":\"SoreFix Ehk\u00e4isev\u00e4 huuliherpesvoide ehk\u00e4isee huuliherpest\u00e4 muodostamalla suojaavan kalvon, joka suojelee huulia huuliherpeksen puhkeamiselle altistavilta tekij\u00f6ilt\u00e4.\",\"isPartOf\":{\"@id\":\"https:\/\/www.sorefix.com\/fi\/#website\"},\"primaryImageOfPage\":{\"@id\":\"https:\/\/www.sorefix.com\/fi\/tietoa-tuotteesta\/sorefix-ehkaiseva-huuliherpesvoide\/#primaryimage\"},\"image\":{\"@id\":\"https:\/\/www.sorefix.com\/fi\/tietoa-tuotteesta\/sorefix-ehkaiseva-huuliherpesvoide\/#primaryimage\"},\"thumbnailUrl\":\"https:\/\/www.sorefix.com\/fi\/files\/2017\/05\/sorefix-header-potje.png\",\"datePublished\":\"2017-03-14T11:13:11+00:00\",\"dateModified\":\"2024-03-01T15:12:55+00:00\",\"description\":\"Voiteen aurinkosuoja SPF 30 ehk\u00e4isee my\u00f6s UV-valon aiheuttaman huuliherpeksen uudelleenaktivoitumisen. Huuliherpesvoide sis\u00e4lt\u00e4\u00e4 luonnosta per\u00e4isin olevia, runsaasti E-vitamiinia sis\u00e4lt\u00e4vi\u00e4 \u00f6ljyj\u00e4, jotka parantavat huulten kuntoa.\",\"breadcrumb\":{\"@id\":\"https:\/\/www.sorefix.com\/fi\/tietoa-tuotteesta\/sorefix-ehkaiseva-huuliherpesvoide\/#breadcrumb\"},\"inLanguage\":\"fi\",\"potentialAction\":[{\"@type\":\"ReadAction\",\"target\":[\"https:\/\/www.sorefix.com\/fi\/tietoa-tuotteesta\/sorefix-ehkaiseva-huuliherpesvoide\/\"]}]},{\"@type\":\"ImageObject\",\"inLanguage\":\"fi\",\"@id\":\"https:\/\/www.sorefix.com\/fi\/tietoa-tuotteesta\/sorefix-ehkaiseva-huuliherpesvoide\/#primaryimage\",\"url\":\"https:\/\/www.sorefix.com\/fi\/files\/2017\/05\/sorefix-header-potje.png\",\"contentUrl\":\"https:\/\/www.sorefix.com\/fi\/files\/2017\/05\/sorefix-header-potje.png\",\"width\":855,\"height\":284},{\"@type\":\"BreadcrumbList\",\"@id\":\"https:\/\/www.sorefix.com\/fi\/tietoa-tuotteesta\/sorefix-ehkaiseva-huuliherpesvoide\/#breadcrumb\",\"itemListElement\":[{\"@type\":\"ListItem\",\"position\":1,\"name\":\"Home\",\"item\":\"https:\/\/www.sorefix.com\/fi\/\"},{\"@type\":\"ListItem\",\"position\":2,\"name\":\"Tietoa tuotteesta\",\"item\":\"https:\/\/www.sorefix.com\/fi\/tietoa-tuotteesta\/\"},{\"@type\":\"ListItem\",\"position\":3,\"name\":\"Ehk\u00e4isev\u00e4 huuliherpesvoide\"}]},{\"@type\":\"WebSite\",\"@id\":\"https:\/\/www.sorefix.com\/fi\/#website\",\"url\":\"https:\/\/www.sorefix.com\/fi\/\",\"name\":\"SoreFix Finland\",\"description\":\"\",\"potentialAction\":[{\"@type\":\"SearchAction\",\"target\":{\"@type\":\"EntryPoint\",\"urlTemplate\":\"https:\/\/www.sorefix.com\/fi\/?s={search_term_string}\"},\"query-input\":{\"@type\":\"PropertyValueSpecification\",\"valueRequired\":true,\"valueName\":\"search_term_string\"}}],\"inLanguage\":\"fi\"}]}<\/script>\n<!-- \/ Yoast SEO plugin. -->","yoast_head_json":{"title":"SoreFix Ehk\u00e4isev\u00e4 huuliherpesvoide ehk\u00e4isee huuliherpest\u00e4 muodostamalla suojaavan kalvon, joka suojelee huulia huuliherpeksen puhkeamiselle altistavilta tekij\u00f6ilt\u00e4.","description":"Voiteen aurinkosuoja SPF 30 ehk\u00e4isee my\u00f6s UV-valon aiheuttaman huuliherpeksen uudelleenaktivoitumisen. Huuliherpesvoide sis\u00e4lt\u00e4\u00e4 luonnosta per\u00e4isin olevia, runsaasti E-vitamiinia sis\u00e4lt\u00e4vi\u00e4 \u00f6ljyj\u00e4, jotka parantavat huulten kuntoa.","robots":{"index":"index","follow":"follow","max-snippet":"max-snippet:-1","max-image-preview":"max-image-preview:large","max-video-preview":"max-video-preview:-1"},"canonical":"https:\/\/www.sorefix.com\/fi\/tietoa-tuotteesta\/sorefix-ehkaiseva-huuliherpesvoide\/","og_locale":"fi_FI","og_type":"article","og_title":"SoreFix Ehk\u00e4isev\u00e4 huuliherpesvoide ehk\u00e4isee huuliherpest\u00e4 muodostamalla suojaavan kalvon, joka suojelee huulia huuliherpeksen puhkeamiselle altistavilta tekij\u00f6ilt\u00e4.","og_description":"Voiteen aurinkosuoja SPF 30 ehk\u00e4isee my\u00f6s UV-valon aiheuttaman huuliherpeksen uudelleenaktivoitumisen. Huuliherpesvoide sis\u00e4lt\u00e4\u00e4 luonnosta per\u00e4isin olevia, runsaasti E-vitamiinia sis\u00e4lt\u00e4vi\u00e4 \u00f6ljyj\u00e4, jotka parantavat huulten kuntoa.","og_url":"https:\/\/www.sorefix.com\/fi\/tietoa-tuotteesta\/sorefix-ehkaiseva-huuliherpesvoide\/","og_site_name":"SoreFix Finland","article_modified_time":"2024-03-01T15:12:55+00:00","og_image":[{"width":855,"height":284,"url":"https:\/\/www.sorefix.com\/fi\/files\/2017\/05\/sorefix-header-potje.png","type":"image\/png"}],"twitter_card":"summary_large_image","twitter_misc":{"Est. reading time":"2 minutes"},"schema":{"@context":"https:\/\/schema.org","@graph":[{"@type":"WebPage","@id":"https:\/\/www.sorefix.com\/fi\/tietoa-tuotteesta\/sorefix-ehkaiseva-huuliherpesvoide\/","url":"https:\/\/www.sorefix.com\/fi\/tietoa-tuotteesta\/sorefix-ehkaiseva-huuliherpesvoide\/","name":"SoreFix Ehk\u00e4isev\u00e4 huuliherpesvoide ehk\u00e4isee huuliherpest\u00e4 muodostamalla suojaavan kalvon, joka suojelee huulia huuliherpeksen puhkeamiselle altistavilta tekij\u00f6ilt\u00e4.","isPartOf":{"@id":"https:\/\/www.sorefix.com\/fi\/#website"},"primaryImageOfPage":{"@id":"https:\/\/www.sorefix.com\/fi\/tietoa-tuotteesta\/sorefix-ehkaiseva-huuliherpesvoide\/#primaryimage"},"image":{"@id":"https:\/\/www.sorefix.com\/fi\/tietoa-tuotteesta\/sorefix-ehkaiseva-huuliherpesvoide\/#primaryimage"},"thumbnailUrl":"https:\/\/www.sorefix.com\/fi\/files\/2017\/05\/sorefix-header-potje.png","datePublished":"2017-03-14T11:13:11+00:00","dateModified":"2024-03-01T15:12:55+00:00","description":"Voiteen aurinkosuoja SPF 30 ehk\u00e4isee my\u00f6s UV-valon aiheuttaman huuliherpeksen uudelleenaktivoitumisen. Huuliherpesvoide sis\u00e4lt\u00e4\u00e4 luonnosta per\u00e4isin olevia, runsaasti E-vitamiinia sis\u00e4lt\u00e4vi\u00e4 \u00f6ljyj\u00e4, jotka parantavat huulten kuntoa.","breadcrumb":{"@id":"https:\/\/www.sorefix.com\/fi\/tietoa-tuotteesta\/sorefix-ehkaiseva-huuliherpesvoide\/#breadcrumb"},"inLanguage":"fi","potentialAction":[{"@type":"ReadAction","target":["https:\/\/www.sorefix.com\/fi\/tietoa-tuotteesta\/sorefix-ehkaiseva-huuliherpesvoide\/"]}]},{"@type":"ImageObject","inLanguage":"fi","@id":"https:\/\/www.sorefix.com\/fi\/tietoa-tuotteesta\/sorefix-ehkaiseva-huuliherpesvoide\/#primaryimage","url":"https:\/\/www.sorefix.com\/fi\/files\/2017\/05\/sorefix-header-potje.png","contentUrl":"https:\/\/www.sorefix.com\/fi\/files\/2017\/05\/sorefix-header-potje.png","width":855,"height":284},{"@type":"BreadcrumbList","@id":"https:\/\/www.sorefix.com\/fi\/tietoa-tuotteesta\/sorefix-ehkaiseva-huuliherpesvoide\/#breadcrumb","itemListElement":[{"@type":"ListItem","position":1,"name":"Home","item":"https:\/\/www.sorefix.com\/fi\/"},{"@type":"ListItem","position":2,"name":"Tietoa tuotteesta","item":"https:\/\/www.sorefix.com\/fi\/tietoa-tuotteesta\/"},{"@type":"ListItem","position":3,"name":"Ehk\u00e4isev\u00e4 huuliherpesvoide"}]},{"@type":"WebSite","@id":"https:\/\/www.sorefix.com\/fi\/#website","url":"https:\/\/www.sorefix.com\/fi\/","name":"SoreFix Finland","description":"","potentialAction":[{"@type":"SearchAction","target":{"@type":"EntryPoint","urlTemplate":"https:\/\/www.sorefix.com\/fi\/?s={search_term_string}"},"query-input":{"@type":"PropertyValueSpecification","valueRequired":true,"valueName":"search_term_string"}}],"inLanguage":"fi"}]}},"_links":{"self":[{"href":"https:\/\/www.sorefix.com\/fi\/wp-json\/wp\/v2\/pages\/244","targetHints":{"allow":["GET"]}}],"collection":[{"href":"https:\/\/www.sorefix.com\/fi\/wp-json\/wp\/v2\/pages"}],"about":[{"href":"https:\/\/www.sorefix.com\/fi\/wp-json\/wp\/v2\/types\/page"}],"author":[{"embeddable":true,"href":"https:\/\/www.sorefix.com\/fi\/wp-json\/wp\/v2\/users\/7"}],"replies":[{"embeddable":true,"href":"https:\/\/www.sorefix.com\/fi\/wp-json\/wp\/v2\/comments?post=244"}],"version-history":[{"count":0,"href":"https:\/\/www.sorefix.com\/fi\/wp-json\/wp\/v2\/pages\/244\/revisions"}],"up":[{"embeddable":true,"href":"https:\/\/www.sorefix.com\/fi\/wp-json\/wp\/v2\/pages\/193"}],"wp:featuredmedia":[{"embeddable":true,"href":"https:\/\/www.sorefix.com\/fi\/wp-json\/wp\/v2\/media\/786"}],"wp:attachment":[{"href":"https:\/\/www.sorefix.com\/fi\/wp-json\/wp\/v2\/media?parent=244"}],"curies":[{"name":"wp","href":"https:\/\/api.w.org\/{rel}","templated":true}]}}