{"id":262,"date":"2017-03-14T12:31:46","date_gmt":"2017-03-14T11:31:46","guid":{"rendered":"\/\/www.sorefix.com\/ned\/?page_id=262"},"modified":"2017-09-11T14:12:52","modified_gmt":"2017-09-11T14:12:52","slug":"sorefix-toimii-eri-tavalla","status":"publish","type":"page","link":"https:\/\/www.sorefix.com\/fi\/tietoa-tuotteesta\/sorefix-toimii-eri-tavalla\/","title":{"rendered":"Miksi SoreFix eroaa muista huuliherpesvoiteista?"},"content":{"rendered":"<div id='page-content-section-margin'  class='avia-section av-av_section-7be1d342760be2d7fd5a39e2e96db480 main_color avia-section-default avia-no-border-styling  avia-builder-el-0  el_before_av_section  avia-builder-el-first  avia-bg-style-scroll container_wrap fullsize'  ><div class='container av-section-cont-open' ><main  role=\"main\" itemprop=\"mainContentOfPage\"  class='template-page content  av-content-full alpha units'><div class='post-entry post-entry-type-page post-entry-262'><div class='entry-content-wrapper clearfix'>\n\n<style type=\"text\/css\" data-created_by=\"avia_inline_auto\" id=\"style-css-av-av_one_full-9497bbf8bff73ea4c6992cc17fa9ec36\">\n.flex_column.av-av_one_full-9497bbf8bff73ea4c6992cc17fa9ec36{\nborder-radius:0px 0px 0px 0px;\npadding:0px 0px 0px 0px;\n}\n<\/style>\n<div  class='flex_column av-av_one_full-9497bbf8bff73ea4c6992cc17fa9ec36 av_one_full  avia-builder-el-1  avia-builder-el-no-sibling  first flex_column_div av-zero-column-padding  '     ><section  class='av_textblock_section av-av_textblock-0366cc7376be6c9e82a3e9cc8987b64f '   itemscope=\"itemscope\" itemtype=\"https:\/\/schema.org\/CreativeWork\" ><div class='avia_textblock'  itemprop=\"text\" ><h3>SoreFix sis\u00e4lt\u00e4\u00e4 sinkki\u00e4 \u00f6ljypohjassa ja se voi hoitaa ja ehk\u00e4ist\u00e4 huuliherpest\u00e4.<\/h3>\n<p><a href=\"http:\/\/www.sorefix.com\/fi\/tietoa-tuotteesta\/sorefix-hoitava-huuliherpesvoide\/\">SoreFix Hoitava huuliherpesvoide<\/a>\u00a0lyhent\u00e4\u00e4 paranemisaikaa ja v\u00e4hent\u00e4\u00e4 huuliherpeksen oireita. On olemassa my\u00f6s sinkkipohjaisia huuliherpesvoiteita, joissa voide on geelimuodossa. Geelill\u00e4 on invasiivinen vaikutus, joten sinkki ei liukene siihen yht\u00e4 hyvin. SoreFixin \u00f6ljypohja ravitsee huulia ja ehk\u00e4isee rupea halkeamasta. <a href=\"http:\/\/www.sorefix.com\/fi\/tietoa-tuotteesta\/sorefix-ehkaiseva-huuliherpesvoide\/\">SoreFix Ehk\u00e4isev\u00e4 huuliherpesvoide<\/a>\u00a0ennaltaehk\u00e4isee huuliherpest\u00e4 muodostamalla fyysisen suodattimen joka suojaa huulia huuliherpeksen puhkeamiselle altistavilta tekij\u00f6ilt\u00e4.<\/p>\n<p>Molemmat SoreFix-tuotteet ovat l\u00e4pin\u00e4kyvi\u00e4 ja siksi huomaamattomia. Molemmat tuotteet s\u00e4ilyv\u00e4t vuoden avaamisen j\u00e4lkeen.<\/p>\n<\/div><\/section><\/div><\/div><\/div><\/main><!-- close content main element --><\/div><\/div><div id='section1'  class='avia-section av-av_section-0e594183a3e9aca471d400eceb794f67 main_color avia-section-small avia-no-border-styling  avia-builder-el-3  el_after_av_section  el_before_av_section  avia-bg-style-scroll container_wrap fullsize'  ><div class='container av-section-cont-open' ><div class='template-page content  av-content-full alpha units'><div class='post-entry post-entry-type-page post-entry-262'><div class='entry-content-wrapper clearfix'>\n\n<style type=\"text\/css\" data-created_by=\"avia_inline_auto\" id=\"style-css-av-av_one_third-67860581d01ed4aac4416e289c741209\">\n.flex_column.av-av_one_third-67860581d01ed4aac4416e289c741209{\nborder-radius:0px 0px 0px 0px;\npadding:0 0 20px 30px;\n}\n<\/style>\n<div  class='flex_column av-av_one_third-67860581d01ed4aac4416e289c741209 av_one_third  avia-builder-el-4  el_before_av_two_third  avia-builder-el-first  first no_margin flex_column_div  '     ><p><section  class='av_textblock_section av-av_textblock-b42cd247c0eeec8e86b72e6b91ba0fea '   itemscope=\"itemscope\" itemtype=\"https:\/\/schema.org\/CreativeWork\" ><div class='avia_textblock'  itemprop=\"text\" ><\/div><\/section><br \/>\n\n<style type=\"text\/css\" data-created_by=\"avia_inline_auto\" id=\"style-css-av-av_image-e673cb37a0579a67479a9df2c508c65f\">\n.avia-image-container.av-av_image-e673cb37a0579a67479a9df2c508c65f img.avia_image{\nbox-shadow:none;\n}\n.avia-image-container.av-av_image-e673cb37a0579a67479a9df2c508c65f .av-image-caption-overlay-center{\ncolor:#ffffff;\n}\n<\/style>\n<div  class='avia-image-container av-av_image-e673cb37a0579a67479a9df2c508c65f av-styling- avia-align-center  avia-builder-el-6  el_after_av_textblock  el_before_av_button '   itemprop=\"image\" itemscope=\"itemscope\" itemtype=\"https:\/\/schema.org\/ImageObject\" ><div class=\"avia-image-container-inner\"><div class=\"avia-image-overlay-wrap\"><img decoding=\"async\" fetchpriority=\"high\" class='wp-image-737 avia-img-lazy-loading-not-737 avia_image ' src=\"https:\/\/www.sorefix.com\/fi\/files\/2017\/05\/sorefix-potje.jpg\" alt='SoreFix Rescue - SoreFix Prevent' title='SoreFix Rescue - SoreFix Prevent'  height=\"535\" width=\"900\"  itemprop=\"thumbnailUrl\" srcset=\"https:\/\/www.sorefix.com\/fi\/files\/2017\/05\/sorefix-potje.jpg 900w, https:\/\/www.sorefix.com\/fi\/files\/2017\/05\/sorefix-potje-300x178.jpg 300w, https:\/\/www.sorefix.com\/fi\/files\/2017\/05\/sorefix-potje-768x457.jpg 768w, https:\/\/www.sorefix.com\/fi\/files\/2017\/05\/sorefix-potje-705x419.jpg 705w, https:\/\/www.sorefix.com\/fi\/files\/2017\/05\/sorefix-potje-450x268.jpg 450w\" sizes=\"(max-width: 900px) 100vw, 900px\" \/><\/div><\/div><\/div><br \/>\n<div  class='avia-button-wrap av-av_button-e02cc8e72f50893c049e8bfbad0e88d9-wrap avia-button-center  avia-builder-el-7  el_after_av_image  avia-builder-el-last '><a href='https:\/\/www.sorefix.com\/fi\/tietoa-tuotteesta\/'  class='avia-button av-av_button-e02cc8e72f50893c049e8bfbad0e88d9 av-link-btn avia-icon_select-yes-right-icon avia-size-small avia-position-center avia-color-theme-color'   aria-label=\"Tuotetietoa\"><span class='avia_iconbox_title' >Tuotetietoa<\/span><span class='avia_button_icon avia_button_icon_right avia-iconfont avia-font-entypo-fontello' data-av_icon='\ue875' data-av_iconfont='entypo-fontello' ><\/span><\/a><\/div><\/p><\/div>\n<style type=\"text\/css\" data-created_by=\"avia_inline_auto\" id=\"style-css-av-av_two_third-507484ff5d061fea846dd575245d65b1\">\n.flex_column.av-av_two_third-507484ff5d061fea846dd575245d65b1{\nborder-radius:0px 0px 0px 0px;\npadding:10px 20px 10px 20px;\n}\n<\/style>\n<div  class='flex_column av-av_two_third-507484ff5d061fea846dd575245d65b1 av_two_third  avia-builder-el-8  el_after_av_one_third  el_before_av_one_fourth  no_margin flex_column_div  '     ><\/div>\n<style type=\"text\/css\" data-created_by=\"avia_inline_auto\" id=\"style-css-av-av_one_fourth-9497bbf8bff73ea4c6992cc17fa9ec36\">\n.flex_column.av-av_one_fourth-9497bbf8bff73ea4c6992cc17fa9ec36{\nborder-radius:0px 0px 0px 0px;\npadding:0px 0px 0px 0px;\n}\n<\/style>\n<div  class='flex_column av-av_one_fourth-9497bbf8bff73ea4c6992cc17fa9ec36 av_one_fourth  avia-builder-el-9  el_after_av_two_third  el_before_av_one_fourth  first flex_column_div av-zero-column-padding  column-top-margin'     ><p>\n<style type=\"text\/css\" data-created_by=\"avia_inline_auto\" id=\"style-css-av-av_image-0bdb8f9bbdac4243f3e5517e9ae1c580\">\n.avia-image-container.av-av_image-0bdb8f9bbdac4243f3e5517e9ae1c580 img.avia_image{\nbox-shadow:none;\n}\n<\/style>\n<div  class='avia-image-container av-av_image-0bdb8f9bbdac4243f3e5517e9ae1c580 av-styling- av-img-linked avia-align-center  avia-builder-el-10  el_before_av_textblock  avia-builder-el-first '   itemprop=\"image\" itemscope=\"itemscope\" itemtype=\"https:\/\/schema.org\/ImageObject\" ><div class=\"avia-image-container-inner\"><div class=\"avia-image-overlay-wrap\"><a href=\"https:\/\/www.sorefix.com\/fi\/tietoa-tuotteesta\/sorefix-hoitava-huuliherpesvoide\/\" class='avia_image '  aria-label='sorefix-time-icon'><img decoding=\"async\" fetchpriority=\"high\" class='wp-image-740 avia-img-lazy-loading-not-740 avia_image ' src=\"https:\/\/www.sorefix.com\/fi\/files\/2017\/05\/sorefix-time-icon.png\" alt='' title='sorefix-time-icon'  height=\"357\" width=\"357\"  itemprop=\"thumbnailUrl\" srcset=\"https:\/\/www.sorefix.com\/fi\/files\/2017\/05\/sorefix-time-icon.png 357w, https:\/\/www.sorefix.com\/fi\/files\/2017\/05\/sorefix-time-icon-80x80.png 80w, https:\/\/www.sorefix.com\/fi\/files\/2017\/05\/sorefix-time-icon-300x300.png 300w, https:\/\/www.sorefix.com\/fi\/files\/2017\/05\/sorefix-time-icon-36x36.png 36w, https:\/\/www.sorefix.com\/fi\/files\/2017\/05\/sorefix-time-icon-180x180.png 180w, https:\/\/www.sorefix.com\/fi\/files\/2017\/05\/sorefix-time-icon-120x120.png 120w\" sizes=\"(max-width: 357px) 100vw, 357px\" \/><\/a><\/div><\/div><\/div><br \/>\n<section  class='av_textblock_section av-av_textblock-0366cc7376be6c9e82a3e9cc8987b64f '   itemscope=\"itemscope\" itemtype=\"https:\/\/schema.org\/CreativeWork\" ><div class='avia_textblock'  itemprop=\"text\" ><p>SoreFix Hoitava huuliherpesvoide <strong>lyhent\u00e4\u00e4<\/strong> paranemisaikaa<\/p>\n<\/div><\/section><\/p><\/div>\n<style type=\"text\/css\" data-created_by=\"avia_inline_auto\" id=\"style-css-av-av_one_fourth-9c1d454dc06f7247226bc4e8f931daae\">\n.flex_column.av-av_one_fourth-9c1d454dc06f7247226bc4e8f931daae{\nborder-radius:0px 0px 0px 0px;\npadding:0px 0px 0px 0px;\n}\n<\/style>\n<div  class='flex_column av-av_one_fourth-9c1d454dc06f7247226bc4e8f931daae av_one_fourth  avia-builder-el-12  el_after_av_one_fourth  el_before_av_one_fourth  flex_column_div av-zero-column-padding  column-top-margin'     ><p>\n<style type=\"text\/css\" data-created_by=\"avia_inline_auto\" id=\"style-css-av-av_image-fb856f41d4b17bdf137607fd3b9bce59\">\n.avia-image-container.av-av_image-fb856f41d4b17bdf137607fd3b9bce59 img.avia_image{\nbox-shadow:none;\n}\n<\/style>\n<div  class='avia-image-container av-av_image-fb856f41d4b17bdf137607fd3b9bce59 av-styling- av-img-linked avia-align-center  avia-builder-el-13  el_before_av_textblock  avia-builder-el-first '   itemprop=\"image\" itemscope=\"itemscope\" itemtype=\"https:\/\/schema.org\/ImageObject\" ><div class=\"avia-image-container-inner\"><div class=\"avia-image-overlay-wrap\"><a href=\"https:\/\/www.sorefix.com\/fi\/tietoa-tuotteesta\/sorefix-hoitava-huuliherpesvoide\/\" class='avia_image '  aria-label='druppel'><img decoding=\"async\" fetchpriority=\"high\" class='wp-image-727 avia-img-lazy-loading-not-727 avia_image ' src=\"https:\/\/www.sorefix.com\/fi\/files\/2017\/05\/druppel.png\" alt='' title='druppel'  height=\"392\" width=\"392\"  itemprop=\"thumbnailUrl\" srcset=\"https:\/\/www.sorefix.com\/fi\/files\/2017\/05\/druppel.png 392w, https:\/\/www.sorefix.com\/fi\/files\/2017\/05\/druppel-80x80.png 80w, https:\/\/www.sorefix.com\/fi\/files\/2017\/05\/druppel-300x300.png 300w, https:\/\/www.sorefix.com\/fi\/files\/2017\/05\/druppel-36x36.png 36w, https:\/\/www.sorefix.com\/fi\/files\/2017\/05\/druppel-180x180.png 180w, https:\/\/www.sorefix.com\/fi\/files\/2017\/05\/druppel-120x120.png 120w\" sizes=\"(max-width: 392px) 100vw, 392px\" \/><\/a><\/div><\/div><\/div><br \/>\n<section  class='av_textblock_section av-av_textblock-0366cc7376be6c9e82a3e9cc8987b64f '   itemscope=\"itemscope\" itemtype=\"https:\/\/schema.org\/CreativeWork\" ><div class='avia_textblock'  itemprop=\"text\" ><p><strong>L\u00e4pin\u00e4kyv\u00e4<\/strong> ja <strong>huomaamaton<\/strong><\/p>\n<\/div><\/section><\/p><\/div>\n<style type=\"text\/css\" data-created_by=\"avia_inline_auto\" id=\"style-css-av-av_one_fourth-9c1d454dc06f7247226bc4e8f931daae\">\n.flex_column.av-av_one_fourth-9c1d454dc06f7247226bc4e8f931daae{\nborder-radius:0px 0px 0px 0px;\npadding:0px 0px 0px 0px;\n}\n<\/style>\n<div  class='flex_column av-av_one_fourth-9c1d454dc06f7247226bc4e8f931daae av_one_fourth  avia-builder-el-15  el_after_av_one_fourth  el_before_av_one_fourth  flex_column_div av-zero-column-padding  column-top-margin'     ><p>\n<style type=\"text\/css\" data-created_by=\"avia_inline_auto\" id=\"style-css-av-av_image-b828de1c92bd1ca3716ca968d38eb508\">\n.avia-image-container.av-av_image-b828de1c92bd1ca3716ca968d38eb508 img.avia_image{\nbox-shadow:none;\n}\n<\/style>\n<div  class='avia-image-container av-av_image-b828de1c92bd1ca3716ca968d38eb508 av-styling- av-img-linked avia-align-center  avia-builder-el-16  el_before_av_textblock  avia-builder-el-first '   itemprop=\"image\" itemscope=\"itemscope\" itemtype=\"https:\/\/schema.org\/ImageObject\" ><div class=\"avia-image-container-inner\"><div class=\"avia-image-overlay-wrap\"><a href=\"https:\/\/www.sorefix.com\/fi\/tietoa-tuotteesta\/sorefix-hoitava-huuliherpesvoide\/\" class='avia_image '  aria-label='zn'><img decoding=\"async\" fetchpriority=\"high\" class='wp-image-746 avia-img-lazy-loading-not-746 avia_image ' src=\"https:\/\/www.sorefix.com\/fi\/files\/2017\/05\/zn.png\" alt='' title='zn'  height=\"392\" width=\"392\"  itemprop=\"thumbnailUrl\" srcset=\"https:\/\/www.sorefix.com\/fi\/files\/2017\/05\/zn.png 392w, https:\/\/www.sorefix.com\/fi\/files\/2017\/05\/zn-80x80.png 80w, https:\/\/www.sorefix.com\/fi\/files\/2017\/05\/zn-300x300.png 300w, https:\/\/www.sorefix.com\/fi\/files\/2017\/05\/zn-36x36.png 36w, https:\/\/www.sorefix.com\/fi\/files\/2017\/05\/zn-180x180.png 180w, https:\/\/www.sorefix.com\/fi\/files\/2017\/05\/zn-120x120.png 120w\" sizes=\"(max-width: 392px) 100vw, 392px\" \/><\/a><\/div><\/div><\/div><br \/>\n<section  class='av_textblock_section av-av_textblock-0366cc7376be6c9e82a3e9cc8987b64f '   itemscope=\"itemscope\" itemtype=\"https:\/\/schema.org\/CreativeWork\" ><div class='avia_textblock'  itemprop=\"text\" ><p>Patentoitu koostumus joka sis\u00e4lt\u00e4\u00e4 <strong>sinkki\u00e4<\/strong><\/p>\n<\/div><\/section><\/p><\/div>\n<style type=\"text\/css\" data-created_by=\"avia_inline_auto\" id=\"style-css-av-av_one_fourth-9c1d454dc06f7247226bc4e8f931daae\">\n.flex_column.av-av_one_fourth-9c1d454dc06f7247226bc4e8f931daae{\nborder-radius:0px 0px 0px 0px;\npadding:0px 0px 0px 0px;\n}\n<\/style>\n<div  class='flex_column av-av_one_fourth-9c1d454dc06f7247226bc4e8f931daae av_one_fourth  avia-builder-el-18  el_after_av_one_fourth  avia-builder-el-last  flex_column_div av-zero-column-padding  column-top-margin'     ><p>\n<style type=\"text\/css\" data-created_by=\"avia_inline_auto\" id=\"style-css-av-av_image-8c158da8eb9503788c69f3809f35a182\">\n.avia-image-container.av-av_image-8c158da8eb9503788c69f3809f35a182 img.avia_image{\nbox-shadow:none;\n}\n<\/style>\n<div  class='avia-image-container av-av_image-8c158da8eb9503788c69f3809f35a182 av-styling- av-img-linked avia-align-center  avia-builder-el-19  el_before_av_textblock  avia-builder-el-first '   itemprop=\"image\" itemscope=\"itemscope\" itemtype=\"https:\/\/schema.org\/ImageObject\" ><div class=\"avia-image-container-inner\"><div class=\"avia-image-overlay-wrap\"><a href=\"https:\/\/www.sorefix.com\/fi\/tietoa-tuotteesta\/sorefix-ehkaiseva-huuliherpesvoide\/\" class='avia_image '  aria-label='potje-e'><img decoding=\"async\" fetchpriority=\"high\" class='wp-image-731 avia-img-lazy-loading-not-731 avia_image ' src=\"https:\/\/www.sorefix.com\/fi\/files\/2017\/05\/potje-e.png\" alt='' title='potje-e'  height=\"392\" width=\"392\"  itemprop=\"thumbnailUrl\" srcset=\"https:\/\/www.sorefix.com\/fi\/files\/2017\/05\/potje-e.png 392w, https:\/\/www.sorefix.com\/fi\/files\/2017\/05\/potje-e-80x80.png 80w, https:\/\/www.sorefix.com\/fi\/files\/2017\/05\/potje-e-300x300.png 300w, https:\/\/www.sorefix.com\/fi\/files\/2017\/05\/potje-e-36x36.png 36w, https:\/\/www.sorefix.com\/fi\/files\/2017\/05\/potje-e-180x180.png 180w, https:\/\/www.sorefix.com\/fi\/files\/2017\/05\/potje-e-120x120.png 120w\" sizes=\"(max-width: 392px) 100vw, 392px\" \/><\/a><\/div><\/div><\/div><br \/>\n<section  class='av_textblock_section av-av_textblock-0366cc7376be6c9e82a3e9cc8987b64f '   itemscope=\"itemscope\" itemtype=\"https:\/\/schema.org\/CreativeWork\" ><div class='avia_textblock'  itemprop=\"text\" ><p>SoreFix Ehk\u00e4isev\u00e4 huuliherpesvoide sis\u00e4lt\u00e4\u00e4 ravitsevia ainesosia, kuten <strong>E-vitamiinia <\/strong><\/p>\n<\/div><\/section><\/p><\/div>\n<\/p>\n<\/div><\/div><\/div><!-- close content main div --><\/div><\/div><div id='content_footer'  class='avia-section av-av_section-1dc5195c9be8ee2b622704d461f10731 main_color avia-section-no-padding avia-no-border-styling  avia-builder-el-21  el_after_av_section  avia-builder-el-last  avia-bg-style-scroll container_wrap fullsize'  ><div class='container av-section-cont-open' ><div class='template-page content  av-content-full alpha units'><div class='post-entry post-entry-type-page post-entry-262'><div class='entry-content-wrapper clearfix'>\n<div  class='avia-builder-widget-area clearfix  avia-builder-el-22  avia-builder-el-no-sibling '><div id=\"text-2\" class=\"widget clearfix widget_text\">\t\t\t<div class=\"textwidget\"><a href=\"\/fi\/elamaa-huuliherpeksen-kanssa\/vauvat-ja-huuliherpes\"><img decoding=\"async\" title=\"Baby en koortslip - SoreFix\" src=\"\/nl\/files\/2017\/05\/baby.jpg\" alt=\"Vauvat ja huuliherpes - SoreFix\" \/><\/a>\r\n<div class=\"av_promobox text\">\r\n<h3>Vauvat ja huuliherpes<\/h3>\r\n<\/div><\/div>\n\t\t<\/div><div id=\"text-3\" class=\"widget clearfix widget_text\">\t\t\t<div class=\"textwidget\"><a href=\"\/fi\/mista-sorefixia-voi-ostaa\/\"><img decoding=\"async\" title=\"Osta SoreFixia t\u00e4\u00e4lt\u00e4\" src=\"\/fi\/files\/2024\/03\/sorefix-buy.jpg\" alt=\"Osta SoreFixia t\u00e4\u00e4lt\u00e4\" \/><\/a>\r\n<div class=\"av_promobox text\">\r\n<h3>Osta SoreFixia t\u00e4\u00e4lt\u00e4<\/h3>\r\n<\/div><\/div>\n\t\t<\/div><div id=\"text-4\" class=\"widget clearfix widget_text\">\t\t\t<div class=\"textwidget\"><a href=\"\/fi\/yleista-huuliherpeksesta\/huuliherpeksen-eri-vaiheet\/\"><div class=\"fases-background\"><img decoding=\"async\" title=\"Huuliherpeksen eri vaiheet\" src=\"\/fi\/files\/2017\/09\/phases-finland.jpg\" alt=\"Huuliherpeksen eri vaiheet\" \/><\/div>\r\n<div class=\"av_promobox text\">\r\n<h3>Huuliherpeksen eri vaiheet<\/h3>\r\n<\/div><\/a><\/div>\n\t\t<\/div><\/div>\n\n","protected":false},"excerpt":{"rendered":"","protected":false},"author":7,"featured_media":786,"parent":193,"menu_order":5,"comment_status":"closed","ping_status":"closed","template":"","meta":{"_acf_changed":false,"footnotes":""},"class_list":["post-262","page","type-page","status-publish","has-post-thumbnail","hentry"],"acf":[],"yoast_head":"<!-- This site is optimized with the Yoast SEO plugin v26.9 - https:\/\/yoast.com\/product\/yoast-seo-wordpress\/ -->\n<title>Miksi SoreFix eroaa muista huuliherpesvalmisteista? SoreFix toimii eri tavalla kuin perinteiset virusl\u00e4\u00e4kkeet.<\/title>\n<meta name=\"description\" content=\"SoreFix toimii eri tavalla. SoreFix tarjoa kokonaisvaltaisen ratkaisun joka vaikuttaa huuliherpeksen kaikissa eri vaiheessa.\" \/>\n<meta name=\"robots\" content=\"index, follow, max-snippet:-1, max-image-preview:large, max-video-preview:-1\" \/>\n<link rel=\"canonical\" href=\"https:\/\/www.sorefix.com\/fi\/tietoa-tuotteesta\/sorefix-toimii-eri-tavalla\/\" \/>\n<meta property=\"og:locale\" content=\"fi_FI\" \/>\n<meta property=\"og:type\" content=\"article\" \/>\n<meta property=\"og:title\" content=\"Miksi SoreFix eroaa muista huuliherpesvalmisteista? SoreFix toimii eri tavalla kuin perinteiset virusl\u00e4\u00e4kkeet.\" \/>\n<meta property=\"og:description\" content=\"SoreFix toimii eri tavalla. SoreFix tarjoa kokonaisvaltaisen ratkaisun joka vaikuttaa huuliherpeksen kaikissa eri vaiheessa.\" \/>\n<meta property=\"og:url\" content=\"https:\/\/www.sorefix.com\/fi\/tietoa-tuotteesta\/sorefix-toimii-eri-tavalla\/\" \/>\n<meta property=\"og:site_name\" content=\"SoreFix Finland\" \/>\n<meta property=\"article:modified_time\" content=\"2017-09-11T14:12:52+00:00\" \/>\n<meta property=\"og:image\" content=\"https:\/\/www.sorefix.com\/fi\/files\/2017\/05\/sorefix-header-potje.png\" \/>\n\t<meta property=\"og:image:width\" content=\"855\" \/>\n\t<meta property=\"og:image:height\" content=\"284\" \/>\n\t<meta property=\"og:image:type\" content=\"image\/png\" \/>\n<meta name=\"twitter:card\" content=\"summary_large_image\" \/>\n<meta name=\"twitter:label1\" content=\"Est. reading time\" \/>\n\t<meta name=\"twitter:data1\" content=\"5 minutes\" \/>\n<script type=\"application\/ld+json\" class=\"yoast-schema-graph\">{\"@context\":\"https:\/\/schema.org\",\"@graph\":[{\"@type\":\"WebPage\",\"@id\":\"https:\/\/www.sorefix.com\/fi\/tietoa-tuotteesta\/sorefix-toimii-eri-tavalla\/\",\"url\":\"https:\/\/www.sorefix.com\/fi\/tietoa-tuotteesta\/sorefix-toimii-eri-tavalla\/\",\"name\":\"Miksi SoreFix eroaa muista huuliherpesvalmisteista? SoreFix toimii eri tavalla kuin perinteiset virusl\u00e4\u00e4kkeet.\",\"isPartOf\":{\"@id\":\"https:\/\/www.sorefix.com\/fi\/#website\"},\"primaryImageOfPage\":{\"@id\":\"https:\/\/www.sorefix.com\/fi\/tietoa-tuotteesta\/sorefix-toimii-eri-tavalla\/#primaryimage\"},\"image\":{\"@id\":\"https:\/\/www.sorefix.com\/fi\/tietoa-tuotteesta\/sorefix-toimii-eri-tavalla\/#primaryimage\"},\"thumbnailUrl\":\"https:\/\/www.sorefix.com\/fi\/files\/2017\/05\/sorefix-header-potje.png\",\"datePublished\":\"2017-03-14T11:31:46+00:00\",\"dateModified\":\"2017-09-11T14:12:52+00:00\",\"description\":\"SoreFix toimii eri tavalla. SoreFix tarjoa kokonaisvaltaisen ratkaisun joka vaikuttaa huuliherpeksen kaikissa eri vaiheessa.\",\"breadcrumb\":{\"@id\":\"https:\/\/www.sorefix.com\/fi\/tietoa-tuotteesta\/sorefix-toimii-eri-tavalla\/#breadcrumb\"},\"inLanguage\":\"fi\",\"potentialAction\":[{\"@type\":\"ReadAction\",\"target\":[\"https:\/\/www.sorefix.com\/fi\/tietoa-tuotteesta\/sorefix-toimii-eri-tavalla\/\"]}]},{\"@type\":\"ImageObject\",\"inLanguage\":\"fi\",\"@id\":\"https:\/\/www.sorefix.com\/fi\/tietoa-tuotteesta\/sorefix-toimii-eri-tavalla\/#primaryimage\",\"url\":\"https:\/\/www.sorefix.com\/fi\/files\/2017\/05\/sorefix-header-potje.png\",\"contentUrl\":\"https:\/\/www.sorefix.com\/fi\/files\/2017\/05\/sorefix-header-potje.png\",\"width\":855,\"height\":284},{\"@type\":\"BreadcrumbList\",\"@id\":\"https:\/\/www.sorefix.com\/fi\/tietoa-tuotteesta\/sorefix-toimii-eri-tavalla\/#breadcrumb\",\"itemListElement\":[{\"@type\":\"ListItem\",\"position\":1,\"name\":\"Home\",\"item\":\"https:\/\/www.sorefix.com\/fi\/\"},{\"@type\":\"ListItem\",\"position\":2,\"name\":\"Tietoa tuotteesta\",\"item\":\"https:\/\/www.sorefix.com\/fi\/tietoa-tuotteesta\/\"},{\"@type\":\"ListItem\",\"position\":3,\"name\":\"Miksi SoreFix eroaa muista huuliherpesvoiteista?\"}]},{\"@type\":\"WebSite\",\"@id\":\"https:\/\/www.sorefix.com\/fi\/#website\",\"url\":\"https:\/\/www.sorefix.com\/fi\/\",\"name\":\"SoreFix Finland\",\"description\":\"\",\"potentialAction\":[{\"@type\":\"SearchAction\",\"target\":{\"@type\":\"EntryPoint\",\"urlTemplate\":\"https:\/\/www.sorefix.com\/fi\/?s={search_term_string}\"},\"query-input\":{\"@type\":\"PropertyValueSpecification\",\"valueRequired\":true,\"valueName\":\"search_term_string\"}}],\"inLanguage\":\"fi\"}]}<\/script>\n<!-- \/ Yoast SEO plugin. -->","yoast_head_json":{"title":"Miksi SoreFix eroaa muista huuliherpesvalmisteista? SoreFix toimii eri tavalla kuin perinteiset virusl\u00e4\u00e4kkeet.","description":"SoreFix toimii eri tavalla. SoreFix tarjoa kokonaisvaltaisen ratkaisun joka vaikuttaa huuliherpeksen kaikissa eri vaiheessa.","robots":{"index":"index","follow":"follow","max-snippet":"max-snippet:-1","max-image-preview":"max-image-preview:large","max-video-preview":"max-video-preview:-1"},"canonical":"https:\/\/www.sorefix.com\/fi\/tietoa-tuotteesta\/sorefix-toimii-eri-tavalla\/","og_locale":"fi_FI","og_type":"article","og_title":"Miksi SoreFix eroaa muista huuliherpesvalmisteista? SoreFix toimii eri tavalla kuin perinteiset virusl\u00e4\u00e4kkeet.","og_description":"SoreFix toimii eri tavalla. SoreFix tarjoa kokonaisvaltaisen ratkaisun joka vaikuttaa huuliherpeksen kaikissa eri vaiheessa.","og_url":"https:\/\/www.sorefix.com\/fi\/tietoa-tuotteesta\/sorefix-toimii-eri-tavalla\/","og_site_name":"SoreFix Finland","article_modified_time":"2017-09-11T14:12:52+00:00","og_image":[{"width":855,"height":284,"url":"https:\/\/www.sorefix.com\/fi\/files\/2017\/05\/sorefix-header-potje.png","type":"image\/png"}],"twitter_card":"summary_large_image","twitter_misc":{"Est. reading time":"5 minutes"},"schema":{"@context":"https:\/\/schema.org","@graph":[{"@type":"WebPage","@id":"https:\/\/www.sorefix.com\/fi\/tietoa-tuotteesta\/sorefix-toimii-eri-tavalla\/","url":"https:\/\/www.sorefix.com\/fi\/tietoa-tuotteesta\/sorefix-toimii-eri-tavalla\/","name":"Miksi SoreFix eroaa muista huuliherpesvalmisteista? SoreFix toimii eri tavalla kuin perinteiset virusl\u00e4\u00e4kkeet.","isPartOf":{"@id":"https:\/\/www.sorefix.com\/fi\/#website"},"primaryImageOfPage":{"@id":"https:\/\/www.sorefix.com\/fi\/tietoa-tuotteesta\/sorefix-toimii-eri-tavalla\/#primaryimage"},"image":{"@id":"https:\/\/www.sorefix.com\/fi\/tietoa-tuotteesta\/sorefix-toimii-eri-tavalla\/#primaryimage"},"thumbnailUrl":"https:\/\/www.sorefix.com\/fi\/files\/2017\/05\/sorefix-header-potje.png","datePublished":"2017-03-14T11:31:46+00:00","dateModified":"2017-09-11T14:12:52+00:00","description":"SoreFix toimii eri tavalla. SoreFix tarjoa kokonaisvaltaisen ratkaisun joka vaikuttaa huuliherpeksen kaikissa eri vaiheessa.","breadcrumb":{"@id":"https:\/\/www.sorefix.com\/fi\/tietoa-tuotteesta\/sorefix-toimii-eri-tavalla\/#breadcrumb"},"inLanguage":"fi","potentialAction":[{"@type":"ReadAction","target":["https:\/\/www.sorefix.com\/fi\/tietoa-tuotteesta\/sorefix-toimii-eri-tavalla\/"]}]},{"@type":"ImageObject","inLanguage":"fi","@id":"https:\/\/www.sorefix.com\/fi\/tietoa-tuotteesta\/sorefix-toimii-eri-tavalla\/#primaryimage","url":"https:\/\/www.sorefix.com\/fi\/files\/2017\/05\/sorefix-header-potje.png","contentUrl":"https:\/\/www.sorefix.com\/fi\/files\/2017\/05\/sorefix-header-potje.png","width":855,"height":284},{"@type":"BreadcrumbList","@id":"https:\/\/www.sorefix.com\/fi\/tietoa-tuotteesta\/sorefix-toimii-eri-tavalla\/#breadcrumb","itemListElement":[{"@type":"ListItem","position":1,"name":"Home","item":"https:\/\/www.sorefix.com\/fi\/"},{"@type":"ListItem","position":2,"name":"Tietoa tuotteesta","item":"https:\/\/www.sorefix.com\/fi\/tietoa-tuotteesta\/"},{"@type":"ListItem","position":3,"name":"Miksi SoreFix eroaa muista huuliherpesvoiteista?"}]},{"@type":"WebSite","@id":"https:\/\/www.sorefix.com\/fi\/#website","url":"https:\/\/www.sorefix.com\/fi\/","name":"SoreFix Finland","description":"","potentialAction":[{"@type":"SearchAction","target":{"@type":"EntryPoint","urlTemplate":"https:\/\/www.sorefix.com\/fi\/?s={search_term_string}"},"query-input":{"@type":"PropertyValueSpecification","valueRequired":true,"valueName":"search_term_string"}}],"inLanguage":"fi"}]}},"_links":{"self":[{"href":"https:\/\/www.sorefix.com\/fi\/wp-json\/wp\/v2\/pages\/262","targetHints":{"allow":["GET"]}}],"collection":[{"href":"https:\/\/www.sorefix.com\/fi\/wp-json\/wp\/v2\/pages"}],"about":[{"href":"https:\/\/www.sorefix.com\/fi\/wp-json\/wp\/v2\/types\/page"}],"author":[{"embeddable":true,"href":"https:\/\/www.sorefix.com\/fi\/wp-json\/wp\/v2\/users\/7"}],"replies":[{"embeddable":true,"href":"https:\/\/www.sorefix.com\/fi\/wp-json\/wp\/v2\/comments?post=262"}],"version-history":[{"count":0,"href":"https:\/\/www.sorefix.com\/fi\/wp-json\/wp\/v2\/pages\/262\/revisions"}],"up":[{"embeddable":true,"href":"https:\/\/www.sorefix.com\/fi\/wp-json\/wp\/v2\/pages\/193"}],"wp:featuredmedia":[{"embeddable":true,"href":"https:\/\/www.sorefix.com\/fi\/wp-json\/wp\/v2\/media\/786"}],"wp:attachment":[{"href":"https:\/\/www.sorefix.com\/fi\/wp-json\/wp\/v2\/media?parent=262"}],"curies":[{"name":"wp","href":"https:\/\/api.w.org\/{rel}","templated":true}]}}