{"id":267,"date":"2017-03-14T12:40:45","date_gmt":"2017-03-14T11:40:45","guid":{"rendered":"\/\/www.sorefix.com\/ned\/?page_id=267"},"modified":"2017-09-11T14:39:13","modified_gmt":"2017-09-11T14:39:13","slug":"kenelle-sorefix-on-tarkoitettu","status":"publish","type":"page","link":"https:\/\/www.sorefix.com\/fi\/tietoa-tuotteesta\/kenelle-sorefix-on-tarkoitettu\/","title":{"rendered":"Mit\u00e4 SoreFix voi tehd\u00e4 sinulle?"},"content":{"rendered":"<div id='page-content-section-margin'  class='avia-section av-av_section-7be1d342760be2d7fd5a39e2e96db480 main_color avia-section-default avia-no-border-styling  avia-builder-el-0  el_before_av_section  avia-builder-el-first  avia-bg-style-scroll container_wrap fullsize'  ><div class='container av-section-cont-open' ><main  role=\"main\" itemprop=\"mainContentOfPage\"  class='template-page content  av-content-full alpha units'><div class='post-entry post-entry-type-page post-entry-267'><div class='entry-content-wrapper clearfix'>\n<section  class='av_textblock_section av-av_textblock-0366cc7376be6c9e82a3e9cc8987b64f '   itemscope=\"itemscope\" itemtype=\"https:\/\/schema.org\/CreativeWork\" ><div class='avia_textblock'  itemprop=\"text\" ><h3>Ennaltaehk\u00e4ise huuliherpeksen puhkeaminen<\/h3>\n<p>SoreFix on kaikille jotka k\u00e4rsiv\u00e4t huuliherpeksest\u00e4. Tekij\u00e4t jotka laukaisevat huuliherpeksen vaihtelevat henkil\u00f6st\u00e4 toiseen. Useimmat huuliherpeksest\u00e4 k\u00e4rsiv\u00e4t tiet\u00e4v\u00e4t mitk\u00e4 tekij\u00e4t aiheuttavat heille huuliherpeksen. Kun altistut huuliherpekselle\u00a0<a href=\"http:\/\/www.sorefix.com\/fi\/tietoa-tuotteesta\/sorefix-ehkaiseva-huuliherpesvoide\/\">SoreFix Ehk\u00e4isev\u00e4 huuliherpesvoide<\/a>\u00a0voi k\u00e4ytt\u00e4\u00e4 p\u00e4ivitt\u00e4in. Voide pit\u00e4\u00e4 viruksen inaktiivisena suojelemalla huulia huuliherpeksen puhkeamiselle\u00a0<a href=\"http:\/\/www.sorefix.com\/fi\/yleista-huuliherpeksesta\/laukaisevat-tekijat\/\">altistavilta tekij\u00f6ilt\u00e4<\/a>.<\/p>\n<h3><strong>Hoida jokaisessa vaiheessa<\/strong><\/h3>\n<p>Jos olet liian my\u00f6h\u00e4ss\u00e4 ennaltaehk\u00e4isem\u00e4\u00e4n huuliherpeksen, aloita hoitamaan huuliherpest\u00e4si niin pian kuin mahdollista. Mit\u00e4 nopeammin aloitat hoidon, sen parempi. Hoito on paras aloittaa ennen kuin huuliherpeksen n\u00e4kee tai tuntee.\u00a0<a href=\"http:\/\/www.sorefix.com\/fi\/tietoa-tuotteesta\/sorefix-hoitava-huuliherpesvoide\/\">\u00a0SoreFix Hoitava huuliherpesvoidetta\u00a0<\/a>voi k\u00e4ytt\u00e4\u00e4 huuliherpeksen jokaisessa vaiheessa. Se toimii ensimm\u00e4isest\u00e4 pistely- ja kihelm\u00f6intivaiheesta siihen asti kunnes rupi on parantunut.<\/p>\n<\/div><\/section>\n\n<style type=\"text\/css\" data-created_by=\"avia_inline_auto\" id=\"style-css-av-av_three_fifth-9497bbf8bff73ea4c6992cc17fa9ec36\">\n.flex_column.av-av_three_fifth-9497bbf8bff73ea4c6992cc17fa9ec36{\nborder-radius:0px 0px 0px 0px;\npadding:0px 0px 0px 0px;\n}\n<\/style>\n<div  class='flex_column av-av_three_fifth-9497bbf8bff73ea4c6992cc17fa9ec36 av_three_fifth  avia-builder-el-2  el_after_av_textblock  el_before_av_two_fifth  first flex_column_div av-zero-column-padding  column-top-margin'     ><p><section  class='av_textblock_section av-av_textblock-0366cc7376be6c9e82a3e9cc8987b64f '   itemscope=\"itemscope\" itemtype=\"https:\/\/schema.org\/CreativeWork\" ><div class='avia_textblock'  itemprop=\"text\" ><p><strong><img loading=\"lazy\" decoding=\"async\" class=\"alignleft wp-image-473\" src=\"http:\/\/www.sorefix.com\/nl\/files\/2017\/05\/fase0.png\" alt=\"\" width=\"40\" height=\"77\" \/>Vaihe 0: Ei aktiivista virusta<\/strong><br \/>\n<a href=\"http:\/\/www.sorefix.com\/fi\/yleista-huuliherpeksesta\/herpes-simplex-virus\/\">Herpes simplex -virus<\/a> ei ole aktiivinen.<br \/>\n<span style=\"color: #339966\">SoreFix Ehk\u00e4isev\u00e4 huuliherpesvoide<\/span> ehk\u00e4isee herpesrokahtuman synty\u00e4 ja parantaa huuliesi kuntoa.<\/p>\n<\/div><\/section><br \/>\n<section  class='av_textblock_section av-av_textblock-0366cc7376be6c9e82a3e9cc8987b64f '   itemscope=\"itemscope\" itemtype=\"https:\/\/schema.org\/CreativeWork\" ><div class='avia_textblock'  itemprop=\"text\" ><p><strong><img loading=\"lazy\" decoding=\"async\" class=\"alignleft wp-image-474\" src=\"http:\/\/www.sorefix.com\/nl\/files\/2017\/05\/fase1.png\" alt=\"\" width=\"40\" height=\"79\" \/>Vaihe 1: Pistely ja kihelm\u00f6inti<\/strong><br \/>\nEnsimm\u00e4iset oireet ennen kuin huuleesi ilmaantuu n\u00e4kyv\u00e4 rokahtuma.<br \/>\n<span style=\"color: #d40000\">SoreFix Hoitava huuliherpesvoide<\/span> lievitt\u00e4\u00e4 pistely\u00e4 ja kihelm\u00f6inti\u00e4.<\/p>\n<\/div><\/section><br \/>\n<section  class='av_textblock_section av-av_textblock-0366cc7376be6c9e82a3e9cc8987b64f '   itemscope=\"itemscope\" itemtype=\"https:\/\/schema.org\/CreativeWork\" ><div class='avia_textblock'  itemprop=\"text\" ><p><strong><img loading=\"lazy\" decoding=\"async\" class=\"alignleft wp-image-475\" src=\"http:\/\/www.sorefix.com\/nl\/files\/2017\/05\/fase2.png\" alt=\"\" width=\"40\" height=\"74\" \/>Vaihe 2: Rakkulavaihe<\/strong><br \/>\nPieni\u00e4 rakkularykelmi\u00e4 muodostuu.<br \/>\n<span style=\"color: #d40000\">SoreFix Hoitava huuliherpesvoide<\/span> v\u00e4hent\u00e4\u00e4 rakkuloita.<\/p>\n<\/div><\/section><br \/>\n<section  class='av_textblock_section av-av_textblock-0366cc7376be6c9e82a3e9cc8987b64f '   itemscope=\"itemscope\" itemtype=\"https:\/\/schema.org\/CreativeWork\" ><div class='avia_textblock'  itemprop=\"text\" ><p><strong><img loading=\"lazy\" decoding=\"async\" class=\"alignleft wp-image-476\" src=\"http:\/\/www.sorefix.com\/nl\/files\/2017\/05\/fase3.png\" alt=\"\" width=\"41\" height=\"78\" \/>Vaihe 3: Rakkuloiden puhkeamisvaihe<\/strong><br \/>\nHuuleen muodostuu avoin haavauma.<br \/>\n<span style=\"color: #d40000\">SoreFix Hoitava huuliherpesvoide<\/span> lyhent\u00e4\u00e4 paranemisaikaa.<\/p>\n<\/div><\/section><br \/>\n<section  class='av_textblock_section av-av_textblock-0366cc7376be6c9e82a3e9cc8987b64f '   itemscope=\"itemscope\" itemtype=\"https:\/\/schema.org\/CreativeWork\" ><div class='avia_textblock'  itemprop=\"text\" ><p><strong><img loading=\"lazy\" decoding=\"async\" class=\"alignleft wp-image-477\" src=\"http:\/\/www.sorefix.com\/nl\/files\/2017\/05\/fase4.png\" alt=\"\" width=\"41\" height=\"78\" \/>Vaihe 4: Paranemisvaihe\u00a0<\/strong><br \/>\nRakkulat kuivuvat ja tilalle muodostuu rupi.<br \/>\n<span style=\"color: #d40000\">SoreFix Hoitava huuliherpesvoide<\/span> ehk\u00e4isee ruven halkeamista.<\/p>\n<\/div><\/section><\/p><\/div>\n<style type=\"text\/css\" data-created_by=\"avia_inline_auto\" id=\"style-css-av-av_two_fifth-9c1d454dc06f7247226bc4e8f931daae\">\n.flex_column.av-av_two_fifth-9c1d454dc06f7247226bc4e8f931daae{\nborder-radius:0px 0px 0px 0px;\npadding:0px 0px 0px 0px;\n}\n<\/style>\n<div  class='flex_column av-av_two_fifth-9c1d454dc06f7247226bc4e8f931daae av_two_fifth  avia-builder-el-8  el_after_av_three_fifth  avia-builder-el-last  flex_column_div av-zero-column-padding  column-top-margin'     ><style type=\"text\/css\" data-created_by=\"avia_inline_auto\" id=\"style-css-av-av_image-cd1cd763b0d119fc0f712e4cd40cc008\">\n.avia-image-container.av-av_image-cd1cd763b0d119fc0f712e4cd40cc008 img.avia_image{\nbox-shadow:none;\n}\n.avia-image-container.av-av_image-cd1cd763b0d119fc0f712e4cd40cc008 .av-image-caption-overlay-center{\ncolor:#ffffff;\n}\n<\/style>\n<div  class='avia-image-container av-av_image-cd1cd763b0d119fc0f712e4cd40cc008 av-styling- avia-align-center  avia-builder-el-9  avia-builder-el-no-sibling '   itemprop=\"image\" itemscope=\"itemscope\" itemtype=\"https:\/\/schema.org\/ImageObject\" ><div class=\"avia-image-container-inner\"><div class=\"avia-image-overlay-wrap\"><img decoding=\"async\" fetchpriority=\"high\" class='wp-image-730 avia-img-lazy-loading-not-730 avia_image ' src=\"https:\/\/www.sorefix.com\/fi\/files\/2017\/05\/phases.png\" alt='' title='phases'  height=\"396\" width=\"400\"  itemprop=\"thumbnailUrl\" srcset=\"https:\/\/www.sorefix.com\/fi\/files\/2017\/05\/phases.png 400w, https:\/\/www.sorefix.com\/fi\/files\/2017\/05\/phases-80x80.png 80w, https:\/\/www.sorefix.com\/fi\/files\/2017\/05\/phases-300x297.png 300w, https:\/\/www.sorefix.com\/fi\/files\/2017\/05\/phases-36x36.png 36w, https:\/\/www.sorefix.com\/fi\/files\/2017\/05\/phases-120x120.png 120w\" sizes=\"(max-width: 400px) 100vw, 400px\" \/><\/div><\/div><\/div><\/div><\/div><\/div><\/main><!-- close content main element --><\/div><\/div><div id='content_footer'  class='avia-section av-av_section-1dc5195c9be8ee2b622704d461f10731 main_color avia-section-no-padding avia-no-border-styling  avia-builder-el-10  el_after_av_section  avia-builder-el-last  avia-bg-style-scroll container_wrap fullsize'  ><div class='container av-section-cont-open' ><div class='template-page content  av-content-full alpha units'><div class='post-entry post-entry-type-page post-entry-267'><div class='entry-content-wrapper clearfix'>\n<div  class='avia-builder-widget-area clearfix  avia-builder-el-11  avia-builder-el-no-sibling '><div id=\"text-2\" class=\"widget clearfix widget_text\">\t\t\t<div class=\"textwidget\"><a href=\"\/fi\/elamaa-huuliherpeksen-kanssa\/vauvat-ja-huuliherpes\"><img decoding=\"async\" title=\"Baby en koortslip - SoreFix\" src=\"\/nl\/files\/2017\/05\/baby.jpg\" alt=\"Vauvat ja huuliherpes - SoreFix\" \/><\/a>\r\n<div class=\"av_promobox text\">\r\n<h3>Vauvat ja huuliherpes<\/h3>\r\n<\/div><\/div>\n\t\t<\/div><div id=\"text-3\" class=\"widget clearfix widget_text\">\t\t\t<div class=\"textwidget\"><a href=\"\/fi\/mista-sorefixia-voi-ostaa\/\"><img decoding=\"async\" title=\"Osta SoreFixia t\u00e4\u00e4lt\u00e4\" src=\"\/fi\/files\/2024\/03\/sorefix-buy.jpg\" alt=\"Osta SoreFixia t\u00e4\u00e4lt\u00e4\" \/><\/a>\r\n<div class=\"av_promobox text\">\r\n<h3>Osta SoreFixia t\u00e4\u00e4lt\u00e4<\/h3>\r\n<\/div><\/div>\n\t\t<\/div><div id=\"text-4\" class=\"widget clearfix widget_text\">\t\t\t<div class=\"textwidget\"><a href=\"\/fi\/yleista-huuliherpeksesta\/huuliherpeksen-eri-vaiheet\/\"><div class=\"fases-background\"><img decoding=\"async\" title=\"Huuliherpeksen eri vaiheet\" src=\"\/fi\/files\/2017\/09\/phases-finland.jpg\" alt=\"Huuliherpeksen eri vaiheet\" \/><\/div>\r\n<div class=\"av_promobox text\">\r\n<h3>Huuliherpeksen eri vaiheet<\/h3>\r\n<\/div><\/a><\/div>\n\t\t<\/div><\/div>\n<\/p>\n","protected":false},"excerpt":{"rendered":"","protected":false},"author":7,"featured_media":786,"parent":193,"menu_order":6,"comment_status":"closed","ping_status":"closed","template":"","meta":{"_acf_changed":false,"footnotes":""},"class_list":["post-267","page","type-page","status-publish","has-post-thumbnail","hentry"],"acf":[],"yoast_head":"<!-- This site is optimized with the Yoast SEO plugin v26.8 - https:\/\/yoast.com\/product\/yoast-seo-wordpress\/ -->\n<title>SoreFix on kaikille jotka k\u00e4rsiv\u00e4t huuliherpeksest\u00e4.<\/title>\n<meta name=\"description\" content=\"SoreFix Hoitava huuliherpesvoide toimii ensimm\u00e4isest\u00e4 pistely- ja kihelm\u00f6intivaiheesta viimeiseen rakkulavaiheseen. SoreFix Ehk\u00e4isev\u00e4 huuliherpesvoide pit\u00e4\u00e4 viruksen inaktiivisena suojelemalla huulia huuliherpeksen puhkeamiselle altistavilta tekij\u00f6ilt\u00e4.\" \/>\n<meta name=\"robots\" content=\"index, follow, max-snippet:-1, max-image-preview:large, max-video-preview:-1\" \/>\n<link rel=\"canonical\" href=\"https:\/\/www.sorefix.com\/fi\/tietoa-tuotteesta\/kenelle-sorefix-on-tarkoitettu\/\" \/>\n<meta property=\"og:locale\" content=\"fi_FI\" \/>\n<meta property=\"og:type\" content=\"article\" \/>\n<meta property=\"og:title\" content=\"SoreFix on kaikille jotka k\u00e4rsiv\u00e4t huuliherpeksest\u00e4.\" \/>\n<meta property=\"og:description\" content=\"SoreFix Hoitava huuliherpesvoide toimii ensimm\u00e4isest\u00e4 pistely- ja kihelm\u00f6intivaiheesta viimeiseen rakkulavaiheseen. SoreFix Ehk\u00e4isev\u00e4 huuliherpesvoide pit\u00e4\u00e4 viruksen inaktiivisena suojelemalla huulia huuliherpeksen puhkeamiselle altistavilta tekij\u00f6ilt\u00e4.\" \/>\n<meta property=\"og:url\" content=\"https:\/\/www.sorefix.com\/fi\/tietoa-tuotteesta\/kenelle-sorefix-on-tarkoitettu\/\" \/>\n<meta property=\"og:site_name\" content=\"SoreFix Finland\" \/>\n<meta property=\"article:modified_time\" content=\"2017-09-11T14:39:13+00:00\" \/>\n<meta property=\"og:image\" content=\"https:\/\/www.sorefix.com\/fi\/files\/2017\/05\/sorefix-header-potje.png\" \/>\n\t<meta property=\"og:image:width\" content=\"855\" \/>\n\t<meta property=\"og:image:height\" content=\"284\" \/>\n\t<meta property=\"og:image:type\" content=\"image\/png\" \/>\n<meta name=\"twitter:card\" content=\"summary_large_image\" \/>\n<meta name=\"twitter:label1\" content=\"Est. reading time\" \/>\n\t<meta name=\"twitter:data1\" content=\"3 minutes\" \/>\n<script type=\"application\/ld+json\" class=\"yoast-schema-graph\">{\"@context\":\"https:\/\/schema.org\",\"@graph\":[{\"@type\":\"WebPage\",\"@id\":\"https:\/\/www.sorefix.com\/fi\/tietoa-tuotteesta\/kenelle-sorefix-on-tarkoitettu\/\",\"url\":\"https:\/\/www.sorefix.com\/fi\/tietoa-tuotteesta\/kenelle-sorefix-on-tarkoitettu\/\",\"name\":\"SoreFix on kaikille jotka k\u00e4rsiv\u00e4t huuliherpeksest\u00e4.\",\"isPartOf\":{\"@id\":\"https:\/\/www.sorefix.com\/fi\/#website\"},\"primaryImageOfPage\":{\"@id\":\"https:\/\/www.sorefix.com\/fi\/tietoa-tuotteesta\/kenelle-sorefix-on-tarkoitettu\/#primaryimage\"},\"image\":{\"@id\":\"https:\/\/www.sorefix.com\/fi\/tietoa-tuotteesta\/kenelle-sorefix-on-tarkoitettu\/#primaryimage\"},\"thumbnailUrl\":\"https:\/\/www.sorefix.com\/fi\/files\/2017\/05\/sorefix-header-potje.png\",\"datePublished\":\"2017-03-14T11:40:45+00:00\",\"dateModified\":\"2017-09-11T14:39:13+00:00\",\"description\":\"SoreFix Hoitava huuliherpesvoide toimii ensimm\u00e4isest\u00e4 pistely- ja kihelm\u00f6intivaiheesta viimeiseen rakkulavaiheseen. SoreFix Ehk\u00e4isev\u00e4 huuliherpesvoide pit\u00e4\u00e4 viruksen inaktiivisena suojelemalla huulia huuliherpeksen puhkeamiselle altistavilta tekij\u00f6ilt\u00e4.\",\"breadcrumb\":{\"@id\":\"https:\/\/www.sorefix.com\/fi\/tietoa-tuotteesta\/kenelle-sorefix-on-tarkoitettu\/#breadcrumb\"},\"inLanguage\":\"fi\",\"potentialAction\":[{\"@type\":\"ReadAction\",\"target\":[\"https:\/\/www.sorefix.com\/fi\/tietoa-tuotteesta\/kenelle-sorefix-on-tarkoitettu\/\"]}]},{\"@type\":\"ImageObject\",\"inLanguage\":\"fi\",\"@id\":\"https:\/\/www.sorefix.com\/fi\/tietoa-tuotteesta\/kenelle-sorefix-on-tarkoitettu\/#primaryimage\",\"url\":\"https:\/\/www.sorefix.com\/fi\/files\/2017\/05\/sorefix-header-potje.png\",\"contentUrl\":\"https:\/\/www.sorefix.com\/fi\/files\/2017\/05\/sorefix-header-potje.png\",\"width\":855,\"height\":284},{\"@type\":\"BreadcrumbList\",\"@id\":\"https:\/\/www.sorefix.com\/fi\/tietoa-tuotteesta\/kenelle-sorefix-on-tarkoitettu\/#breadcrumb\",\"itemListElement\":[{\"@type\":\"ListItem\",\"position\":1,\"name\":\"Home\",\"item\":\"https:\/\/www.sorefix.com\/fi\/\"},{\"@type\":\"ListItem\",\"position\":2,\"name\":\"Tietoa tuotteesta\",\"item\":\"https:\/\/www.sorefix.com\/fi\/tietoa-tuotteesta\/\"},{\"@type\":\"ListItem\",\"position\":3,\"name\":\"Mit\u00e4 SoreFix voi tehd\u00e4 sinulle?\"}]},{\"@type\":\"WebSite\",\"@id\":\"https:\/\/www.sorefix.com\/fi\/#website\",\"url\":\"https:\/\/www.sorefix.com\/fi\/\",\"name\":\"SoreFix Finland\",\"description\":\"\",\"potentialAction\":[{\"@type\":\"SearchAction\",\"target\":{\"@type\":\"EntryPoint\",\"urlTemplate\":\"https:\/\/www.sorefix.com\/fi\/?s={search_term_string}\"},\"query-input\":{\"@type\":\"PropertyValueSpecification\",\"valueRequired\":true,\"valueName\":\"search_term_string\"}}],\"inLanguage\":\"fi\"}]}<\/script>\n<!-- \/ Yoast SEO plugin. -->","yoast_head_json":{"title":"SoreFix on kaikille jotka k\u00e4rsiv\u00e4t huuliherpeksest\u00e4.","description":"SoreFix Hoitava huuliherpesvoide toimii ensimm\u00e4isest\u00e4 pistely- ja kihelm\u00f6intivaiheesta viimeiseen rakkulavaiheseen. SoreFix Ehk\u00e4isev\u00e4 huuliherpesvoide pit\u00e4\u00e4 viruksen inaktiivisena suojelemalla huulia huuliherpeksen puhkeamiselle altistavilta tekij\u00f6ilt\u00e4.","robots":{"index":"index","follow":"follow","max-snippet":"max-snippet:-1","max-image-preview":"max-image-preview:large","max-video-preview":"max-video-preview:-1"},"canonical":"https:\/\/www.sorefix.com\/fi\/tietoa-tuotteesta\/kenelle-sorefix-on-tarkoitettu\/","og_locale":"fi_FI","og_type":"article","og_title":"SoreFix on kaikille jotka k\u00e4rsiv\u00e4t huuliherpeksest\u00e4.","og_description":"SoreFix Hoitava huuliherpesvoide toimii ensimm\u00e4isest\u00e4 pistely- ja kihelm\u00f6intivaiheesta viimeiseen rakkulavaiheseen. SoreFix Ehk\u00e4isev\u00e4 huuliherpesvoide pit\u00e4\u00e4 viruksen inaktiivisena suojelemalla huulia huuliherpeksen puhkeamiselle altistavilta tekij\u00f6ilt\u00e4.","og_url":"https:\/\/www.sorefix.com\/fi\/tietoa-tuotteesta\/kenelle-sorefix-on-tarkoitettu\/","og_site_name":"SoreFix Finland","article_modified_time":"2017-09-11T14:39:13+00:00","og_image":[{"width":855,"height":284,"url":"https:\/\/www.sorefix.com\/fi\/files\/2017\/05\/sorefix-header-potje.png","type":"image\/png"}],"twitter_card":"summary_large_image","twitter_misc":{"Est. reading time":"3 minutes"},"schema":{"@context":"https:\/\/schema.org","@graph":[{"@type":"WebPage","@id":"https:\/\/www.sorefix.com\/fi\/tietoa-tuotteesta\/kenelle-sorefix-on-tarkoitettu\/","url":"https:\/\/www.sorefix.com\/fi\/tietoa-tuotteesta\/kenelle-sorefix-on-tarkoitettu\/","name":"SoreFix on kaikille jotka k\u00e4rsiv\u00e4t huuliherpeksest\u00e4.","isPartOf":{"@id":"https:\/\/www.sorefix.com\/fi\/#website"},"primaryImageOfPage":{"@id":"https:\/\/www.sorefix.com\/fi\/tietoa-tuotteesta\/kenelle-sorefix-on-tarkoitettu\/#primaryimage"},"image":{"@id":"https:\/\/www.sorefix.com\/fi\/tietoa-tuotteesta\/kenelle-sorefix-on-tarkoitettu\/#primaryimage"},"thumbnailUrl":"https:\/\/www.sorefix.com\/fi\/files\/2017\/05\/sorefix-header-potje.png","datePublished":"2017-03-14T11:40:45+00:00","dateModified":"2017-09-11T14:39:13+00:00","description":"SoreFix Hoitava huuliherpesvoide toimii ensimm\u00e4isest\u00e4 pistely- ja kihelm\u00f6intivaiheesta viimeiseen rakkulavaiheseen. SoreFix Ehk\u00e4isev\u00e4 huuliherpesvoide pit\u00e4\u00e4 viruksen inaktiivisena suojelemalla huulia huuliherpeksen puhkeamiselle altistavilta tekij\u00f6ilt\u00e4.","breadcrumb":{"@id":"https:\/\/www.sorefix.com\/fi\/tietoa-tuotteesta\/kenelle-sorefix-on-tarkoitettu\/#breadcrumb"},"inLanguage":"fi","potentialAction":[{"@type":"ReadAction","target":["https:\/\/www.sorefix.com\/fi\/tietoa-tuotteesta\/kenelle-sorefix-on-tarkoitettu\/"]}]},{"@type":"ImageObject","inLanguage":"fi","@id":"https:\/\/www.sorefix.com\/fi\/tietoa-tuotteesta\/kenelle-sorefix-on-tarkoitettu\/#primaryimage","url":"https:\/\/www.sorefix.com\/fi\/files\/2017\/05\/sorefix-header-potje.png","contentUrl":"https:\/\/www.sorefix.com\/fi\/files\/2017\/05\/sorefix-header-potje.png","width":855,"height":284},{"@type":"BreadcrumbList","@id":"https:\/\/www.sorefix.com\/fi\/tietoa-tuotteesta\/kenelle-sorefix-on-tarkoitettu\/#breadcrumb","itemListElement":[{"@type":"ListItem","position":1,"name":"Home","item":"https:\/\/www.sorefix.com\/fi\/"},{"@type":"ListItem","position":2,"name":"Tietoa tuotteesta","item":"https:\/\/www.sorefix.com\/fi\/tietoa-tuotteesta\/"},{"@type":"ListItem","position":3,"name":"Mit\u00e4 SoreFix voi tehd\u00e4 sinulle?"}]},{"@type":"WebSite","@id":"https:\/\/www.sorefix.com\/fi\/#website","url":"https:\/\/www.sorefix.com\/fi\/","name":"SoreFix Finland","description":"","potentialAction":[{"@type":"SearchAction","target":{"@type":"EntryPoint","urlTemplate":"https:\/\/www.sorefix.com\/fi\/?s={search_term_string}"},"query-input":{"@type":"PropertyValueSpecification","valueRequired":true,"valueName":"search_term_string"}}],"inLanguage":"fi"}]}},"_links":{"self":[{"href":"https:\/\/www.sorefix.com\/fi\/wp-json\/wp\/v2\/pages\/267","targetHints":{"allow":["GET"]}}],"collection":[{"href":"https:\/\/www.sorefix.com\/fi\/wp-json\/wp\/v2\/pages"}],"about":[{"href":"https:\/\/www.sorefix.com\/fi\/wp-json\/wp\/v2\/types\/page"}],"author":[{"embeddable":true,"href":"https:\/\/www.sorefix.com\/fi\/wp-json\/wp\/v2\/users\/7"}],"replies":[{"embeddable":true,"href":"https:\/\/www.sorefix.com\/fi\/wp-json\/wp\/v2\/comments?post=267"}],"version-history":[{"count":0,"href":"https:\/\/www.sorefix.com\/fi\/wp-json\/wp\/v2\/pages\/267\/revisions"}],"up":[{"embeddable":true,"href":"https:\/\/www.sorefix.com\/fi\/wp-json\/wp\/v2\/pages\/193"}],"wp:featuredmedia":[{"embeddable":true,"href":"https:\/\/www.sorefix.com\/fi\/wp-json\/wp\/v2\/media\/786"}],"wp:attachment":[{"href":"https:\/\/www.sorefix.com\/fi\/wp-json\/wp\/v2\/media?parent=267"}],"curies":[{"name":"wp","href":"https:\/\/api.w.org\/{rel}","templated":true}]}}