{"id":273,"date":"2017-03-14T12:47:49","date_gmt":"2017-03-14T11:47:49","guid":{"rendered":"\/\/www.sorefix.com\/ned\/?page_id=271"},"modified":"2017-09-07T15:03:37","modified_gmt":"2017-09-07T15:03:37","slug":"yleista-huuliherpeksesta","status":"publish","type":"page","link":"https:\/\/www.sorefix.com\/fi\/yleista-huuliherpeksesta\/","title":{"rendered":"Yleist\u00e4 huuliherpeksest\u00e4"},"content":{"rendered":"<div id='page-content-section'  class='avia-section av-av_section-dce2303120515d6c339f97d9ce5208f4 main_color avia-section-default avia-no-border-styling  avia-builder-el-0  el_before_av_section  avia-builder-el-first  avia-bg-style-scroll container_wrap fullsize'  ><div class='container av-section-cont-open' ><main  role=\"main\" itemprop=\"mainContentOfPage\"  class='template-page content  av-content-full alpha units'><div class='post-entry post-entry-type-page post-entry-273'><div class='entry-content-wrapper clearfix'>\n\n<style type=\"text\/css\" data-created_by=\"avia_inline_auto\" id=\"style-css-av-av_one_third-9497bbf8bff73ea4c6992cc17fa9ec36\">\n.flex_column.av-av_one_third-9497bbf8bff73ea4c6992cc17fa9ec36{\nborder-radius:0px 0px 0px 0px;\npadding:0px 0px 0px 0px;\n}\n<\/style>\n<div  class='flex_column av-av_one_third-9497bbf8bff73ea4c6992cc17fa9ec36 av_one_third  avia-builder-el-1  el_before_av_two_third  avia-builder-el-first  first flex_column_div av-zero-column-padding  '     ><style type=\"text\/css\" data-created_by=\"avia_inline_auto\" id=\"style-css-av-av_image-8d8884918bee168857f315fbc38b1a72\">\n.avia-image-container.av-av_image-8d8884918bee168857f315fbc38b1a72 img.avia_image{\nbox-shadow:none;\n}\n.avia-image-container.av-av_image-8d8884918bee168857f315fbc38b1a72 .av-image-caption-overlay-center{\ncolor:#ffffff;\n}\n<\/style>\n<div  class='avia-image-container av-av_image-8d8884918bee168857f315fbc38b1a72 av-styling- avia-align-center  avia-builder-el-2  avia-builder-el-no-sibling '   itemprop=\"image\" itemscope=\"itemscope\" itemtype=\"https:\/\/schema.org\/ImageObject\" ><div class=\"avia-image-container-inner\"><div class=\"avia-image-overlay-wrap\"><img decoding=\"async\" fetchpriority=\"high\" class='wp-image-999 avia-img-lazy-loading-not-999 avia_image ' src=\"https:\/\/www.sorefix.com\/fi\/files\/2017\/03\/Afbeelding1-small.jpg\" alt='' title='Afbeelding1-small'  height=\"534\" width=\"500\"  itemprop=\"thumbnailUrl\" srcset=\"https:\/\/www.sorefix.com\/fi\/files\/2017\/03\/Afbeelding1-small.jpg 500w, https:\/\/www.sorefix.com\/fi\/files\/2017\/03\/Afbeelding1-small-281x300.jpg 281w, https:\/\/www.sorefix.com\/fi\/files\/2017\/03\/Afbeelding1-small-450x481.jpg 450w\" sizes=\"(max-width: 500px) 100vw, 500px\" \/><\/div><\/div><\/div><\/div>\n<style type=\"text\/css\" data-created_by=\"avia_inline_auto\" id=\"style-css-av-av_two_third-9c1d454dc06f7247226bc4e8f931daae\">\n.flex_column.av-av_two_third-9c1d454dc06f7247226bc4e8f931daae{\nborder-radius:0px 0px 0px 0px;\npadding:0px 0px 0px 0px;\n}\n<\/style>\n<div  class='flex_column av-av_two_third-9c1d454dc06f7247226bc4e8f931daae av_two_third  avia-builder-el-3  el_after_av_one_third  avia-builder-el-last  flex_column_div av-zero-column-padding  '     ><section  class='av_textblock_section av-av_textblock-0366cc7376be6c9e82a3e9cc8987b64f '   itemscope=\"itemscope\" itemtype=\"https:\/\/schema.org\/CreativeWork\" ><div class='avia_textblock'  itemprop=\"text\" ><h3>Mik\u00e4 huuliherpes on?<\/h3>\n<p>Huuliherpes on virustulehdus, joka ilmaantuu p\u00e4\u00e4asiassa huulissa tai niiden ymp\u00e4rill\u00e4. Huuliherpekseen kuuluu tyypillisesti nestet\u00e4ytteisi\u00e4 rakkuloita (tai yksi iso rakkula), jotka aiheuttavat punoitusta ja turvotusta. Herpesrakkulat ovat usein hyvin kivuliaita.<br \/>\n<div  class='avia-button-wrap av-av_button-b5c0e16a5d59c5982cc7a18b1db843bc-wrap avia-button-left  avia-builder-el-5  el_before_av_button  avia-builder-el-first '><a href='https:\/\/www.sorefix.com\/fi\/yleista-huuliherpeksesta\/mika-huuliherpes-on\/'  class='avia-button av-av_button-b5c0e16a5d59c5982cc7a18b1db843bc av-link-btn avia-icon_select-no avia-size-small avia-position-left avia-color-theme-color'   aria-label=\"Lue lis\u00e4\u00e4\"><span class='avia_iconbox_title' >Lue lis\u00e4\u00e4<\/span><\/a><\/div><\/p>\n<h3>Herpes simplex -virus<\/h3>\n<p>Kaikki voivat saada huuliherpeksen. Huuliherpeksen aiheuttaa Herpes simplex -niminen virus (HSV) ja useimmat ihmiset saavat Herpes simplex -tartunnan jo nuoruudessaan.<br \/>\n<div  class='avia-button-wrap av-av_button-19318a66e7a5168736570a8fc2a8e0cc-wrap avia-button-left  avia-builder-el-6  el_after_av_button  el_before_av_button '><a href='https:\/\/www.sorefix.com\/fi\/yleista-huuliherpeksesta\/herpes-simplex-virus\/'  class='avia-button av-av_button-19318a66e7a5168736570a8fc2a8e0cc av-link-btn avia-icon_select-no avia-size-small avia-position-left avia-color-theme-color'   aria-label=\"Lue lis\u00e4\u00e4\"><span class='avia_iconbox_title' >Lue lis\u00e4\u00e4<\/span><\/a><\/div><\/p>\n<h3>Miten saan huuliherpeksen?<\/h3>\n<p>Yleisesti, ihimisill\u00e4 on suurempi riski huuliherpekselle, kun he altistuvat tietyille huuliherpeksen puhkeamiselle altistaville tekij\u00f6ille, kuten heikentynyt vastustuskyky, vilustuminen tai stressi. Kun huuliherpes ilmaantuu , tuunistat sen yleens\u00e4 pistelyn\u00e4, kipuna ja kipe\u00e4n\u00e4 ja poltetlevana tunteena huulilla<br \/>\n<div  class='avia-button-wrap av-av_button-0efa4dd5fb37bc0b47bec12352d6c206-wrap avia-button-left  avia-builder-el-7  el_after_av_button  el_before_av_button '><a href='https:\/\/www.sorefix.com\/fi\/yleista-huuliherpeksesta\/laukaisevat-tekijat\/'  class='avia-button av-av_button-0efa4dd5fb37bc0b47bec12352d6c206 av-link-btn avia-icon_select-no avia-size-small avia-position-left avia-color-theme-color'   aria-label=\"Lue lis\u00e4\u00e4\"><span class='avia_iconbox_title' >Lue lis\u00e4\u00e4<\/span><\/a><\/div><\/p>\n<h3>Huuliherpeksen nelj\u00e4 eri vaihetta<\/h3>\n<p>Huuliherpeksen kierrossa on nelj\u00e4 p\u00e4\u00e4vaihetta ja Herpes simplex -virus voi tarttua kaikissa n\u00e4iss\u00e4 vaiheessa. Yleens\u00e4 n\u00e4m\u00e4 vaiheet viev\u00e4t noin 7 \u2013 10 vrk, mutta ne voivat joskus kest\u00e4\u00e4 jopa 2 viikkoa tai pidemp\u00e4\u00e4n. On t\u00e4rke\u00e4\u00e4, ett\u00e4 hakeudut l\u00e4\u00e4k\u00e4riin, jos huuliherpeksesi ei ole l\u00e4htenyt paranemaan 14 vuorokaudessa.<br \/>\n<div  class='avia-button-wrap av-av_button-2e899977a0f4b64582b86313c2583465-wrap avia-button-left  avia-builder-el-8  el_after_av_button  avia-builder-el-last '><a href='https:\/\/www.sorefix.com\/fi\/yleista-huuliherpeksesta\/huuliherpeksen-eri-vaiheet\/'  class='avia-button av-av_button-2e899977a0f4b64582b86313c2583465 av-link-btn avia-icon_select-no avia-size-small avia-position-left avia-color-theme-color'   aria-label=\"Lue lis\u00e4\u00e4\"><span class='avia_iconbox_title' >Lue lis\u00e4\u00e4<\/span><\/a><\/div><\/p>\n<\/div><\/section><\/div><\/div><\/div><\/main><!-- close content main element --><\/div><\/div><div id='content_footer'  class='avia-section av-av_section-1dc5195c9be8ee2b622704d461f10731 main_color avia-section-no-padding avia-no-border-styling  avia-builder-el-9  el_after_av_section  avia-builder-el-last  avia-bg-style-scroll container_wrap fullsize'  ><div class='container av-section-cont-open' ><div class='template-page content  av-content-full alpha units'><div class='post-entry post-entry-type-page post-entry-273'><div class='entry-content-wrapper clearfix'>\n<div  class='avia-builder-widget-area clearfix  avia-builder-el-10  avia-builder-el-no-sibling '><div id=\"text-5\" class=\"widget clearfix widget_text\">\t\t\t<div class=\"textwidget\"><a class=\"duopack\" href=\"\/fi\/tietoa-tuotteesta\/sorefix-toimii-eri-tavalla\/\"><img decoding=\"async\" title=\"Miksi SoreFix\" src=\"\/fi\/files\/2024\/03\/sorefix-duo-widget.jpg\" alt=\"Miksi SoreFix\" \/><\/a>\r\n<div class=\"av_promobox text\">\r\n<h3>Miksi SoreFix?<\/h3>\r\n<\/div><\/div>\n\t\t<\/div><div id=\"text-6\" class=\"widget clearfix widget_text\">\t\t\t<div class=\"textwidget\"><a href=\"\/fi\/elamaa-huuliherpeksen-kanssa\/vauvat-ja-huuliherpes\"><img decoding=\"async\" title=\"Baby en koortslip - SoreFix\" src=\"\/nl\/files\/2017\/05\/baby.jpg\" alt=\"Vauvat ja huuliherpes - SoreFix\" \/><\/a>\r\n<div class=\"av_promobox text\">\r\n<h3>Vauvat ja huuliherpes<\/h3>\r\n<\/div><\/div>\n\t\t<\/div><div id=\"text-7\" class=\"widget clearfix widget_text\">\t\t\t<div class=\"textwidget\"><a href=\"\/fi\/mista-sorefixia-voi-ostaa\/\"><img decoding=\"async\" title=\"Osta SoreFixia t\u00e4\u00e4lt\u00e4\" src=\"\/fi\/files\/2016\/12\/sorefix-buy.jpg\" alt=\"Osta SoreFixia t\u00e4\u00e4lt\u00e4\" \/><\/a>\r\n<div class=\"av_promobox text\">\r\n<h3>Osta SoreFixia t\u00e4\u00e4lt\u00e4<\/h3>\r\n<\/div><\/div>\n\t\t<\/div><\/div>\n<\/p>\n","protected":false},"excerpt":{"rendered":"","protected":false},"author":7,"featured_media":773,"parent":0,"menu_order":3,"comment_status":"closed","ping_status":"closed","template":"","meta":{"_acf_changed":false,"footnotes":""},"class_list":["post-273","page","type-page","status-publish","has-post-thumbnail","hentry"],"acf":[],"yoast_head":"<!-- This site is optimized with the Yoast SEO plugin v26.8 - https:\/\/yoast.com\/product\/yoast-seo-wordpress\/ -->\n<title>Yleist\u00e4 huuliherpeksest\u00e4<\/title>\n<meta name=\"description\" content=\"Huuliherpes on yksi kaikkein yleisimmist\u00e4 virusinfektioista. Kun virus aktivoituu, se infektoi huulten, suun tai niiden ymp\u00e4rill\u00e4 olevat solut, ja muodostuu mahdollisesti n\u00e4kyv\u00e4ksi ja tarttuvaksi haavaumaksi.\" \/>\n<meta name=\"robots\" content=\"index, follow, max-snippet:-1, max-image-preview:large, max-video-preview:-1\" \/>\n<link rel=\"canonical\" href=\"https:\/\/www.sorefix.com\/fi\/yleista-huuliherpeksesta\/\" \/>\n<meta property=\"og:locale\" content=\"fi_FI\" \/>\n<meta property=\"og:type\" content=\"article\" \/>\n<meta property=\"og:title\" content=\"Yleist\u00e4 huuliherpeksest\u00e4\" \/>\n<meta property=\"og:description\" content=\"Huuliherpes on yksi kaikkein yleisimmist\u00e4 virusinfektioista. Kun virus aktivoituu, se infektoi huulten, suun tai niiden ymp\u00e4rill\u00e4 olevat solut, ja muodostuu mahdollisesti n\u00e4kyv\u00e4ksi ja tarttuvaksi haavaumaksi.\" \/>\n<meta property=\"og:url\" content=\"https:\/\/www.sorefix.com\/fi\/yleista-huuliherpeksesta\/\" \/>\n<meta property=\"og:site_name\" content=\"SoreFix Finland\" \/>\n<meta property=\"article:modified_time\" content=\"2017-09-07T15:03:37+00:00\" \/>\n<meta property=\"og:image\" content=\"https:\/\/www.sorefix.com\/fi\/files\/2017\/05\/koortslip-header.png\" \/>\n\t<meta property=\"og:image:width\" content=\"771\" \/>\n\t<meta property=\"og:image:height\" content=\"211\" \/>\n\t<meta property=\"og:image:type\" content=\"image\/png\" \/>\n<meta name=\"twitter:card\" content=\"summary_large_image\" \/>\n<meta name=\"twitter:label1\" content=\"Est. reading time\" \/>\n\t<meta name=\"twitter:data1\" content=\"3 minutes\" \/>\n<script type=\"application\/ld+json\" class=\"yoast-schema-graph\">{\"@context\":\"https:\/\/schema.org\",\"@graph\":[{\"@type\":\"WebPage\",\"@id\":\"https:\/\/www.sorefix.com\/fi\/yleista-huuliherpeksesta\/\",\"url\":\"https:\/\/www.sorefix.com\/fi\/yleista-huuliherpeksesta\/\",\"name\":\"Yleist\u00e4 huuliherpeksest\u00e4\",\"isPartOf\":{\"@id\":\"https:\/\/www.sorefix.com\/fi\/#website\"},\"primaryImageOfPage\":{\"@id\":\"https:\/\/www.sorefix.com\/fi\/yleista-huuliherpeksesta\/#primaryimage\"},\"image\":{\"@id\":\"https:\/\/www.sorefix.com\/fi\/yleista-huuliherpeksesta\/#primaryimage\"},\"thumbnailUrl\":\"https:\/\/www.sorefix.com\/fi\/files\/2017\/05\/koortslip-header.png\",\"datePublished\":\"2017-03-14T11:47:49+00:00\",\"dateModified\":\"2017-09-07T15:03:37+00:00\",\"description\":\"Huuliherpes on yksi kaikkein yleisimmist\u00e4 virusinfektioista. Kun virus aktivoituu, se infektoi huulten, suun tai niiden ymp\u00e4rill\u00e4 olevat solut, ja muodostuu mahdollisesti n\u00e4kyv\u00e4ksi ja tarttuvaksi haavaumaksi.\",\"breadcrumb\":{\"@id\":\"https:\/\/www.sorefix.com\/fi\/yleista-huuliherpeksesta\/#breadcrumb\"},\"inLanguage\":\"fi\",\"potentialAction\":[{\"@type\":\"ReadAction\",\"target\":[\"https:\/\/www.sorefix.com\/fi\/yleista-huuliherpeksesta\/\"]}]},{\"@type\":\"ImageObject\",\"inLanguage\":\"fi\",\"@id\":\"https:\/\/www.sorefix.com\/fi\/yleista-huuliherpeksesta\/#primaryimage\",\"url\":\"https:\/\/www.sorefix.com\/fi\/files\/2017\/05\/koortslip-header.png\",\"contentUrl\":\"https:\/\/www.sorefix.com\/fi\/files\/2017\/05\/koortslip-header.png\",\"width\":771,\"height\":211},{\"@type\":\"BreadcrumbList\",\"@id\":\"https:\/\/www.sorefix.com\/fi\/yleista-huuliherpeksesta\/#breadcrumb\",\"itemListElement\":[{\"@type\":\"ListItem\",\"position\":1,\"name\":\"Home\",\"item\":\"https:\/\/www.sorefix.com\/fi\/\"},{\"@type\":\"ListItem\",\"position\":2,\"name\":\"Yleist\u00e4 huuliherpeksest\u00e4\"}]},{\"@type\":\"WebSite\",\"@id\":\"https:\/\/www.sorefix.com\/fi\/#website\",\"url\":\"https:\/\/www.sorefix.com\/fi\/\",\"name\":\"SoreFix Finland\",\"description\":\"\",\"potentialAction\":[{\"@type\":\"SearchAction\",\"target\":{\"@type\":\"EntryPoint\",\"urlTemplate\":\"https:\/\/www.sorefix.com\/fi\/?s={search_term_string}\"},\"query-input\":{\"@type\":\"PropertyValueSpecification\",\"valueRequired\":true,\"valueName\":\"search_term_string\"}}],\"inLanguage\":\"fi\"}]}<\/script>\n<!-- \/ Yoast SEO plugin. -->","yoast_head_json":{"title":"Yleist\u00e4 huuliherpeksest\u00e4","description":"Huuliherpes on yksi kaikkein yleisimmist\u00e4 virusinfektioista. Kun virus aktivoituu, se infektoi huulten, suun tai niiden ymp\u00e4rill\u00e4 olevat solut, ja muodostuu mahdollisesti n\u00e4kyv\u00e4ksi ja tarttuvaksi haavaumaksi.","robots":{"index":"index","follow":"follow","max-snippet":"max-snippet:-1","max-image-preview":"max-image-preview:large","max-video-preview":"max-video-preview:-1"},"canonical":"https:\/\/www.sorefix.com\/fi\/yleista-huuliherpeksesta\/","og_locale":"fi_FI","og_type":"article","og_title":"Yleist\u00e4 huuliherpeksest\u00e4","og_description":"Huuliherpes on yksi kaikkein yleisimmist\u00e4 virusinfektioista. Kun virus aktivoituu, se infektoi huulten, suun tai niiden ymp\u00e4rill\u00e4 olevat solut, ja muodostuu mahdollisesti n\u00e4kyv\u00e4ksi ja tarttuvaksi haavaumaksi.","og_url":"https:\/\/www.sorefix.com\/fi\/yleista-huuliherpeksesta\/","og_site_name":"SoreFix Finland","article_modified_time":"2017-09-07T15:03:37+00:00","og_image":[{"width":771,"height":211,"url":"https:\/\/www.sorefix.com\/fi\/files\/2017\/05\/koortslip-header.png","type":"image\/png"}],"twitter_card":"summary_large_image","twitter_misc":{"Est. reading time":"3 minutes"},"schema":{"@context":"https:\/\/schema.org","@graph":[{"@type":"WebPage","@id":"https:\/\/www.sorefix.com\/fi\/yleista-huuliherpeksesta\/","url":"https:\/\/www.sorefix.com\/fi\/yleista-huuliherpeksesta\/","name":"Yleist\u00e4 huuliherpeksest\u00e4","isPartOf":{"@id":"https:\/\/www.sorefix.com\/fi\/#website"},"primaryImageOfPage":{"@id":"https:\/\/www.sorefix.com\/fi\/yleista-huuliherpeksesta\/#primaryimage"},"image":{"@id":"https:\/\/www.sorefix.com\/fi\/yleista-huuliherpeksesta\/#primaryimage"},"thumbnailUrl":"https:\/\/www.sorefix.com\/fi\/files\/2017\/05\/koortslip-header.png","datePublished":"2017-03-14T11:47:49+00:00","dateModified":"2017-09-07T15:03:37+00:00","description":"Huuliherpes on yksi kaikkein yleisimmist\u00e4 virusinfektioista. Kun virus aktivoituu, se infektoi huulten, suun tai niiden ymp\u00e4rill\u00e4 olevat solut, ja muodostuu mahdollisesti n\u00e4kyv\u00e4ksi ja tarttuvaksi haavaumaksi.","breadcrumb":{"@id":"https:\/\/www.sorefix.com\/fi\/yleista-huuliherpeksesta\/#breadcrumb"},"inLanguage":"fi","potentialAction":[{"@type":"ReadAction","target":["https:\/\/www.sorefix.com\/fi\/yleista-huuliherpeksesta\/"]}]},{"@type":"ImageObject","inLanguage":"fi","@id":"https:\/\/www.sorefix.com\/fi\/yleista-huuliherpeksesta\/#primaryimage","url":"https:\/\/www.sorefix.com\/fi\/files\/2017\/05\/koortslip-header.png","contentUrl":"https:\/\/www.sorefix.com\/fi\/files\/2017\/05\/koortslip-header.png","width":771,"height":211},{"@type":"BreadcrumbList","@id":"https:\/\/www.sorefix.com\/fi\/yleista-huuliherpeksesta\/#breadcrumb","itemListElement":[{"@type":"ListItem","position":1,"name":"Home","item":"https:\/\/www.sorefix.com\/fi\/"},{"@type":"ListItem","position":2,"name":"Yleist\u00e4 huuliherpeksest\u00e4"}]},{"@type":"WebSite","@id":"https:\/\/www.sorefix.com\/fi\/#website","url":"https:\/\/www.sorefix.com\/fi\/","name":"SoreFix Finland","description":"","potentialAction":[{"@type":"SearchAction","target":{"@type":"EntryPoint","urlTemplate":"https:\/\/www.sorefix.com\/fi\/?s={search_term_string}"},"query-input":{"@type":"PropertyValueSpecification","valueRequired":true,"valueName":"search_term_string"}}],"inLanguage":"fi"}]}},"_links":{"self":[{"href":"https:\/\/www.sorefix.com\/fi\/wp-json\/wp\/v2\/pages\/273","targetHints":{"allow":["GET"]}}],"collection":[{"href":"https:\/\/www.sorefix.com\/fi\/wp-json\/wp\/v2\/pages"}],"about":[{"href":"https:\/\/www.sorefix.com\/fi\/wp-json\/wp\/v2\/types\/page"}],"author":[{"embeddable":true,"href":"https:\/\/www.sorefix.com\/fi\/wp-json\/wp\/v2\/users\/7"}],"replies":[{"embeddable":true,"href":"https:\/\/www.sorefix.com\/fi\/wp-json\/wp\/v2\/comments?post=273"}],"version-history":[{"count":0,"href":"https:\/\/www.sorefix.com\/fi\/wp-json\/wp\/v2\/pages\/273\/revisions"}],"wp:featuredmedia":[{"embeddable":true,"href":"https:\/\/www.sorefix.com\/fi\/wp-json\/wp\/v2\/media\/773"}],"wp:attachment":[{"href":"https:\/\/www.sorefix.com\/fi\/wp-json\/wp\/v2\/media?parent=273"}],"curies":[{"name":"wp","href":"https:\/\/api.w.org\/{rel}","templated":true}]}}