{"id":274,"date":"2017-03-14T12:49:10","date_gmt":"2017-03-14T11:49:10","guid":{"rendered":"\/\/www.sorefix.com\/ned\/?page_id=274"},"modified":"2017-09-15T09:46:26","modified_gmt":"2017-09-15T09:46:26","slug":"mika-huuliherpes-on","status":"publish","type":"page","link":"https:\/\/www.sorefix.com\/fi\/yleista-huuliherpeksesta\/mika-huuliherpes-on\/","title":{"rendered":"Mik\u00e4 huuliherpes on?"},"content":{"rendered":"<div id='page-content-section-margin'  class='avia-section av-av_section-7be1d342760be2d7fd5a39e2e96db480 main_color avia-section-default avia-no-border-styling  avia-builder-el-0  el_before_av_section  avia-builder-el-first  avia-bg-style-scroll container_wrap fullsize'  ><div class='container av-section-cont-open' ><main  role=\"main\" itemprop=\"mainContentOfPage\"  class='template-page content  av-content-full alpha units'><div class='post-entry post-entry-type-page post-entry-274'><div class='entry-content-wrapper clearfix'>\n\n<style type=\"text\/css\" data-created_by=\"avia_inline_auto\" id=\"style-css-av-av_one_full-9497bbf8bff73ea4c6992cc17fa9ec36\">\n.flex_column.av-av_one_full-9497bbf8bff73ea4c6992cc17fa9ec36{\nborder-radius:0px 0px 0px 0px;\npadding:0px 0px 0px 0px;\n}\n<\/style>\n<div  class='flex_column av-av_one_full-9497bbf8bff73ea4c6992cc17fa9ec36 av_one_full  avia-builder-el-1  avia-builder-el-no-sibling  first flex_column_div av-zero-column-padding  '     ><p><section  class='av_textblock_section av-av_textblock-0366cc7376be6c9e82a3e9cc8987b64f '   itemscope=\"itemscope\" itemtype=\"https:\/\/schema.org\/CreativeWork\" ><div class='avia_textblock'  itemprop=\"text\" ><p>Huuliherpes ilmaantuu useimmiten huulissa tai niiden ymp\u00e4rill\u00e4. Huuliherpes on yksi kaikkein yleisimmist\u00e4 virusinfektioista, jonka aiheuttaa Herpes simplex -virus \u2013 tyyppi 1 (HSV-1). HSV-1 -virusta kutsutaan my\u00f6s ysk\u00e4nrokkovirukseksi.<\/p>\n<p>Virus on tarttuva ensimm\u00e4isest\u00e4 kihelm\u00f6innist\u00e4 siihen asti kunnes huuliherpes on t\u00e4ysin parantunut. Lue lis\u00e4\u00e4 huuliherpeksest\u00e4 sivulta <a href=\"http:\/\/www.sorefix.com\/fi\/elamaa-huuliherpeksen-kanssa\/mita-tehda-ja-mita-valttaa\/\">mit\u00e4 tehd\u00e4 ja mit\u00e4 v\u00e4ltt\u00e4\u00e4<\/a><\/p>\n<\/div><\/section><br \/>\n\n<style type=\"text\/css\" data-created_by=\"avia_inline_auto\" id=\"style-css-av-av_hr-a6de236e6c183bbbd700292deacd2b52\">\n#top .hr.hr-invisible.av-av_hr-a6de236e6c183bbbd700292deacd2b52{\nheight:20px;\n}\n<\/style>\n<div  class='hr av-av_hr-a6de236e6c183bbbd700292deacd2b52 hr-invisible  avia-builder-el-3  el_after_av_textblock  el_before_av_image '><span class='hr-inner '><span class=\"hr-inner-style\"><\/span><\/span><\/div><br \/>\n\n<style type=\"text\/css\" data-created_by=\"avia_inline_auto\" id=\"style-css-av-av_image-9918eecb6ca8fe4f513ddb182b4dcbdd\">\n.avia-image-container.av-av_image-9918eecb6ca8fe4f513ddb182b4dcbdd img.avia_image{\nbox-shadow:none;\n}\n.avia-image-container.av-av_image-9918eecb6ca8fe4f513ddb182b4dcbdd .av-image-caption-overlay-center{\ncolor:#ffffff;\n}\n<\/style>\n<div  class='avia-image-container av-av_image-9918eecb6ca8fe4f513ddb182b4dcbdd av-styling- avia-align-center  avia-builder-el-4  el_after_av_hr  el_before_av_hr '   itemprop=\"image\" itemscope=\"itemscope\" itemtype=\"https:\/\/schema.org\/ImageObject\" ><div class=\"avia-image-container-inner\"><div class=\"avia-image-overlay-wrap\"><img decoding=\"async\" fetchpriority=\"high\" class='wp-image-1174 avia-img-lazy-loading-not-1174 avia_image ' src=\"https:\/\/www.sorefix.com\/fi\/files\/2017\/03\/finland-1.jpg\" alt='' title='finland-1'  height=\"200\" width=\"950\"  itemprop=\"thumbnailUrl\" srcset=\"https:\/\/www.sorefix.com\/fi\/files\/2017\/03\/finland-1.jpg 950w, https:\/\/www.sorefix.com\/fi\/files\/2017\/03\/finland-1-300x63.jpg 300w, https:\/\/www.sorefix.com\/fi\/files\/2017\/03\/finland-1-768x162.jpg 768w, https:\/\/www.sorefix.com\/fi\/files\/2017\/03\/finland-1-705x148.jpg 705w, https:\/\/www.sorefix.com\/fi\/files\/2017\/03\/finland-1-450x95.jpg 450w\" sizes=\"(max-width: 950px) 100vw, 950px\" \/><\/div><\/div><\/div><br \/>\n\n<style type=\"text\/css\" data-created_by=\"avia_inline_auto\" id=\"style-css-av-av_hr-a6de236e6c183bbbd700292deacd2b52\">\n#top .hr.hr-invisible.av-av_hr-a6de236e6c183bbbd700292deacd2b52{\nheight:20px;\n}\n<\/style>\n<div  class='hr av-av_hr-a6de236e6c183bbbd700292deacd2b52 hr-invisible  avia-builder-el-5  el_after_av_image  el_before_av_textblock '><span class='hr-inner '><span class=\"hr-inner-style\"><\/span><\/span><\/div><br \/>\n<section  class='av_textblock_section av-av_textblock-0366cc7376be6c9e82a3e9cc8987b64f '   itemscope=\"itemscope\" itemtype=\"https:\/\/schema.org\/CreativeWork\" ><div class='avia_textblock'  itemprop=\"text\" ><p>Huuliherpekseen kuuluu tyypillisesti nestet\u00e4ytteisi\u00e4 rakkuloita (tai yksi iso rakkula), jotka aiheuttavat punoitusta ja turvotusta. Herpesrakkulat ovat usein hyvin kivuliaita. Kun rakkulat t\u00e4yttyv\u00e4t nesteell\u00e4, niiden p\u00e4\u00e4llimm\u00e4inen kerros muuttuu hyvin kosketusaraksi ja niiden hankaaminen voi johtaa vakavaankin infektioon. Jos vaivan hoito aloitetaan ajoissa, rokahtuma voi parantua ilman arpimuodostusta.<\/p>\n<p>Useimmissa tapauksissa herpesrakkuloilla on kuitenkin taipumusta uusia, sill\u00e4 toisin kuin useimmat muut virukset Herpes simplex ei koskaan poistu kehosta, kun tartunnan on kerran saanut.<\/p>\n<\/div><\/section><br \/>\n\n<style type=\"text\/css\" data-created_by=\"avia_inline_auto\" id=\"style-css-av-av_hr-a6de236e6c183bbbd700292deacd2b52\">\n#top .hr.hr-invisible.av-av_hr-a6de236e6c183bbbd700292deacd2b52{\nheight:20px;\n}\n<\/style>\n<div  class='hr av-av_hr-a6de236e6c183bbbd700292deacd2b52 hr-invisible  avia-builder-el-7  el_after_av_textblock  el_before_av_image '><span class='hr-inner '><span class=\"hr-inner-style\"><\/span><\/span><\/div><br \/>\n\n<style type=\"text\/css\" data-created_by=\"avia_inline_auto\" id=\"style-css-av-av_image-5f5e54d0ad1da9eb90b246ed024c6583\">\n.avia-image-container.av-av_image-5f5e54d0ad1da9eb90b246ed024c6583 img.avia_image{\nbox-shadow:none;\n}\n.avia-image-container.av-av_image-5f5e54d0ad1da9eb90b246ed024c6583 .av-image-caption-overlay-center{\ncolor:#ffffff;\n}\n<\/style>\n<div  class='avia-image-container av-av_image-5f5e54d0ad1da9eb90b246ed024c6583 av-styling- avia-align-center  avia-builder-el-8  el_after_av_hr  el_before_av_hr '   itemprop=\"image\" itemscope=\"itemscope\" itemtype=\"https:\/\/schema.org\/ImageObject\" ><div class=\"avia-image-container-inner\"><div class=\"avia-image-overlay-wrap\"><img decoding=\"async\" fetchpriority=\"high\" class='wp-image-1226 avia-img-lazy-loading-not-1226 avia_image ' src=\"https:\/\/www.sorefix.com\/fi\/files\/2017\/09\/finland-2.jpg\" alt='' title='finland-2'  height=\"159\" width=\"951\"  itemprop=\"thumbnailUrl\" srcset=\"https:\/\/www.sorefix.com\/fi\/files\/2017\/09\/finland-2.jpg 951w, https:\/\/www.sorefix.com\/fi\/files\/2017\/09\/finland-2-300x50.jpg 300w, https:\/\/www.sorefix.com\/fi\/files\/2017\/09\/finland-2-768x128.jpg 768w, https:\/\/www.sorefix.com\/fi\/files\/2017\/09\/finland-2-705x118.jpg 705w, https:\/\/www.sorefix.com\/fi\/files\/2017\/09\/finland-2-450x75.jpg 450w\" sizes=\"(max-width: 951px) 100vw, 951px\" \/><\/div><\/div><\/div><br \/>\n\n<style type=\"text\/css\" data-created_by=\"avia_inline_auto\" id=\"style-css-av-av_hr-a6de236e6c183bbbd700292deacd2b52\">\n#top .hr.hr-invisible.av-av_hr-a6de236e6c183bbbd700292deacd2b52{\nheight:20px;\n}\n<\/style>\n<div  class='hr av-av_hr-a6de236e6c183bbbd700292deacd2b52 hr-invisible  avia-builder-el-9  el_after_av_image  el_before_av_textblock '><span class='hr-inner '><span class=\"hr-inner-style\"><\/span><\/span><\/div><br \/>\n\n<style type=\"text\/css\" data-created_by=\"avia_inline_auto\" id=\"style-css-av-av_textblock-eb32bbd6321be4e6c172162327c69628\">\n#top .av_textblock_section.av-av_textblock-eb32bbd6321be4e6c172162327c69628 .avia_textblock{\nfont-size:11px;\n}\n<\/style>\n<section  class='av_textblock_section av-av_textblock-eb32bbd6321be4e6c172162327c69628 '   itemscope=\"itemscope\" itemtype=\"https:\/\/schema.org\/CreativeWork\" ><div class='avia_textblock'  itemprop=\"text\" ><ol>\n<li>Herpes simplex virus. World Health Organization.\u00a0(2016, January). Retrieved April 27, 2016, from\u00a0<a href=\"http:\/\/www.who.int\/mediacentre\/factsheets\/fs400\/en\/\">http:\/\/www.who.int\/mediacentre\/factsheets\/fs400\/en\/<\/a><\/li>\n<li>Oral Herpes. American Sexual Health Association. (n.d.). Retrieved April 28, 2016, from\u00a0<a href=\"http:\/\/www.ashasexualhealth.org\/stdsstis\/herpes\/oral-herpes\/\">http:\/\/www.ashasexualhealth.org\/stdsstis\/herpes\/oral-herpes\/<\/a><\/li>\n<\/ol>\n<\/div><\/section><\/p><\/div><\/div><\/div><\/main><!-- close content main element --><\/div><\/div><div id='content_footer'  class='avia-section av-av_section-1dc5195c9be8ee2b622704d461f10731 main_color avia-section-no-padding avia-no-border-styling  avia-builder-el-11  el_after_av_section  avia-builder-el-last  avia-bg-style-scroll container_wrap fullsize'  ><div class='container av-section-cont-open' ><div class='template-page content  av-content-full alpha units'><div class='post-entry post-entry-type-page post-entry-274'><div class='entry-content-wrapper clearfix'>\n<div  class='avia-builder-widget-area clearfix  avia-builder-el-12  avia-builder-el-no-sibling '><div id=\"text-5\" class=\"widget clearfix widget_text\">\t\t\t<div class=\"textwidget\"><a class=\"duopack\" href=\"\/fi\/tietoa-tuotteesta\/sorefix-toimii-eri-tavalla\/\"><img decoding=\"async\" title=\"Miksi SoreFix\" src=\"\/fi\/files\/2024\/03\/sorefix-duo-widget.jpg\" alt=\"Miksi SoreFix\" \/><\/a>\r\n<div class=\"av_promobox text\">\r\n<h3>Miksi SoreFix?<\/h3>\r\n<\/div><\/div>\n\t\t<\/div><div id=\"text-6\" class=\"widget clearfix widget_text\">\t\t\t<div class=\"textwidget\"><a href=\"\/fi\/elamaa-huuliherpeksen-kanssa\/vauvat-ja-huuliherpes\"><img decoding=\"async\" title=\"Baby en koortslip - SoreFix\" src=\"\/nl\/files\/2017\/05\/baby.jpg\" alt=\"Vauvat ja huuliherpes - SoreFix\" \/><\/a>\r\n<div class=\"av_promobox text\">\r\n<h3>Vauvat ja huuliherpes<\/h3>\r\n<\/div><\/div>\n\t\t<\/div><div id=\"text-7\" class=\"widget clearfix widget_text\">\t\t\t<div class=\"textwidget\"><a href=\"\/fi\/mista-sorefixia-voi-ostaa\/\"><img decoding=\"async\" title=\"Osta SoreFixia t\u00e4\u00e4lt\u00e4\" src=\"\/fi\/files\/2016\/12\/sorefix-buy.jpg\" alt=\"Osta SoreFixia t\u00e4\u00e4lt\u00e4\" \/><\/a>\r\n<div class=\"av_promobox text\">\r\n<h3>Osta SoreFixia t\u00e4\u00e4lt\u00e4<\/h3>\r\n<\/div><\/div>\n\t\t<\/div><\/div>\n<\/p>\n","protected":false},"excerpt":{"rendered":"","protected":false},"author":7,"featured_media":773,"parent":273,"menu_order":9,"comment_status":"closed","ping_status":"closed","template":"","meta":{"_acf_changed":false,"footnotes":""},"class_list":["post-274","page","type-page","status-publish","has-post-thumbnail","hentry"],"acf":[],"yoast_head":"<!-- This site is optimized with the Yoast SEO plugin v26.9 - https:\/\/yoast.com\/product\/yoast-seo-wordpress\/ -->\n<title>Huuliherpes on yksi kaikkein yleisimmist\u00e4 virusinfektioista, jonka aiheuttaa Herpes simplex -virus.<\/title>\n<meta name=\"description\" content=\"Kun virus aktivoituu, se infektoi huulten, suun tai niiden ymp\u00e4rill\u00e4 olevat solut, ja muodostuu mahdollisesti n\u00e4kyv\u00e4ksi ja tarttuvaksi haavaumaksi. Huuliherpekseen kuuluu tyypillisesti nestet\u00e4ytteisi\u00e4 rakkuloita (tai yksi iso rakkula), jotka aiheuttavat punoitusta ja turvotusta.\" \/>\n<meta name=\"robots\" content=\"index, follow, max-snippet:-1, max-image-preview:large, max-video-preview:-1\" \/>\n<link rel=\"canonical\" href=\"https:\/\/www.sorefix.com\/fi\/yleista-huuliherpeksesta\/mika-huuliherpes-on\/\" \/>\n<meta property=\"og:locale\" content=\"fi_FI\" \/>\n<meta property=\"og:type\" content=\"article\" \/>\n<meta property=\"og:title\" content=\"Huuliherpes on yksi kaikkein yleisimmist\u00e4 virusinfektioista, jonka aiheuttaa Herpes simplex -virus.\" \/>\n<meta property=\"og:description\" content=\"Kun virus aktivoituu, se infektoi huulten, suun tai niiden ymp\u00e4rill\u00e4 olevat solut, ja muodostuu mahdollisesti n\u00e4kyv\u00e4ksi ja tarttuvaksi haavaumaksi. Huuliherpekseen kuuluu tyypillisesti nestet\u00e4ytteisi\u00e4 rakkuloita (tai yksi iso rakkula), jotka aiheuttavat punoitusta ja turvotusta.\" \/>\n<meta property=\"og:url\" content=\"https:\/\/www.sorefix.com\/fi\/yleista-huuliherpeksesta\/mika-huuliherpes-on\/\" \/>\n<meta property=\"og:site_name\" content=\"SoreFix Finland\" \/>\n<meta property=\"article:modified_time\" content=\"2017-09-15T09:46:26+00:00\" \/>\n<meta property=\"og:image\" content=\"https:\/\/www.sorefix.com\/fi\/files\/2017\/05\/koortslip-header.png\" \/>\n\t<meta property=\"og:image:width\" content=\"771\" \/>\n\t<meta property=\"og:image:height\" content=\"211\" \/>\n\t<meta property=\"og:image:type\" content=\"image\/png\" \/>\n<meta name=\"twitter:card\" content=\"summary_large_image\" \/>\n<meta name=\"twitter:label1\" content=\"Est. reading time\" \/>\n\t<meta name=\"twitter:data1\" content=\"3 minutes\" \/>\n<script type=\"application\/ld+json\" class=\"yoast-schema-graph\">{\"@context\":\"https:\/\/schema.org\",\"@graph\":[{\"@type\":\"WebPage\",\"@id\":\"https:\/\/www.sorefix.com\/fi\/yleista-huuliherpeksesta\/mika-huuliherpes-on\/\",\"url\":\"https:\/\/www.sorefix.com\/fi\/yleista-huuliherpeksesta\/mika-huuliherpes-on\/\",\"name\":\"Huuliherpes on yksi kaikkein yleisimmist\u00e4 virusinfektioista, jonka aiheuttaa Herpes simplex -virus.\",\"isPartOf\":{\"@id\":\"https:\/\/www.sorefix.com\/fi\/#website\"},\"primaryImageOfPage\":{\"@id\":\"https:\/\/www.sorefix.com\/fi\/yleista-huuliherpeksesta\/mika-huuliherpes-on\/#primaryimage\"},\"image\":{\"@id\":\"https:\/\/www.sorefix.com\/fi\/yleista-huuliherpeksesta\/mika-huuliherpes-on\/#primaryimage\"},\"thumbnailUrl\":\"https:\/\/www.sorefix.com\/fi\/files\/2017\/05\/koortslip-header.png\",\"datePublished\":\"2017-03-14T11:49:10+00:00\",\"dateModified\":\"2017-09-15T09:46:26+00:00\",\"description\":\"Kun virus aktivoituu, se infektoi huulten, suun tai niiden ymp\u00e4rill\u00e4 olevat solut, ja muodostuu mahdollisesti n\u00e4kyv\u00e4ksi ja tarttuvaksi haavaumaksi. Huuliherpekseen kuuluu tyypillisesti nestet\u00e4ytteisi\u00e4 rakkuloita (tai yksi iso rakkula), jotka aiheuttavat punoitusta ja turvotusta.\",\"breadcrumb\":{\"@id\":\"https:\/\/www.sorefix.com\/fi\/yleista-huuliherpeksesta\/mika-huuliherpes-on\/#breadcrumb\"},\"inLanguage\":\"fi\",\"potentialAction\":[{\"@type\":\"ReadAction\",\"target\":[\"https:\/\/www.sorefix.com\/fi\/yleista-huuliherpeksesta\/mika-huuliherpes-on\/\"]}]},{\"@type\":\"ImageObject\",\"inLanguage\":\"fi\",\"@id\":\"https:\/\/www.sorefix.com\/fi\/yleista-huuliherpeksesta\/mika-huuliherpes-on\/#primaryimage\",\"url\":\"https:\/\/www.sorefix.com\/fi\/files\/2017\/05\/koortslip-header.png\",\"contentUrl\":\"https:\/\/www.sorefix.com\/fi\/files\/2017\/05\/koortslip-header.png\",\"width\":771,\"height\":211},{\"@type\":\"BreadcrumbList\",\"@id\":\"https:\/\/www.sorefix.com\/fi\/yleista-huuliherpeksesta\/mika-huuliherpes-on\/#breadcrumb\",\"itemListElement\":[{\"@type\":\"ListItem\",\"position\":1,\"name\":\"Home\",\"item\":\"https:\/\/www.sorefix.com\/fi\/\"},{\"@type\":\"ListItem\",\"position\":2,\"name\":\"Yleist\u00e4 huuliherpeksest\u00e4\",\"item\":\"https:\/\/www.sorefix.com\/fi\/yleista-huuliherpeksesta\/\"},{\"@type\":\"ListItem\",\"position\":3,\"name\":\"Mik\u00e4 huuliherpes on?\"}]},{\"@type\":\"WebSite\",\"@id\":\"https:\/\/www.sorefix.com\/fi\/#website\",\"url\":\"https:\/\/www.sorefix.com\/fi\/\",\"name\":\"SoreFix Finland\",\"description\":\"\",\"potentialAction\":[{\"@type\":\"SearchAction\",\"target\":{\"@type\":\"EntryPoint\",\"urlTemplate\":\"https:\/\/www.sorefix.com\/fi\/?s={search_term_string}\"},\"query-input\":{\"@type\":\"PropertyValueSpecification\",\"valueRequired\":true,\"valueName\":\"search_term_string\"}}],\"inLanguage\":\"fi\"}]}<\/script>\n<!-- \/ Yoast SEO plugin. -->","yoast_head_json":{"title":"Huuliherpes on yksi kaikkein yleisimmist\u00e4 virusinfektioista, jonka aiheuttaa Herpes simplex -virus.","description":"Kun virus aktivoituu, se infektoi huulten, suun tai niiden ymp\u00e4rill\u00e4 olevat solut, ja muodostuu mahdollisesti n\u00e4kyv\u00e4ksi ja tarttuvaksi haavaumaksi. Huuliherpekseen kuuluu tyypillisesti nestet\u00e4ytteisi\u00e4 rakkuloita (tai yksi iso rakkula), jotka aiheuttavat punoitusta ja turvotusta.","robots":{"index":"index","follow":"follow","max-snippet":"max-snippet:-1","max-image-preview":"max-image-preview:large","max-video-preview":"max-video-preview:-1"},"canonical":"https:\/\/www.sorefix.com\/fi\/yleista-huuliherpeksesta\/mika-huuliherpes-on\/","og_locale":"fi_FI","og_type":"article","og_title":"Huuliherpes on yksi kaikkein yleisimmist\u00e4 virusinfektioista, jonka aiheuttaa Herpes simplex -virus.","og_description":"Kun virus aktivoituu, se infektoi huulten, suun tai niiden ymp\u00e4rill\u00e4 olevat solut, ja muodostuu mahdollisesti n\u00e4kyv\u00e4ksi ja tarttuvaksi haavaumaksi. Huuliherpekseen kuuluu tyypillisesti nestet\u00e4ytteisi\u00e4 rakkuloita (tai yksi iso rakkula), jotka aiheuttavat punoitusta ja turvotusta.","og_url":"https:\/\/www.sorefix.com\/fi\/yleista-huuliherpeksesta\/mika-huuliherpes-on\/","og_site_name":"SoreFix Finland","article_modified_time":"2017-09-15T09:46:26+00:00","og_image":[{"width":771,"height":211,"url":"https:\/\/www.sorefix.com\/fi\/files\/2017\/05\/koortslip-header.png","type":"image\/png"}],"twitter_card":"summary_large_image","twitter_misc":{"Est. reading time":"3 minutes"},"schema":{"@context":"https:\/\/schema.org","@graph":[{"@type":"WebPage","@id":"https:\/\/www.sorefix.com\/fi\/yleista-huuliherpeksesta\/mika-huuliherpes-on\/","url":"https:\/\/www.sorefix.com\/fi\/yleista-huuliherpeksesta\/mika-huuliherpes-on\/","name":"Huuliherpes on yksi kaikkein yleisimmist\u00e4 virusinfektioista, jonka aiheuttaa Herpes simplex -virus.","isPartOf":{"@id":"https:\/\/www.sorefix.com\/fi\/#website"},"primaryImageOfPage":{"@id":"https:\/\/www.sorefix.com\/fi\/yleista-huuliherpeksesta\/mika-huuliherpes-on\/#primaryimage"},"image":{"@id":"https:\/\/www.sorefix.com\/fi\/yleista-huuliherpeksesta\/mika-huuliherpes-on\/#primaryimage"},"thumbnailUrl":"https:\/\/www.sorefix.com\/fi\/files\/2017\/05\/koortslip-header.png","datePublished":"2017-03-14T11:49:10+00:00","dateModified":"2017-09-15T09:46:26+00:00","description":"Kun virus aktivoituu, se infektoi huulten, suun tai niiden ymp\u00e4rill\u00e4 olevat solut, ja muodostuu mahdollisesti n\u00e4kyv\u00e4ksi ja tarttuvaksi haavaumaksi. Huuliherpekseen kuuluu tyypillisesti nestet\u00e4ytteisi\u00e4 rakkuloita (tai yksi iso rakkula), jotka aiheuttavat punoitusta ja turvotusta.","breadcrumb":{"@id":"https:\/\/www.sorefix.com\/fi\/yleista-huuliherpeksesta\/mika-huuliherpes-on\/#breadcrumb"},"inLanguage":"fi","potentialAction":[{"@type":"ReadAction","target":["https:\/\/www.sorefix.com\/fi\/yleista-huuliherpeksesta\/mika-huuliherpes-on\/"]}]},{"@type":"ImageObject","inLanguage":"fi","@id":"https:\/\/www.sorefix.com\/fi\/yleista-huuliherpeksesta\/mika-huuliherpes-on\/#primaryimage","url":"https:\/\/www.sorefix.com\/fi\/files\/2017\/05\/koortslip-header.png","contentUrl":"https:\/\/www.sorefix.com\/fi\/files\/2017\/05\/koortslip-header.png","width":771,"height":211},{"@type":"BreadcrumbList","@id":"https:\/\/www.sorefix.com\/fi\/yleista-huuliherpeksesta\/mika-huuliherpes-on\/#breadcrumb","itemListElement":[{"@type":"ListItem","position":1,"name":"Home","item":"https:\/\/www.sorefix.com\/fi\/"},{"@type":"ListItem","position":2,"name":"Yleist\u00e4 huuliherpeksest\u00e4","item":"https:\/\/www.sorefix.com\/fi\/yleista-huuliherpeksesta\/"},{"@type":"ListItem","position":3,"name":"Mik\u00e4 huuliherpes on?"}]},{"@type":"WebSite","@id":"https:\/\/www.sorefix.com\/fi\/#website","url":"https:\/\/www.sorefix.com\/fi\/","name":"SoreFix Finland","description":"","potentialAction":[{"@type":"SearchAction","target":{"@type":"EntryPoint","urlTemplate":"https:\/\/www.sorefix.com\/fi\/?s={search_term_string}"},"query-input":{"@type":"PropertyValueSpecification","valueRequired":true,"valueName":"search_term_string"}}],"inLanguage":"fi"}]}},"_links":{"self":[{"href":"https:\/\/www.sorefix.com\/fi\/wp-json\/wp\/v2\/pages\/274","targetHints":{"allow":["GET"]}}],"collection":[{"href":"https:\/\/www.sorefix.com\/fi\/wp-json\/wp\/v2\/pages"}],"about":[{"href":"https:\/\/www.sorefix.com\/fi\/wp-json\/wp\/v2\/types\/page"}],"author":[{"embeddable":true,"href":"https:\/\/www.sorefix.com\/fi\/wp-json\/wp\/v2\/users\/7"}],"replies":[{"embeddable":true,"href":"https:\/\/www.sorefix.com\/fi\/wp-json\/wp\/v2\/comments?post=274"}],"version-history":[{"count":0,"href":"https:\/\/www.sorefix.com\/fi\/wp-json\/wp\/v2\/pages\/274\/revisions"}],"up":[{"embeddable":true,"href":"https:\/\/www.sorefix.com\/fi\/wp-json\/wp\/v2\/pages\/273"}],"wp:featuredmedia":[{"embeddable":true,"href":"https:\/\/www.sorefix.com\/fi\/wp-json\/wp\/v2\/media\/773"}],"wp:attachment":[{"href":"https:\/\/www.sorefix.com\/fi\/wp-json\/wp\/v2\/media?parent=274"}],"curies":[{"name":"wp","href":"https:\/\/api.w.org\/{rel}","templated":true}]}}