{"id":276,"date":"2017-03-14T12:50:08","date_gmt":"2017-03-14T11:50:08","guid":{"rendered":"\/\/www.sorefix.com\/ned\/?page_id=276"},"modified":"2017-09-07T15:58:03","modified_gmt":"2017-09-07T15:58:03","slug":"herpes-simplex-virus","status":"publish","type":"page","link":"https:\/\/www.sorefix.com\/fi\/yleista-huuliherpeksesta\/herpes-simplex-virus\/","title":{"rendered":"Herpes simplex -virus"},"content":{"rendered":"<div id='page-content-section-margin'  class='avia-section av-av_section-7be1d342760be2d7fd5a39e2e96db480 main_color avia-section-default avia-no-border-styling  avia-builder-el-0  el_before_av_section  avia-builder-el-first  avia-bg-style-scroll container_wrap fullsize'  ><div class='container av-section-cont-open' ><main  role=\"main\" itemprop=\"mainContentOfPage\"  class='template-page content  av-content-full alpha units'><div class='post-entry post-entry-type-page post-entry-276'><div class='entry-content-wrapper clearfix'>\n\n<style type=\"text\/css\" data-created_by=\"avia_inline_auto\" id=\"style-css-av-av_one_full-9497bbf8bff73ea4c6992cc17fa9ec36\">\n.flex_column.av-av_one_full-9497bbf8bff73ea4c6992cc17fa9ec36{\nborder-radius:0px 0px 0px 0px;\npadding:0px 0px 0px 0px;\n}\n<\/style>\n<div  class='flex_column av-av_one_full-9497bbf8bff73ea4c6992cc17fa9ec36 av_one_full  avia-builder-el-1  avia-builder-el-no-sibling  first flex_column_div av-zero-column-padding  '     ><p><section  class='av_textblock_section av-av_textblock-0366cc7376be6c9e82a3e9cc8987b64f '   itemscope=\"itemscope\" itemtype=\"https:\/\/schema.org\/CreativeWork\" ><div class='avia_textblock'  itemprop=\"text\" ><p>Huuliherpeksen aiheuttaa Herpes simplex -niminen virus (HSV). Herpes simplex -viruksia on kahta eri tyyppi\u00e4: HSV-1 ja HSV-2. Molemmat n\u00e4m\u00e4 virustyypit voivat aiheuttaa herpesrokahtumia suun ymp\u00e4rist\u00f6ss\u00e4 (huuliherpes) ja sukuelinten alueella (sukupuolielinherpes). HSV-1 aiheuttaa yleens\u00e4 huuliherpeksen ja HSV-2 puolestaan sukupuolielinherpeksen. Herpes simplex -virus p\u00e4\u00e4see yleens\u00e4 elimist\u00f6\u00f6n suun ymp\u00e4rist\u00f6ss\u00e4 tai sen sis\u00e4ll\u00e4 olevan naarmun tai haavan kautta.<\/p>\n<p>Tartunta levi\u00e4\u00e4 yleens\u00e4, kun henkil\u00f6 joutuu kosketuksiin toisen henkil\u00f6n herpesrokahtuman tai siit\u00e4 per\u00e4isin olevan nesteen kanssa, esim. k\u00e4ytt\u00e4ess\u00e4\u00e4n samoja ruokailuv\u00e4lineit\u00e4 tai parranajov\u00e4lineit\u00e4, suudellessaan herpest\u00e4 sairastavaa henkil\u00f6\u00e4 tai joutuessaan kosketuksiin huuliherpest\u00e4 sairastavan henkil\u00f6n syljen kanssa. Jos vanhemmalla on huuliherpes, h\u00e4n yleens\u00e4 siirt\u00e4\u00e4 tartunnan lapsilleen em. tavalla. Huuliherpes voi my\u00f6s aiheuttaa rokahtumia muualla kehossa tai kasvoissa.<\/p>\n<p>M\u00e4rk\u00e4ruven ja huuliherpeksen erottaminen toisistaan ei aina ole ihan helppoa. Huuliherpeksen aiheuttaa Herpes simplex -virus ja m\u00e4rk\u00e4ruven puolestaan eritt\u00e4in helposti tarttuva, ihoinfektioita aiheuttava bakteeri. M\u00e4rk\u00e4rupi on yksi kaikkein yleisimmist\u00e4 ihoinfektioista lapsilla. T\u00e4m\u00e4 bakteeritauti aiheuttaa yleens\u00e4 rakkuloita tai haavaumia kasvoissa, kaulan alueella, k\u00e4siss\u00e4 ja vaippa-alueella. T\u00e4m\u00e4n tarttuvan pinnallisen ihoinfektion aiheuttaa yleens\u00e4 yksi kahdesta bakteerista, eli Staphylococcus aureus tai Streptococcus pyogenes.<\/p>\n<\/div><\/section><br \/>\n\n<style type=\"text\/css\" data-created_by=\"avia_inline_auto\" id=\"style-css-av-av_hr-a6de236e6c183bbbd700292deacd2b52\">\n#top .hr.hr-invisible.av-av_hr-a6de236e6c183bbbd700292deacd2b52{\nheight:20px;\n}\n<\/style>\n<div  class='hr av-av_hr-a6de236e6c183bbbd700292deacd2b52 hr-invisible  avia-builder-el-3  el_after_av_textblock  el_before_av_textblock '><span class='hr-inner '><span class=\"hr-inner-style\"><\/span><\/span><\/div><br \/>\n<section  class='av_textblock_section av-av_textblock-0366cc7376be6c9e82a3e9cc8987b64f '   itemscope=\"itemscope\" itemtype=\"https:\/\/schema.org\/CreativeWork\" ><div class='avia_textblock'  itemprop=\"text\" ><h3>Miten Herpes simplex -virus tarttuu?<\/h3>\n<\/div><\/section><br \/>\n\n<style type=\"text\/css\" data-created_by=\"avia_inline_auto\" id=\"style-css-av-av_image-4d22b9953c0454b43d7506338938892e\">\n.avia-image-container.av-av_image-4d22b9953c0454b43d7506338938892e img.avia_image{\nbox-shadow:none;\n}\n.avia-image-container.av-av_image-4d22b9953c0454b43d7506338938892e .av-image-caption-overlay-center{\ncolor:#ffffff;\n}\n<\/style>\n<div  class='avia-image-container av-av_image-4d22b9953c0454b43d7506338938892e av-styling- avia-align-left  avia-builder-el-5  el_after_av_textblock  avia-builder-el-last '   itemprop=\"image\" itemscope=\"itemscope\" itemtype=\"https:\/\/schema.org\/ImageObject\" ><div class=\"avia-image-container-inner\"><div class=\"avia-image-overlay-wrap\"><img decoding=\"async\" fetchpriority=\"high\" class='wp-image-1176 avia-img-lazy-loading-not-1176 avia_image ' src=\"https:\/\/www.sorefix.com\/fi\/files\/2017\/03\/finland-3.jpg\" alt='' title='finland-3'  height=\"208\" width=\"815\"  itemprop=\"thumbnailUrl\" srcset=\"https:\/\/www.sorefix.com\/fi\/files\/2017\/03\/finland-3.jpg 815w, https:\/\/www.sorefix.com\/fi\/files\/2017\/03\/finland-3-300x77.jpg 300w, https:\/\/www.sorefix.com\/fi\/files\/2017\/03\/finland-3-768x196.jpg 768w, https:\/\/www.sorefix.com\/fi\/files\/2017\/03\/finland-3-705x180.jpg 705w, https:\/\/www.sorefix.com\/fi\/files\/2017\/03\/finland-3-450x115.jpg 450w\" sizes=\"(max-width: 815px) 100vw, 815px\" \/><\/div><\/div><\/div><\/p><\/div><\/div><\/div><\/main><!-- close content main element --><\/div><\/div><div id='content_footer'  class='avia-section av-av_section-1dc5195c9be8ee2b622704d461f10731 main_color avia-section-no-padding avia-no-border-styling  avia-builder-el-6  el_after_av_section  avia-builder-el-last  avia-bg-style-scroll container_wrap fullsize'  ><div class='container av-section-cont-open' ><div class='template-page content  av-content-full alpha units'><div class='post-entry post-entry-type-page post-entry-276'><div class='entry-content-wrapper clearfix'>\n<div  class='avia-builder-widget-area clearfix  avia-builder-el-7  avia-builder-el-no-sibling '><div id=\"text-5\" class=\"widget clearfix widget_text\">\t\t\t<div class=\"textwidget\"><a class=\"duopack\" href=\"\/fi\/tietoa-tuotteesta\/sorefix-toimii-eri-tavalla\/\"><img decoding=\"async\" title=\"Miksi SoreFix\" src=\"\/fi\/files\/2024\/03\/sorefix-duo-widget.jpg\" alt=\"Miksi SoreFix\" \/><\/a>\r\n<div class=\"av_promobox text\">\r\n<h3>Miksi SoreFix?<\/h3>\r\n<\/div><\/div>\n\t\t<\/div><div id=\"text-6\" class=\"widget clearfix widget_text\">\t\t\t<div class=\"textwidget\"><a href=\"\/fi\/elamaa-huuliherpeksen-kanssa\/vauvat-ja-huuliherpes\"><img decoding=\"async\" title=\"Baby en koortslip - SoreFix\" src=\"\/nl\/files\/2017\/05\/baby.jpg\" alt=\"Vauvat ja huuliherpes - SoreFix\" \/><\/a>\r\n<div class=\"av_promobox text\">\r\n<h3>Vauvat ja huuliherpes<\/h3>\r\n<\/div><\/div>\n\t\t<\/div><div id=\"text-7\" class=\"widget clearfix widget_text\">\t\t\t<div class=\"textwidget\"><a href=\"\/fi\/mista-sorefixia-voi-ostaa\/\"><img decoding=\"async\" title=\"Osta SoreFixia t\u00e4\u00e4lt\u00e4\" src=\"\/fi\/files\/2016\/12\/sorefix-buy.jpg\" alt=\"Osta SoreFixia t\u00e4\u00e4lt\u00e4\" \/><\/a>\r\n<div class=\"av_promobox text\">\r\n<h3>Osta SoreFixia t\u00e4\u00e4lt\u00e4<\/h3>\r\n<\/div><\/div>\n\t\t<\/div><\/div>\n<\/p>\n","protected":false},"excerpt":{"rendered":"","protected":false},"author":7,"featured_media":773,"parent":273,"menu_order":10,"comment_status":"closed","ping_status":"closed","template":"","meta":{"_acf_changed":false,"footnotes":""},"class_list":["post-276","page","type-page","status-publish","has-post-thumbnail","hentry"],"acf":[],"yoast_head":"<!-- This site is optimized with the Yoast SEO plugin v26.9 - https:\/\/yoast.com\/product\/yoast-seo-wordpress\/ -->\n<title>Huuliherpeksen aiheuttaa Herpes simplex -niminen virus (HSV)<\/title>\n<meta name=\"description\" content=\"Herpes simplex -viruksia on kahta eri tyyppi\u00e4: HSV-1 ja HSV-2. Molemmat n\u00e4m\u00e4 virustyypit voivat aiheuttaa herpesrokahtumia suun ymp\u00e4rist\u00f6ss\u00e4 (huuliherpes) ja sukuelinten alueella (sukupuolielinherpes).\" \/>\n<meta name=\"robots\" content=\"index, follow, max-snippet:-1, max-image-preview:large, max-video-preview:-1\" \/>\n<link rel=\"canonical\" href=\"https:\/\/www.sorefix.com\/fi\/yleista-huuliherpeksesta\/herpes-simplex-virus\/\" \/>\n<meta property=\"og:locale\" content=\"fi_FI\" \/>\n<meta property=\"og:type\" content=\"article\" \/>\n<meta property=\"og:title\" content=\"Huuliherpeksen aiheuttaa Herpes simplex -niminen virus (HSV)\" \/>\n<meta property=\"og:description\" content=\"Herpes simplex -viruksia on kahta eri tyyppi\u00e4: HSV-1 ja HSV-2. Molemmat n\u00e4m\u00e4 virustyypit voivat aiheuttaa herpesrokahtumia suun ymp\u00e4rist\u00f6ss\u00e4 (huuliherpes) ja sukuelinten alueella (sukupuolielinherpes).\" \/>\n<meta property=\"og:url\" content=\"https:\/\/www.sorefix.com\/fi\/yleista-huuliherpeksesta\/herpes-simplex-virus\/\" \/>\n<meta property=\"og:site_name\" content=\"SoreFix Finland\" \/>\n<meta property=\"article:modified_time\" content=\"2017-09-07T15:58:03+00:00\" \/>\n<meta property=\"og:image\" content=\"https:\/\/www.sorefix.com\/fi\/files\/2017\/05\/koortslip-header.png\" \/>\n\t<meta property=\"og:image:width\" content=\"771\" \/>\n\t<meta property=\"og:image:height\" content=\"211\" \/>\n\t<meta property=\"og:image:type\" content=\"image\/png\" \/>\n<meta name=\"twitter:card\" content=\"summary_large_image\" \/>\n<meta name=\"twitter:label1\" content=\"Est. reading time\" \/>\n\t<meta name=\"twitter:data1\" content=\"2 minutes\" \/>\n<script type=\"application\/ld+json\" class=\"yoast-schema-graph\">{\"@context\":\"https:\/\/schema.org\",\"@graph\":[{\"@type\":\"WebPage\",\"@id\":\"https:\/\/www.sorefix.com\/fi\/yleista-huuliherpeksesta\/herpes-simplex-virus\/\",\"url\":\"https:\/\/www.sorefix.com\/fi\/yleista-huuliherpeksesta\/herpes-simplex-virus\/\",\"name\":\"Huuliherpeksen aiheuttaa Herpes simplex -niminen virus (HSV)\",\"isPartOf\":{\"@id\":\"https:\/\/www.sorefix.com\/fi\/#website\"},\"primaryImageOfPage\":{\"@id\":\"https:\/\/www.sorefix.com\/fi\/yleista-huuliherpeksesta\/herpes-simplex-virus\/#primaryimage\"},\"image\":{\"@id\":\"https:\/\/www.sorefix.com\/fi\/yleista-huuliherpeksesta\/herpes-simplex-virus\/#primaryimage\"},\"thumbnailUrl\":\"https:\/\/www.sorefix.com\/fi\/files\/2017\/05\/koortslip-header.png\",\"datePublished\":\"2017-03-14T11:50:08+00:00\",\"dateModified\":\"2017-09-07T15:58:03+00:00\",\"description\":\"Herpes simplex -viruksia on kahta eri tyyppi\u00e4: HSV-1 ja HSV-2. Molemmat n\u00e4m\u00e4 virustyypit voivat aiheuttaa herpesrokahtumia suun ymp\u00e4rist\u00f6ss\u00e4 (huuliherpes) ja sukuelinten alueella (sukupuolielinherpes).\",\"breadcrumb\":{\"@id\":\"https:\/\/www.sorefix.com\/fi\/yleista-huuliherpeksesta\/herpes-simplex-virus\/#breadcrumb\"},\"inLanguage\":\"fi\",\"potentialAction\":[{\"@type\":\"ReadAction\",\"target\":[\"https:\/\/www.sorefix.com\/fi\/yleista-huuliherpeksesta\/herpes-simplex-virus\/\"]}]},{\"@type\":\"ImageObject\",\"inLanguage\":\"fi\",\"@id\":\"https:\/\/www.sorefix.com\/fi\/yleista-huuliherpeksesta\/herpes-simplex-virus\/#primaryimage\",\"url\":\"https:\/\/www.sorefix.com\/fi\/files\/2017\/05\/koortslip-header.png\",\"contentUrl\":\"https:\/\/www.sorefix.com\/fi\/files\/2017\/05\/koortslip-header.png\",\"width\":771,\"height\":211},{\"@type\":\"BreadcrumbList\",\"@id\":\"https:\/\/www.sorefix.com\/fi\/yleista-huuliherpeksesta\/herpes-simplex-virus\/#breadcrumb\",\"itemListElement\":[{\"@type\":\"ListItem\",\"position\":1,\"name\":\"Home\",\"item\":\"https:\/\/www.sorefix.com\/fi\/\"},{\"@type\":\"ListItem\",\"position\":2,\"name\":\"Yleist\u00e4 huuliherpeksest\u00e4\",\"item\":\"https:\/\/www.sorefix.com\/fi\/yleista-huuliherpeksesta\/\"},{\"@type\":\"ListItem\",\"position\":3,\"name\":\"Herpes simplex -virus\"}]},{\"@type\":\"WebSite\",\"@id\":\"https:\/\/www.sorefix.com\/fi\/#website\",\"url\":\"https:\/\/www.sorefix.com\/fi\/\",\"name\":\"SoreFix Finland\",\"description\":\"\",\"potentialAction\":[{\"@type\":\"SearchAction\",\"target\":{\"@type\":\"EntryPoint\",\"urlTemplate\":\"https:\/\/www.sorefix.com\/fi\/?s={search_term_string}\"},\"query-input\":{\"@type\":\"PropertyValueSpecification\",\"valueRequired\":true,\"valueName\":\"search_term_string\"}}],\"inLanguage\":\"fi\"}]}<\/script>\n<!-- \/ Yoast SEO plugin. -->","yoast_head_json":{"title":"Huuliherpeksen aiheuttaa Herpes simplex -niminen virus (HSV)","description":"Herpes simplex -viruksia on kahta eri tyyppi\u00e4: HSV-1 ja HSV-2. Molemmat n\u00e4m\u00e4 virustyypit voivat aiheuttaa herpesrokahtumia suun ymp\u00e4rist\u00f6ss\u00e4 (huuliherpes) ja sukuelinten alueella (sukupuolielinherpes).","robots":{"index":"index","follow":"follow","max-snippet":"max-snippet:-1","max-image-preview":"max-image-preview:large","max-video-preview":"max-video-preview:-1"},"canonical":"https:\/\/www.sorefix.com\/fi\/yleista-huuliherpeksesta\/herpes-simplex-virus\/","og_locale":"fi_FI","og_type":"article","og_title":"Huuliherpeksen aiheuttaa Herpes simplex -niminen virus (HSV)","og_description":"Herpes simplex -viruksia on kahta eri tyyppi\u00e4: HSV-1 ja HSV-2. Molemmat n\u00e4m\u00e4 virustyypit voivat aiheuttaa herpesrokahtumia suun ymp\u00e4rist\u00f6ss\u00e4 (huuliherpes) ja sukuelinten alueella (sukupuolielinherpes).","og_url":"https:\/\/www.sorefix.com\/fi\/yleista-huuliherpeksesta\/herpes-simplex-virus\/","og_site_name":"SoreFix Finland","article_modified_time":"2017-09-07T15:58:03+00:00","og_image":[{"width":771,"height":211,"url":"https:\/\/www.sorefix.com\/fi\/files\/2017\/05\/koortslip-header.png","type":"image\/png"}],"twitter_card":"summary_large_image","twitter_misc":{"Est. reading time":"2 minutes"},"schema":{"@context":"https:\/\/schema.org","@graph":[{"@type":"WebPage","@id":"https:\/\/www.sorefix.com\/fi\/yleista-huuliherpeksesta\/herpes-simplex-virus\/","url":"https:\/\/www.sorefix.com\/fi\/yleista-huuliherpeksesta\/herpes-simplex-virus\/","name":"Huuliherpeksen aiheuttaa Herpes simplex -niminen virus (HSV)","isPartOf":{"@id":"https:\/\/www.sorefix.com\/fi\/#website"},"primaryImageOfPage":{"@id":"https:\/\/www.sorefix.com\/fi\/yleista-huuliherpeksesta\/herpes-simplex-virus\/#primaryimage"},"image":{"@id":"https:\/\/www.sorefix.com\/fi\/yleista-huuliherpeksesta\/herpes-simplex-virus\/#primaryimage"},"thumbnailUrl":"https:\/\/www.sorefix.com\/fi\/files\/2017\/05\/koortslip-header.png","datePublished":"2017-03-14T11:50:08+00:00","dateModified":"2017-09-07T15:58:03+00:00","description":"Herpes simplex -viruksia on kahta eri tyyppi\u00e4: HSV-1 ja HSV-2. Molemmat n\u00e4m\u00e4 virustyypit voivat aiheuttaa herpesrokahtumia suun ymp\u00e4rist\u00f6ss\u00e4 (huuliherpes) ja sukuelinten alueella (sukupuolielinherpes).","breadcrumb":{"@id":"https:\/\/www.sorefix.com\/fi\/yleista-huuliherpeksesta\/herpes-simplex-virus\/#breadcrumb"},"inLanguage":"fi","potentialAction":[{"@type":"ReadAction","target":["https:\/\/www.sorefix.com\/fi\/yleista-huuliherpeksesta\/herpes-simplex-virus\/"]}]},{"@type":"ImageObject","inLanguage":"fi","@id":"https:\/\/www.sorefix.com\/fi\/yleista-huuliherpeksesta\/herpes-simplex-virus\/#primaryimage","url":"https:\/\/www.sorefix.com\/fi\/files\/2017\/05\/koortslip-header.png","contentUrl":"https:\/\/www.sorefix.com\/fi\/files\/2017\/05\/koortslip-header.png","width":771,"height":211},{"@type":"BreadcrumbList","@id":"https:\/\/www.sorefix.com\/fi\/yleista-huuliherpeksesta\/herpes-simplex-virus\/#breadcrumb","itemListElement":[{"@type":"ListItem","position":1,"name":"Home","item":"https:\/\/www.sorefix.com\/fi\/"},{"@type":"ListItem","position":2,"name":"Yleist\u00e4 huuliherpeksest\u00e4","item":"https:\/\/www.sorefix.com\/fi\/yleista-huuliherpeksesta\/"},{"@type":"ListItem","position":3,"name":"Herpes simplex -virus"}]},{"@type":"WebSite","@id":"https:\/\/www.sorefix.com\/fi\/#website","url":"https:\/\/www.sorefix.com\/fi\/","name":"SoreFix Finland","description":"","potentialAction":[{"@type":"SearchAction","target":{"@type":"EntryPoint","urlTemplate":"https:\/\/www.sorefix.com\/fi\/?s={search_term_string}"},"query-input":{"@type":"PropertyValueSpecification","valueRequired":true,"valueName":"search_term_string"}}],"inLanguage":"fi"}]}},"_links":{"self":[{"href":"https:\/\/www.sorefix.com\/fi\/wp-json\/wp\/v2\/pages\/276","targetHints":{"allow":["GET"]}}],"collection":[{"href":"https:\/\/www.sorefix.com\/fi\/wp-json\/wp\/v2\/pages"}],"about":[{"href":"https:\/\/www.sorefix.com\/fi\/wp-json\/wp\/v2\/types\/page"}],"author":[{"embeddable":true,"href":"https:\/\/www.sorefix.com\/fi\/wp-json\/wp\/v2\/users\/7"}],"replies":[{"embeddable":true,"href":"https:\/\/www.sorefix.com\/fi\/wp-json\/wp\/v2\/comments?post=276"}],"version-history":[{"count":0,"href":"https:\/\/www.sorefix.com\/fi\/wp-json\/wp\/v2\/pages\/276\/revisions"}],"up":[{"embeddable":true,"href":"https:\/\/www.sorefix.com\/fi\/wp-json\/wp\/v2\/pages\/273"}],"wp:featuredmedia":[{"embeddable":true,"href":"https:\/\/www.sorefix.com\/fi\/wp-json\/wp\/v2\/media\/773"}],"wp:attachment":[{"href":"https:\/\/www.sorefix.com\/fi\/wp-json\/wp\/v2\/media?parent=276"}],"curies":[{"name":"wp","href":"https:\/\/api.w.org\/{rel}","templated":true}]}}