{"id":280,"date":"2017-03-14T12:51:22","date_gmt":"2017-03-14T11:51:22","guid":{"rendered":"\/\/www.sorefix.com\/ned\/?page_id=280"},"modified":"2017-09-11T14:01:50","modified_gmt":"2017-09-11T14:01:50","slug":"laukaisevat-tekijat","status":"publish","type":"page","link":"https:\/\/www.sorefix.com\/fi\/yleista-huuliherpeksesta\/laukaisevat-tekijat\/","title":{"rendered":"Huuliherpeksen laukaisevat tekij\u00e4t"},"content":{"rendered":"<div id='page-content-section-margin'  class='avia-section av-av_section-7be1d342760be2d7fd5a39e2e96db480 main_color avia-section-default avia-no-border-styling  avia-builder-el-0  el_before_av_section  avia-builder-el-first  avia-bg-style-scroll container_wrap fullsize'  ><div class='container av-section-cont-open' ><main  role=\"main\" itemprop=\"mainContentOfPage\"  class='template-page content  av-content-full alpha units'><div class='post-entry post-entry-type-page post-entry-280'><div class='entry-content-wrapper clearfix'>\n<section  class='av_textblock_section av-av_textblock-0366cc7376be6c9e82a3e9cc8987b64f '   itemscope=\"itemscope\" itemtype=\"https:\/\/schema.org\/CreativeWork\" ><div class='avia_textblock'  itemprop=\"text\" ><p>Huuliherpeksen puhkeamisen ennaltaehk\u00e4isemiseksi on t\u00e4rke\u00e4 v\u00e4ltt\u00e4\u00e4 Herpes simplex -virusta aktivoivia tekij\u00f6it\u00e4. L\u00e4hes jokainen, jolla esiintyy huuliherpest\u00e4, tiet\u00e4\u00e4 milloin huuliherpes helposti ilmaantuu.<br \/>\nTavallisia laukaisevia tekij\u00f6it\u00e4 ovat:<\/p>\n<\/div><\/section>\n\n<style type=\"text\/css\" data-created_by=\"avia_inline_auto\" id=\"style-css-av-av_one_half-9497bbf8bff73ea4c6992cc17fa9ec36\">\n.flex_column.av-av_one_half-9497bbf8bff73ea4c6992cc17fa9ec36{\nborder-radius:0px 0px 0px 0px;\npadding:0px 0px 0px 0px;\n}\n<\/style>\n<div  class='flex_column av-av_one_half-9497bbf8bff73ea4c6992cc17fa9ec36 av_one_half  avia-builder-el-2  el_after_av_textblock  el_before_av_one_half  first flex_column_div av-zero-column-padding  column-top-margin'     ><p><section  class='av_textblock_section av-av_textblock-0366cc7376be6c9e82a3e9cc8987b64f '   itemscope=\"itemscope\" itemtype=\"https:\/\/schema.org\/CreativeWork\" ><div class='avia_textblock'  itemprop=\"text\" ><p><img loading=\"lazy\" decoding=\"async\" class=\"alignleft wp-image-491\" src=\"http:\/\/www.sorefix.com\/nl\/files\/2017\/05\/Vermoeidheid.png\" alt=\"\" width=\"60\" height=\"60\" \/><\/p>\n<h3>Uupumus<\/h3>\n<\/div><\/section><br \/>\n<section  class='av_textblock_section av-av_textblock-0366cc7376be6c9e82a3e9cc8987b64f '   itemscope=\"itemscope\" itemtype=\"https:\/\/schema.org\/CreativeWork\" ><div class='avia_textblock'  itemprop=\"text\" ><p><img loading=\"lazy\" decoding=\"async\" class=\"alignleft wp-image-490\" src=\"http:\/\/www.sorefix.com\/nl\/files\/2017\/05\/Verminderde-weerstand.png\" alt=\"\" width=\"60\" height=\"60\" \/><\/p>\n<h3>Heikentynyt vastustuskyky<\/h3>\n<\/div><\/section><br \/>\n<section  class='av_textblock_section av-av_textblock-0366cc7376be6c9e82a3e9cc8987b64f '   itemscope=\"itemscope\" itemtype=\"https:\/\/schema.org\/CreativeWork\" ><div class='avia_textblock'  itemprop=\"text\" ><p><img loading=\"lazy\" decoding=\"async\" class=\"alignleft wp-image-490\" src=\"http:\/\/www.sorefix.com\/nl\/files\/2017\/05\/Verminderde-weerstand.png\" alt=\"\" width=\"60\" height=\"60\" \/><\/p>\n<h3>Sairaudet, kuten kuume,<br \/>\nvilustuminen jne.<\/h3>\n<\/div><\/section><br \/>\n<section  class='av_textblock_section av-av_textblock-0366cc7376be6c9e82a3e9cc8987b64f '   itemscope=\"itemscope\" itemtype=\"https:\/\/schema.org\/CreativeWork\" ><div class='avia_textblock'  itemprop=\"text\" ><p><img loading=\"lazy\" decoding=\"async\" class=\"alignleft wp-image-486\" src=\"http:\/\/www.sorefix.com\/nl\/files\/2017\/05\/Extreme-kou.png\" alt=\"\" width=\"60\" height=\"60\" \/><\/p>\n<h3>Pakkaskeli<\/h3>\n<\/div><\/section><\/p><\/div>\n<style type=\"text\/css\" data-created_by=\"avia_inline_auto\" id=\"style-css-av-av_one_half-9c1d454dc06f7247226bc4e8f931daae\">\n.flex_column.av-av_one_half-9c1d454dc06f7247226bc4e8f931daae{\nborder-radius:0px 0px 0px 0px;\npadding:0px 0px 0px 0px;\n}\n<\/style>\n<div  class='flex_column av-av_one_half-9c1d454dc06f7247226bc4e8f931daae av_one_half  avia-builder-el-7  el_after_av_one_half  el_before_av_hr  flex_column_div av-zero-column-padding  column-top-margin'     ><p><section  class='av_textblock_section av-av_textblock-0366cc7376be6c9e82a3e9cc8987b64f '   itemscope=\"itemscope\" itemtype=\"https:\/\/schema.org\/CreativeWork\" ><div class='avia_textblock'  itemprop=\"text\" ><p><img loading=\"lazy\" decoding=\"async\" class=\"alignleft wp-image-492\" src=\"http:\/\/www.sorefix.com\/nl\/files\/2017\/05\/Zonlicht-UV-straling.png\" alt=\"\" width=\"60\" height=\"60\" \/><\/p>\n<h3>Altistuminen voimakkaalle<br \/>\nauringonvalolle (UV-valolle)<\/h3>\n<\/div><\/section><br \/>\n<section  class='av_textblock_section av-av_textblock-0366cc7376be6c9e82a3e9cc8987b64f '   itemscope=\"itemscope\" itemtype=\"https:\/\/schema.org\/CreativeWork\" ><div class='avia_textblock'  itemprop=\"text\" ><p><img loading=\"lazy\" decoding=\"async\" class=\"alignleft wp-image-487\" src=\"http:\/\/www.sorefix.com\/nl\/files\/2017\/05\/Hormonale-veranderingen.png\" alt=\"\" width=\"60\" height=\"60\" \/><\/p>\n<h3>Kuukautiset<\/h3>\n<\/div><\/section><br \/>\n<section  class='av_textblock_section av-av_textblock-0366cc7376be6c9e82a3e9cc8987b64f '   itemscope=\"itemscope\" itemtype=\"https:\/\/schema.org\/CreativeWork\" ><div class='avia_textblock'  itemprop=\"text\" ><p><img loading=\"lazy\" decoding=\"async\" class=\"alignleft wp-image-488\" src=\"http:\/\/www.sorefix.com\/nl\/files\/2017\/05\/Schrale-of-droge-lippen.png\" alt=\"\" width=\"60\" height=\"60\" \/><\/p>\n<h3>Kuivat tai rohtuneet huulet<\/h3>\n<\/div><\/section><br \/>\n<section  class='av_textblock_section av-av_textblock-0366cc7376be6c9e82a3e9cc8987b64f '   itemscope=\"itemscope\" itemtype=\"https:\/\/schema.org\/CreativeWork\" ><div class='avia_textblock'  itemprop=\"text\" ><p><img loading=\"lazy\" decoding=\"async\" class=\"alignleft wp-image-489\" src=\"http:\/\/www.sorefix.com\/nl\/files\/2017\/05\/Stress.png\" alt=\"\" width=\"60\" height=\"60\" \/><\/p>\n<h3>Stressi<\/h3>\n<\/div><\/section><\/p><\/div>\n<style type=\"text\/css\" data-created_by=\"avia_inline_auto\" id=\"style-css-av-av_hr-bd84104f09c397338597807ab31c6aca\">\n#top .hr.hr-invisible.av-av_hr-bd84104f09c397338597807ab31c6aca{\nheight:15px;\n}\n<\/style>\n<div  class='hr av-av_hr-bd84104f09c397338597807ab31c6aca hr-invisible  avia-builder-el-12  el_after_av_one_half  el_before_av_textblock '><span class='hr-inner '><span class=\"hr-inner-style\"><\/span><\/span><\/div>\n<section  class='av_textblock_section av-av_textblock-0366cc7376be6c9e82a3e9cc8987b64f '   itemscope=\"itemscope\" itemtype=\"https:\/\/schema.org\/CreativeWork\" ><div class='avia_textblock'  itemprop=\"text\" ><h3><strong>Haluatko ehk\u00e4ist\u00e4 huuliherpeksen puhkeamisen?<\/strong><\/h3>\n<p>Huuliherpeksen laukaisevat tekij\u00e4t vaihtelevat henkil\u00f6st\u00e4 toiseen. Yrit\u00e4 selvitt\u00e4\u00e4 mik\u00e4 tai mitk\u00e4 tekij\u00e4t aiheuttavat sinulle huuliherpeksen, ja kun altistut n\u00e4ille tekij\u00f6ille suojaa huulesi <a href=\"http:\/\/www.sorefix.com\/fi\/tietoa-tuotteesta\/sorefix-ehkaiseva-huuliherpesvoide\/\">SoreFix Ehk\u00e4isev\u00e4 huuliherpesvoiteella<\/a>.<\/p>\n<\/div><\/section>\n<\/div><\/div><\/main><!-- close content main element --><\/div><\/div><div id='content_footer'  class='avia-section av-av_section-1dc5195c9be8ee2b622704d461f10731 main_color avia-section-no-padding avia-no-border-styling  avia-builder-el-14  el_after_av_section  avia-builder-el-last  avia-bg-style-scroll container_wrap fullsize'  ><div class='container av-section-cont-open' ><div class='template-page content  av-content-full alpha units'><div class='post-entry post-entry-type-page post-entry-280'><div class='entry-content-wrapper clearfix'>\n<div  class='avia-builder-widget-area clearfix  avia-builder-el-15  avia-builder-el-no-sibling '><div id=\"text-5\" class=\"widget clearfix widget_text\">\t\t\t<div class=\"textwidget\"><a class=\"duopack\" href=\"\/fi\/tietoa-tuotteesta\/sorefix-toimii-eri-tavalla\/\"><img decoding=\"async\" title=\"Miksi SoreFix\" src=\"\/fi\/files\/2024\/03\/sorefix-duo-widget.jpg\" alt=\"Miksi SoreFix\" \/><\/a>\r\n<div class=\"av_promobox text\">\r\n<h3>Miksi SoreFix?<\/h3>\r\n<\/div><\/div>\n\t\t<\/div><div id=\"text-6\" class=\"widget clearfix widget_text\">\t\t\t<div class=\"textwidget\"><a href=\"\/fi\/elamaa-huuliherpeksen-kanssa\/vauvat-ja-huuliherpes\"><img decoding=\"async\" title=\"Baby en koortslip - SoreFix\" src=\"\/nl\/files\/2017\/05\/baby.jpg\" alt=\"Vauvat ja huuliherpes - SoreFix\" \/><\/a>\r\n<div class=\"av_promobox text\">\r\n<h3>Vauvat ja huuliherpes<\/h3>\r\n<\/div><\/div>\n\t\t<\/div><div id=\"text-7\" class=\"widget clearfix widget_text\">\t\t\t<div class=\"textwidget\"><a href=\"\/fi\/mista-sorefixia-voi-ostaa\/\"><img decoding=\"async\" title=\"Osta SoreFixia t\u00e4\u00e4lt\u00e4\" src=\"\/fi\/files\/2016\/12\/sorefix-buy.jpg\" alt=\"Osta SoreFixia t\u00e4\u00e4lt\u00e4\" \/><\/a>\r\n<div class=\"av_promobox text\">\r\n<h3>Osta SoreFixia t\u00e4\u00e4lt\u00e4<\/h3>\r\n<\/div><\/div>\n\t\t<\/div><\/div>\n<\/p>\n","protected":false},"excerpt":{"rendered":"","protected":false},"author":7,"featured_media":773,"parent":273,"menu_order":11,"comment_status":"closed","ping_status":"closed","template":"","meta":{"_acf_changed":false,"footnotes":""},"class_list":["post-280","page","type-page","status-publish","has-post-thumbnail","hentry"],"acf":[],"yoast_head":"<!-- This site is optimized with the Yoast SEO plugin v26.9 - https:\/\/yoast.com\/product\/yoast-seo-wordpress\/ -->\n<title>Huuliherpeksen laukaisevat tekij\u00e4t ovat tekij\u00f6it\u00e4 jotka voivat aktivoida huuliherpeksen<\/title>\n<meta name=\"description\" content=\"Useampi eri tekij\u00e4 voi aktivoida Herpes simplex -viruksen ja aiheuttaa huuliherpeksen puhkeamisen. Huuliherpesrokahtumat aiheutuvat yleens\u00e4 fyysisest\u00e4 tai psyykkisest\u00e4 stressist\u00e4.\" \/>\n<meta name=\"robots\" content=\"index, follow, max-snippet:-1, max-image-preview:large, max-video-preview:-1\" \/>\n<link rel=\"canonical\" href=\"https:\/\/www.sorefix.com\/fi\/yleista-huuliherpeksesta\/laukaisevat-tekijat\/\" \/>\n<meta property=\"og:locale\" content=\"fi_FI\" \/>\n<meta property=\"og:type\" content=\"article\" \/>\n<meta property=\"og:title\" content=\"Huuliherpeksen laukaisevat tekij\u00e4t ovat tekij\u00f6it\u00e4 jotka voivat aktivoida huuliherpeksen\" \/>\n<meta property=\"og:description\" content=\"Useampi eri tekij\u00e4 voi aktivoida Herpes simplex -viruksen ja aiheuttaa huuliherpeksen puhkeamisen. Huuliherpesrokahtumat aiheutuvat yleens\u00e4 fyysisest\u00e4 tai psyykkisest\u00e4 stressist\u00e4.\" \/>\n<meta property=\"og:url\" content=\"https:\/\/www.sorefix.com\/fi\/yleista-huuliherpeksesta\/laukaisevat-tekijat\/\" \/>\n<meta property=\"og:site_name\" content=\"SoreFix Finland\" \/>\n<meta property=\"article:modified_time\" content=\"2017-09-11T14:01:50+00:00\" \/>\n<meta property=\"og:image\" content=\"https:\/\/www.sorefix.com\/fi\/files\/2017\/05\/koortslip-header.png\" \/>\n\t<meta property=\"og:image:width\" content=\"771\" \/>\n\t<meta property=\"og:image:height\" content=\"211\" \/>\n\t<meta property=\"og:image:type\" content=\"image\/png\" \/>\n<meta name=\"twitter:card\" content=\"summary_large_image\" \/>\n<meta name=\"twitter:label1\" content=\"Est. reading time\" \/>\n\t<meta name=\"twitter:data1\" content=\"2 minutes\" \/>\n<script type=\"application\/ld+json\" class=\"yoast-schema-graph\">{\"@context\":\"https:\/\/schema.org\",\"@graph\":[{\"@type\":\"WebPage\",\"@id\":\"https:\/\/www.sorefix.com\/fi\/yleista-huuliherpeksesta\/laukaisevat-tekijat\/\",\"url\":\"https:\/\/www.sorefix.com\/fi\/yleista-huuliherpeksesta\/laukaisevat-tekijat\/\",\"name\":\"Huuliherpeksen laukaisevat tekij\u00e4t ovat tekij\u00f6it\u00e4 jotka voivat aktivoida huuliherpeksen\",\"isPartOf\":{\"@id\":\"https:\/\/www.sorefix.com\/fi\/#website\"},\"primaryImageOfPage\":{\"@id\":\"https:\/\/www.sorefix.com\/fi\/yleista-huuliherpeksesta\/laukaisevat-tekijat\/#primaryimage\"},\"image\":{\"@id\":\"https:\/\/www.sorefix.com\/fi\/yleista-huuliherpeksesta\/laukaisevat-tekijat\/#primaryimage\"},\"thumbnailUrl\":\"https:\/\/www.sorefix.com\/fi\/files\/2017\/05\/koortslip-header.png\",\"datePublished\":\"2017-03-14T11:51:22+00:00\",\"dateModified\":\"2017-09-11T14:01:50+00:00\",\"description\":\"Useampi eri tekij\u00e4 voi aktivoida Herpes simplex -viruksen ja aiheuttaa huuliherpeksen puhkeamisen. Huuliherpesrokahtumat aiheutuvat yleens\u00e4 fyysisest\u00e4 tai psyykkisest\u00e4 stressist\u00e4.\",\"breadcrumb\":{\"@id\":\"https:\/\/www.sorefix.com\/fi\/yleista-huuliherpeksesta\/laukaisevat-tekijat\/#breadcrumb\"},\"inLanguage\":\"fi\",\"potentialAction\":[{\"@type\":\"ReadAction\",\"target\":[\"https:\/\/www.sorefix.com\/fi\/yleista-huuliherpeksesta\/laukaisevat-tekijat\/\"]}]},{\"@type\":\"ImageObject\",\"inLanguage\":\"fi\",\"@id\":\"https:\/\/www.sorefix.com\/fi\/yleista-huuliherpeksesta\/laukaisevat-tekijat\/#primaryimage\",\"url\":\"https:\/\/www.sorefix.com\/fi\/files\/2017\/05\/koortslip-header.png\",\"contentUrl\":\"https:\/\/www.sorefix.com\/fi\/files\/2017\/05\/koortslip-header.png\",\"width\":771,\"height\":211},{\"@type\":\"BreadcrumbList\",\"@id\":\"https:\/\/www.sorefix.com\/fi\/yleista-huuliherpeksesta\/laukaisevat-tekijat\/#breadcrumb\",\"itemListElement\":[{\"@type\":\"ListItem\",\"position\":1,\"name\":\"Home\",\"item\":\"https:\/\/www.sorefix.com\/fi\/\"},{\"@type\":\"ListItem\",\"position\":2,\"name\":\"Yleist\u00e4 huuliherpeksest\u00e4\",\"item\":\"https:\/\/www.sorefix.com\/fi\/yleista-huuliherpeksesta\/\"},{\"@type\":\"ListItem\",\"position\":3,\"name\":\"Huuliherpeksen laukaisevat tekij\u00e4t\"}]},{\"@type\":\"WebSite\",\"@id\":\"https:\/\/www.sorefix.com\/fi\/#website\",\"url\":\"https:\/\/www.sorefix.com\/fi\/\",\"name\":\"SoreFix Finland\",\"description\":\"\",\"potentialAction\":[{\"@type\":\"SearchAction\",\"target\":{\"@type\":\"EntryPoint\",\"urlTemplate\":\"https:\/\/www.sorefix.com\/fi\/?s={search_term_string}\"},\"query-input\":{\"@type\":\"PropertyValueSpecification\",\"valueRequired\":true,\"valueName\":\"search_term_string\"}}],\"inLanguage\":\"fi\"}]}<\/script>\n<!-- \/ Yoast SEO plugin. -->","yoast_head_json":{"title":"Huuliherpeksen laukaisevat tekij\u00e4t ovat tekij\u00f6it\u00e4 jotka voivat aktivoida huuliherpeksen","description":"Useampi eri tekij\u00e4 voi aktivoida Herpes simplex -viruksen ja aiheuttaa huuliherpeksen puhkeamisen. Huuliherpesrokahtumat aiheutuvat yleens\u00e4 fyysisest\u00e4 tai psyykkisest\u00e4 stressist\u00e4.","robots":{"index":"index","follow":"follow","max-snippet":"max-snippet:-1","max-image-preview":"max-image-preview:large","max-video-preview":"max-video-preview:-1"},"canonical":"https:\/\/www.sorefix.com\/fi\/yleista-huuliherpeksesta\/laukaisevat-tekijat\/","og_locale":"fi_FI","og_type":"article","og_title":"Huuliherpeksen laukaisevat tekij\u00e4t ovat tekij\u00f6it\u00e4 jotka voivat aktivoida huuliherpeksen","og_description":"Useampi eri tekij\u00e4 voi aktivoida Herpes simplex -viruksen ja aiheuttaa huuliherpeksen puhkeamisen. Huuliherpesrokahtumat aiheutuvat yleens\u00e4 fyysisest\u00e4 tai psyykkisest\u00e4 stressist\u00e4.","og_url":"https:\/\/www.sorefix.com\/fi\/yleista-huuliherpeksesta\/laukaisevat-tekijat\/","og_site_name":"SoreFix Finland","article_modified_time":"2017-09-11T14:01:50+00:00","og_image":[{"width":771,"height":211,"url":"https:\/\/www.sorefix.com\/fi\/files\/2017\/05\/koortslip-header.png","type":"image\/png"}],"twitter_card":"summary_large_image","twitter_misc":{"Est. reading time":"2 minutes"},"schema":{"@context":"https:\/\/schema.org","@graph":[{"@type":"WebPage","@id":"https:\/\/www.sorefix.com\/fi\/yleista-huuliherpeksesta\/laukaisevat-tekijat\/","url":"https:\/\/www.sorefix.com\/fi\/yleista-huuliherpeksesta\/laukaisevat-tekijat\/","name":"Huuliherpeksen laukaisevat tekij\u00e4t ovat tekij\u00f6it\u00e4 jotka voivat aktivoida huuliherpeksen","isPartOf":{"@id":"https:\/\/www.sorefix.com\/fi\/#website"},"primaryImageOfPage":{"@id":"https:\/\/www.sorefix.com\/fi\/yleista-huuliherpeksesta\/laukaisevat-tekijat\/#primaryimage"},"image":{"@id":"https:\/\/www.sorefix.com\/fi\/yleista-huuliherpeksesta\/laukaisevat-tekijat\/#primaryimage"},"thumbnailUrl":"https:\/\/www.sorefix.com\/fi\/files\/2017\/05\/koortslip-header.png","datePublished":"2017-03-14T11:51:22+00:00","dateModified":"2017-09-11T14:01:50+00:00","description":"Useampi eri tekij\u00e4 voi aktivoida Herpes simplex -viruksen ja aiheuttaa huuliherpeksen puhkeamisen. Huuliherpesrokahtumat aiheutuvat yleens\u00e4 fyysisest\u00e4 tai psyykkisest\u00e4 stressist\u00e4.","breadcrumb":{"@id":"https:\/\/www.sorefix.com\/fi\/yleista-huuliherpeksesta\/laukaisevat-tekijat\/#breadcrumb"},"inLanguage":"fi","potentialAction":[{"@type":"ReadAction","target":["https:\/\/www.sorefix.com\/fi\/yleista-huuliherpeksesta\/laukaisevat-tekijat\/"]}]},{"@type":"ImageObject","inLanguage":"fi","@id":"https:\/\/www.sorefix.com\/fi\/yleista-huuliherpeksesta\/laukaisevat-tekijat\/#primaryimage","url":"https:\/\/www.sorefix.com\/fi\/files\/2017\/05\/koortslip-header.png","contentUrl":"https:\/\/www.sorefix.com\/fi\/files\/2017\/05\/koortslip-header.png","width":771,"height":211},{"@type":"BreadcrumbList","@id":"https:\/\/www.sorefix.com\/fi\/yleista-huuliherpeksesta\/laukaisevat-tekijat\/#breadcrumb","itemListElement":[{"@type":"ListItem","position":1,"name":"Home","item":"https:\/\/www.sorefix.com\/fi\/"},{"@type":"ListItem","position":2,"name":"Yleist\u00e4 huuliherpeksest\u00e4","item":"https:\/\/www.sorefix.com\/fi\/yleista-huuliherpeksesta\/"},{"@type":"ListItem","position":3,"name":"Huuliherpeksen laukaisevat tekij\u00e4t"}]},{"@type":"WebSite","@id":"https:\/\/www.sorefix.com\/fi\/#website","url":"https:\/\/www.sorefix.com\/fi\/","name":"SoreFix Finland","description":"","potentialAction":[{"@type":"SearchAction","target":{"@type":"EntryPoint","urlTemplate":"https:\/\/www.sorefix.com\/fi\/?s={search_term_string}"},"query-input":{"@type":"PropertyValueSpecification","valueRequired":true,"valueName":"search_term_string"}}],"inLanguage":"fi"}]}},"_links":{"self":[{"href":"https:\/\/www.sorefix.com\/fi\/wp-json\/wp\/v2\/pages\/280","targetHints":{"allow":["GET"]}}],"collection":[{"href":"https:\/\/www.sorefix.com\/fi\/wp-json\/wp\/v2\/pages"}],"about":[{"href":"https:\/\/www.sorefix.com\/fi\/wp-json\/wp\/v2\/types\/page"}],"author":[{"embeddable":true,"href":"https:\/\/www.sorefix.com\/fi\/wp-json\/wp\/v2\/users\/7"}],"replies":[{"embeddable":true,"href":"https:\/\/www.sorefix.com\/fi\/wp-json\/wp\/v2\/comments?post=280"}],"version-history":[{"count":0,"href":"https:\/\/www.sorefix.com\/fi\/wp-json\/wp\/v2\/pages\/280\/revisions"}],"up":[{"embeddable":true,"href":"https:\/\/www.sorefix.com\/fi\/wp-json\/wp\/v2\/pages\/273"}],"wp:featuredmedia":[{"embeddable":true,"href":"https:\/\/www.sorefix.com\/fi\/wp-json\/wp\/v2\/media\/773"}],"wp:attachment":[{"href":"https:\/\/www.sorefix.com\/fi\/wp-json\/wp\/v2\/media?parent=280"}],"curies":[{"name":"wp","href":"https:\/\/api.w.org\/{rel}","templated":true}]}}