{"id":283,"date":"2017-03-14T12:54:33","date_gmt":"2017-03-14T11:54:33","guid":{"rendered":"\/\/www.sorefix.com\/ned\/?page_id=283"},"modified":"2017-09-14T07:53:45","modified_gmt":"2017-09-14T07:53:45","slug":"huuliherpeksen-eri-vaiheet","status":"publish","type":"page","link":"https:\/\/www.sorefix.com\/fi\/yleista-huuliherpeksesta\/huuliherpeksen-eri-vaiheet\/","title":{"rendered":"Huuliherpeksen nelj\u00e4 vaihetta"},"content":{"rendered":"<div id='page-content-section-margin'  class='avia-section av-av_section-7be1d342760be2d7fd5a39e2e96db480 main_color avia-section-default avia-no-border-styling  avia-builder-el-0  el_before_av_section  avia-builder-el-first  avia-bg-style-scroll container_wrap fullsize'  ><div class='container av-section-cont-open' ><main  role=\"main\" itemprop=\"mainContentOfPage\"  class='template-page content  av-content-full alpha units'><div class='post-entry post-entry-type-page post-entry-283'><div class='entry-content-wrapper clearfix'>\n\n<style type=\"text\/css\" data-created_by=\"avia_inline_auto\" id=\"style-css-av-av_three_fifth-4f71affefb2767b0d4aacb5c1c60140d\">\n.flex_column.av-av_three_fifth-4f71affefb2767b0d4aacb5c1c60140d{\nborder-radius:0px 0px 0px 0px;\npadding:0px 0px 0px 0px;\n}\n<\/style>\n<div  class='flex_column av-av_three_fifth-4f71affefb2767b0d4aacb5c1c60140d av_three_fifth  avia-builder-el-1  el_before_av_two_fifth  avia-builder-el-first  first no_margin flex_column_div av-zero-column-padding  '     ><section  class='av_textblock_section av-av_textblock-0366cc7376be6c9e82a3e9cc8987b64f '   itemscope=\"itemscope\" itemtype=\"https:\/\/schema.org\/CreativeWork\" ><div class='avia_textblock'  itemprop=\"text\" ><p>Useampi eri tekij\u00e4 voi aktivoida Herpes simplex -viruksen ja aiheuttaa huuliherpeksen puhkeamisen. Kun virus uudelleenaktivoituu ilmaantuu huuliherpesrokahtuma. Huuliherpeksen kierrossa on nelj\u00e4 p\u00e4\u00e4vaihetta ja Herpes simplex -virus voi tarttua kaikissa n\u00e4iss\u00e4 vaiheessa. Yhteens\u00e4 n\u00e4m\u00e4 vaiheet viev\u00e4t noin 7 \u2013 10 vrk, mutta ne voivat joskus kest\u00e4\u00e4 jopa 2 viikkoa tai pidemp\u00e4\u00e4n. On t\u00e4rke\u00e4\u00e4, ett\u00e4 hakeudut l\u00e4\u00e4k\u00e4riin, jos huuliherpeksesi ei ole l\u00e4htenyt paranemaan 14 vuorokaudessa.<\/p>\n<h3>Vaihe 1: Pistely ja kihelm\u00f6inti (p\u00e4iv\u00e4t 1-2)<\/h3>\n<p>Ennen kuin huuleesi ilmaantuu n\u00e4kyv\u00e4 rokahtuma, saatat havaita herpest\u00e4 enteilevi\u00e4, tavallisesta poikkeavia tuntemuksia huulissasi tai suusi ymp\u00e4rill\u00e4. Noin 70 \u2013 75 % potilaista kokee t\u00e4llaisia alkuoireita. Usein voit my\u00f6s tuntea ihosi kiristyv\u00e4n sill\u00e4 alueella, johon herpesrakkula on puhkeamassa. Infektio aiheuttaa my\u00f6s punoitusta ja turvotusta alueella, johon herpesrakkula on syntym\u00e4ss\u00e4. Huuliherpes voi tarttua jo n\u00e4in varhaisessa vaiheessa, joten v\u00e4lt\u00e4 l\u00e4heist\u00e4 fyysist\u00e4 kontaktia, jos tunnet herpesinfektion olevan aktivoitumassa.<\/p>\n<h3>Vaihe 2: Rakkulavaihe (p\u00e4iv\u00e4t 2-4)<\/h3>\n<p>Toisessa vaiheessa huuleen ilmestyy varsinainen rokahtuma \/ herpesrakkula. Rokahtuma-alue punoittaa ja on kipe\u00e4. Alueelle muodostuu pienten rakkuloiden rykelm\u00e4, joka saattaa yhdisty\u00e4 yhdeksi isoksi rakkulaksi. Rakkula sis\u00e4lt\u00e4\u00e4 nestett\u00e4, jossa on miljoonia viruksia.<\/p>\n<h3>Vaihe 3: Rakkuloiden puhkeamisvaihe (p\u00e4iv\u00e4t 4-5)<\/h3>\n<p>T\u00e4m\u00e4 on yleens\u00e4 kaikkein kivuliain vaihe, jolloin rakkulat repe\u00e4v\u00e4t. T\u00e4ss\u00e4 vaiheessa huuliherpes tarttuu kaikista helpoiten ja huuleen muodostuu avoin haavauma.<\/p>\n<h3><u><\/u>Vaihe 4: Paranemisvaihe (&gt;5 pv)<\/h3>\n<p>Rakkulat kuivuvat ja tilalle muodostuu keltainen tai ruskea rupi. Kun rupi l\u00e4htee kutistumaan, herpesalueelle saattaa synty\u00e4 kivuliaita halkeamia, jotka voivat vuotaa verta. Vanhan ruven ja mahdollisten halkeamien p\u00e4\u00e4lle muodostuu yh\u00e4 uusia ja edellist\u00e4 pienempi\u00e4 rupia kunnes haavauma on kokonaan parantunut.<\/p>\n<\/div><\/section><\/div>\n<style type=\"text\/css\" data-created_by=\"avia_inline_auto\" id=\"style-css-av-av_two_fifth-9c1d454dc06f7247226bc4e8f931daae\">\n.flex_column.av-av_two_fifth-9c1d454dc06f7247226bc4e8f931daae{\nborder-radius:0px 0px 0px 0px;\npadding:0px 0px 0px 0px;\n}\n<\/style>\n<div  class='flex_column av-av_two_fifth-9c1d454dc06f7247226bc4e8f931daae av_two_fifth  avia-builder-el-3  el_after_av_three_fifth  avia-builder-el-last  no_margin flex_column_div av-zero-column-padding  '     ><p>\n<style type=\"text\/css\" data-created_by=\"avia_inline_auto\" id=\"style-css-av-av_hr-a07f7596b1fca85f6595a75d593069df\">\n#top .hr.hr-invisible.av-av_hr-a07f7596b1fca85f6595a75d593069df{\nheight:40px;\n}\n<\/style>\n<div  class='hr av-av_hr-a07f7596b1fca85f6595a75d593069df hr-invisible  avia-builder-el-4  el_before_av_image  avia-builder-el-first '><span class='hr-inner '><span class=\"hr-inner-style\"><\/span><\/span><\/div><br \/>\n\n<style type=\"text\/css\" data-created_by=\"avia_inline_auto\" id=\"style-css-av-av_image-d5e993e0054f7d9318b70252672ac57e\">\n.avia-image-container.av-av_image-d5e993e0054f7d9318b70252672ac57e img.avia_image{\nbox-shadow:none;\n}\n.avia-image-container.av-av_image-d5e993e0054f7d9318b70252672ac57e .av-image-caption-overlay-center{\ncolor:#ffffff;\n}\n<\/style>\n<div  class='avia-image-container av-av_image-d5e993e0054f7d9318b70252672ac57e av-styling- avia-align-center  avia-builder-el-5  el_after_av_hr  avia-builder-el-last '   itemprop=\"image\" itemscope=\"itemscope\" itemtype=\"https:\/\/schema.org\/ImageObject\" ><div class=\"avia-image-container-inner\"><div class=\"avia-image-overlay-wrap\"><img decoding=\"async\" fetchpriority=\"high\" class='wp-image-730 avia-img-lazy-loading-not-730 avia_image ' src=\"https:\/\/www.sorefix.com\/fi\/files\/2017\/05\/phases.png\" alt='' title='phases'  height=\"396\" width=\"400\"  itemprop=\"thumbnailUrl\" srcset=\"https:\/\/www.sorefix.com\/fi\/files\/2017\/05\/phases.png 400w, https:\/\/www.sorefix.com\/fi\/files\/2017\/05\/phases-80x80.png 80w, https:\/\/www.sorefix.com\/fi\/files\/2017\/05\/phases-300x297.png 300w, https:\/\/www.sorefix.com\/fi\/files\/2017\/05\/phases-36x36.png 36w, https:\/\/www.sorefix.com\/fi\/files\/2017\/05\/phases-120x120.png 120w\" sizes=\"(max-width: 400px) 100vw, 400px\" \/><\/div><\/div><\/div><\/p><\/div><\/div><\/div><\/main><!-- close content main element --><\/div><\/div><div id='content_footer'  class='avia-section av-av_section-1dc5195c9be8ee2b622704d461f10731 main_color avia-section-no-padding avia-no-border-styling  avia-builder-el-6  el_after_av_section  avia-builder-el-last  avia-bg-style-scroll container_wrap fullsize'  ><div class='container av-section-cont-open' ><div class='template-page content  av-content-full alpha units'><div class='post-entry post-entry-type-page post-entry-283'><div class='entry-content-wrapper clearfix'>\n<div  class='avia-builder-widget-area clearfix  avia-builder-el-7  avia-builder-el-no-sibling '><div id=\"text-5\" class=\"widget clearfix widget_text\">\t\t\t<div class=\"textwidget\"><a class=\"duopack\" href=\"\/fi\/tietoa-tuotteesta\/sorefix-toimii-eri-tavalla\/\"><img decoding=\"async\" title=\"Miksi SoreFix\" src=\"\/fi\/files\/2024\/03\/sorefix-duo-widget.jpg\" alt=\"Miksi SoreFix\" \/><\/a>\r\n<div class=\"av_promobox text\">\r\n<h3>Miksi SoreFix?<\/h3>\r\n<\/div><\/div>\n\t\t<\/div><div id=\"text-6\" class=\"widget clearfix widget_text\">\t\t\t<div class=\"textwidget\"><a href=\"\/fi\/elamaa-huuliherpeksen-kanssa\/vauvat-ja-huuliherpes\"><img decoding=\"async\" title=\"Baby en koortslip - SoreFix\" src=\"\/nl\/files\/2017\/05\/baby.jpg\" alt=\"Vauvat ja huuliherpes - SoreFix\" \/><\/a>\r\n<div class=\"av_promobox text\">\r\n<h3>Vauvat ja huuliherpes<\/h3>\r\n<\/div><\/div>\n\t\t<\/div><div id=\"text-7\" class=\"widget clearfix widget_text\">\t\t\t<div class=\"textwidget\"><a href=\"\/fi\/mista-sorefixia-voi-ostaa\/\"><img decoding=\"async\" title=\"Osta SoreFixia t\u00e4\u00e4lt\u00e4\" src=\"\/fi\/files\/2016\/12\/sorefix-buy.jpg\" alt=\"Osta SoreFixia t\u00e4\u00e4lt\u00e4\" \/><\/a>\r\n<div class=\"av_promobox text\">\r\n<h3>Osta SoreFixia t\u00e4\u00e4lt\u00e4<\/h3>\r\n<\/div><\/div>\n\t\t<\/div><\/div>\n<\/p>\n","protected":false},"excerpt":{"rendered":"","protected":false},"author":7,"featured_media":773,"parent":273,"menu_order":12,"comment_status":"closed","ping_status":"closed","template":"","meta":{"_acf_changed":false,"footnotes":""},"class_list":["post-283","page","type-page","status-publish","has-post-thumbnail","hentry"],"acf":[],"yoast_head":"<!-- This site is optimized with the Yoast SEO plugin v26.9 - https:\/\/yoast.com\/product\/yoast-seo-wordpress\/ -->\n<title>Huuliherpeksen kierrossa on nelj\u00e4 p\u00e4\u00e4vaihetta<\/title>\n<meta name=\"description\" content=\"Yhteens\u00e4 n\u00e4m\u00e4 vaiheet viev\u00e4t noin 7 \u2013 10 vrk, mutta ne voivat joskus kest\u00e4\u00e4 jopa 2 viikkoa tai pidemp\u00e4\u00e4n. On t\u00e4rke\u00e4\u00e4, ett\u00e4 hakeudut l\u00e4\u00e4k\u00e4riin, jos huuliherpeksesi ei ole l\u00e4htenyt paranemaan 14 vuorokaudessa.\" \/>\n<meta name=\"robots\" content=\"index, follow, max-snippet:-1, max-image-preview:large, max-video-preview:-1\" \/>\n<link rel=\"canonical\" href=\"https:\/\/www.sorefix.com\/fi\/yleista-huuliherpeksesta\/huuliherpeksen-eri-vaiheet\/\" \/>\n<meta property=\"og:locale\" content=\"fi_FI\" \/>\n<meta property=\"og:type\" content=\"article\" \/>\n<meta property=\"og:title\" content=\"Huuliherpeksen kierrossa on nelj\u00e4 p\u00e4\u00e4vaihetta\" \/>\n<meta property=\"og:description\" content=\"Yhteens\u00e4 n\u00e4m\u00e4 vaiheet viev\u00e4t noin 7 \u2013 10 vrk, mutta ne voivat joskus kest\u00e4\u00e4 jopa 2 viikkoa tai pidemp\u00e4\u00e4n. On t\u00e4rke\u00e4\u00e4, ett\u00e4 hakeudut l\u00e4\u00e4k\u00e4riin, jos huuliherpeksesi ei ole l\u00e4htenyt paranemaan 14 vuorokaudessa.\" \/>\n<meta property=\"og:url\" content=\"https:\/\/www.sorefix.com\/fi\/yleista-huuliherpeksesta\/huuliherpeksen-eri-vaiheet\/\" \/>\n<meta property=\"og:site_name\" content=\"SoreFix Finland\" \/>\n<meta property=\"article:modified_time\" content=\"2017-09-14T07:53:45+00:00\" \/>\n<meta property=\"og:image\" content=\"https:\/\/www.sorefix.com\/fi\/files\/2017\/05\/koortslip-header.png\" \/>\n\t<meta property=\"og:image:width\" content=\"771\" \/>\n\t<meta property=\"og:image:height\" content=\"211\" \/>\n\t<meta property=\"og:image:type\" content=\"image\/png\" \/>\n<meta name=\"twitter:card\" content=\"summary_large_image\" \/>\n<meta name=\"twitter:label1\" content=\"Est. reading time\" \/>\n\t<meta name=\"twitter:data1\" content=\"3 minutes\" \/>\n<script type=\"application\/ld+json\" class=\"yoast-schema-graph\">{\"@context\":\"https:\/\/schema.org\",\"@graph\":[{\"@type\":\"WebPage\",\"@id\":\"https:\/\/www.sorefix.com\/fi\/yleista-huuliherpeksesta\/huuliherpeksen-eri-vaiheet\/\",\"url\":\"https:\/\/www.sorefix.com\/fi\/yleista-huuliherpeksesta\/huuliherpeksen-eri-vaiheet\/\",\"name\":\"Huuliherpeksen kierrossa on nelj\u00e4 p\u00e4\u00e4vaihetta\",\"isPartOf\":{\"@id\":\"https:\/\/www.sorefix.com\/fi\/#website\"},\"primaryImageOfPage\":{\"@id\":\"https:\/\/www.sorefix.com\/fi\/yleista-huuliherpeksesta\/huuliherpeksen-eri-vaiheet\/#primaryimage\"},\"image\":{\"@id\":\"https:\/\/www.sorefix.com\/fi\/yleista-huuliherpeksesta\/huuliherpeksen-eri-vaiheet\/#primaryimage\"},\"thumbnailUrl\":\"https:\/\/www.sorefix.com\/fi\/files\/2017\/05\/koortslip-header.png\",\"datePublished\":\"2017-03-14T11:54:33+00:00\",\"dateModified\":\"2017-09-14T07:53:45+00:00\",\"description\":\"Yhteens\u00e4 n\u00e4m\u00e4 vaiheet viev\u00e4t noin 7 \u2013 10 vrk, mutta ne voivat joskus kest\u00e4\u00e4 jopa 2 viikkoa tai pidemp\u00e4\u00e4n. On t\u00e4rke\u00e4\u00e4, ett\u00e4 hakeudut l\u00e4\u00e4k\u00e4riin, jos huuliherpeksesi ei ole l\u00e4htenyt paranemaan 14 vuorokaudessa.\",\"breadcrumb\":{\"@id\":\"https:\/\/www.sorefix.com\/fi\/yleista-huuliherpeksesta\/huuliherpeksen-eri-vaiheet\/#breadcrumb\"},\"inLanguage\":\"fi\",\"potentialAction\":[{\"@type\":\"ReadAction\",\"target\":[\"https:\/\/www.sorefix.com\/fi\/yleista-huuliherpeksesta\/huuliherpeksen-eri-vaiheet\/\"]}]},{\"@type\":\"ImageObject\",\"inLanguage\":\"fi\",\"@id\":\"https:\/\/www.sorefix.com\/fi\/yleista-huuliherpeksesta\/huuliherpeksen-eri-vaiheet\/#primaryimage\",\"url\":\"https:\/\/www.sorefix.com\/fi\/files\/2017\/05\/koortslip-header.png\",\"contentUrl\":\"https:\/\/www.sorefix.com\/fi\/files\/2017\/05\/koortslip-header.png\",\"width\":771,\"height\":211},{\"@type\":\"BreadcrumbList\",\"@id\":\"https:\/\/www.sorefix.com\/fi\/yleista-huuliherpeksesta\/huuliherpeksen-eri-vaiheet\/#breadcrumb\",\"itemListElement\":[{\"@type\":\"ListItem\",\"position\":1,\"name\":\"Home\",\"item\":\"https:\/\/www.sorefix.com\/fi\/\"},{\"@type\":\"ListItem\",\"position\":2,\"name\":\"Yleist\u00e4 huuliherpeksest\u00e4\",\"item\":\"https:\/\/www.sorefix.com\/fi\/yleista-huuliherpeksesta\/\"},{\"@type\":\"ListItem\",\"position\":3,\"name\":\"Huuliherpeksen nelj\u00e4 vaihetta\"}]},{\"@type\":\"WebSite\",\"@id\":\"https:\/\/www.sorefix.com\/fi\/#website\",\"url\":\"https:\/\/www.sorefix.com\/fi\/\",\"name\":\"SoreFix Finland\",\"description\":\"\",\"potentialAction\":[{\"@type\":\"SearchAction\",\"target\":{\"@type\":\"EntryPoint\",\"urlTemplate\":\"https:\/\/www.sorefix.com\/fi\/?s={search_term_string}\"},\"query-input\":{\"@type\":\"PropertyValueSpecification\",\"valueRequired\":true,\"valueName\":\"search_term_string\"}}],\"inLanguage\":\"fi\"}]}<\/script>\n<!-- \/ Yoast SEO plugin. -->","yoast_head_json":{"title":"Huuliherpeksen kierrossa on nelj\u00e4 p\u00e4\u00e4vaihetta","description":"Yhteens\u00e4 n\u00e4m\u00e4 vaiheet viev\u00e4t noin 7 \u2013 10 vrk, mutta ne voivat joskus kest\u00e4\u00e4 jopa 2 viikkoa tai pidemp\u00e4\u00e4n. On t\u00e4rke\u00e4\u00e4, ett\u00e4 hakeudut l\u00e4\u00e4k\u00e4riin, jos huuliherpeksesi ei ole l\u00e4htenyt paranemaan 14 vuorokaudessa.","robots":{"index":"index","follow":"follow","max-snippet":"max-snippet:-1","max-image-preview":"max-image-preview:large","max-video-preview":"max-video-preview:-1"},"canonical":"https:\/\/www.sorefix.com\/fi\/yleista-huuliherpeksesta\/huuliherpeksen-eri-vaiheet\/","og_locale":"fi_FI","og_type":"article","og_title":"Huuliherpeksen kierrossa on nelj\u00e4 p\u00e4\u00e4vaihetta","og_description":"Yhteens\u00e4 n\u00e4m\u00e4 vaiheet viev\u00e4t noin 7 \u2013 10 vrk, mutta ne voivat joskus kest\u00e4\u00e4 jopa 2 viikkoa tai pidemp\u00e4\u00e4n. On t\u00e4rke\u00e4\u00e4, ett\u00e4 hakeudut l\u00e4\u00e4k\u00e4riin, jos huuliherpeksesi ei ole l\u00e4htenyt paranemaan 14 vuorokaudessa.","og_url":"https:\/\/www.sorefix.com\/fi\/yleista-huuliherpeksesta\/huuliherpeksen-eri-vaiheet\/","og_site_name":"SoreFix Finland","article_modified_time":"2017-09-14T07:53:45+00:00","og_image":[{"width":771,"height":211,"url":"https:\/\/www.sorefix.com\/fi\/files\/2017\/05\/koortslip-header.png","type":"image\/png"}],"twitter_card":"summary_large_image","twitter_misc":{"Est. reading time":"3 minutes"},"schema":{"@context":"https:\/\/schema.org","@graph":[{"@type":"WebPage","@id":"https:\/\/www.sorefix.com\/fi\/yleista-huuliherpeksesta\/huuliherpeksen-eri-vaiheet\/","url":"https:\/\/www.sorefix.com\/fi\/yleista-huuliherpeksesta\/huuliherpeksen-eri-vaiheet\/","name":"Huuliherpeksen kierrossa on nelj\u00e4 p\u00e4\u00e4vaihetta","isPartOf":{"@id":"https:\/\/www.sorefix.com\/fi\/#website"},"primaryImageOfPage":{"@id":"https:\/\/www.sorefix.com\/fi\/yleista-huuliherpeksesta\/huuliherpeksen-eri-vaiheet\/#primaryimage"},"image":{"@id":"https:\/\/www.sorefix.com\/fi\/yleista-huuliherpeksesta\/huuliherpeksen-eri-vaiheet\/#primaryimage"},"thumbnailUrl":"https:\/\/www.sorefix.com\/fi\/files\/2017\/05\/koortslip-header.png","datePublished":"2017-03-14T11:54:33+00:00","dateModified":"2017-09-14T07:53:45+00:00","description":"Yhteens\u00e4 n\u00e4m\u00e4 vaiheet viev\u00e4t noin 7 \u2013 10 vrk, mutta ne voivat joskus kest\u00e4\u00e4 jopa 2 viikkoa tai pidemp\u00e4\u00e4n. On t\u00e4rke\u00e4\u00e4, ett\u00e4 hakeudut l\u00e4\u00e4k\u00e4riin, jos huuliherpeksesi ei ole l\u00e4htenyt paranemaan 14 vuorokaudessa.","breadcrumb":{"@id":"https:\/\/www.sorefix.com\/fi\/yleista-huuliherpeksesta\/huuliherpeksen-eri-vaiheet\/#breadcrumb"},"inLanguage":"fi","potentialAction":[{"@type":"ReadAction","target":["https:\/\/www.sorefix.com\/fi\/yleista-huuliherpeksesta\/huuliherpeksen-eri-vaiheet\/"]}]},{"@type":"ImageObject","inLanguage":"fi","@id":"https:\/\/www.sorefix.com\/fi\/yleista-huuliherpeksesta\/huuliherpeksen-eri-vaiheet\/#primaryimage","url":"https:\/\/www.sorefix.com\/fi\/files\/2017\/05\/koortslip-header.png","contentUrl":"https:\/\/www.sorefix.com\/fi\/files\/2017\/05\/koortslip-header.png","width":771,"height":211},{"@type":"BreadcrumbList","@id":"https:\/\/www.sorefix.com\/fi\/yleista-huuliherpeksesta\/huuliherpeksen-eri-vaiheet\/#breadcrumb","itemListElement":[{"@type":"ListItem","position":1,"name":"Home","item":"https:\/\/www.sorefix.com\/fi\/"},{"@type":"ListItem","position":2,"name":"Yleist\u00e4 huuliherpeksest\u00e4","item":"https:\/\/www.sorefix.com\/fi\/yleista-huuliherpeksesta\/"},{"@type":"ListItem","position":3,"name":"Huuliherpeksen nelj\u00e4 vaihetta"}]},{"@type":"WebSite","@id":"https:\/\/www.sorefix.com\/fi\/#website","url":"https:\/\/www.sorefix.com\/fi\/","name":"SoreFix Finland","description":"","potentialAction":[{"@type":"SearchAction","target":{"@type":"EntryPoint","urlTemplate":"https:\/\/www.sorefix.com\/fi\/?s={search_term_string}"},"query-input":{"@type":"PropertyValueSpecification","valueRequired":true,"valueName":"search_term_string"}}],"inLanguage":"fi"}]}},"_links":{"self":[{"href":"https:\/\/www.sorefix.com\/fi\/wp-json\/wp\/v2\/pages\/283","targetHints":{"allow":["GET"]}}],"collection":[{"href":"https:\/\/www.sorefix.com\/fi\/wp-json\/wp\/v2\/pages"}],"about":[{"href":"https:\/\/www.sorefix.com\/fi\/wp-json\/wp\/v2\/types\/page"}],"author":[{"embeddable":true,"href":"https:\/\/www.sorefix.com\/fi\/wp-json\/wp\/v2\/users\/7"}],"replies":[{"embeddable":true,"href":"https:\/\/www.sorefix.com\/fi\/wp-json\/wp\/v2\/comments?post=283"}],"version-history":[{"count":0,"href":"https:\/\/www.sorefix.com\/fi\/wp-json\/wp\/v2\/pages\/283\/revisions"}],"up":[{"embeddable":true,"href":"https:\/\/www.sorefix.com\/fi\/wp-json\/wp\/v2\/pages\/273"}],"wp:featuredmedia":[{"embeddable":true,"href":"https:\/\/www.sorefix.com\/fi\/wp-json\/wp\/v2\/media\/773"}],"wp:attachment":[{"href":"https:\/\/www.sorefix.com\/fi\/wp-json\/wp\/v2\/media?parent=283"}],"curies":[{"name":"wp","href":"https:\/\/api.w.org\/{rel}","templated":true}]}}