{"id":285,"date":"2017-03-14T12:55:30","date_gmt":"2017-03-14T11:55:30","guid":{"rendered":"\/\/www.sorefix.com\/ned\/?page_id=285"},"modified":"2017-06-14T12:46:20","modified_gmt":"2017-06-14T12:46:20","slug":"vaihe-1-pistely-ja-kihelmointi","status":"publish","type":"page","link":"https:\/\/www.sorefix.com\/fi\/yleista-huuliherpeksesta\/huuliherpeksen-eri-vaiheet\/vaihe-1-pistely-ja-kihelmointi\/","title":{"rendered":"Vaihe 1: Pistely ja kihelm\u00f6inti (p\u00e4iv\u00e4t 1-2)"},"content":{"rendered":"<div id='page-content-section'  class='avia-section av-av_section-dce2303120515d6c339f97d9ce5208f4 main_color avia-section-default avia-no-border-styling  avia-builder-el-0  el_before_av_section  avia-builder-el-first  avia-bg-style-scroll container_wrap fullsize'  ><div class='container av-section-cont-open' ><main  role=\"main\" itemprop=\"mainContentOfPage\"  class='template-page content  av-content-full alpha units'><div class='post-entry post-entry-type-page post-entry-285'><div class='entry-content-wrapper clearfix'>\n\n<style type=\"text\/css\" data-created_by=\"avia_inline_auto\" id=\"style-css-av-av_one_full-9497bbf8bff73ea4c6992cc17fa9ec36\">\n.flex_column.av-av_one_full-9497bbf8bff73ea4c6992cc17fa9ec36{\nborder-radius:0px 0px 0px 0px;\npadding:0px 0px 0px 0px;\n}\n<\/style>\n<div  class='flex_column av-av_one_full-9497bbf8bff73ea4c6992cc17fa9ec36 av_one_full  avia-builder-el-1  avia-builder-el-no-sibling  first flex_column_div av-zero-column-padding  '     ><section  class='av_textblock_section av-av_textblock-0366cc7376be6c9e82a3e9cc8987b64f '   itemscope=\"itemscope\" itemtype=\"https:\/\/schema.org\/CreativeWork\" ><div class='avia_textblock'  itemprop=\"text\" ><p>Ennen kuin huuleesi ilmaantuu n\u00e4kyv\u00e4 rokahtuma, saatat havaita herpest\u00e4 enteilevi\u00e4, tavallisesta poikkeavia tuntemuksia huulissasi tai suusi ymp\u00e4rill\u00e4. Noin 70 \u2013 75 % potilaista kokee t\u00e4llaisia alkuoireita. Usein voit my\u00f6s tuntea ihosi kiristyv\u00e4n sill\u00e4 alueella, johon herpesrakkula on puhkeamassa. Infektio aiheuttaa my\u00f6s punoitusta ja turvotusta alueella, johon herpesrakkula on syntym\u00e4ss\u00e4. Huuliherpes voi tarttua jo n\u00e4in varhaisessa vaiheessa, joten v\u00e4lt\u00e4 l\u00e4heist\u00e4 fyysist\u00e4 kontaktia, jos tunnet herpesinfektion olevan aktivoitumassa.<\/p>\n<\/div><\/section><\/div><\/div><\/div><\/main><!-- close content main element --><\/div><\/div><div id='content_footer'  class='avia-section av-av_section-1dc5195c9be8ee2b622704d461f10731 main_color avia-section-no-padding avia-no-border-styling  avia-builder-el-3  el_after_av_section  avia-builder-el-last  avia-bg-style-scroll container_wrap fullsize'  ><div class='container av-section-cont-open' ><div class='template-page content  av-content-full alpha units'><div class='post-entry post-entry-type-page post-entry-285'><div class='entry-content-wrapper clearfix'>\n<div  class='avia-builder-widget-area clearfix  avia-builder-el-4  avia-builder-el-no-sibling '><div id=\"text-5\" class=\"widget clearfix widget_text\">\t\t\t<div class=\"textwidget\"><a class=\"duopack\" href=\"\/fi\/tietoa-tuotteesta\/sorefix-toimii-eri-tavalla\/\"><img decoding=\"async\" title=\"Miksi SoreFix\" src=\"\/fi\/files\/2024\/03\/sorefix-duo-widget.jpg\" alt=\"Miksi SoreFix\" \/><\/a>\r\n<div class=\"av_promobox text\">\r\n<h3>Miksi SoreFix?<\/h3>\r\n<\/div><\/div>\n\t\t<\/div><div id=\"text-6\" class=\"widget clearfix widget_text\">\t\t\t<div class=\"textwidget\"><a href=\"\/fi\/elamaa-huuliherpeksen-kanssa\/vauvat-ja-huuliherpes\"><img decoding=\"async\" title=\"Baby en koortslip - SoreFix\" src=\"\/nl\/files\/2017\/05\/baby.jpg\" alt=\"Vauvat ja huuliherpes - SoreFix\" \/><\/a>\r\n<div class=\"av_promobox text\">\r\n<h3>Vauvat ja huuliherpes<\/h3>\r\n<\/div><\/div>\n\t\t<\/div><div id=\"text-7\" class=\"widget clearfix widget_text\">\t\t\t<div class=\"textwidget\"><a href=\"\/fi\/mista-sorefixia-voi-ostaa\/\"><img decoding=\"async\" title=\"Osta SoreFixia t\u00e4\u00e4lt\u00e4\" src=\"\/fi\/files\/2016\/12\/sorefix-buy.jpg\" alt=\"Osta SoreFixia t\u00e4\u00e4lt\u00e4\" \/><\/a>\r\n<div class=\"av_promobox text\">\r\n<h3>Osta SoreFixia t\u00e4\u00e4lt\u00e4<\/h3>\r\n<\/div><\/div>\n\t\t<\/div><\/div>\n<\/p>\n","protected":false},"excerpt":{"rendered":"","protected":false},"author":7,"featured_media":773,"parent":283,"menu_order":0,"comment_status":"closed","ping_status":"closed","template":"","meta":{"_acf_changed":false,"footnotes":""},"class_list":["post-285","page","type-page","status-publish","has-post-thumbnail","hentry"],"acf":[],"yoast_head":"<!-- This site is optimized with the Yoast SEO plugin v26.9 - https:\/\/yoast.com\/product\/yoast-seo-wordpress\/ -->\n<title>Huuliherpeksen eri vaiheet: Vaihe 1: Pistely ja kihelm\u00f6inti (p\u00e4iv\u00e4t 1-2)<\/title>\n<meta name=\"description\" content=\"Ennen kuin huuleesi ilmaantuu n\u00e4kyv\u00e4 rokahtuma, saatat havaita herpest\u00e4 enteilevi\u00e4, tavallisesta poikkeavia tuntemuksia huulissasi tai suusi ymp\u00e4rill\u00e4. Noin 70 \u2013 75 % potilaista kokee t\u00e4llaisia alkuoireita.\" \/>\n<meta name=\"robots\" content=\"index, follow, max-snippet:-1, max-image-preview:large, max-video-preview:-1\" \/>\n<link rel=\"canonical\" href=\"https:\/\/www.sorefix.com\/fi\/yleista-huuliherpeksesta\/huuliherpeksen-eri-vaiheet\/vaihe-1-pistely-ja-kihelmointi\/\" \/>\n<meta property=\"og:locale\" content=\"fi_FI\" \/>\n<meta property=\"og:type\" content=\"article\" \/>\n<meta property=\"og:title\" content=\"Huuliherpeksen eri vaiheet: Vaihe 1: Pistely ja kihelm\u00f6inti (p\u00e4iv\u00e4t 1-2)\" \/>\n<meta property=\"og:description\" content=\"Ennen kuin huuleesi ilmaantuu n\u00e4kyv\u00e4 rokahtuma, saatat havaita herpest\u00e4 enteilevi\u00e4, tavallisesta poikkeavia tuntemuksia huulissasi tai suusi ymp\u00e4rill\u00e4. Noin 70 \u2013 75 % potilaista kokee t\u00e4llaisia alkuoireita.\" \/>\n<meta property=\"og:url\" content=\"https:\/\/www.sorefix.com\/fi\/yleista-huuliherpeksesta\/huuliherpeksen-eri-vaiheet\/vaihe-1-pistely-ja-kihelmointi\/\" \/>\n<meta property=\"og:site_name\" content=\"SoreFix Finland\" \/>\n<meta property=\"article:modified_time\" content=\"2017-06-14T12:46:20+00:00\" \/>\n<meta property=\"og:image\" content=\"http:\/\/www.sorefix.com\/fi\/files\/2017\/05\/koortslip-header.png\" \/>\n\t<meta property=\"og:image:width\" content=\"771\" \/>\n\t<meta property=\"og:image:height\" content=\"211\" \/>\n\t<meta property=\"og:image:type\" content=\"image\/png\" \/>\n<meta name=\"twitter:card\" content=\"summary_large_image\" \/>\n<meta name=\"twitter:label1\" content=\"Est. reading time\" \/>\n\t<meta name=\"twitter:data1\" content=\"1 minute\" \/>\n<script type=\"application\/ld+json\" class=\"yoast-schema-graph\">{\"@context\":\"https:\/\/schema.org\",\"@graph\":[{\"@type\":\"WebPage\",\"@id\":\"https:\/\/www.sorefix.com\/fi\/yleista-huuliherpeksesta\/huuliherpeksen-eri-vaiheet\/vaihe-1-pistely-ja-kihelmointi\/\",\"url\":\"https:\/\/www.sorefix.com\/fi\/yleista-huuliherpeksesta\/huuliherpeksen-eri-vaiheet\/vaihe-1-pistely-ja-kihelmointi\/\",\"name\":\"Huuliherpeksen eri vaiheet: Vaihe 1: Pistely ja kihelm\u00f6inti (p\u00e4iv\u00e4t 1-2)\",\"isPartOf\":{\"@id\":\"https:\/\/www.sorefix.com\/fi\/#website\"},\"primaryImageOfPage\":{\"@id\":\"https:\/\/www.sorefix.com\/fi\/yleista-huuliherpeksesta\/huuliherpeksen-eri-vaiheet\/vaihe-1-pistely-ja-kihelmointi\/#primaryimage\"},\"image\":{\"@id\":\"https:\/\/www.sorefix.com\/fi\/yleista-huuliherpeksesta\/huuliherpeksen-eri-vaiheet\/vaihe-1-pistely-ja-kihelmointi\/#primaryimage\"},\"thumbnailUrl\":\"https:\/\/www.sorefix.com\/fi\/files\/2017\/05\/koortslip-header.png\",\"datePublished\":\"2017-03-14T11:55:30+00:00\",\"dateModified\":\"2017-06-14T12:46:20+00:00\",\"description\":\"Ennen kuin huuleesi ilmaantuu n\u00e4kyv\u00e4 rokahtuma, saatat havaita herpest\u00e4 enteilevi\u00e4, tavallisesta poikkeavia tuntemuksia huulissasi tai suusi ymp\u00e4rill\u00e4. Noin 70 \u2013 75 % potilaista kokee t\u00e4llaisia alkuoireita.\",\"breadcrumb\":{\"@id\":\"https:\/\/www.sorefix.com\/fi\/yleista-huuliherpeksesta\/huuliherpeksen-eri-vaiheet\/vaihe-1-pistely-ja-kihelmointi\/#breadcrumb\"},\"inLanguage\":\"fi\",\"potentialAction\":[{\"@type\":\"ReadAction\",\"target\":[\"https:\/\/www.sorefix.com\/fi\/yleista-huuliherpeksesta\/huuliherpeksen-eri-vaiheet\/vaihe-1-pistely-ja-kihelmointi\/\"]}]},{\"@type\":\"ImageObject\",\"inLanguage\":\"fi\",\"@id\":\"https:\/\/www.sorefix.com\/fi\/yleista-huuliherpeksesta\/huuliherpeksen-eri-vaiheet\/vaihe-1-pistely-ja-kihelmointi\/#primaryimage\",\"url\":\"https:\/\/www.sorefix.com\/fi\/files\/2017\/05\/koortslip-header.png\",\"contentUrl\":\"https:\/\/www.sorefix.com\/fi\/files\/2017\/05\/koortslip-header.png\",\"width\":771,\"height\":211},{\"@type\":\"BreadcrumbList\",\"@id\":\"https:\/\/www.sorefix.com\/fi\/yleista-huuliherpeksesta\/huuliherpeksen-eri-vaiheet\/vaihe-1-pistely-ja-kihelmointi\/#breadcrumb\",\"itemListElement\":[{\"@type\":\"ListItem\",\"position\":1,\"name\":\"Home\",\"item\":\"https:\/\/www.sorefix.com\/fi\/\"},{\"@type\":\"ListItem\",\"position\":2,\"name\":\"Yleist\u00e4 huuliherpeksest\u00e4\",\"item\":\"https:\/\/www.sorefix.com\/fi\/yleista-huuliherpeksesta\/\"},{\"@type\":\"ListItem\",\"position\":3,\"name\":\"Huuliherpeksen nelj\u00e4 vaihetta\",\"item\":\"https:\/\/www.sorefix.com\/fi\/yleista-huuliherpeksesta\/huuliherpeksen-eri-vaiheet\/\"},{\"@type\":\"ListItem\",\"position\":4,\"name\":\"Vaihe 1: Pistely ja kihelm\u00f6inti (p\u00e4iv\u00e4t 1-2)\"}]},{\"@type\":\"WebSite\",\"@id\":\"https:\/\/www.sorefix.com\/fi\/#website\",\"url\":\"https:\/\/www.sorefix.com\/fi\/\",\"name\":\"SoreFix Finland\",\"description\":\"\",\"potentialAction\":[{\"@type\":\"SearchAction\",\"target\":{\"@type\":\"EntryPoint\",\"urlTemplate\":\"https:\/\/www.sorefix.com\/fi\/?s={search_term_string}\"},\"query-input\":{\"@type\":\"PropertyValueSpecification\",\"valueRequired\":true,\"valueName\":\"search_term_string\"}}],\"inLanguage\":\"fi\"}]}<\/script>\n<!-- \/ Yoast SEO plugin. -->","yoast_head_json":{"title":"Huuliherpeksen eri vaiheet: Vaihe 1: Pistely ja kihelm\u00f6inti (p\u00e4iv\u00e4t 1-2)","description":"Ennen kuin huuleesi ilmaantuu n\u00e4kyv\u00e4 rokahtuma, saatat havaita herpest\u00e4 enteilevi\u00e4, tavallisesta poikkeavia tuntemuksia huulissasi tai suusi ymp\u00e4rill\u00e4. Noin 70 \u2013 75 % potilaista kokee t\u00e4llaisia alkuoireita.","robots":{"index":"index","follow":"follow","max-snippet":"max-snippet:-1","max-image-preview":"max-image-preview:large","max-video-preview":"max-video-preview:-1"},"canonical":"https:\/\/www.sorefix.com\/fi\/yleista-huuliherpeksesta\/huuliherpeksen-eri-vaiheet\/vaihe-1-pistely-ja-kihelmointi\/","og_locale":"fi_FI","og_type":"article","og_title":"Huuliherpeksen eri vaiheet: Vaihe 1: Pistely ja kihelm\u00f6inti (p\u00e4iv\u00e4t 1-2)","og_description":"Ennen kuin huuleesi ilmaantuu n\u00e4kyv\u00e4 rokahtuma, saatat havaita herpest\u00e4 enteilevi\u00e4, tavallisesta poikkeavia tuntemuksia huulissasi tai suusi ymp\u00e4rill\u00e4. Noin 70 \u2013 75 % potilaista kokee t\u00e4llaisia alkuoireita.","og_url":"https:\/\/www.sorefix.com\/fi\/yleista-huuliherpeksesta\/huuliherpeksen-eri-vaiheet\/vaihe-1-pistely-ja-kihelmointi\/","og_site_name":"SoreFix Finland","article_modified_time":"2017-06-14T12:46:20+00:00","og_image":[{"width":771,"height":211,"url":"http:\/\/www.sorefix.com\/fi\/files\/2017\/05\/koortslip-header.png","type":"image\/png"}],"twitter_card":"summary_large_image","twitter_misc":{"Est. reading time":"1 minute"},"schema":{"@context":"https:\/\/schema.org","@graph":[{"@type":"WebPage","@id":"https:\/\/www.sorefix.com\/fi\/yleista-huuliherpeksesta\/huuliherpeksen-eri-vaiheet\/vaihe-1-pistely-ja-kihelmointi\/","url":"https:\/\/www.sorefix.com\/fi\/yleista-huuliherpeksesta\/huuliherpeksen-eri-vaiheet\/vaihe-1-pistely-ja-kihelmointi\/","name":"Huuliherpeksen eri vaiheet: Vaihe 1: Pistely ja kihelm\u00f6inti (p\u00e4iv\u00e4t 1-2)","isPartOf":{"@id":"https:\/\/www.sorefix.com\/fi\/#website"},"primaryImageOfPage":{"@id":"https:\/\/www.sorefix.com\/fi\/yleista-huuliherpeksesta\/huuliherpeksen-eri-vaiheet\/vaihe-1-pistely-ja-kihelmointi\/#primaryimage"},"image":{"@id":"https:\/\/www.sorefix.com\/fi\/yleista-huuliherpeksesta\/huuliherpeksen-eri-vaiheet\/vaihe-1-pistely-ja-kihelmointi\/#primaryimage"},"thumbnailUrl":"https:\/\/www.sorefix.com\/fi\/files\/2017\/05\/koortslip-header.png","datePublished":"2017-03-14T11:55:30+00:00","dateModified":"2017-06-14T12:46:20+00:00","description":"Ennen kuin huuleesi ilmaantuu n\u00e4kyv\u00e4 rokahtuma, saatat havaita herpest\u00e4 enteilevi\u00e4, tavallisesta poikkeavia tuntemuksia huulissasi tai suusi ymp\u00e4rill\u00e4. Noin 70 \u2013 75 % potilaista kokee t\u00e4llaisia alkuoireita.","breadcrumb":{"@id":"https:\/\/www.sorefix.com\/fi\/yleista-huuliherpeksesta\/huuliherpeksen-eri-vaiheet\/vaihe-1-pistely-ja-kihelmointi\/#breadcrumb"},"inLanguage":"fi","potentialAction":[{"@type":"ReadAction","target":["https:\/\/www.sorefix.com\/fi\/yleista-huuliherpeksesta\/huuliherpeksen-eri-vaiheet\/vaihe-1-pistely-ja-kihelmointi\/"]}]},{"@type":"ImageObject","inLanguage":"fi","@id":"https:\/\/www.sorefix.com\/fi\/yleista-huuliherpeksesta\/huuliherpeksen-eri-vaiheet\/vaihe-1-pistely-ja-kihelmointi\/#primaryimage","url":"https:\/\/www.sorefix.com\/fi\/files\/2017\/05\/koortslip-header.png","contentUrl":"https:\/\/www.sorefix.com\/fi\/files\/2017\/05\/koortslip-header.png","width":771,"height":211},{"@type":"BreadcrumbList","@id":"https:\/\/www.sorefix.com\/fi\/yleista-huuliherpeksesta\/huuliherpeksen-eri-vaiheet\/vaihe-1-pistely-ja-kihelmointi\/#breadcrumb","itemListElement":[{"@type":"ListItem","position":1,"name":"Home","item":"https:\/\/www.sorefix.com\/fi\/"},{"@type":"ListItem","position":2,"name":"Yleist\u00e4 huuliherpeksest\u00e4","item":"https:\/\/www.sorefix.com\/fi\/yleista-huuliherpeksesta\/"},{"@type":"ListItem","position":3,"name":"Huuliherpeksen nelj\u00e4 vaihetta","item":"https:\/\/www.sorefix.com\/fi\/yleista-huuliherpeksesta\/huuliherpeksen-eri-vaiheet\/"},{"@type":"ListItem","position":4,"name":"Vaihe 1: Pistely ja kihelm\u00f6inti (p\u00e4iv\u00e4t 1-2)"}]},{"@type":"WebSite","@id":"https:\/\/www.sorefix.com\/fi\/#website","url":"https:\/\/www.sorefix.com\/fi\/","name":"SoreFix Finland","description":"","potentialAction":[{"@type":"SearchAction","target":{"@type":"EntryPoint","urlTemplate":"https:\/\/www.sorefix.com\/fi\/?s={search_term_string}"},"query-input":{"@type":"PropertyValueSpecification","valueRequired":true,"valueName":"search_term_string"}}],"inLanguage":"fi"}]}},"_links":{"self":[{"href":"https:\/\/www.sorefix.com\/fi\/wp-json\/wp\/v2\/pages\/285","targetHints":{"allow":["GET"]}}],"collection":[{"href":"https:\/\/www.sorefix.com\/fi\/wp-json\/wp\/v2\/pages"}],"about":[{"href":"https:\/\/www.sorefix.com\/fi\/wp-json\/wp\/v2\/types\/page"}],"author":[{"embeddable":true,"href":"https:\/\/www.sorefix.com\/fi\/wp-json\/wp\/v2\/users\/7"}],"replies":[{"embeddable":true,"href":"https:\/\/www.sorefix.com\/fi\/wp-json\/wp\/v2\/comments?post=285"}],"version-history":[{"count":0,"href":"https:\/\/www.sorefix.com\/fi\/wp-json\/wp\/v2\/pages\/285\/revisions"}],"up":[{"embeddable":true,"href":"https:\/\/www.sorefix.com\/fi\/wp-json\/wp\/v2\/pages\/283"}],"wp:featuredmedia":[{"embeddable":true,"href":"https:\/\/www.sorefix.com\/fi\/wp-json\/wp\/v2\/media\/773"}],"wp:attachment":[{"href":"https:\/\/www.sorefix.com\/fi\/wp-json\/wp\/v2\/media?parent=285"}],"curies":[{"name":"wp","href":"https:\/\/api.w.org\/{rel}","templated":true}]}}