{"id":295,"date":"2017-03-14T13:27:28","date_gmt":"2017-03-14T12:27:28","guid":{"rendered":"\/\/www.sorefix.com\/ned\/?page_id=295"},"modified":"2017-09-08T09:19:36","modified_gmt":"2017-09-08T09:19:36","slug":"elamaa-huuliherpeksen-kanssa","status":"publish","type":"page","link":"https:\/\/www.sorefix.com\/fi\/elamaa-huuliherpeksen-kanssa\/","title":{"rendered":"El\u00e4m\u00e4\u00e4 huuliherpeksen kanssa"},"content":{"rendered":"<div id='page-content-section'  class='avia-section av-av_section-dce2303120515d6c339f97d9ce5208f4 main_color avia-section-default avia-no-border-styling  avia-builder-el-0  el_before_av_section  avia-builder-el-first  avia-bg-style-scroll container_wrap fullsize'  ><div class='container av-section-cont-open' ><main  role=\"main\" itemprop=\"mainContentOfPage\"  class='template-page content  av-content-full alpha units'><div class='post-entry post-entry-type-page post-entry-295'><div class='entry-content-wrapper clearfix'>\n\n<style type=\"text\/css\" data-created_by=\"avia_inline_auto\" id=\"style-css-av-av_one_third-9497bbf8bff73ea4c6992cc17fa9ec36\">\n.flex_column.av-av_one_third-9497bbf8bff73ea4c6992cc17fa9ec36{\nborder-radius:0px 0px 0px 0px;\npadding:0px 0px 0px 0px;\n}\n<\/style>\n<div  class='flex_column av-av_one_third-9497bbf8bff73ea4c6992cc17fa9ec36 av_one_third  avia-builder-el-1  el_before_av_two_third  avia-builder-el-first  first flex_column_div av-zero-column-padding  '     ><p>\n<style type=\"text\/css\" data-created_by=\"avia_inline_auto\" id=\"style-css-av-av_hr-a07f7596b1fca85f6595a75d593069df\">\n#top .hr.hr-invisible.av-av_hr-a07f7596b1fca85f6595a75d593069df{\nheight:40px;\n}\n<\/style>\n<div  class='hr av-av_hr-a07f7596b1fca85f6595a75d593069df hr-invisible  avia-builder-el-2  el_before_av_image  avia-builder-el-first '><span class='hr-inner '><span class=\"hr-inner-style\"><\/span><\/span><\/div><br \/>\n\n<style type=\"text\/css\" data-created_by=\"avia_inline_auto\" id=\"style-css-av-av_image-14404bf87d44a9b62657e5b8b5d109e0\">\n.avia-image-container.av-av_image-14404bf87d44a9b62657e5b8b5d109e0 img.avia_image{\nbox-shadow:none;\n}\n.avia-image-container.av-av_image-14404bf87d44a9b62657e5b8b5d109e0 .av-image-caption-overlay-center{\ncolor:#ffffff;\n}\n<\/style>\n<div  class='avia-image-container av-av_image-14404bf87d44a9b62657e5b8b5d109e0 av-styling- avia-align-center  avia-builder-el-3  el_after_av_hr  avia-builder-el-last '   itemprop=\"image\" itemscope=\"itemscope\" itemtype=\"https:\/\/schema.org\/ImageObject\" ><div class=\"avia-image-container-inner\"><div class=\"avia-image-overlay-wrap\"><img decoding=\"async\" fetchpriority=\"high\" class='wp-image-1004 avia-img-lazy-loading-not-1004 avia_image ' src=\"https:\/\/www.sorefix.com\/fi\/files\/2017\/03\/Afbeelding2-small.jpg\" alt='' title='Afbeelding2-small'  height=\"534\" width=\"500\"  itemprop=\"thumbnailUrl\" srcset=\"https:\/\/www.sorefix.com\/fi\/files\/2017\/03\/Afbeelding2-small.jpg 500w, https:\/\/www.sorefix.com\/fi\/files\/2017\/03\/Afbeelding2-small-281x300.jpg 281w, https:\/\/www.sorefix.com\/fi\/files\/2017\/03\/Afbeelding2-small-450x481.jpg 450w\" sizes=\"(max-width: 500px) 100vw, 500px\" \/><\/div><\/div><\/div><\/p><\/div>\n<style type=\"text\/css\" data-created_by=\"avia_inline_auto\" id=\"style-css-av-av_two_third-9c1d454dc06f7247226bc4e8f931daae\">\n.flex_column.av-av_two_third-9c1d454dc06f7247226bc4e8f931daae{\nborder-radius:0px 0px 0px 0px;\npadding:0px 0px 0px 0px;\n}\n<\/style>\n<div  class='flex_column av-av_two_third-9c1d454dc06f7247226bc4e8f931daae av_two_third  avia-builder-el-4  el_after_av_one_third  avia-builder-el-last  flex_column_div av-zero-column-padding  '     ><section  class='av_textblock_section av-av_textblock-0366cc7376be6c9e82a3e9cc8987b64f '   itemscope=\"itemscope\" itemtype=\"https:\/\/schema.org\/CreativeWork\" ><div class='avia_textblock'  itemprop=\"text\" ><h1>Hoida ja ehk\u00e4ise, \u00e4l\u00e4 anna huuliherpeksen pilata hymy\u00e4si!<\/h1>\n<h3>Ehk\u00e4ise huuliherpes<\/h3>\n<p>Huuliherpeksen puhkeamisen ennaltaehk\u00e4isemiseksi on t\u00e4rke\u00e4 v\u00e4ltt\u00e4\u00e4 Herpes simplex -virusta aktivoivia tekij\u00f6it\u00e4. Huuliherpeksen puhkeamisen voi ennaltaehk\u00e4ist\u00e4 huolehtimalla riitt\u00e4v\u00e4st\u00e4 y\u00f6unesta, v\u00e4ltt\u00e4m\u00e4ll\u00e4 stressi\u00e4, pysym\u00e4ll\u00e4 poissa auringosta ja muista tilanteista jotka saattavat aiheuttaa huuliherpeksen.\u00a0 Huuliherpeksen ehk\u00e4isemiseksi, levit\u00e4 \u00a0<a href=\"http:\/\/www.sorefix.com\/fi\/tietoa-tuotteesta\/sorefix-ehkaiseva-huuliherpesvoide\/\">SoreFix Ehk\u00e4isev\u00e4 huuliherpesvoidetta<\/a>\u00a03-6 kertaa p\u00e4iv\u00e4ss\u00e4 tai useammin mik\u00e4li altistut huuliherpest\u00e4 aktivoiville tekij\u00f6ille.<\/p>\n<\/div><\/section><br \/>\n<div  class='avia-button-wrap av-av_button-0ccfe6ad6885b11f8a3d6b6f0cdc5670-wrap avia-button-left  avia-builder-el-6  el_after_av_textblock  el_before_av_textblock '><a href='https:\/\/www.sorefix.com\/fi\/tietoa-tuotteesta\/miten-sorefix-huuliherpesvoidetta-kaytetaan\/'  class='avia-button av-av_button-0ccfe6ad6885b11f8a3d6b6f0cdc5670 av-link-btn avia-icon_select-yes-right-icon avia-size-small avia-position-left avia-color-theme-color'   aria-label=\"LUE LIS\u00c4\u00c4\"><span class='avia_iconbox_title' >LUE LIS\u00c4\u00c4<\/span><span class='avia_button_icon avia_button_icon_right avia-iconfont avia-font-entypo-fontello' data-av_icon='\ue875' data-av_iconfont='entypo-fontello' ><\/span><\/a><\/div><br \/>\n<section  class='av_textblock_section av-av_textblock-0366cc7376be6c9e82a3e9cc8987b64f '   itemscope=\"itemscope\" itemtype=\"https:\/\/schema.org\/CreativeWork\" ><div class='avia_textblock'  itemprop=\"text\" ><h3>Hoida huuliherpes<\/h3>\n<p>Liian my\u00f6h\u00e4ist\u00e4? Mit\u00e4 nopeammin aloitat huuliherpeksen hoidon, sit\u00e4 parempi. Parasta on aloittaa huuliherpeksen hoito ennen kuin n\u00e4et tai tunnet sen. Hoida huuliherpes ensimm\u00e4isest\u00e4 kihelm\u00f6innist\u00e4 siihen asti kunnes huuliherpesrokahtuma on kokonaan parantunut. <a href=\"http:\/\/www.sorefix.com\/fi\/tietoa-tuotteesta\/sorefix-ehkaiseva-huuliherpesvoide\/\">SoreFix Hoitava huuliherpesvoide<\/a>\u00a0auttaa v\u00e4hent\u00e4m\u00e4\u00e4n huuliherpeksen oireita ja auttaa sinua p\u00e4\u00e4sem\u00e4\u00e4n eroon huuliherpeksest\u00e4 nopeammin.<\/p>\n<\/div><\/section><br \/>\n<div  class='avia-button-wrap av-av_button-0ccfe6ad6885b11f8a3d6b6f0cdc5670-wrap avia-button-left  avia-builder-el-8  el_after_av_textblock  el_before_av_textblock '><a href='https:\/\/www.sorefix.com\/fi\/tietoa-tuotteesta\/miten-sorefix-huuliherpesvoidetta-kaytetaan\/'  class='avia-button av-av_button-0ccfe6ad6885b11f8a3d6b6f0cdc5670 av-link-btn avia-icon_select-yes-right-icon avia-size-small avia-position-left avia-color-theme-color'   aria-label=\"LUE LIS\u00c4\u00c4\"><span class='avia_iconbox_title' >LUE LIS\u00c4\u00c4<\/span><span class='avia_button_icon avia_button_icon_right avia-iconfont avia-font-entypo-fontello' data-av_icon='\ue875' data-av_iconfont='entypo-fontello' ><\/span><\/a><\/div><br \/>\n<section  class='av_textblock_section av-av_textblock-0366cc7376be6c9e82a3e9cc8987b64f '   itemscope=\"itemscope\" itemtype=\"https:\/\/schema.org\/CreativeWork\" ><div class='avia_textblock'  itemprop=\"text\" ><h3>Vauvat ja huuliherpes<\/h3>\n<p>Huuliherpes voi olla vaarallinen vauvalle. Pyri est\u00e4m\u00e4\u00e4n vauvaasi koskemasta herpesrokahtumaansa. Jos sinulla on huuliherpes, sinun i pid\u00e4 suukotella vauvaasi (etenkin, jos kyseess\u00e4 on vastasyntynyt) ennen kuin herpesrokahtumasi on parantunut kokonaan.<\/p>\n<\/div><\/section><br \/>\n<div  class='avia-button-wrap av-av_button-cf0155e245401d696927d0d553a89217-wrap avia-button-left  avia-builder-el-10  el_after_av_textblock  el_before_av_textblock '><a href='https:\/\/www.sorefix.com\/fi\/elamaa-huuliherpeksen-kanssa\/vauvat-ja-huuliherpes\/'  class='avia-button av-av_button-cf0155e245401d696927d0d553a89217 av-link-btn avia-icon_select-yes-right-icon avia-size-small avia-position-left avia-color-theme-color'   aria-label=\"LUE LIS\u00c4\u00c4\"><span class='avia_iconbox_title' >LUE LIS\u00c4\u00c4<\/span><span class='avia_button_icon avia_button_icon_right avia-iconfont avia-font-entypo-fontello' data-av_icon='\ue875' data-av_iconfont='entypo-fontello' ><\/span><\/a><\/div><br \/>\n<section  class='av_textblock_section av-av_textblock-0366cc7376be6c9e82a3e9cc8987b64f '   itemscope=\"itemscope\" itemtype=\"https:\/\/schema.org\/CreativeWork\" ><div class='avia_textblock'  itemprop=\"text\" ><h3>Vinkkej\u00e4<\/h3>\n<p>Huuliherpes on eritt\u00e4in tarttuva. Virus voi levit\u00e4 suudellessa, l\u00e4heisess\u00e4 kontaktissa tai k\u00e4ytett\u00e4ess\u00e4 samoja ruokailuv\u00e4lineit\u00e4 henkil\u00f6n kanssa jolla on huuliherpes. Se voi my\u00f6s tarttua k\u00e4sien ja juomalasien kautta. Siksi sinun on huolehdittava ett\u00e4 peset k\u00e4set ja lasit s\u00e4\u00e4nn\u00f6llisesti. Virus on tarttuva enimm\u00e4isest\u00e4 kihelm\u00f6innist\u00e4 siihen asti kunnes huuliherpes on kokonaan parantunut.<\/p>\n<\/div><\/section><br \/>\n<div  class='avia-button-wrap av-av_button-794e183db810978b9f311177bee943e4-wrap avia-button-left  avia-builder-el-12  el_after_av_textblock  avia-builder-el-last '><a href='https:\/\/www.sorefix.com\/fi\/elamaa-huuliherpeksen-kanssa\/mita-tehda-ja-mita-valttaa\/'  class='avia-button av-av_button-794e183db810978b9f311177bee943e4 av-link-btn avia-icon_select-yes-right-icon avia-size-small avia-position-left avia-color-theme-color'   aria-label=\"LUE LIS\u00c4\u00c4\"><span class='avia_iconbox_title' >LUE LIS\u00c4\u00c4<\/span><span class='avia_button_icon avia_button_icon_right avia-iconfont avia-font-entypo-fontello' data-av_icon='\ue875' data-av_iconfont='entypo-fontello' ><\/span><\/a><\/div><\/p><\/div><\/div><\/div><\/main><!-- close content main element --><\/div><\/div><div id='content_footer'  class='avia-section av-av_section-1dc5195c9be8ee2b622704d461f10731 main_color avia-section-no-padding avia-no-border-styling  avia-builder-el-13  el_after_av_section  avia-builder-el-last  avia-bg-style-scroll container_wrap fullsize'  ><div class='container av-section-cont-open' ><div class='template-page content  av-content-full alpha units'><div class='post-entry post-entry-type-page post-entry-295'><div class='entry-content-wrapper clearfix'>\n<div  class='avia-builder-widget-area clearfix  avia-builder-el-14  avia-builder-el-no-sibling '><div id=\"text-8\" class=\"widget clearfix widget_text\">\t\t\t<div class=\"textwidget\"><a class=\"duopack\" href=\"\/fi\/tietoa-tuotteesta\/sorefix-toimii-eri-tavalla\/\"><img decoding=\"async\" title=\"Miksi SoreFix\" src=\"\/fi\/files\/2024\/03\/sorefix-duo-widget.jpg\" alt=\"Miksi SoreFix\" \/><\/a>\r\n<div class=\"av_promobox text\">\r\n<h3>Miksi SoreFix?<\/h3>\r\n<\/div><\/div>\n\t\t<\/div><div id=\"text-9\" class=\"widget clearfix widget_text\">\t\t\t<div class=\"textwidget\"><a href=\"\/fi\/mista-sorefixia-voi-ostaa\/\"><img decoding=\"async\" title=\"Osta SoreFixia t\u00e4\u00e4lt\u00e4\" src=\"\/fi\/files\/2024\/03\/sorefix-buy.jpg\" alt=\"Osta SoreFixia t\u00e4\u00e4lt\u00e4\" \/><\/a>\r\n<div class=\"av_promobox text\">\r\n<h3>Osta SoreFixia t\u00e4\u00e4lt\u00e4<\/h3>\r\n<\/div><\/div>\n\t\t<\/div><div id=\"text-10\" class=\"widget clearfix widget_text\">\t\t\t<div class=\"textwidget\"><div class=\"fases-background\"><a href=\"\/fi\/elamaa-huuliherpeksen-kanssa\/huuliherpes-voi-olla-vaarallinen-vauvalle\/\"><img decoding=\"async\" title=\"Huuliherpeksen eri vaiheet\" src=\"\/fi\/files\/2017\/09\/phases-finland.jpg\" alt=\"Huuliherpeksen eri vaiheet\" \/><\/a><\/div>\r\n<div class=\"av_promobox text\">\r\n<h3>Huuliherpeksen eri vaiheet<\/h3>\r\n<\/div><\/div>\n\t\t<\/div><\/div>\n<\/p>\n","protected":false},"excerpt":{"rendered":"","protected":false},"author":7,"featured_media":777,"parent":0,"menu_order":4,"comment_status":"closed","ping_status":"closed","template":"","meta":{"_acf_changed":false,"footnotes":""},"class_list":["post-295","page","type-page","status-publish","has-post-thumbnail","hentry"],"acf":[],"yoast_head":"<!-- This site is optimized with the Yoast SEO plugin v26.9 - https:\/\/yoast.com\/product\/yoast-seo-wordpress\/ -->\n<title>El\u00e4m\u00e4\u00e4 huuliherpeksen kanssa: \u00c4l\u00e4 anna huuliherpeksen pilata hymy\u00e4si!<\/title>\n<meta name=\"description\" content=\"Jos huuliherpes uusiutuu kovin usein, voit sopivalla hoidolla ennaltaehk\u00e4ist\u00e4 osan puhkeamiskerroista ja v\u00e4hent\u00e4\u00e4 vuoden aikana sairastamiesi huuliherpesepisodien m\u00e4\u00e4r\u00e4\u00e4.\" \/>\n<meta name=\"robots\" content=\"index, follow, max-snippet:-1, max-image-preview:large, max-video-preview:-1\" \/>\n<link rel=\"canonical\" href=\"https:\/\/www.sorefix.com\/fi\/elamaa-huuliherpeksen-kanssa\/\" \/>\n<meta property=\"og:locale\" content=\"fi_FI\" \/>\n<meta property=\"og:type\" content=\"article\" \/>\n<meta property=\"og:title\" content=\"El\u00e4m\u00e4\u00e4 huuliherpeksen kanssa: \u00c4l\u00e4 anna huuliherpeksen pilata hymy\u00e4si!\" \/>\n<meta property=\"og:description\" content=\"Jos huuliherpes uusiutuu kovin usein, voit sopivalla hoidolla ennaltaehk\u00e4ist\u00e4 osan puhkeamiskerroista ja v\u00e4hent\u00e4\u00e4 vuoden aikana sairastamiesi huuliherpesepisodien m\u00e4\u00e4r\u00e4\u00e4.\" \/>\n<meta property=\"og:url\" content=\"https:\/\/www.sorefix.com\/fi\/elamaa-huuliherpeksen-kanssa\/\" \/>\n<meta property=\"og:site_name\" content=\"SoreFix Finland\" \/>\n<meta property=\"article:modified_time\" content=\"2017-09-08T09:19:36+00:00\" \/>\n<meta property=\"og:image\" content=\"https:\/\/www.sorefix.com\/fi\/files\/2017\/05\/meisje-header2.png\" \/>\n\t<meta property=\"og:image:width\" content=\"345\" \/>\n\t<meta property=\"og:image:height\" content=\"211\" \/>\n\t<meta property=\"og:image:type\" content=\"image\/png\" \/>\n<meta name=\"twitter:card\" content=\"summary_large_image\" \/>\n<meta name=\"twitter:label1\" content=\"Est. reading time\" \/>\n\t<meta name=\"twitter:data1\" content=\"4 minutes\" \/>\n<script type=\"application\/ld+json\" class=\"yoast-schema-graph\">{\"@context\":\"https:\/\/schema.org\",\"@graph\":[{\"@type\":\"WebPage\",\"@id\":\"https:\/\/www.sorefix.com\/fi\/elamaa-huuliherpeksen-kanssa\/\",\"url\":\"https:\/\/www.sorefix.com\/fi\/elamaa-huuliherpeksen-kanssa\/\",\"name\":\"El\u00e4m\u00e4\u00e4 huuliherpeksen kanssa: \u00c4l\u00e4 anna huuliherpeksen pilata hymy\u00e4si!\",\"isPartOf\":{\"@id\":\"https:\/\/www.sorefix.com\/fi\/#website\"},\"primaryImageOfPage\":{\"@id\":\"https:\/\/www.sorefix.com\/fi\/elamaa-huuliherpeksen-kanssa\/#primaryimage\"},\"image\":{\"@id\":\"https:\/\/www.sorefix.com\/fi\/elamaa-huuliherpeksen-kanssa\/#primaryimage\"},\"thumbnailUrl\":\"https:\/\/www.sorefix.com\/fi\/files\/2017\/05\/meisje-header2.png\",\"datePublished\":\"2017-03-14T12:27:28+00:00\",\"dateModified\":\"2017-09-08T09:19:36+00:00\",\"description\":\"Jos huuliherpes uusiutuu kovin usein, voit sopivalla hoidolla ennaltaehk\u00e4ist\u00e4 osan puhkeamiskerroista ja v\u00e4hent\u00e4\u00e4 vuoden aikana sairastamiesi huuliherpesepisodien m\u00e4\u00e4r\u00e4\u00e4.\",\"breadcrumb\":{\"@id\":\"https:\/\/www.sorefix.com\/fi\/elamaa-huuliherpeksen-kanssa\/#breadcrumb\"},\"inLanguage\":\"fi\",\"potentialAction\":[{\"@type\":\"ReadAction\",\"target\":[\"https:\/\/www.sorefix.com\/fi\/elamaa-huuliherpeksen-kanssa\/\"]}]},{\"@type\":\"ImageObject\",\"inLanguage\":\"fi\",\"@id\":\"https:\/\/www.sorefix.com\/fi\/elamaa-huuliherpeksen-kanssa\/#primaryimage\",\"url\":\"https:\/\/www.sorefix.com\/fi\/files\/2017\/05\/meisje-header2.png\",\"contentUrl\":\"https:\/\/www.sorefix.com\/fi\/files\/2017\/05\/meisje-header2.png\",\"width\":345,\"height\":211},{\"@type\":\"BreadcrumbList\",\"@id\":\"https:\/\/www.sorefix.com\/fi\/elamaa-huuliherpeksen-kanssa\/#breadcrumb\",\"itemListElement\":[{\"@type\":\"ListItem\",\"position\":1,\"name\":\"Home\",\"item\":\"https:\/\/www.sorefix.com\/fi\/\"},{\"@type\":\"ListItem\",\"position\":2,\"name\":\"El\u00e4m\u00e4\u00e4 huuliherpeksen kanssa\"}]},{\"@type\":\"WebSite\",\"@id\":\"https:\/\/www.sorefix.com\/fi\/#website\",\"url\":\"https:\/\/www.sorefix.com\/fi\/\",\"name\":\"SoreFix Finland\",\"description\":\"\",\"potentialAction\":[{\"@type\":\"SearchAction\",\"target\":{\"@type\":\"EntryPoint\",\"urlTemplate\":\"https:\/\/www.sorefix.com\/fi\/?s={search_term_string}\"},\"query-input\":{\"@type\":\"PropertyValueSpecification\",\"valueRequired\":true,\"valueName\":\"search_term_string\"}}],\"inLanguage\":\"fi\"}]}<\/script>\n<!-- \/ Yoast SEO plugin. -->","yoast_head_json":{"title":"El\u00e4m\u00e4\u00e4 huuliherpeksen kanssa: \u00c4l\u00e4 anna huuliherpeksen pilata hymy\u00e4si!","description":"Jos huuliherpes uusiutuu kovin usein, voit sopivalla hoidolla ennaltaehk\u00e4ist\u00e4 osan puhkeamiskerroista ja v\u00e4hent\u00e4\u00e4 vuoden aikana sairastamiesi huuliherpesepisodien m\u00e4\u00e4r\u00e4\u00e4.","robots":{"index":"index","follow":"follow","max-snippet":"max-snippet:-1","max-image-preview":"max-image-preview:large","max-video-preview":"max-video-preview:-1"},"canonical":"https:\/\/www.sorefix.com\/fi\/elamaa-huuliherpeksen-kanssa\/","og_locale":"fi_FI","og_type":"article","og_title":"El\u00e4m\u00e4\u00e4 huuliherpeksen kanssa: \u00c4l\u00e4 anna huuliherpeksen pilata hymy\u00e4si!","og_description":"Jos huuliherpes uusiutuu kovin usein, voit sopivalla hoidolla ennaltaehk\u00e4ist\u00e4 osan puhkeamiskerroista ja v\u00e4hent\u00e4\u00e4 vuoden aikana sairastamiesi huuliherpesepisodien m\u00e4\u00e4r\u00e4\u00e4.","og_url":"https:\/\/www.sorefix.com\/fi\/elamaa-huuliherpeksen-kanssa\/","og_site_name":"SoreFix Finland","article_modified_time":"2017-09-08T09:19:36+00:00","og_image":[{"width":345,"height":211,"url":"https:\/\/www.sorefix.com\/fi\/files\/2017\/05\/meisje-header2.png","type":"image\/png"}],"twitter_card":"summary_large_image","twitter_misc":{"Est. reading time":"4 minutes"},"schema":{"@context":"https:\/\/schema.org","@graph":[{"@type":"WebPage","@id":"https:\/\/www.sorefix.com\/fi\/elamaa-huuliherpeksen-kanssa\/","url":"https:\/\/www.sorefix.com\/fi\/elamaa-huuliherpeksen-kanssa\/","name":"El\u00e4m\u00e4\u00e4 huuliherpeksen kanssa: \u00c4l\u00e4 anna huuliherpeksen pilata hymy\u00e4si!","isPartOf":{"@id":"https:\/\/www.sorefix.com\/fi\/#website"},"primaryImageOfPage":{"@id":"https:\/\/www.sorefix.com\/fi\/elamaa-huuliherpeksen-kanssa\/#primaryimage"},"image":{"@id":"https:\/\/www.sorefix.com\/fi\/elamaa-huuliherpeksen-kanssa\/#primaryimage"},"thumbnailUrl":"https:\/\/www.sorefix.com\/fi\/files\/2017\/05\/meisje-header2.png","datePublished":"2017-03-14T12:27:28+00:00","dateModified":"2017-09-08T09:19:36+00:00","description":"Jos huuliherpes uusiutuu kovin usein, voit sopivalla hoidolla ennaltaehk\u00e4ist\u00e4 osan puhkeamiskerroista ja v\u00e4hent\u00e4\u00e4 vuoden aikana sairastamiesi huuliherpesepisodien m\u00e4\u00e4r\u00e4\u00e4.","breadcrumb":{"@id":"https:\/\/www.sorefix.com\/fi\/elamaa-huuliherpeksen-kanssa\/#breadcrumb"},"inLanguage":"fi","potentialAction":[{"@type":"ReadAction","target":["https:\/\/www.sorefix.com\/fi\/elamaa-huuliherpeksen-kanssa\/"]}]},{"@type":"ImageObject","inLanguage":"fi","@id":"https:\/\/www.sorefix.com\/fi\/elamaa-huuliherpeksen-kanssa\/#primaryimage","url":"https:\/\/www.sorefix.com\/fi\/files\/2017\/05\/meisje-header2.png","contentUrl":"https:\/\/www.sorefix.com\/fi\/files\/2017\/05\/meisje-header2.png","width":345,"height":211},{"@type":"BreadcrumbList","@id":"https:\/\/www.sorefix.com\/fi\/elamaa-huuliherpeksen-kanssa\/#breadcrumb","itemListElement":[{"@type":"ListItem","position":1,"name":"Home","item":"https:\/\/www.sorefix.com\/fi\/"},{"@type":"ListItem","position":2,"name":"El\u00e4m\u00e4\u00e4 huuliherpeksen kanssa"}]},{"@type":"WebSite","@id":"https:\/\/www.sorefix.com\/fi\/#website","url":"https:\/\/www.sorefix.com\/fi\/","name":"SoreFix Finland","description":"","potentialAction":[{"@type":"SearchAction","target":{"@type":"EntryPoint","urlTemplate":"https:\/\/www.sorefix.com\/fi\/?s={search_term_string}"},"query-input":{"@type":"PropertyValueSpecification","valueRequired":true,"valueName":"search_term_string"}}],"inLanguage":"fi"}]}},"_links":{"self":[{"href":"https:\/\/www.sorefix.com\/fi\/wp-json\/wp\/v2\/pages\/295","targetHints":{"allow":["GET"]}}],"collection":[{"href":"https:\/\/www.sorefix.com\/fi\/wp-json\/wp\/v2\/pages"}],"about":[{"href":"https:\/\/www.sorefix.com\/fi\/wp-json\/wp\/v2\/types\/page"}],"author":[{"embeddable":true,"href":"https:\/\/www.sorefix.com\/fi\/wp-json\/wp\/v2\/users\/7"}],"replies":[{"embeddable":true,"href":"https:\/\/www.sorefix.com\/fi\/wp-json\/wp\/v2\/comments?post=295"}],"version-history":[{"count":0,"href":"https:\/\/www.sorefix.com\/fi\/wp-json\/wp\/v2\/pages\/295\/revisions"}],"wp:featuredmedia":[{"embeddable":true,"href":"https:\/\/www.sorefix.com\/fi\/wp-json\/wp\/v2\/media\/777"}],"wp:attachment":[{"href":"https:\/\/www.sorefix.com\/fi\/wp-json\/wp\/v2\/media?parent=295"}],"curies":[{"name":"wp","href":"https:\/\/api.w.org\/{rel}","templated":true}]}}