{"id":297,"date":"2017-03-14T13:28:11","date_gmt":"2017-03-14T12:28:11","guid":{"rendered":"\/\/www.sorefix.com\/ned\/?page_id=297"},"modified":"2017-09-08T09:22:48","modified_gmt":"2017-09-08T09:22:48","slug":"vauvat-ja-huuliherpes","status":"publish","type":"page","link":"https:\/\/www.sorefix.com\/fi\/elamaa-huuliherpeksen-kanssa\/vauvat-ja-huuliherpes\/","title":{"rendered":"Vauvat ja huuliherpes"},"content":{"rendered":"<div id='page-content-section'  class='avia-section av-av_section-dce2303120515d6c339f97d9ce5208f4 main_color avia-section-default avia-no-border-styling  avia-builder-el-0  el_before_av_section  avia-builder-el-first  avia-bg-style-scroll container_wrap fullsize'  ><div class='container av-section-cont-open' ><main  role=\"main\" itemprop=\"mainContentOfPage\"  class='template-page content  av-content-full alpha units'><div class='post-entry post-entry-type-page post-entry-297'><div class='entry-content-wrapper clearfix'>\n\n<style type=\"text\/css\" data-created_by=\"avia_inline_auto\" id=\"style-css-av-av_one_third-9497bbf8bff73ea4c6992cc17fa9ec36\">\n.flex_column.av-av_one_third-9497bbf8bff73ea4c6992cc17fa9ec36{\nborder-radius:0px 0px 0px 0px;\npadding:0px 0px 0px 0px;\n}\n<\/style>\n<div  class='flex_column av-av_one_third-9497bbf8bff73ea4c6992cc17fa9ec36 av_one_third  avia-builder-el-1  el_before_av_two_third  avia-builder-el-first  first flex_column_div av-zero-column-padding  '     ><p>\n<style type=\"text\/css\" data-created_by=\"avia_inline_auto\" id=\"style-css-av-av_hr-a07f7596b1fca85f6595a75d593069df\">\n#top .hr.hr-invisible.av-av_hr-a07f7596b1fca85f6595a75d593069df{\nheight:40px;\n}\n<\/style>\n<div  class='hr av-av_hr-a07f7596b1fca85f6595a75d593069df hr-invisible  avia-builder-el-2  el_before_av_image  avia-builder-el-first '><span class='hr-inner '><span class=\"hr-inner-style\"><\/span><\/span><\/div><br \/>\n\n<style type=\"text\/css\" data-created_by=\"avia_inline_auto\" id=\"style-css-av-av_image-45b3725c6828f35bcf76d2b0cd74354f\">\n.avia-image-container.av-av_image-45b3725c6828f35bcf76d2b0cd74354f img.avia_image{\nbox-shadow:none;\n}\n.avia-image-container.av-av_image-45b3725c6828f35bcf76d2b0cd74354f .av-image-caption-overlay-center{\ncolor:#ffffff;\n}\n<\/style>\n<div  class='avia-image-container av-av_image-45b3725c6828f35bcf76d2b0cd74354f av-styling- avia-align-center  avia-builder-el-3  el_after_av_hr  avia-builder-el-last '   itemprop=\"image\" itemscope=\"itemscope\" itemtype=\"https:\/\/schema.org\/ImageObject\" ><div class=\"avia-image-container-inner\"><div class=\"avia-image-overlay-wrap\"><img decoding=\"async\" fetchpriority=\"high\" class='wp-image-1005 avia-img-lazy-loading-not-1005 avia_image ' src=\"https:\/\/www.sorefix.com\/fi\/files\/2017\/03\/Afbeelding3-small.jpg\" alt='' title='Afbeelding3-small'  height=\"534\" width=\"500\"  itemprop=\"thumbnailUrl\" srcset=\"https:\/\/www.sorefix.com\/fi\/files\/2017\/03\/Afbeelding3-small.jpg 500w, https:\/\/www.sorefix.com\/fi\/files\/2017\/03\/Afbeelding3-small-281x300.jpg 281w, https:\/\/www.sorefix.com\/fi\/files\/2017\/03\/Afbeelding3-small-450x481.jpg 450w\" sizes=\"(max-width: 500px) 100vw, 500px\" \/><\/div><\/div><\/div><\/p><\/div>\n<style type=\"text\/css\" data-created_by=\"avia_inline_auto\" id=\"style-css-av-av_two_third-9c1d454dc06f7247226bc4e8f931daae\">\n.flex_column.av-av_two_third-9c1d454dc06f7247226bc4e8f931daae{\nborder-radius:0px 0px 0px 0px;\npadding:0px 0px 0px 0px;\n}\n<\/style>\n<div  class='flex_column av-av_two_third-9c1d454dc06f7247226bc4e8f931daae av_two_third  avia-builder-el-4  el_after_av_one_third  avia-builder-el-last  flex_column_div av-zero-column-padding  '     ><section  class='av_textblock_section av-av_textblock-0366cc7376be6c9e82a3e9cc8987b64f '   itemscope=\"itemscope\" itemtype=\"https:\/\/schema.org\/CreativeWork\" ><div class='avia_textblock'  itemprop=\"text\" ><h1>Vauvat ja huuliherpes<\/h1>\n<\/div><\/section><br \/>\n<section  class='av_textblock_section av-av_textblock-0366cc7376be6c9e82a3e9cc8987b64f '   itemscope=\"itemscope\" itemtype=\"https:\/\/schema.org\/CreativeWork\" ><div class='avia_textblock'  itemprop=\"text\" ><p>Kuka tahansa voi tahtomattaan siirt\u00e4\u00e4 Herpes simplex -viruksen vauvalle. Virus voi siirty\u00e4 suudelman kautta, saman mukin tai ruokailuv\u00e4lineiden k\u00e4yt\u00f6n my\u00f6t\u00e4 tai pehmolelun v\u00e4lityksell\u00e4. Vauva voi my\u00f6s saada tartunnan alatiesynnytyksen yhteydess\u00e4, jos \u00e4idill\u00e4 on sukupuolielinherpes. Useimmat ihmiset saavat Herpes simplex -tartunnan jo lapsuudessaan. Vauvan ensimm\u00e4isen herpesepisodin yhteydess\u00e4 h\u00e4nell\u00e4 voi esiinty\u00e4 seuraavanlaisia oireita:<\/p>\n<ul>\n<li>Kipua suussa<\/li>\n<li>V\u00e4hentynyt juominen<\/li>\n<li>Turvonneet imusolmukkeet<\/li>\n<li>Ientulehdus<\/li>\n<li>Rakkulat suussa tai sen ymp\u00e4rist\u00f6ss\u00e4<\/li>\n<li>Kuume<\/li>\n<li>Uneliaisuus<\/li>\n<li>Kurkkukipu<\/li>\n<\/ul>\n<p>Huuliherpes voi olla vaarallinen vauvalle. Jos vauva on alle 3 kuukauden ik\u00e4inen ja h\u00e4nen huuliinsa tai suuhunsa ilmestyy mink\u00e4lainen haavauma tahansa, sinun on heti otettava yhteys l\u00e4\u00e4k\u00e4riin.<\/p>\n<\/div><\/section><br \/>\n<div  class='avia-button-wrap av-av_button-fee81a00f5e9e095ed1f215c03b3f0c6-wrap avia-button-left  avia-builder-el-7  el_after_av_textblock  avia-builder-el-last '><a href='https:\/\/www.sorefix.com\/fi\/elamaa-huuliherpeksen-kanssa\/huuliherpes-voi-olla-vaarallinen-vauvalle\/'  class='avia-button av-av_button-fee81a00f5e9e095ed1f215c03b3f0c6 av-link-btn avia-icon_select-yes-right-icon avia-size-small avia-position-left avia-color-theme-color'   aria-label=\"LUE LIS\u00c4\u00c4\"><span class='avia_iconbox_title' >LUE LIS\u00c4\u00c4<\/span><span class='avia_button_icon avia_button_icon_right avia-iconfont avia-font-entypo-fontello' data-av_icon='\ue875' data-av_iconfont='entypo-fontello' ><\/span><\/a><\/div><\/p><\/div><\/div><\/div><\/main><!-- close content main element --><\/div><\/div><div id='content_footer'  class='avia-section av-av_section-1dc5195c9be8ee2b622704d461f10731 main_color avia-section-no-padding avia-no-border-styling  avia-builder-el-8  el_after_av_section  avia-builder-el-last  avia-bg-style-scroll container_wrap fullsize'  ><div class='container av-section-cont-open' ><div class='template-page content  av-content-full alpha units'><div class='post-entry post-entry-type-page post-entry-297'><div class='entry-content-wrapper clearfix'>\n<div  class='avia-builder-widget-area clearfix  avia-builder-el-9  avia-builder-el-no-sibling '><div id=\"text-8\" class=\"widget clearfix widget_text\">\t\t\t<div class=\"textwidget\"><a class=\"duopack\" href=\"\/fi\/tietoa-tuotteesta\/sorefix-toimii-eri-tavalla\/\"><img decoding=\"async\" title=\"Miksi SoreFix\" src=\"\/fi\/files\/2024\/03\/sorefix-duo-widget.jpg\" alt=\"Miksi SoreFix\" \/><\/a>\r\n<div class=\"av_promobox text\">\r\n<h3>Miksi SoreFix?<\/h3>\r\n<\/div><\/div>\n\t\t<\/div><div id=\"text-9\" class=\"widget clearfix widget_text\">\t\t\t<div class=\"textwidget\"><a href=\"\/fi\/mista-sorefixia-voi-ostaa\/\"><img decoding=\"async\" title=\"Osta SoreFixia t\u00e4\u00e4lt\u00e4\" src=\"\/fi\/files\/2024\/03\/sorefix-buy.jpg\" alt=\"Osta SoreFixia t\u00e4\u00e4lt\u00e4\" \/><\/a>\r\n<div class=\"av_promobox text\">\r\n<h3>Osta SoreFixia t\u00e4\u00e4lt\u00e4<\/h3>\r\n<\/div><\/div>\n\t\t<\/div><div id=\"text-10\" class=\"widget clearfix widget_text\">\t\t\t<div class=\"textwidget\"><div class=\"fases-background\"><a href=\"\/fi\/elamaa-huuliherpeksen-kanssa\/huuliherpes-voi-olla-vaarallinen-vauvalle\/\"><img decoding=\"async\" title=\"Huuliherpeksen eri vaiheet\" src=\"\/fi\/files\/2017\/09\/phases-finland.jpg\" alt=\"Huuliherpeksen eri vaiheet\" \/><\/a><\/div>\r\n<div class=\"av_promobox text\">\r\n<h3>Huuliherpeksen eri vaiheet<\/h3>\r\n<\/div><\/div>\n\t\t<\/div><\/div>\n<\/p>\n","protected":false},"excerpt":{"rendered":"","protected":false},"author":7,"featured_media":777,"parent":295,"menu_order":14,"comment_status":"closed","ping_status":"closed","template":"","meta":{"_acf_changed":false,"footnotes":""},"class_list":["post-297","page","type-page","status-publish","has-post-thumbnail","hentry"],"acf":[],"yoast_head":"<!-- This site is optimized with the Yoast SEO plugin v26.9 - https:\/\/yoast.com\/product\/yoast-seo-wordpress\/ -->\n<title>Kuka tahansa voi tahtomattaan siirt\u00e4\u00e4 Herpes simplex -viruksen vauvalle. Virus voi siirty\u00e4 suudelman kautta, saman mukin tai ruokailuv\u00e4lineiden k\u00e4yt\u00f6n my\u00f6t\u00e4 tai pehmolelun v\u00e4lityksell\u00e4. Vauva voi my\u00f6s saada tartunnan alatiesynnytyksen yhteydess\u00e4, jos \u00e4idill\u00e4 on sukupuolielinherpes. Useimmat ihmiset saavat Herpes simplex -tartunnan jo lapsuudessaan.<\/title>\n<meta name=\"description\" content=\"Virus voi siirty\u00e4 suudelman kautta, saman mukin tai ruokailuv\u00e4lineiden k\u00e4yt\u00f6n my\u00f6t\u00e4 tai pehmolelun v\u00e4lityksell\u00e4. Vauva voi my\u00f6s saada tartunnan alatiesynnytyksen yhteydess\u00e4, jos \u00e4idill\u00e4 on sukupuolielinherpes. Useimmat ihmiset saavat Herpes simplex -tartunnan jo lapsuudessaan.\" \/>\n<meta name=\"robots\" content=\"index, follow, max-snippet:-1, max-image-preview:large, max-video-preview:-1\" \/>\n<link rel=\"canonical\" href=\"https:\/\/www.sorefix.com\/fi\/elamaa-huuliherpeksen-kanssa\/vauvat-ja-huuliherpes\/\" \/>\n<meta property=\"og:locale\" content=\"fi_FI\" \/>\n<meta property=\"og:type\" content=\"article\" \/>\n<meta property=\"og:title\" content=\"Kuka tahansa voi tahtomattaan siirt\u00e4\u00e4 Herpes simplex -viruksen vauvalle. Virus voi siirty\u00e4 suudelman kautta, saman mukin tai ruokailuv\u00e4lineiden k\u00e4yt\u00f6n my\u00f6t\u00e4 tai pehmolelun v\u00e4lityksell\u00e4. Vauva voi my\u00f6s saada tartunnan alatiesynnytyksen yhteydess\u00e4, jos \u00e4idill\u00e4 on sukupuolielinherpes. Useimmat ihmiset saavat Herpes simplex -tartunnan jo lapsuudessaan.\" \/>\n<meta property=\"og:description\" content=\"Virus voi siirty\u00e4 suudelman kautta, saman mukin tai ruokailuv\u00e4lineiden k\u00e4yt\u00f6n my\u00f6t\u00e4 tai pehmolelun v\u00e4lityksell\u00e4. Vauva voi my\u00f6s saada tartunnan alatiesynnytyksen yhteydess\u00e4, jos \u00e4idill\u00e4 on sukupuolielinherpes. Useimmat ihmiset saavat Herpes simplex -tartunnan jo lapsuudessaan.\" \/>\n<meta property=\"og:url\" content=\"https:\/\/www.sorefix.com\/fi\/elamaa-huuliherpeksen-kanssa\/vauvat-ja-huuliherpes\/\" \/>\n<meta property=\"og:site_name\" content=\"SoreFix Finland\" \/>\n<meta property=\"article:modified_time\" content=\"2017-09-08T09:22:48+00:00\" \/>\n<meta property=\"og:image\" content=\"https:\/\/www.sorefix.com\/fi\/files\/2017\/05\/meisje-header2.png\" \/>\n\t<meta property=\"og:image:width\" content=\"345\" \/>\n\t<meta property=\"og:image:height\" content=\"211\" \/>\n\t<meta property=\"og:image:type\" content=\"image\/png\" \/>\n<meta name=\"twitter:card\" content=\"summary_large_image\" \/>\n<meta name=\"twitter:label1\" content=\"Est. reading time\" \/>\n\t<meta name=\"twitter:data1\" content=\"2 minutes\" \/>\n<script type=\"application\/ld+json\" class=\"yoast-schema-graph\">{\"@context\":\"https:\/\/schema.org\",\"@graph\":[{\"@type\":\"WebPage\",\"@id\":\"https:\/\/www.sorefix.com\/fi\/elamaa-huuliherpeksen-kanssa\/vauvat-ja-huuliherpes\/\",\"url\":\"https:\/\/www.sorefix.com\/fi\/elamaa-huuliherpeksen-kanssa\/vauvat-ja-huuliherpes\/\",\"name\":\"Kuka tahansa voi tahtomattaan siirt\u00e4\u00e4 Herpes simplex -viruksen vauvalle. Virus voi siirty\u00e4 suudelman kautta, saman mukin tai ruokailuv\u00e4lineiden k\u00e4yt\u00f6n my\u00f6t\u00e4 tai pehmolelun v\u00e4lityksell\u00e4. Vauva voi my\u00f6s saada tartunnan alatiesynnytyksen yhteydess\u00e4, jos \u00e4idill\u00e4 on sukupuolielinherpes. Useimmat ihmiset saavat Herpes simplex -tartunnan jo lapsuudessaan.\",\"isPartOf\":{\"@id\":\"https:\/\/www.sorefix.com\/fi\/#website\"},\"primaryImageOfPage\":{\"@id\":\"https:\/\/www.sorefix.com\/fi\/elamaa-huuliherpeksen-kanssa\/vauvat-ja-huuliherpes\/#primaryimage\"},\"image\":{\"@id\":\"https:\/\/www.sorefix.com\/fi\/elamaa-huuliherpeksen-kanssa\/vauvat-ja-huuliherpes\/#primaryimage\"},\"thumbnailUrl\":\"https:\/\/www.sorefix.com\/fi\/files\/2017\/05\/meisje-header2.png\",\"datePublished\":\"2017-03-14T12:28:11+00:00\",\"dateModified\":\"2017-09-08T09:22:48+00:00\",\"description\":\"Virus voi siirty\u00e4 suudelman kautta, saman mukin tai ruokailuv\u00e4lineiden k\u00e4yt\u00f6n my\u00f6t\u00e4 tai pehmolelun v\u00e4lityksell\u00e4. Vauva voi my\u00f6s saada tartunnan alatiesynnytyksen yhteydess\u00e4, jos \u00e4idill\u00e4 on sukupuolielinherpes. Useimmat ihmiset saavat Herpes simplex -tartunnan jo lapsuudessaan.\",\"breadcrumb\":{\"@id\":\"https:\/\/www.sorefix.com\/fi\/elamaa-huuliherpeksen-kanssa\/vauvat-ja-huuliherpes\/#breadcrumb\"},\"inLanguage\":\"fi\",\"potentialAction\":[{\"@type\":\"ReadAction\",\"target\":[\"https:\/\/www.sorefix.com\/fi\/elamaa-huuliherpeksen-kanssa\/vauvat-ja-huuliherpes\/\"]}]},{\"@type\":\"ImageObject\",\"inLanguage\":\"fi\",\"@id\":\"https:\/\/www.sorefix.com\/fi\/elamaa-huuliherpeksen-kanssa\/vauvat-ja-huuliherpes\/#primaryimage\",\"url\":\"https:\/\/www.sorefix.com\/fi\/files\/2017\/05\/meisje-header2.png\",\"contentUrl\":\"https:\/\/www.sorefix.com\/fi\/files\/2017\/05\/meisje-header2.png\",\"width\":345,\"height\":211},{\"@type\":\"BreadcrumbList\",\"@id\":\"https:\/\/www.sorefix.com\/fi\/elamaa-huuliherpeksen-kanssa\/vauvat-ja-huuliherpes\/#breadcrumb\",\"itemListElement\":[{\"@type\":\"ListItem\",\"position\":1,\"name\":\"Home\",\"item\":\"https:\/\/www.sorefix.com\/fi\/\"},{\"@type\":\"ListItem\",\"position\":2,\"name\":\"El\u00e4m\u00e4\u00e4 huuliherpeksen kanssa\",\"item\":\"https:\/\/www.sorefix.com\/fi\/elamaa-huuliherpeksen-kanssa\/\"},{\"@type\":\"ListItem\",\"position\":3,\"name\":\"Vauvat ja huuliherpes\"}]},{\"@type\":\"WebSite\",\"@id\":\"https:\/\/www.sorefix.com\/fi\/#website\",\"url\":\"https:\/\/www.sorefix.com\/fi\/\",\"name\":\"SoreFix Finland\",\"description\":\"\",\"potentialAction\":[{\"@type\":\"SearchAction\",\"target\":{\"@type\":\"EntryPoint\",\"urlTemplate\":\"https:\/\/www.sorefix.com\/fi\/?s={search_term_string}\"},\"query-input\":{\"@type\":\"PropertyValueSpecification\",\"valueRequired\":true,\"valueName\":\"search_term_string\"}}],\"inLanguage\":\"fi\"}]}<\/script>\n<!-- \/ Yoast SEO plugin. -->","yoast_head_json":{"title":"Kuka tahansa voi tahtomattaan siirt\u00e4\u00e4 Herpes simplex -viruksen vauvalle. Virus voi siirty\u00e4 suudelman kautta, saman mukin tai ruokailuv\u00e4lineiden k\u00e4yt\u00f6n my\u00f6t\u00e4 tai pehmolelun v\u00e4lityksell\u00e4. Vauva voi my\u00f6s saada tartunnan alatiesynnytyksen yhteydess\u00e4, jos \u00e4idill\u00e4 on sukupuolielinherpes. Useimmat ihmiset saavat Herpes simplex -tartunnan jo lapsuudessaan.","description":"Virus voi siirty\u00e4 suudelman kautta, saman mukin tai ruokailuv\u00e4lineiden k\u00e4yt\u00f6n my\u00f6t\u00e4 tai pehmolelun v\u00e4lityksell\u00e4. Vauva voi my\u00f6s saada tartunnan alatiesynnytyksen yhteydess\u00e4, jos \u00e4idill\u00e4 on sukupuolielinherpes. Useimmat ihmiset saavat Herpes simplex -tartunnan jo lapsuudessaan.","robots":{"index":"index","follow":"follow","max-snippet":"max-snippet:-1","max-image-preview":"max-image-preview:large","max-video-preview":"max-video-preview:-1"},"canonical":"https:\/\/www.sorefix.com\/fi\/elamaa-huuliherpeksen-kanssa\/vauvat-ja-huuliherpes\/","og_locale":"fi_FI","og_type":"article","og_title":"Kuka tahansa voi tahtomattaan siirt\u00e4\u00e4 Herpes simplex -viruksen vauvalle. Virus voi siirty\u00e4 suudelman kautta, saman mukin tai ruokailuv\u00e4lineiden k\u00e4yt\u00f6n my\u00f6t\u00e4 tai pehmolelun v\u00e4lityksell\u00e4. Vauva voi my\u00f6s saada tartunnan alatiesynnytyksen yhteydess\u00e4, jos \u00e4idill\u00e4 on sukupuolielinherpes. Useimmat ihmiset saavat Herpes simplex -tartunnan jo lapsuudessaan.","og_description":"Virus voi siirty\u00e4 suudelman kautta, saman mukin tai ruokailuv\u00e4lineiden k\u00e4yt\u00f6n my\u00f6t\u00e4 tai pehmolelun v\u00e4lityksell\u00e4. Vauva voi my\u00f6s saada tartunnan alatiesynnytyksen yhteydess\u00e4, jos \u00e4idill\u00e4 on sukupuolielinherpes. Useimmat ihmiset saavat Herpes simplex -tartunnan jo lapsuudessaan.","og_url":"https:\/\/www.sorefix.com\/fi\/elamaa-huuliherpeksen-kanssa\/vauvat-ja-huuliherpes\/","og_site_name":"SoreFix Finland","article_modified_time":"2017-09-08T09:22:48+00:00","og_image":[{"width":345,"height":211,"url":"https:\/\/www.sorefix.com\/fi\/files\/2017\/05\/meisje-header2.png","type":"image\/png"}],"twitter_card":"summary_large_image","twitter_misc":{"Est. reading time":"2 minutes"},"schema":{"@context":"https:\/\/schema.org","@graph":[{"@type":"WebPage","@id":"https:\/\/www.sorefix.com\/fi\/elamaa-huuliherpeksen-kanssa\/vauvat-ja-huuliherpes\/","url":"https:\/\/www.sorefix.com\/fi\/elamaa-huuliherpeksen-kanssa\/vauvat-ja-huuliherpes\/","name":"Kuka tahansa voi tahtomattaan siirt\u00e4\u00e4 Herpes simplex -viruksen vauvalle. Virus voi siirty\u00e4 suudelman kautta, saman mukin tai ruokailuv\u00e4lineiden k\u00e4yt\u00f6n my\u00f6t\u00e4 tai pehmolelun v\u00e4lityksell\u00e4. Vauva voi my\u00f6s saada tartunnan alatiesynnytyksen yhteydess\u00e4, jos \u00e4idill\u00e4 on sukupuolielinherpes. Useimmat ihmiset saavat Herpes simplex -tartunnan jo lapsuudessaan.","isPartOf":{"@id":"https:\/\/www.sorefix.com\/fi\/#website"},"primaryImageOfPage":{"@id":"https:\/\/www.sorefix.com\/fi\/elamaa-huuliherpeksen-kanssa\/vauvat-ja-huuliherpes\/#primaryimage"},"image":{"@id":"https:\/\/www.sorefix.com\/fi\/elamaa-huuliherpeksen-kanssa\/vauvat-ja-huuliherpes\/#primaryimage"},"thumbnailUrl":"https:\/\/www.sorefix.com\/fi\/files\/2017\/05\/meisje-header2.png","datePublished":"2017-03-14T12:28:11+00:00","dateModified":"2017-09-08T09:22:48+00:00","description":"Virus voi siirty\u00e4 suudelman kautta, saman mukin tai ruokailuv\u00e4lineiden k\u00e4yt\u00f6n my\u00f6t\u00e4 tai pehmolelun v\u00e4lityksell\u00e4. Vauva voi my\u00f6s saada tartunnan alatiesynnytyksen yhteydess\u00e4, jos \u00e4idill\u00e4 on sukupuolielinherpes. Useimmat ihmiset saavat Herpes simplex -tartunnan jo lapsuudessaan.","breadcrumb":{"@id":"https:\/\/www.sorefix.com\/fi\/elamaa-huuliherpeksen-kanssa\/vauvat-ja-huuliherpes\/#breadcrumb"},"inLanguage":"fi","potentialAction":[{"@type":"ReadAction","target":["https:\/\/www.sorefix.com\/fi\/elamaa-huuliherpeksen-kanssa\/vauvat-ja-huuliherpes\/"]}]},{"@type":"ImageObject","inLanguage":"fi","@id":"https:\/\/www.sorefix.com\/fi\/elamaa-huuliherpeksen-kanssa\/vauvat-ja-huuliherpes\/#primaryimage","url":"https:\/\/www.sorefix.com\/fi\/files\/2017\/05\/meisje-header2.png","contentUrl":"https:\/\/www.sorefix.com\/fi\/files\/2017\/05\/meisje-header2.png","width":345,"height":211},{"@type":"BreadcrumbList","@id":"https:\/\/www.sorefix.com\/fi\/elamaa-huuliherpeksen-kanssa\/vauvat-ja-huuliherpes\/#breadcrumb","itemListElement":[{"@type":"ListItem","position":1,"name":"Home","item":"https:\/\/www.sorefix.com\/fi\/"},{"@type":"ListItem","position":2,"name":"El\u00e4m\u00e4\u00e4 huuliherpeksen kanssa","item":"https:\/\/www.sorefix.com\/fi\/elamaa-huuliherpeksen-kanssa\/"},{"@type":"ListItem","position":3,"name":"Vauvat ja huuliherpes"}]},{"@type":"WebSite","@id":"https:\/\/www.sorefix.com\/fi\/#website","url":"https:\/\/www.sorefix.com\/fi\/","name":"SoreFix Finland","description":"","potentialAction":[{"@type":"SearchAction","target":{"@type":"EntryPoint","urlTemplate":"https:\/\/www.sorefix.com\/fi\/?s={search_term_string}"},"query-input":{"@type":"PropertyValueSpecification","valueRequired":true,"valueName":"search_term_string"}}],"inLanguage":"fi"}]}},"_links":{"self":[{"href":"https:\/\/www.sorefix.com\/fi\/wp-json\/wp\/v2\/pages\/297","targetHints":{"allow":["GET"]}}],"collection":[{"href":"https:\/\/www.sorefix.com\/fi\/wp-json\/wp\/v2\/pages"}],"about":[{"href":"https:\/\/www.sorefix.com\/fi\/wp-json\/wp\/v2\/types\/page"}],"author":[{"embeddable":true,"href":"https:\/\/www.sorefix.com\/fi\/wp-json\/wp\/v2\/users\/7"}],"replies":[{"embeddable":true,"href":"https:\/\/www.sorefix.com\/fi\/wp-json\/wp\/v2\/comments?post=297"}],"version-history":[{"count":0,"href":"https:\/\/www.sorefix.com\/fi\/wp-json\/wp\/v2\/pages\/297\/revisions"}],"up":[{"embeddable":true,"href":"https:\/\/www.sorefix.com\/fi\/wp-json\/wp\/v2\/pages\/295"}],"wp:featuredmedia":[{"embeddable":true,"href":"https:\/\/www.sorefix.com\/fi\/wp-json\/wp\/v2\/media\/777"}],"wp:attachment":[{"href":"https:\/\/www.sorefix.com\/fi\/wp-json\/wp\/v2\/media?parent=297"}],"curies":[{"name":"wp","href":"https:\/\/api.w.org\/{rel}","templated":true}]}}