{"id":587,"date":"2017-03-28T11:25:29","date_gmt":"2017-03-28T09:25:29","guid":{"rendered":"\/\/www.sorefix.com\/ned\/?page_id=587"},"modified":"2018-01-19T09:27:00","modified_gmt":"2018-01-19T09:27:00","slug":"tietosuojakaytanto","status":"publish","type":"page","link":"https:\/\/www.sorefix.com\/fi\/tietosuojakaytanto\/","title":{"rendered":"Tietosuojak\u00e4yt\u00e4nt\u00f6"},"content":{"rendered":"<div id='page-content-section'  class='avia-section av-av_section-bbb3e16afd1ee2a177e07f5f503e7f42 main_color avia-section-default avia-no-shadow  avia-builder-el-0  avia-builder-el-no-sibling  avia-bg-style-scroll container_wrap fullsize'  ><div class='container av-section-cont-open' ><main  role=\"main\" itemprop=\"mainContentOfPage\"  class='template-page content  av-content-full alpha units'><div class='post-entry post-entry-type-page post-entry-587'><div class='entry-content-wrapper clearfix'>\n<section  class='av_textblock_section av-av_textblock-0366cc7376be6c9e82a3e9cc8987b64f '   itemscope=\"itemscope\" itemtype=\"https:\/\/schema.org\/CreativeWork\" ><div class='avia_textblock'  itemprop=\"text\" ><p><strong>Privacy statement<\/strong><br \/>\nSerrix is obliged to see to it that the information placed on this site is accurate and updated to the best of our ability. Serrix is entitled to correct the content of the site at any time and without prior notice. However Serrix cannot guarantee the correctness, accuracy, thoroughness and completeness of the information on this site. Serrix has drafted this privacy statement in order to make it clear that Serrix attaches importance to privacy. It is indicated below how information for this website is gathered and spread.<\/p>\n<p><strong>Forms<\/strong><br \/>\nIn the contact form on the site, users are asked to provide contact information such as name and email address. Other personal information is not required, except when provided by the person who is registering her\/himself. The contact information provided in the registration forms is used to contact users in case this is necessary.<\/p>\n<p><strong>External links<\/strong><br \/>\nThis site contains links to other sites. Serrix is not responsible for the content on those websites and for the way in which they deal with privacy.<\/p>\n<p><strong>Safety<\/strong><br \/>\nThis site uses safety measurements for protection against loss, improper use and alteration of the information that we have at our disposal.<\/p>\n<p><strong>Automatically stored information<\/strong><br \/>\nWe use your IP-address for gathering broad demographic information which serves to gain insight into the demand for the product and into what viewers would like to see on our website. The saved information is exclusively used for web static purposes, like the number of times the page has been visited, hits, etc.<\/p>\n<p><strong>Juridical information and copyright<\/strong><br \/>\nUnless stated otherwise, the copyright of the illustrations shown on SoreFix.com fall to Serrix. Copyright automatically protects the work at the moment that it is created. Without prior permission of the web manager or an unmistakable sign of permission given by the web manager, visitors are not allowed to use pictures or illustrations of Serrix.com in any way. Unauthorized distribution of illustrations protected by copyright are unlawful and may lead to criminal prosecution and personal liability for damages in a civil procedure.<br \/>\nHot linking of pictures of the web server is not allowed. Use of a picture file (.jpg, .gif or .bmp) or a compressed file (.zip or .rar) using \u201chot linking\u201d to a file which is not placed on your own directory or server is regarded as theft of bandwidth.<br \/>\nInformation on this site may contain technical inaccuracies or typing errors. Information can be altered or updated without notice. Serrix may at any time and without notice make improvements and\/or alterations to the material incorporated or described on this site.<\/p>\n<p><strong>Visits to the website<\/strong><br \/>\nIn case you have any questions about this privacy policy, the practices of this site or your contacts with this website, then please contact <a href=\"mailto:info@serrix.com\">info@serrix.com<\/a><\/p>\n<\/div><\/section>\n\n","protected":false},"excerpt":{"rendered":"","protected":false},"author":7,"featured_media":779,"parent":0,"menu_order":8,"comment_status":"closed","ping_status":"closed","template":"","meta":{"_acf_changed":false,"footnotes":""},"class_list":["post-587","page","type-page","status-publish","has-post-thumbnail","hentry"],"acf":[],"yoast_head":"<!-- This site is optimized with the Yoast SEO plugin v26.9 - https:\/\/yoast.com\/product\/yoast-seo-wordpress\/ -->\n<title>SoreFix - Tietosuojak\u00e4yt\u00e4nt\u00f6<\/title>\n<meta name=\"description\" content=\"Op de toegang tot deze Site en het gebruik ervan zijn de volgende voorwaarden van toepassing, alsmede alle van toepassing zijnde wetten.\" \/>\n<meta name=\"robots\" content=\"index, follow, max-snippet:-1, max-image-preview:large, max-video-preview:-1\" \/>\n<link rel=\"canonical\" href=\"https:\/\/www.sorefix.com\/fi\/tietosuojakaytanto\/\" \/>\n<meta property=\"og:locale\" content=\"fi_FI\" \/>\n<meta property=\"og:type\" content=\"article\" \/>\n<meta property=\"og:title\" content=\"SoreFix - Tietosuojak\u00e4yt\u00e4nt\u00f6\" \/>\n<meta property=\"og:description\" content=\"Op de toegang tot deze Site en het gebruik ervan zijn de volgende voorwaarden van toepassing, alsmede alle van toepassing zijnde wetten.\" \/>\n<meta property=\"og:url\" content=\"https:\/\/www.sorefix.com\/fi\/tietosuojakaytanto\/\" \/>\n<meta property=\"og:site_name\" content=\"SoreFix Finland\" \/>\n<meta property=\"article:modified_time\" content=\"2018-01-19T09:27:00+00:00\" \/>\n<meta property=\"og:image\" content=\"https:\/\/www.sorefix.com\/fi\/files\/2017\/05\/packshot-header.png\" \/>\n\t<meta property=\"og:image:width\" content=\"420\" \/>\n\t<meta property=\"og:image:height\" content=\"257\" \/>\n\t<meta property=\"og:image:type\" content=\"image\/png\" \/>\n<meta name=\"twitter:card\" content=\"summary_large_image\" \/>\n<meta name=\"twitter:label1\" content=\"Est. reading time\" \/>\n\t<meta name=\"twitter:data1\" content=\"3 minutes\" \/>\n<script type=\"application\/ld+json\" class=\"yoast-schema-graph\">{\"@context\":\"https:\/\/schema.org\",\"@graph\":[{\"@type\":\"WebPage\",\"@id\":\"https:\/\/www.sorefix.com\/fi\/tietosuojakaytanto\/\",\"url\":\"https:\/\/www.sorefix.com\/fi\/tietosuojakaytanto\/\",\"name\":\"SoreFix - Tietosuojak\u00e4yt\u00e4nt\u00f6\",\"isPartOf\":{\"@id\":\"https:\/\/www.sorefix.com\/fi\/#website\"},\"primaryImageOfPage\":{\"@id\":\"https:\/\/www.sorefix.com\/fi\/tietosuojakaytanto\/#primaryimage\"},\"image\":{\"@id\":\"https:\/\/www.sorefix.com\/fi\/tietosuojakaytanto\/#primaryimage\"},\"thumbnailUrl\":\"https:\/\/www.sorefix.com\/fi\/files\/2017\/05\/packshot-header.png\",\"datePublished\":\"2017-03-28T09:25:29+00:00\",\"dateModified\":\"2018-01-19T09:27:00+00:00\",\"description\":\"Op de toegang tot deze Site en het gebruik ervan zijn de volgende voorwaarden van toepassing, alsmede alle van toepassing zijnde wetten.\",\"breadcrumb\":{\"@id\":\"https:\/\/www.sorefix.com\/fi\/tietosuojakaytanto\/#breadcrumb\"},\"inLanguage\":\"fi\",\"potentialAction\":[{\"@type\":\"ReadAction\",\"target\":[\"https:\/\/www.sorefix.com\/fi\/tietosuojakaytanto\/\"]}]},{\"@type\":\"ImageObject\",\"inLanguage\":\"fi\",\"@id\":\"https:\/\/www.sorefix.com\/fi\/tietosuojakaytanto\/#primaryimage\",\"url\":\"https:\/\/www.sorefix.com\/fi\/files\/2017\/05\/packshot-header.png\",\"contentUrl\":\"https:\/\/www.sorefix.com\/fi\/files\/2017\/05\/packshot-header.png\",\"width\":420,\"height\":257},{\"@type\":\"BreadcrumbList\",\"@id\":\"https:\/\/www.sorefix.com\/fi\/tietosuojakaytanto\/#breadcrumb\",\"itemListElement\":[{\"@type\":\"ListItem\",\"position\":1,\"name\":\"Home\",\"item\":\"https:\/\/www.sorefix.com\/fi\/\"},{\"@type\":\"ListItem\",\"position\":2,\"name\":\"Tietosuojak\u00e4yt\u00e4nt\u00f6\"}]},{\"@type\":\"WebSite\",\"@id\":\"https:\/\/www.sorefix.com\/fi\/#website\",\"url\":\"https:\/\/www.sorefix.com\/fi\/\",\"name\":\"SoreFix Finland\",\"description\":\"\",\"potentialAction\":[{\"@type\":\"SearchAction\",\"target\":{\"@type\":\"EntryPoint\",\"urlTemplate\":\"https:\/\/www.sorefix.com\/fi\/?s={search_term_string}\"},\"query-input\":{\"@type\":\"PropertyValueSpecification\",\"valueRequired\":true,\"valueName\":\"search_term_string\"}}],\"inLanguage\":\"fi\"}]}<\/script>\n<!-- \/ Yoast SEO plugin. -->","yoast_head_json":{"title":"SoreFix - Tietosuojak\u00e4yt\u00e4nt\u00f6","description":"Op de toegang tot deze Site en het gebruik ervan zijn de volgende voorwaarden van toepassing, alsmede alle van toepassing zijnde wetten.","robots":{"index":"index","follow":"follow","max-snippet":"max-snippet:-1","max-image-preview":"max-image-preview:large","max-video-preview":"max-video-preview:-1"},"canonical":"https:\/\/www.sorefix.com\/fi\/tietosuojakaytanto\/","og_locale":"fi_FI","og_type":"article","og_title":"SoreFix - Tietosuojak\u00e4yt\u00e4nt\u00f6","og_description":"Op de toegang tot deze Site en het gebruik ervan zijn de volgende voorwaarden van toepassing, alsmede alle van toepassing zijnde wetten.","og_url":"https:\/\/www.sorefix.com\/fi\/tietosuojakaytanto\/","og_site_name":"SoreFix Finland","article_modified_time":"2018-01-19T09:27:00+00:00","og_image":[{"width":420,"height":257,"url":"https:\/\/www.sorefix.com\/fi\/files\/2017\/05\/packshot-header.png","type":"image\/png"}],"twitter_card":"summary_large_image","twitter_misc":{"Est. reading time":"3 minutes"},"schema":{"@context":"https:\/\/schema.org","@graph":[{"@type":"WebPage","@id":"https:\/\/www.sorefix.com\/fi\/tietosuojakaytanto\/","url":"https:\/\/www.sorefix.com\/fi\/tietosuojakaytanto\/","name":"SoreFix - Tietosuojak\u00e4yt\u00e4nt\u00f6","isPartOf":{"@id":"https:\/\/www.sorefix.com\/fi\/#website"},"primaryImageOfPage":{"@id":"https:\/\/www.sorefix.com\/fi\/tietosuojakaytanto\/#primaryimage"},"image":{"@id":"https:\/\/www.sorefix.com\/fi\/tietosuojakaytanto\/#primaryimage"},"thumbnailUrl":"https:\/\/www.sorefix.com\/fi\/files\/2017\/05\/packshot-header.png","datePublished":"2017-03-28T09:25:29+00:00","dateModified":"2018-01-19T09:27:00+00:00","description":"Op de toegang tot deze Site en het gebruik ervan zijn de volgende voorwaarden van toepassing, alsmede alle van toepassing zijnde wetten.","breadcrumb":{"@id":"https:\/\/www.sorefix.com\/fi\/tietosuojakaytanto\/#breadcrumb"},"inLanguage":"fi","potentialAction":[{"@type":"ReadAction","target":["https:\/\/www.sorefix.com\/fi\/tietosuojakaytanto\/"]}]},{"@type":"ImageObject","inLanguage":"fi","@id":"https:\/\/www.sorefix.com\/fi\/tietosuojakaytanto\/#primaryimage","url":"https:\/\/www.sorefix.com\/fi\/files\/2017\/05\/packshot-header.png","contentUrl":"https:\/\/www.sorefix.com\/fi\/files\/2017\/05\/packshot-header.png","width":420,"height":257},{"@type":"BreadcrumbList","@id":"https:\/\/www.sorefix.com\/fi\/tietosuojakaytanto\/#breadcrumb","itemListElement":[{"@type":"ListItem","position":1,"name":"Home","item":"https:\/\/www.sorefix.com\/fi\/"},{"@type":"ListItem","position":2,"name":"Tietosuojak\u00e4yt\u00e4nt\u00f6"}]},{"@type":"WebSite","@id":"https:\/\/www.sorefix.com\/fi\/#website","url":"https:\/\/www.sorefix.com\/fi\/","name":"SoreFix Finland","description":"","potentialAction":[{"@type":"SearchAction","target":{"@type":"EntryPoint","urlTemplate":"https:\/\/www.sorefix.com\/fi\/?s={search_term_string}"},"query-input":{"@type":"PropertyValueSpecification","valueRequired":true,"valueName":"search_term_string"}}],"inLanguage":"fi"}]}},"_links":{"self":[{"href":"https:\/\/www.sorefix.com\/fi\/wp-json\/wp\/v2\/pages\/587","targetHints":{"allow":["GET"]}}],"collection":[{"href":"https:\/\/www.sorefix.com\/fi\/wp-json\/wp\/v2\/pages"}],"about":[{"href":"https:\/\/www.sorefix.com\/fi\/wp-json\/wp\/v2\/types\/page"}],"author":[{"embeddable":true,"href":"https:\/\/www.sorefix.com\/fi\/wp-json\/wp\/v2\/users\/7"}],"replies":[{"embeddable":true,"href":"https:\/\/www.sorefix.com\/fi\/wp-json\/wp\/v2\/comments?post=587"}],"version-history":[{"count":0,"href":"https:\/\/www.sorefix.com\/fi\/wp-json\/wp\/v2\/pages\/587\/revisions"}],"wp:featuredmedia":[{"embeddable":true,"href":"https:\/\/www.sorefix.com\/fi\/wp-json\/wp\/v2\/media\/779"}],"wp:attachment":[{"href":"https:\/\/www.sorefix.com\/fi\/wp-json\/wp\/v2\/media?parent=587"}],"curies":[{"name":"wp","href":"https:\/\/api.w.org\/{rel}","templated":true}]}}