{"id":195,"date":"2017-03-13T18:18:18","date_gmt":"2017-03-13T18:18:18","guid":{"rendered":"\/\/www.sorefix.com\/ned\/?page_id=195"},"modified":"2019-07-11T07:59:47","modified_gmt":"2019-07-11T07:59:47","slug":"sorefix-traitement-creme","status":"publish","type":"page","link":"https:\/\/www.sorefix.com\/fr\/produits\/sorefix-traitement-creme\/","title":{"rendered":"SoreFix Traitement cr\u00e8me"},"content":{"rendered":"<div id='page-content-section'  class='avia-section av-911jf-de656ef70e8536666519d7b869f06673 main_color avia-section-default avia-no-shadow  avia-builder-el-0  el_before_av_one_full  avia-builder-el-first  avia-bg-style-scroll container_wrap fullsize'  ><div class='container av-section-cont-open' ><main  role=\"main\" itemprop=\"mainContentOfPage\"  class='template-page content  av-content-full alpha units'><div class='post-entry post-entry-type-page post-entry-195'><div class='entry-content-wrapper clearfix'>\n\n<style type=\"text\/css\" data-created_by=\"avia_inline_auto\" id=\"style-css-av-8ho0b-aaf416a16bab83b3625f7b31958cf3ff\">\n.flex_column.av-8ho0b-aaf416a16bab83b3625f7b31958cf3ff{\nborder-radius:0px 0px 0px 0px;\npadding:20px 20px 20px 20px;\n}\n<\/style>\n<div  class='flex_column av-8ho0b-aaf416a16bab83b3625f7b31958cf3ff av_one_third  avia-builder-el-1  el_before_av_two_third  avia-builder-el-first  first no_margin flex_column_div  '     ><p>\n<style type=\"text\/css\" data-created_by=\"avia_inline_auto\" id=\"style-css-av-28sm0z-09a206e62d58adf275fdcc2cd54c83a3\">\n#top .hr.hr-invisible.av-28sm0z-09a206e62d58adf275fdcc2cd54c83a3{\nheight:50px;\n}\n<\/style>\n<div  class='hr av-28sm0z-09a206e62d58adf275fdcc2cd54c83a3 hr-invisible  avia-builder-el-2  el_before_av_image  avia-builder-el-first '><span class='hr-inner '><span class=\"hr-inner-style\"><\/span><\/span><\/div><br \/>\n\n<style type=\"text\/css\" data-created_by=\"avia_inline_auto\" id=\"style-css-av-24tisj-236f39ef0489bb02318392c3635a5cf2\">\n.avia-image-container.av-24tisj-236f39ef0489bb02318392c3635a5cf2 img.avia_image{\nbox-shadow:none;\n}\n.avia-image-container.av-24tisj-236f39ef0489bb02318392c3635a5cf2 .av-image-caption-overlay-center{\ncolor:#ffffff;\n}\n<\/style>\n<div  class='avia-image-container av-24tisj-236f39ef0489bb02318392c3635a5cf2 av-styling- avia-align-center  avia-builder-el-3  el_after_av_hr  avia-builder-el-last '   itemprop=\"image\" itemscope=\"itemscope\" itemtype=\"https:\/\/schema.org\/ImageObject\" ><div class=\"avia-image-container-inner\"><div class=\"avia-image-overlay-wrap\"><img decoding=\"async\" fetchpriority=\"high\" class='wp-image-3081 avia-img-lazy-loading-not-3081 avia_image ' src=\"https:\/\/www.sorefix.com\/fr\/files\/2019\/07\/rescue.jpg\" alt='' title='rescue'  height=\"664\" width=\"600\"  itemprop=\"thumbnailUrl\" srcset=\"https:\/\/www.sorefix.com\/fr\/files\/2019\/07\/rescue.jpg 600w, https:\/\/www.sorefix.com\/fr\/files\/2019\/07\/rescue-271x300.jpg 271w, https:\/\/www.sorefix.com\/fr\/files\/2019\/07\/rescue-450x498.jpg 450w\" sizes=\"(max-width: 600px) 100vw, 600px\" \/><\/div><\/div><\/div><\/p><\/div>\n<style type=\"text\/css\" data-created_by=\"avia_inline_auto\" id=\"style-css-av-1w7mxf-b3bf8de23f172693fd29ebe5d13db9eb\">\n.flex_column.av-1w7mxf-b3bf8de23f172693fd29ebe5d13db9eb{\nborder-radius:0px 0px 0px 0px;\nbackground-color:#ffffff;\n}\n<\/style>\n<div  class='flex_column av-1w7mxf-b3bf8de23f172693fd29ebe5d13db9eb av_two_third  avia-builder-el-4  el_after_av_one_third  el_before_av_hr  no_margin flex_column_div  '     ><section  class='av_textblock_section av-6fkkj-d99c4671fb3ed798d55a23062f88fb69 '   itemscope=\"itemscope\" itemtype=\"https:\/\/schema.org\/CreativeWork\" ><div class='avia_textblock'  itemprop=\"text\" ><h1><strong>Sore<em>Fix<\/em> Traitement<\/strong> cr\u00e8me<\/h1>\n<hr \/>\n<\/div><\/section><br \/>\n<section  class='av_textblock_section av-1m0kf7-743f3325e8d3768b85681b885435ad87 '   itemscope=\"itemscope\" itemtype=\"https:\/\/schema.org\/CreativeWork\" ><div class='avia_textblock'  itemprop=\"text\" ><p>Sore<em>Fix<\/em> Traitement est une cr\u00e8me \u00e0 base de zinc qui raccourcit le temps de gu\u00e9rison du bouton de fi\u00e8vre. De plus, la cr\u00e8me est transparente pour un meilleur confort d\u2019utilisation.<\/p>\n<h3>Pourquoi utiliser Sore<em>Fix<\/em> Traitement ?<\/h3>\n<ul>\n<li>Raccourcit le temps de gu\u00e9rison<\/li>\n<li>R\u00e9duit la s\u00e9v\u00e9rit\u00e9 des sympt\u00f4mes<\/li>\n<li>N\u2019accentue pas le bouton de fi\u00e8vre gr\u00e2ce \u00e0 sa formule transparente<\/li>\n<li>Hydrate les l\u00e8vres<\/li>\n<\/ul>\n<p><strong>Sore<em>Fix<\/em> Traitement peut \u00eatre conserv\u00e9 un an apr\u00e8s ouverture, ce qui signifie que la cr\u00e8me peut traiter plusieurs boutons de fi\u00e8vre.<\/strong><\/p>\n<p>Sore<em>Fix<\/em> Traitement poss\u00e8de une composition unique avec une efficacit\u00e9 prouv\u00e9e dans <a href=\"http:\/\/www.sorefix.com\/france\/a-propos-des-boutons-de-fievre\/les-4-phases-du-bouton-de-fievre\/\" target=\"_blank\" rel=\"noopener noreferrer\">les 4 phases du bouton de fi\u00e8vre<\/a>. Sore<em>Fix<\/em> Traitement peut \u00eatre utilis\u00e9 en toute s\u00e9curit\u00e9 pendant toute la pouss\u00e9e du bouton de fi\u00e8vre, de la phase initiale du picotement jusqu\u2019\u00e0 ce que la cro\u00fbte soit tomb\u00e9e et que le bouton soit compl\u00e8tement gu\u00e9ri.<\/p>\n<\/div><\/section><\/p><\/div>\n<style type=\"text\/css\" data-created_by=\"avia_inline_auto\" id=\"style-css-av-1emqz7-ac5a9ced96d92caef2dc4ae0b856fb25\">\n#top .hr.hr-invisible.av-1emqz7-ac5a9ced96d92caef2dc4ae0b856fb25{\nheight:30px;\n}\n<\/style>\n<div  class='hr av-1emqz7-ac5a9ced96d92caef2dc4ae0b856fb25 hr-invisible  avia-builder-el-7  el_after_av_two_third  el_before_av_one_third '><span class='hr-inner '><span class=\"hr-inner-style\"><\/span><\/span><\/div>\n\n<style type=\"text\/css\" data-created_by=\"avia_inline_auto\" id=\"style-css-av-4hm1v-e94a38d455f6ca6603cb7cdbfcc0e7d0\">\n.flex_column.av-4hm1v-e94a38d455f6ca6603cb7cdbfcc0e7d0{\nborder-radius:0px 0px 0px 0px;\npadding:20px 20px 20px 20px;\n}\n<\/style>\n<div  class='flex_column av-4hm1v-e94a38d455f6ca6603cb7cdbfcc0e7d0 av_one_third  avia-builder-el-8  el_after_av_hr  el_before_av_two_third  first no_margin flex_column_div  '     ><style type=\"text\/css\" data-created_by=\"avia_inline_auto\" id=\"style-css-av-11lhgj-b909178c06000d87bee2f0ae82206f46\">\n.avia-image-container.av-11lhgj-b909178c06000d87bee2f0ae82206f46 img.avia_image{\nbox-shadow:none;\n}\n.avia-image-container.av-11lhgj-b909178c06000d87bee2f0ae82206f46 .av-image-caption-overlay-center{\ncolor:#ffffff;\n}\n<\/style>\n<div  class='avia-image-container av-11lhgj-b909178c06000d87bee2f0ae82206f46 av-styling- avia-align-center  avia-builder-el-9  avia-builder-el-no-sibling '   itemprop=\"image\" itemscope=\"itemscope\" itemtype=\"https:\/\/schema.org\/ImageObject\" ><div class=\"avia-image-container-inner\"><div class=\"avia-image-overlay-wrap\"><img decoding=\"async\" fetchpriority=\"high\" class='wp-image-3094 avia-img-lazy-loading-not-3094 avia_image ' src=\"https:\/\/www.sorefix.com\/fr\/files\/2019\/07\/4-en-1-300x263.jpg\" alt='' title='4-en-1'  height=\"263\" width=\"300\"  itemprop=\"thumbnailUrl\" srcset=\"https:\/\/www.sorefix.com\/fr\/files\/2019\/07\/4-en-1-300x263.jpg 300w, https:\/\/www.sorefix.com\/fr\/files\/2019\/07\/4-en-1.jpg 360w\" sizes=\"(max-width: 300px) 100vw, 300px\" \/><\/div><\/div><\/div><\/div>\n<style type=\"text\/css\" data-created_by=\"avia_inline_auto\" id=\"style-css-av-oqwoj-52cc466bc97b79630f3eb29f949fb5bc\">\n.flex_column.av-oqwoj-52cc466bc97b79630f3eb29f949fb5bc{\nborder-radius:0px 0px 0px 0px;\nbackground-color:#ffffff;\n}\n<\/style>\n<div  class='flex_column av-oqwoj-52cc466bc97b79630f3eb29f949fb5bc av_two_third  avia-builder-el-10  el_after_av_one_third  avia-builder-el-last  no_margin flex_column_div  '     ><section  class='av_textblock_section av-mggbf-37d57801783d2bf8688a9b67fc835615 '   itemscope=\"itemscope\" itemtype=\"https:\/\/schema.org\/CreativeWork\" ><div class='avia_textblock'  itemprop=\"text\" ><h3>Sore<em>Fix<\/em> Traitement cr\u00e8me :<\/h3>\n<ol>\n<li>Soulage les picotements<\/li>\n<li>R\u00e9duit les v\u00e9sicules<\/li>\n<li>Raccourcit le temps de gu\u00e9rison<\/li>\n<li>Emp\u00eache la cro\u00fbte de se fissurer<\/li>\n<\/ol>\n<p>Un bouton de fi\u00e8vre est tr\u00e8s contagieux, lavez-vous les mains avant d\u2019appliquer la cr\u00e8me Sore<em>Fix<\/em> Traitement.<br \/>\nPour en savoir plus ? Lisez \u00e9galement <a href=\"http:\/\/www.sorefix.com\/france\/a-propos-des-boutons-de-fievre\/conseils-et-astuces\/\">Conseils et astuces<\/a><\/p>\n<\/div><\/section><br \/>\n\n<style type=\"text\/css\" data-created_by=\"avia_inline_auto\" id=\"style-css-av-vickj-e31ea9850429fa2ff0ce06565e0ce1a2\">\n#top .av_textblock_section.av-vickj-e31ea9850429fa2ff0ce06565e0ce1a2 .avia_textblock{\nfont-size:14px;\n}\n<\/style>\n<section  class='av_textblock_section av-vickj-e31ea9850429fa2ff0ce06565e0ce1a2 '   itemscope=\"itemscope\" itemtype=\"https:\/\/schema.org\/CreativeWork\" ><div class='avia_textblock'  itemprop=\"text\" ><p><em>Lire la <a href=\"https:\/\/www.sorefix.com\/france\/files\/2019\/07\/Sorefix_Tube-Rescue_Leaflet_L024FR103_20190617_v1.8-outlined.pdf\" target=\"_blank\" rel=\"noopener noreferrer\">notice<\/a> de SoreFix Traitement<\/em><\/p>\n<\/div><\/section><\/p><\/div><\/div><\/div><\/main><!-- close content main element --><\/div><\/div><div id='after_section_1'  class='main_color av_default_container_wrap container_wrap fullsize'  ><div class='container av-section-cont-open' ><div class='template-page content  av-content-full alpha units'><div class='post-entry post-entry-type-page post-entry-195'><div class='entry-content-wrapper clearfix'>\n<style type=\"text\/css\" data-created_by=\"avia_inline_auto\" id=\"style-css-av-sl4ss-41d75f1a4f28e7255a690c39e113cc5f\">\n.flex_column.av-sl4ss-41d75f1a4f28e7255a690c39e113cc5f{\nborder-radius:0px 0px 0px 0px;\npadding:0px 0px 0px 0px;\n}\n<\/style>\n<div  class='flex_column av-sl4ss-41d75f1a4f28e7255a690c39e113cc5f av_one_full  avia-builder-el-13  el_after_av_section  el_before_av_three_fifth  avia-builder-el-first  first flex_column_div av-zero-column-padding  '     ><section  class='av_textblock_section av-jv5gara4-10263b30d18a181d2008fb275839d6d9 '   itemscope=\"itemscope\" itemtype=\"https:\/\/schema.org\/CreativeWork\" ><div class='avia_textblock'  itemprop=\"text\" ><h2 style=\"text-align: center\"><\/h2>\n<hr \/>\n<h2 style=\"text-align: center\">TECHNOLOGIE MULTI PHASES<\/h2>\n<h2 style=\"text-align: center\"><\/h2>\n<\/div><\/section><\/div><\/p>\n\n<style type=\"text\/css\" data-created_by=\"avia_inline_auto\" id=\"style-css-av-1yecbf-d553b4bf5adab10437f9ba446212e0a6\">\n.flex_column.av-1yecbf-d553b4bf5adab10437f9ba446212e0a6{\nborder-radius:0px 0px 0px 0px;\npadding:0px 0px 0px 0px;\n}\n<\/style>\n<div  class='flex_column av-1yecbf-d553b4bf5adab10437f9ba446212e0a6 av_three_fifth  avia-builder-el-15  el_after_av_one_full  el_before_av_two_fifth  first flex_column_div av-zero-column-padding  column-top-margin'     ><p><section  class='av_textblock_section av-1p2e6j-77ba354aaad8d6eb925ee06648af3376 '   itemscope=\"itemscope\" itemtype=\"https:\/\/schema.org\/CreativeWork\" ><div class='avia_textblock'  itemprop=\"text\" ><p><strong><img loading=\"lazy\" decoding=\"async\" class=\"alignleft wp-image-473\" src=\"\/nl\/files\/2017\/05\/fase0.png\" alt=\"\" width=\"40\" height=\"77\" \/>Virus du bouton de fi\u00e8vre inactif <\/strong><br \/>\nLe <a href=\"http:\/\/www.sorefix.com\/france\/a-propos-des-boutons-de-fievre\/lherpes-simplex-virus\/\">virus de l\u2019herp\u00e8s simplex<\/a> n\u2019est pas actif.<br \/>\n<span style=\"color: #1eb53a\">Sore<em>Fix<\/em> Pr\u00e9vention<\/span> bloque les agents d\u00e9clencheurs des boutons de fi\u00e8vre et am\u00e9liore l\u2019\u00e9tat des l\u00e8vres.<\/p>\n<\/div><\/section><br \/>\n<section  class='av_textblock_section av-1ld8yz-3f3b54ab90bc913e286c13e03d0d6b61 '   itemscope=\"itemscope\" itemtype=\"https:\/\/schema.org\/CreativeWork\" ><div class='avia_textblock'  itemprop=\"text\" ><p><strong><img loading=\"lazy\" decoding=\"async\" class=\"alignleft wp-image-474\" src=\"\/nl\/files\/2017\/05\/fase1.png\" alt=\"\" width=\"40\" height=\"79\" \/>Picotements<\/strong><br \/>\nLes premiers sympt\u00f4mes du bouton de fi\u00e8vre apparaissent.<br \/>\n<span style=\"color: #cc0c00\">Sore<em>Fix<\/em> Traitement<\/span> soulage les picotements.<\/p>\n<\/div><\/section><br \/>\n<section  class='av_textblock_section av-53yw3-1ca027e25c08ff64a5fddb51e56f7b39 '   itemscope=\"itemscope\" itemtype=\"https:\/\/schema.org\/CreativeWork\" ><div class='avia_textblock'  itemprop=\"text\" ><p><strong><img loading=\"lazy\" decoding=\"async\" class=\"alignleft wp-image-475\" src=\"\/nl\/files\/2017\/05\/fase2.png\" alt=\"\" width=\"40\" height=\"74\" \/>V\u00e9sicules<\/strong><br \/>\nDes v\u00e9sicules se forment.<br \/>\n<span style=\"color: #cc0c00\">Sore<em>Fix<\/em> Traitement<\/span> r\u00e9duit les v\u00e9sicules.<\/p>\n<\/div><\/section><br \/>\n<section  class='av_textblock_section av-17ias3-08bde4489e181b0298bc267836f8e55d '   itemscope=\"itemscope\" itemtype=\"https:\/\/schema.org\/CreativeWork\" ><div class='avia_textblock'  itemprop=\"text\" ><p><strong><img loading=\"lazy\" decoding=\"async\" class=\"alignleft wp-image-476\" src=\"\/nl\/files\/2017\/05\/fase3.png\" alt=\"\" width=\"41\" height=\"78\" \/>Ulc\u00e9ration<\/strong><br \/>\nUne plaie se d\u00e9veloppe.<br \/>\n<span style=\"color: #cc0c00\">Sore<em>Fix<\/em> Traitement<\/span> r\u00e9duit le temps de gu\u00e9rison.<\/p>\n<\/div><\/section><br \/>\n<section  class='av_textblock_section av-10q677-b9a95db594f2db8715b63fba063b69fd '   itemscope=\"itemscope\" itemtype=\"https:\/\/schema.org\/CreativeWork\" ><div class='avia_textblock'  itemprop=\"text\" ><p><strong><img loading=\"lazy\" decoding=\"async\" class=\"alignleft wp-image-477\" src=\"\/nl\/files\/2017\/05\/fase4.png\" alt=\"\" width=\"41\" height=\"78\" \/>Gu\u00e9rison<\/strong><br \/>\nLa v\u00e9sicule s\u00e8che et forme une cro\u00fbte.<br \/>\n<span style=\"color: #cc0c00\">Sore<em>Fix<\/em> Traitement<\/span> emp\u00eache la cro\u00fbte de se fissurer.<\/p>\n<\/div><\/section><\/p><\/div>\n<style type=\"text\/css\" data-created_by=\"avia_inline_auto\" id=\"style-css-av-yecgb-655876d189178a231cfa8516c0c663c8\">\n.flex_column.av-yecgb-655876d189178a231cfa8516c0c663c8{\nborder-radius:0px 0px 0px 0px;\npadding:0px 0px 0px 0px;\n}\n<\/style>\n<div  class='flex_column av-yecgb-655876d189178a231cfa8516c0c663c8 av_two_fifth  avia-builder-el-21  el_after_av_three_fifth  avia-builder-el-last  flex_column_div av-zero-column-padding  column-top-margin'     ><p>\n<style type=\"text\/css\" data-created_by=\"avia_inline_auto\" id=\"style-css-av-t2wh7-e2e940f9200dfe8236970ab6e5e07ad1\">\n#top .hr.hr-invisible.av-t2wh7-e2e940f9200dfe8236970ab6e5e07ad1{\nheight:50px;\n}\n<\/style>\n<div  class='hr av-t2wh7-e2e940f9200dfe8236970ab6e5e07ad1 hr-invisible  avia-builder-el-22  el_before_av_image  avia-builder-el-first '><span class='hr-inner '><span class=\"hr-inner-style\"><\/span><\/span><\/div><br \/>\n\n<style type=\"text\/css\" data-created_by=\"avia_inline_auto\" id=\"style-css-av-n2m7n-6fffcef297a1e9c3b329b01fb4f745ca\">\n.avia-image-container.av-n2m7n-6fffcef297a1e9c3b329b01fb4f745ca img.avia_image{\nbox-shadow:none;\n}\n.avia-image-container.av-n2m7n-6fffcef297a1e9c3b329b01fb4f745ca .av-image-caption-overlay-center{\ncolor:#ffffff;\n}\n<\/style>\n<div  class='avia-image-container av-n2m7n-6fffcef297a1e9c3b329b01fb4f745ca av-styling- avia-align-center  avia-builder-el-23  el_after_av_hr  avia-builder-el-last '   itemprop=\"image\" itemscope=\"itemscope\" itemtype=\"https:\/\/schema.org\/ImageObject\" ><div class=\"avia-image-container-inner\"><div class=\"avia-image-overlay-wrap\"><img decoding=\"async\" fetchpriority=\"high\" class='wp-image-3157 avia-img-lazy-loading-not-3157 avia_image ' src=\"https:\/\/www.sorefix.com\/fr\/files\/2019\/07\/Afbeelding1.png\" alt='' title='Afbeelding1'  height=\"625\" width=\"625\"  itemprop=\"thumbnailUrl\" srcset=\"https:\/\/www.sorefix.com\/fr\/files\/2019\/07\/Afbeelding1.png 625w, https:\/\/www.sorefix.com\/fr\/files\/2019\/07\/Afbeelding1-80x80.png 80w, https:\/\/www.sorefix.com\/fr\/files\/2019\/07\/Afbeelding1-300x300.png 300w, https:\/\/www.sorefix.com\/fr\/files\/2019\/07\/Afbeelding1-36x36.png 36w, https:\/\/www.sorefix.com\/fr\/files\/2019\/07\/Afbeelding1-180x180.png 180w, https:\/\/www.sorefix.com\/fr\/files\/2019\/07\/Afbeelding1-120x120.png 120w, https:\/\/www.sorefix.com\/fr\/files\/2019\/07\/Afbeelding1-450x450.png 450w\" sizes=\"(max-width: 625px) 100vw, 625px\" \/><\/div><\/div><\/div><\/p><\/div><\/p>\n","protected":false},"excerpt":{"rendered":"","protected":false},"author":7,"featured_media":786,"parent":201,"menu_order":3,"comment_status":"closed","ping_status":"closed","template":"","meta":{"_acf_changed":false,"footnotes":""},"class_list":["post-195","page","type-page","status-publish","has-post-thumbnail","hentry"],"acf":[],"yoast_head":"<!-- This site is optimized with the Yoast SEO plugin v26.9 - https:\/\/yoast.com\/product\/yoast-seo-wordpress\/ -->\n<title>La cr\u00e8me SoreFix Rescue Cold Sore a une composition unique et une efficacit\u00e9 prouv\u00e9e<\/title>\n<meta name=\"description\" content=\"SoreFix Rescue verkort de duur van een koortslip. SoreFix Rescue is een transparante vette cr\u00e8me waardoor de koortslip niet extra wordt geaccentueerd.\" \/>\n<meta name=\"robots\" content=\"index, follow, max-snippet:-1, max-image-preview:large, max-video-preview:-1\" \/>\n<link rel=\"canonical\" href=\"https:\/\/www.sorefix.com\/fr\/produits\/sorefix-traitement-creme\/\" \/>\n<meta property=\"og:locale\" content=\"fr_FR\" \/>\n<meta property=\"og:type\" content=\"article\" \/>\n<meta property=\"og:title\" content=\"La cr\u00e8me SoreFix Rescue Cold Sore a une composition unique et une efficacit\u00e9 prouv\u00e9e\" \/>\n<meta property=\"og:description\" content=\"SoreFix Rescue verkort de duur van een koortslip. SoreFix Rescue is een transparante vette cr\u00e8me waardoor de koortslip niet extra wordt geaccentueerd.\" \/>\n<meta property=\"og:url\" content=\"https:\/\/www.sorefix.com\/fr\/produits\/sorefix-traitement-creme\/\" \/>\n<meta property=\"og:site_name\" content=\"SoreFix France\" \/>\n<meta property=\"article:modified_time\" content=\"2019-07-11T07:59:47+00:00\" \/>\n<meta property=\"og:image\" content=\"https:\/\/www.sorefix.com\/fr\/files\/2017\/05\/sorefix-header-potje.png\" \/>\n\t<meta property=\"og:image:width\" content=\"855\" \/>\n\t<meta property=\"og:image:height\" content=\"284\" \/>\n\t<meta property=\"og:image:type\" content=\"image\/png\" \/>\n<meta name=\"twitter:card\" content=\"summary_large_image\" \/>\n<meta name=\"twitter:label1\" content=\"Est. reading time\" \/>\n\t<meta name=\"twitter:data1\" content=\"7 minutes\" \/>\n<script type=\"application\/ld+json\" class=\"yoast-schema-graph\">{\"@context\":\"https:\/\/schema.org\",\"@graph\":[{\"@type\":\"WebPage\",\"@id\":\"https:\/\/www.sorefix.com\/fr\/produits\/sorefix-traitement-creme\/\",\"url\":\"https:\/\/www.sorefix.com\/fr\/produits\/sorefix-traitement-creme\/\",\"name\":\"La cr\u00e8me SoreFix Rescue Cold Sore a une composition unique et une efficacit\u00e9 prouv\u00e9e\",\"isPartOf\":{\"@id\":\"https:\/\/www.sorefix.com\/fr\/#website\"},\"primaryImageOfPage\":{\"@id\":\"https:\/\/www.sorefix.com\/fr\/produits\/sorefix-traitement-creme\/#primaryimage\"},\"image\":{\"@id\":\"https:\/\/www.sorefix.com\/fr\/produits\/sorefix-traitement-creme\/#primaryimage\"},\"thumbnailUrl\":\"https:\/\/www.sorefix.com\/fr\/files\/2017\/05\/sorefix-header-potje.png\",\"datePublished\":\"2017-03-13T18:18:18+00:00\",\"dateModified\":\"2019-07-11T07:59:47+00:00\",\"description\":\"SoreFix Rescue verkort de duur van een koortslip. SoreFix Rescue is een transparante vette cr\u00e8me waardoor de koortslip niet extra wordt geaccentueerd.\",\"breadcrumb\":{\"@id\":\"https:\/\/www.sorefix.com\/fr\/produits\/sorefix-traitement-creme\/#breadcrumb\"},\"inLanguage\":\"fr-FR\",\"potentialAction\":[{\"@type\":\"ReadAction\",\"target\":[\"https:\/\/www.sorefix.com\/fr\/produits\/sorefix-traitement-creme\/\"]}]},{\"@type\":\"ImageObject\",\"inLanguage\":\"fr-FR\",\"@id\":\"https:\/\/www.sorefix.com\/fr\/produits\/sorefix-traitement-creme\/#primaryimage\",\"url\":\"https:\/\/www.sorefix.com\/fr\/files\/2017\/05\/sorefix-header-potje.png\",\"contentUrl\":\"https:\/\/www.sorefix.com\/fr\/files\/2017\/05\/sorefix-header-potje.png\",\"width\":855,\"height\":284},{\"@type\":\"BreadcrumbList\",\"@id\":\"https:\/\/www.sorefix.com\/fr\/produits\/sorefix-traitement-creme\/#breadcrumb\",\"itemListElement\":[{\"@type\":\"ListItem\",\"position\":1,\"name\":\"Home\",\"item\":\"https:\/\/www.sorefix.com\/fr\/\"},{\"@type\":\"ListItem\",\"position\":2,\"name\":\"Produits\",\"item\":\"https:\/\/www.sorefix.com\/fr\/produits\/\"},{\"@type\":\"ListItem\",\"position\":3,\"name\":\"SoreFix Traitement cr\u00e8me\"}]},{\"@type\":\"WebSite\",\"@id\":\"https:\/\/www.sorefix.com\/fr\/#website\",\"url\":\"https:\/\/www.sorefix.com\/fr\/\",\"name\":\"SoreFix France\",\"description\":\"La solution \u00e0 vos boutons de fi\u00e8vre!\",\"potentialAction\":[{\"@type\":\"SearchAction\",\"target\":{\"@type\":\"EntryPoint\",\"urlTemplate\":\"https:\/\/www.sorefix.com\/fr\/?s={search_term_string}\"},\"query-input\":{\"@type\":\"PropertyValueSpecification\",\"valueRequired\":true,\"valueName\":\"search_term_string\"}}],\"inLanguage\":\"fr-FR\"}]}<\/script>\n<!-- \/ Yoast SEO plugin. -->","yoast_head_json":{"title":"La cr\u00e8me SoreFix Rescue Cold Sore a une composition unique et une efficacit\u00e9 prouv\u00e9e","description":"SoreFix Rescue verkort de duur van een koortslip. SoreFix Rescue is een transparante vette cr\u00e8me waardoor de koortslip niet extra wordt geaccentueerd.","robots":{"index":"index","follow":"follow","max-snippet":"max-snippet:-1","max-image-preview":"max-image-preview:large","max-video-preview":"max-video-preview:-1"},"canonical":"https:\/\/www.sorefix.com\/fr\/produits\/sorefix-traitement-creme\/","og_locale":"fr_FR","og_type":"article","og_title":"La cr\u00e8me SoreFix Rescue Cold Sore a une composition unique et une efficacit\u00e9 prouv\u00e9e","og_description":"SoreFix Rescue verkort de duur van een koortslip. SoreFix Rescue is een transparante vette cr\u00e8me waardoor de koortslip niet extra wordt geaccentueerd.","og_url":"https:\/\/www.sorefix.com\/fr\/produits\/sorefix-traitement-creme\/","og_site_name":"SoreFix France","article_modified_time":"2019-07-11T07:59:47+00:00","og_image":[{"width":855,"height":284,"url":"https:\/\/www.sorefix.com\/fr\/files\/2017\/05\/sorefix-header-potje.png","type":"image\/png"}],"twitter_card":"summary_large_image","twitter_misc":{"Est. reading time":"7 minutes"},"schema":{"@context":"https:\/\/schema.org","@graph":[{"@type":"WebPage","@id":"https:\/\/www.sorefix.com\/fr\/produits\/sorefix-traitement-creme\/","url":"https:\/\/www.sorefix.com\/fr\/produits\/sorefix-traitement-creme\/","name":"La cr\u00e8me SoreFix Rescue Cold Sore a une composition unique et une efficacit\u00e9 prouv\u00e9e","isPartOf":{"@id":"https:\/\/www.sorefix.com\/fr\/#website"},"primaryImageOfPage":{"@id":"https:\/\/www.sorefix.com\/fr\/produits\/sorefix-traitement-creme\/#primaryimage"},"image":{"@id":"https:\/\/www.sorefix.com\/fr\/produits\/sorefix-traitement-creme\/#primaryimage"},"thumbnailUrl":"https:\/\/www.sorefix.com\/fr\/files\/2017\/05\/sorefix-header-potje.png","datePublished":"2017-03-13T18:18:18+00:00","dateModified":"2019-07-11T07:59:47+00:00","description":"SoreFix Rescue verkort de duur van een koortslip. SoreFix Rescue is een transparante vette cr\u00e8me waardoor de koortslip niet extra wordt geaccentueerd.","breadcrumb":{"@id":"https:\/\/www.sorefix.com\/fr\/produits\/sorefix-traitement-creme\/#breadcrumb"},"inLanguage":"fr-FR","potentialAction":[{"@type":"ReadAction","target":["https:\/\/www.sorefix.com\/fr\/produits\/sorefix-traitement-creme\/"]}]},{"@type":"ImageObject","inLanguage":"fr-FR","@id":"https:\/\/www.sorefix.com\/fr\/produits\/sorefix-traitement-creme\/#primaryimage","url":"https:\/\/www.sorefix.com\/fr\/files\/2017\/05\/sorefix-header-potje.png","contentUrl":"https:\/\/www.sorefix.com\/fr\/files\/2017\/05\/sorefix-header-potje.png","width":855,"height":284},{"@type":"BreadcrumbList","@id":"https:\/\/www.sorefix.com\/fr\/produits\/sorefix-traitement-creme\/#breadcrumb","itemListElement":[{"@type":"ListItem","position":1,"name":"Home","item":"https:\/\/www.sorefix.com\/fr\/"},{"@type":"ListItem","position":2,"name":"Produits","item":"https:\/\/www.sorefix.com\/fr\/produits\/"},{"@type":"ListItem","position":3,"name":"SoreFix Traitement cr\u00e8me"}]},{"@type":"WebSite","@id":"https:\/\/www.sorefix.com\/fr\/#website","url":"https:\/\/www.sorefix.com\/fr\/","name":"SoreFix France","description":"La solution \u00e0 vos boutons de fi\u00e8vre!","potentialAction":[{"@type":"SearchAction","target":{"@type":"EntryPoint","urlTemplate":"https:\/\/www.sorefix.com\/fr\/?s={search_term_string}"},"query-input":{"@type":"PropertyValueSpecification","valueRequired":true,"valueName":"search_term_string"}}],"inLanguage":"fr-FR"}]}},"_links":{"self":[{"href":"https:\/\/www.sorefix.com\/fr\/wp-json\/wp\/v2\/pages\/195","targetHints":{"allow":["GET"]}}],"collection":[{"href":"https:\/\/www.sorefix.com\/fr\/wp-json\/wp\/v2\/pages"}],"about":[{"href":"https:\/\/www.sorefix.com\/fr\/wp-json\/wp\/v2\/types\/page"}],"author":[{"embeddable":true,"href":"https:\/\/www.sorefix.com\/fr\/wp-json\/wp\/v2\/users\/7"}],"replies":[{"embeddable":true,"href":"https:\/\/www.sorefix.com\/fr\/wp-json\/wp\/v2\/comments?post=195"}],"version-history":[{"count":0,"href":"https:\/\/www.sorefix.com\/fr\/wp-json\/wp\/v2\/pages\/195\/revisions"}],"up":[{"embeddable":true,"href":"https:\/\/www.sorefix.com\/fr\/wp-json\/wp\/v2\/pages\/201"}],"wp:featuredmedia":[{"embeddable":true,"href":"https:\/\/www.sorefix.com\/fr\/wp-json\/wp\/v2\/media\/786"}],"wp:attachment":[{"href":"https:\/\/www.sorefix.com\/fr\/wp-json\/wp\/v2\/media?parent=195"}],"curies":[{"name":"wp","href":"https:\/\/api.w.org\/{rel}","templated":true}]}}