{"id":201,"date":"2017-03-13T18:19:23","date_gmt":"2017-03-13T17:19:23","guid":{"rendered":"\/\/www.sorefix.com\/ned\/?page_id=201"},"modified":"2019-07-11T10:05:41","modified_gmt":"2019-07-11T10:05:41","slug":"produits","status":"publish","type":"page","link":"https:\/\/www.sorefix.com\/fr\/produits\/","title":{"rendered":"Produits"},"content":{"rendered":"\n<style type=\"text\/css\" data-created_by=\"avia_inline_auto\" id=\"style-css-av-37kazl-64038dd1f764c90c73d5fa6e79e592b1\">\n.avia-section.av-37kazl-64038dd1f764c90c73d5fa6e79e592b1{\nbackground-color:#ffffff;\nbackground-image:unset;\n}\n<\/style>\n<div id='page-content-section'  class='avia-section av-37kazl-64038dd1f764c90c73d5fa6e79e592b1 main_color avia-section-default avia-no-border-styling  avia-builder-el-0  el_before_av_hr  avia-builder-el-first  avia-bg-style-scroll container_wrap fullsize'  ><div class='container av-section-cont-open' ><main  role=\"main\" itemprop=\"mainContentOfPage\"  class='template-page content  av-content-full alpha units'><div class='post-entry post-entry-type-page post-entry-201'><div class='entry-content-wrapper clearfix'>\n\n<style type=\"text\/css\" data-created_by=\"avia_inline_auto\" id=\"style-css-av-1i9vnt-b69a98c67cb290a6937d0063e4fe4ab4\">\n.flex_column.av-1i9vnt-b69a98c67cb290a6937d0063e4fe4ab4{\nborder-radius:0px 0px 0px 0px;\npadding:0px 0px 0px 0px;\n}\n<\/style>\n<div  class='flex_column av-1i9vnt-b69a98c67cb290a6937d0063e4fe4ab4 av_one_third  avia-builder-el-1  el_before_av_two_third  avia-builder-el-first  first no_margin flex_column_div av-zero-column-padding  '     ><p><div  class='hr av-cnhj5-2777196bba3e89882d44e160bb9a3915 hr-default  avia-builder-el-2  el_before_av_image  avia-builder-el-first '><span class='hr-inner '><span class=\"hr-inner-style\"><\/span><\/span><\/div><br \/>\n\n<style type=\"text\/css\" data-created_by=\"avia_inline_auto\" id=\"style-css-av-4yv75-1f64d41a343c3921fae6d0679d2a5007\">\n.avia-image-container.av-4yv75-1f64d41a343c3921fae6d0679d2a5007 img.avia_image{\nbox-shadow:none;\n}\n.avia-image-container.av-4yv75-1f64d41a343c3921fae6d0679d2a5007 .av-image-caption-overlay-center{\ncolor:#ffffff;\n}\n<\/style>\n<div  class='avia-image-container av-4yv75-1f64d41a343c3921fae6d0679d2a5007 av-styling- av-img-linked avia-align-center  avia-builder-el-3  el_after_av_hr  avia-builder-el-last '   itemprop=\"image\" itemscope=\"itemscope\" itemtype=\"https:\/\/schema.org\/ImageObject\" ><div class=\"avia-image-container-inner\"><div class=\"avia-image-overlay-wrap\"><a href=\"https:\/\/www.sorefix.com\/fr\/produits\/sorefix-traitement-creme\/\" class='avia_image '  aria-label='rescue'><img decoding=\"async\" fetchpriority=\"high\" class='wp-image-3081 avia-img-lazy-loading-not-3081 avia_image ' src=\"https:\/\/www.sorefix.com\/fr\/files\/2019\/07\/rescue-271x300.jpg\" alt='' title='rescue'  height=\"300\" width=\"271\"  itemprop=\"thumbnailUrl\" srcset=\"https:\/\/www.sorefix.com\/fr\/files\/2019\/07\/rescue-271x300.jpg 271w, https:\/\/www.sorefix.com\/fr\/files\/2019\/07\/rescue-450x498.jpg 450w, https:\/\/www.sorefix.com\/fr\/files\/2019\/07\/rescue.jpg 600w\" sizes=\"(max-width: 271px) 100vw, 271px\" \/><\/a><\/div><\/div><\/div><\/p><\/div>\n<style type=\"text\/css\" data-created_by=\"avia_inline_auto\" id=\"style-css-av-18za4x-60eb2e826e036945f08890f7f720a670\">\n.flex_column.av-18za4x-60eb2e826e036945f08890f7f720a670{\nborder-radius:0px 0px 0px 0px;\nbackground-color:#ffffff;\n}\n<\/style>\n<div  class='flex_column av-18za4x-60eb2e826e036945f08890f7f720a670 av_two_third  avia-builder-el-4  el_after_av_one_third  el_before_av_one_third  no_margin flex_column_div  '     ><section  class='av_textblock_section av-15nhmx-2cebd0924b97289fa83024ba845a34a3 '   itemscope=\"itemscope\" itemtype=\"https:\/\/schema.org\/CreativeWork\" ><div class='avia_textblock'  itemprop=\"text\" ><h1>La Solution \u00e0 vos boutons de fi\u00e8vre !<\/h1>\n<\/div><\/section><br \/>\n<section  class='av_textblock_section av-15nhmx-2cebd0924b97289fa83024ba845a34a3 '   itemscope=\"itemscope\" itemtype=\"https:\/\/schema.org\/CreativeWork\" ><div class='avia_textblock'  itemprop=\"text\" ><h3>Traitement des boutons de fi\u00e8vre ?<br \/>\n<span style=\"color: #ef1d2b\">Sore<em>Fix<\/em> Traitement<\/span><\/h3>\n<p>Sore<em>Fix<\/em> Traitement est une cr\u00e8me unique pour traiter et soulager les sympt\u00f4mes du bouton de fi\u00e8vre. Sore<em>Fix<\/em> agit sur les 4 phases du bouton de fi\u00e8vre et raccourcit le temps de gu\u00e9rison.<\/p>\n<\/div><\/section><br \/>\n<div  class='avia-button-wrap av-33tm9-5cb7934728714c03e8910a7ca85c5a5c-wrap avia-button-right  avia-builder-el-7  el_after_av_textblock  el_before_av_hr '><a href='https:\/\/www.sorefix.com\/fr\/produits\/sorefix-traitement-creme\/'  class='avia-button av-33tm9-5cb7934728714c03e8910a7ca85c5a5c av-link-btn avia-icon_select-yes-right-icon avia-size-small avia-position-right avia-color-theme-color'   aria-label=\"INFORMATION PRODUIT\"><span class='avia_iconbox_title' >INFORMATION PRODUIT<\/span><span class='avia_button_icon avia_button_icon_right avia-iconfont avia-font-entypo-fontello' data-av_icon='\ue879' data-av_iconfont='entypo-fontello' ><\/span><\/a><\/div><br \/>\n\n<style type=\"text\/css\" data-created_by=\"avia_inline_auto\" id=\"style-css-av-oimuh-376a83c95812061d1f8a4ecf6a21a535\">\n#top .hr.hr-invisible.av-oimuh-376a83c95812061d1f8a4ecf6a21a535{\nheight:30px;\n}\n<\/style>\n<div  class='hr av-oimuh-376a83c95812061d1f8a4ecf6a21a535 hr-invisible  avia-builder-el-8  el_after_av_button  avia-builder-el-last '><span class='hr-inner '><span class=\"hr-inner-style\"><\/span><\/span><\/div><\/p><\/div>\n<style type=\"text\/css\" data-created_by=\"avia_inline_auto\" id=\"style-css-av-94skp-c4f7552fa89cb4d007c3bd323a9e2772\">\n.flex_column.av-94skp-c4f7552fa89cb4d007c3bd323a9e2772{\nborder-radius:0px 0px 0px 0px;\npadding:0px 0px 0px 0px;\n}\n<\/style>\n<div  class='flex_column av-94skp-c4f7552fa89cb4d007c3bd323a9e2772 av_one_third  avia-builder-el-9  el_after_av_two_third  el_before_av_two_third  first no_margin flex_column_div av-zero-column-padding  column-top-margin'     ><style type=\"text\/css\" data-created_by=\"avia_inline_auto\" id=\"style-css-av-2g02b5-ffc86f6a78f9b4d18197c9e7990f9897\">\n.avia-image-container.av-2g02b5-ffc86f6a78f9b4d18197c9e7990f9897 img.avia_image{\nbox-shadow:none;\n}\n.avia-image-container.av-2g02b5-ffc86f6a78f9b4d18197c9e7990f9897 .av-image-caption-overlay-center{\ncolor:#ffffff;\n}\n<\/style>\n<div  class='avia-image-container av-2g02b5-ffc86f6a78f9b4d18197c9e7990f9897 av-styling- av-img-linked avia-align-center  avia-builder-el-10  avia-builder-el-no-sibling '   itemprop=\"image\" itemscope=\"itemscope\" itemtype=\"https:\/\/schema.org\/ImageObject\" ><div class=\"avia-image-container-inner\"><div class=\"avia-image-overlay-wrap\"><a href=\"https:\/\/www.sorefix.com\/fr\/produits\/sorefix-prevention-baume-a-levres\/\" class='avia_image '  aria-label='prevent'><img decoding=\"async\" fetchpriority=\"high\" class='wp-image-3080 avia-img-lazy-loading-not-3080 avia_image ' src=\"https:\/\/www.sorefix.com\/fr\/files\/2019\/07\/prevent-300x254.jpg\" alt='' title='prevent'  height=\"254\" width=\"300\"  itemprop=\"thumbnailUrl\" srcset=\"https:\/\/www.sorefix.com\/fr\/files\/2019\/07\/prevent-300x254.jpg 300w, https:\/\/www.sorefix.com\/fr\/files\/2019\/07\/prevent-450x381.jpg 450w, https:\/\/www.sorefix.com\/fr\/files\/2019\/07\/prevent.jpg 700w\" sizes=\"(max-width: 300px) 100vw, 300px\" \/><\/a><\/div><\/div><\/div><\/div>\n<style type=\"text\/css\" data-created_by=\"avia_inline_auto\" id=\"style-css-av-272dah-f1d6345c7d79372d4ea034398349703b\">\n.flex_column.av-272dah-f1d6345c7d79372d4ea034398349703b{\nborder-radius:0px 0px 0px 0px;\nbackground-color:#ffffff;\n}\n<\/style>\n<div  class='flex_column av-272dah-f1d6345c7d79372d4ea034398349703b av_two_third  avia-builder-el-11  el_after_av_one_third  avia-builder-el-last  no_margin flex_column_div  column-top-margin'     ><section  class='av_textblock_section av-22qrft-1fc0ee8fab06a7ca770e2cd6e6e81020 '   itemscope=\"itemscope\" itemtype=\"https:\/\/schema.org\/CreativeWork\" ><div class='avia_textblock'  itemprop=\"text\" ><h3>Pr\u00e9venir les boutons de fi\u00e8vre ?<br \/>\n<span style=\"color: #46b957\">Sore<em>Fix<\/em> Pr\u00e9vention<br \/>\n<\/span><\/h3>\n<p>Sore<em>Fix<\/em> Pr\u00e9vention est un baume \u00e0 l\u00e8vres qui pr\u00e9vient les boutons de fi\u00e8vre en formant une barri\u00e8re physique qui prot\u00e8ge les l\u00e8vres contre les agents d\u00e9clencheurs du bouton de fi\u00e8vre. Sore<em>Fix<\/em> Pr\u00e9vention contient un filtre UV (SPF30) et hydrate les l\u00e8vres gr\u00e2ce aux huiles naturelles et \u00e0 la vitamine E.<\/p>\n<\/div><\/section><br \/>\n<div  class='avia-button-wrap av-33tm9-10e2a40bce553e9caaa346ce9650ed56-wrap avia-button-right  avia-builder-el-13  el_after_av_textblock  avia-builder-el-last '><a href='https:\/\/www.sorefix.com\/fr\/produits\/sorefix-prevention-baume-a-levres\/'  class='avia-button av-33tm9-10e2a40bce553e9caaa346ce9650ed56 av-link-btn avia-icon_select-yes-right-icon avia-size-small avia-position-right avia-color-theme-color'   aria-label=\"INFORMATION PRODUIT\"><span class='avia_iconbox_title' >INFORMATION PRODUIT<\/span><span class='avia_button_icon avia_button_icon_right avia-iconfont avia-font-entypo-fontello' data-av_icon='\ue879' data-av_iconfont='entypo-fontello' ><\/span><\/a><\/div><\/p><\/div><\/div><\/div><\/main><!-- close content main element --><\/div><\/div><div id='after_section_1'  class='main_color av_default_container_wrap container_wrap fullsize'  ><div class='container av-section-cont-open' ><div class='template-page content  av-content-full alpha units'><div class='post-entry post-entry-type-page post-entry-201'><div class='entry-content-wrapper clearfix'><div  class='hr av-aznzd-81f9280b9d16d7a24a2f3e59581d43b3 hr-default  avia-builder-el-14  el_after_av_section  avia-builder-el-no-sibling '><span class='hr-inner '><span class=\"hr-inner-style\"><\/span><\/span><\/div><\/p>\n","protected":false},"excerpt":{"rendered":"","protected":false},"author":7,"featured_media":786,"parent":0,"menu_order":2,"comment_status":"closed","ping_status":"closed","template":"","meta":{"_acf_changed":false,"footnotes":""},"class_list":["post-201","page","type-page","status-publish","has-post-thumbnail","hentry"],"acf":[],"yoast_head":"<!-- This site is optimized with the Yoast SEO plugin v26.9 - https:\/\/yoast.com\/product\/yoast-seo-wordpress\/ -->\n<title>Comment utiliser SoreFix Rescue et SoreFix Prevent?<\/title>\n<meta name=\"description\" content=\"Behandel een koortslip met SoreFix Rescue en voorkom een koortslip met SoreFix Prevent. SoreFix is na openen nog \u00e9\u00e9n jaar houdbaar.\" \/>\n<meta name=\"robots\" content=\"index, follow, max-snippet:-1, max-image-preview:large, max-video-preview:-1\" \/>\n<link rel=\"canonical\" href=\"https:\/\/www.sorefix.com\/fr\/produits\/\" \/>\n<meta property=\"og:locale\" content=\"fr_FR\" \/>\n<meta property=\"og:type\" content=\"article\" \/>\n<meta property=\"og:title\" content=\"Comment utiliser SoreFix Rescue et SoreFix Prevent?\" \/>\n<meta property=\"og:description\" content=\"Behandel een koortslip met SoreFix Rescue en voorkom een koortslip met SoreFix Prevent. SoreFix is na openen nog \u00e9\u00e9n jaar houdbaar.\" \/>\n<meta property=\"og:url\" content=\"https:\/\/www.sorefix.com\/fr\/produits\/\" \/>\n<meta property=\"og:site_name\" content=\"SoreFix France\" \/>\n<meta property=\"article:modified_time\" content=\"2019-07-11T10:05:41+00:00\" \/>\n<meta property=\"og:image\" content=\"https:\/\/www.sorefix.com\/fr\/files\/2017\/05\/sorefix-header-potje.png\" \/>\n\t<meta property=\"og:image:width\" content=\"855\" \/>\n\t<meta property=\"og:image:height\" content=\"284\" \/>\n\t<meta property=\"og:image:type\" content=\"image\/png\" \/>\n<meta name=\"twitter:card\" content=\"summary_large_image\" \/>\n<meta name=\"twitter:label1\" content=\"Est. reading time\" \/>\n\t<meta name=\"twitter:data1\" content=\"5 minutes\" \/>\n<script type=\"application\/ld+json\" class=\"yoast-schema-graph\">{\"@context\":\"https:\/\/schema.org\",\"@graph\":[{\"@type\":\"WebPage\",\"@id\":\"https:\/\/www.sorefix.com\/fr\/produits\/\",\"url\":\"https:\/\/www.sorefix.com\/fr\/produits\/\",\"name\":\"Comment utiliser SoreFix Rescue et SoreFix Prevent?\",\"isPartOf\":{\"@id\":\"https:\/\/www.sorefix.com\/fr\/#website\"},\"primaryImageOfPage\":{\"@id\":\"https:\/\/www.sorefix.com\/fr\/produits\/#primaryimage\"},\"image\":{\"@id\":\"https:\/\/www.sorefix.com\/fr\/produits\/#primaryimage\"},\"thumbnailUrl\":\"https:\/\/www.sorefix.com\/fr\/files\/2017\/05\/sorefix-header-potje.png\",\"datePublished\":\"2017-03-13T17:19:23+00:00\",\"dateModified\":\"2019-07-11T10:05:41+00:00\",\"description\":\"Behandel een koortslip met SoreFix Rescue en voorkom een koortslip met SoreFix Prevent. SoreFix is na openen nog \u00e9\u00e9n jaar houdbaar.\",\"breadcrumb\":{\"@id\":\"https:\/\/www.sorefix.com\/fr\/produits\/#breadcrumb\"},\"inLanguage\":\"fr-FR\",\"potentialAction\":[{\"@type\":\"ReadAction\",\"target\":[\"https:\/\/www.sorefix.com\/fr\/produits\/\"]}]},{\"@type\":\"ImageObject\",\"inLanguage\":\"fr-FR\",\"@id\":\"https:\/\/www.sorefix.com\/fr\/produits\/#primaryimage\",\"url\":\"https:\/\/www.sorefix.com\/fr\/files\/2017\/05\/sorefix-header-potje.png\",\"contentUrl\":\"https:\/\/www.sorefix.com\/fr\/files\/2017\/05\/sorefix-header-potje.png\",\"width\":855,\"height\":284},{\"@type\":\"BreadcrumbList\",\"@id\":\"https:\/\/www.sorefix.com\/fr\/produits\/#breadcrumb\",\"itemListElement\":[{\"@type\":\"ListItem\",\"position\":1,\"name\":\"Home\",\"item\":\"https:\/\/www.sorefix.com\/fr\/\"},{\"@type\":\"ListItem\",\"position\":2,\"name\":\"Produits\"}]},{\"@type\":\"WebSite\",\"@id\":\"https:\/\/www.sorefix.com\/fr\/#website\",\"url\":\"https:\/\/www.sorefix.com\/fr\/\",\"name\":\"SoreFix France\",\"description\":\"La solution \u00e0 vos boutons de fi\u00e8vre!\",\"potentialAction\":[{\"@type\":\"SearchAction\",\"target\":{\"@type\":\"EntryPoint\",\"urlTemplate\":\"https:\/\/www.sorefix.com\/fr\/?s={search_term_string}\"},\"query-input\":{\"@type\":\"PropertyValueSpecification\",\"valueRequired\":true,\"valueName\":\"search_term_string\"}}],\"inLanguage\":\"fr-FR\"}]}<\/script>\n<!-- \/ Yoast SEO plugin. -->","yoast_head_json":{"title":"Comment utiliser SoreFix Rescue et SoreFix Prevent?","description":"Behandel een koortslip met SoreFix Rescue en voorkom een koortslip met SoreFix Prevent. SoreFix is na openen nog \u00e9\u00e9n jaar houdbaar.","robots":{"index":"index","follow":"follow","max-snippet":"max-snippet:-1","max-image-preview":"max-image-preview:large","max-video-preview":"max-video-preview:-1"},"canonical":"https:\/\/www.sorefix.com\/fr\/produits\/","og_locale":"fr_FR","og_type":"article","og_title":"Comment utiliser SoreFix Rescue et SoreFix Prevent?","og_description":"Behandel een koortslip met SoreFix Rescue en voorkom een koortslip met SoreFix Prevent. SoreFix is na openen nog \u00e9\u00e9n jaar houdbaar.","og_url":"https:\/\/www.sorefix.com\/fr\/produits\/","og_site_name":"SoreFix France","article_modified_time":"2019-07-11T10:05:41+00:00","og_image":[{"width":855,"height":284,"url":"https:\/\/www.sorefix.com\/fr\/files\/2017\/05\/sorefix-header-potje.png","type":"image\/png"}],"twitter_card":"summary_large_image","twitter_misc":{"Est. reading time":"5 minutes"},"schema":{"@context":"https:\/\/schema.org","@graph":[{"@type":"WebPage","@id":"https:\/\/www.sorefix.com\/fr\/produits\/","url":"https:\/\/www.sorefix.com\/fr\/produits\/","name":"Comment utiliser SoreFix Rescue et SoreFix Prevent?","isPartOf":{"@id":"https:\/\/www.sorefix.com\/fr\/#website"},"primaryImageOfPage":{"@id":"https:\/\/www.sorefix.com\/fr\/produits\/#primaryimage"},"image":{"@id":"https:\/\/www.sorefix.com\/fr\/produits\/#primaryimage"},"thumbnailUrl":"https:\/\/www.sorefix.com\/fr\/files\/2017\/05\/sorefix-header-potje.png","datePublished":"2017-03-13T17:19:23+00:00","dateModified":"2019-07-11T10:05:41+00:00","description":"Behandel een koortslip met SoreFix Rescue en voorkom een koortslip met SoreFix Prevent. SoreFix is na openen nog \u00e9\u00e9n jaar houdbaar.","breadcrumb":{"@id":"https:\/\/www.sorefix.com\/fr\/produits\/#breadcrumb"},"inLanguage":"fr-FR","potentialAction":[{"@type":"ReadAction","target":["https:\/\/www.sorefix.com\/fr\/produits\/"]}]},{"@type":"ImageObject","inLanguage":"fr-FR","@id":"https:\/\/www.sorefix.com\/fr\/produits\/#primaryimage","url":"https:\/\/www.sorefix.com\/fr\/files\/2017\/05\/sorefix-header-potje.png","contentUrl":"https:\/\/www.sorefix.com\/fr\/files\/2017\/05\/sorefix-header-potje.png","width":855,"height":284},{"@type":"BreadcrumbList","@id":"https:\/\/www.sorefix.com\/fr\/produits\/#breadcrumb","itemListElement":[{"@type":"ListItem","position":1,"name":"Home","item":"https:\/\/www.sorefix.com\/fr\/"},{"@type":"ListItem","position":2,"name":"Produits"}]},{"@type":"WebSite","@id":"https:\/\/www.sorefix.com\/fr\/#website","url":"https:\/\/www.sorefix.com\/fr\/","name":"SoreFix France","description":"La solution \u00e0 vos boutons de fi\u00e8vre!","potentialAction":[{"@type":"SearchAction","target":{"@type":"EntryPoint","urlTemplate":"https:\/\/www.sorefix.com\/fr\/?s={search_term_string}"},"query-input":{"@type":"PropertyValueSpecification","valueRequired":true,"valueName":"search_term_string"}}],"inLanguage":"fr-FR"}]}},"_links":{"self":[{"href":"https:\/\/www.sorefix.com\/fr\/wp-json\/wp\/v2\/pages\/201","targetHints":{"allow":["GET"]}}],"collection":[{"href":"https:\/\/www.sorefix.com\/fr\/wp-json\/wp\/v2\/pages"}],"about":[{"href":"https:\/\/www.sorefix.com\/fr\/wp-json\/wp\/v2\/types\/page"}],"author":[{"embeddable":true,"href":"https:\/\/www.sorefix.com\/fr\/wp-json\/wp\/v2\/users\/7"}],"replies":[{"embeddable":true,"href":"https:\/\/www.sorefix.com\/fr\/wp-json\/wp\/v2\/comments?post=201"}],"version-history":[{"count":0,"href":"https:\/\/www.sorefix.com\/fr\/wp-json\/wp\/v2\/pages\/201\/revisions"}],"wp:featuredmedia":[{"embeddable":true,"href":"https:\/\/www.sorefix.com\/fr\/wp-json\/wp\/v2\/media\/786"}],"wp:attachment":[{"href":"https:\/\/www.sorefix.com\/fr\/wp-json\/wp\/v2\/media?parent=201"}],"curies":[{"name":"wp","href":"https:\/\/api.w.org\/{rel}","templated":true}]}}