{"id":244,"date":"2017-03-14T11:13:11","date_gmt":"2017-03-14T10:13:11","guid":{"rendered":"\/\/www.sorefix.com\/ned\/?page_id=244"},"modified":"2019-07-11T13:57:57","modified_gmt":"2019-07-11T13:57:57","slug":"sorefix-prevention-baume-a-levres","status":"publish","type":"page","link":"https:\/\/www.sorefix.com\/fr\/produits\/sorefix-prevention-baume-a-levres\/","title":{"rendered":"SoreFix Pr\u00e9vention baume \u00e0 l\u00e8vres"},"content":{"rendered":"<div id='page-content-section'  class='avia-section av-2gj2r8-0944d9c1a177738dc7e4d10967181ed4 main_color avia-section-default avia-no-border-styling  avia-builder-el-0  el_before_av_one_full  avia-builder-el-first  avia-bg-style-scroll container_wrap fullsize'  ><div class='container av-section-cont-open' ><main  role=\"main\" itemprop=\"mainContentOfPage\"  class='template-page content  av-content-full alpha units'><div class='post-entry post-entry-type-page post-entry-244'><div class='entry-content-wrapper clearfix'>\n\n<style type=\"text\/css\" data-created_by=\"avia_inline_auto\" id=\"style-css-av-84fys-72e814806fb8775218657594c67a7629\">\n.flex_column.av-84fys-72e814806fb8775218657594c67a7629{\nborder-radius:0px 0px 0px 0px;\npadding:20px 20px 20px 20px;\n}\n<\/style>\n<div  class='flex_column av-84fys-72e814806fb8775218657594c67a7629 av_one_third  avia-builder-el-1  el_before_av_two_third  avia-builder-el-first  first no_margin flex_column_div  '     ><p>\n<style type=\"text\/css\" data-created_by=\"avia_inline_auto\" id=\"style-css-av-24crfo-8d3353626b0713031c309d7564211fe5\">\n#top .hr.hr-invisible.av-24crfo-8d3353626b0713031c309d7564211fe5{\nheight:50px;\n}\n<\/style>\n<div  class='hr av-24crfo-8d3353626b0713031c309d7564211fe5 hr-invisible  avia-builder-el-2  el_before_av_image  avia-builder-el-first '><span class='hr-inner '><span class=\"hr-inner-style\"><\/span><\/span><\/div><br \/>\n\n<style type=\"text\/css\" data-created_by=\"avia_inline_auto\" id=\"style-css-av-1ufalw-8e772b477217d2fe3b9636e9cf3efb5f\">\n.avia-image-container.av-1ufalw-8e772b477217d2fe3b9636e9cf3efb5f img.avia_image{\nbox-shadow:none;\n}\n.avia-image-container.av-1ufalw-8e772b477217d2fe3b9636e9cf3efb5f .av-image-caption-overlay-center{\ncolor:#ffffff;\n}\n<\/style>\n<div  class='avia-image-container av-1ufalw-8e772b477217d2fe3b9636e9cf3efb5f av-styling- avia-align-center  avia-builder-el-3  el_after_av_hr  avia-builder-el-last '   itemprop=\"image\" itemscope=\"itemscope\" itemtype=\"https:\/\/schema.org\/ImageObject\" ><div class=\"avia-image-container-inner\"><div class=\"avia-image-overlay-wrap\"><img decoding=\"async\" fetchpriority=\"high\" class='wp-image-3080 avia-img-lazy-loading-not-3080 avia_image ' src=\"https:\/\/www.sorefix.com\/fr\/files\/2019\/07\/prevent.jpg\" alt='' title='prevent'  height=\"593\" width=\"700\"  itemprop=\"thumbnailUrl\" srcset=\"https:\/\/www.sorefix.com\/fr\/files\/2019\/07\/prevent.jpg 700w, https:\/\/www.sorefix.com\/fr\/files\/2019\/07\/prevent-300x254.jpg 300w, https:\/\/www.sorefix.com\/fr\/files\/2019\/07\/prevent-450x381.jpg 450w\" sizes=\"(max-width: 700px) 100vw, 700px\" \/><\/div><\/div><\/div><\/p><\/div>\n<style type=\"text\/css\" data-created_by=\"avia_inline_auto\" id=\"style-css-av-1sym04-2d82272a0c8dd7363646260d497a562c\">\n.flex_column.av-1sym04-2d82272a0c8dd7363646260d497a562c{\nborder-radius:0px 0px 0px 0px;\n}\n<\/style>\n<div  class='flex_column av-1sym04-2d82272a0c8dd7363646260d497a562c av_two_third  avia-builder-el-4  el_after_av_one_third  el_before_av_one_third  no_margin flex_column_div  '     ><section  class='av_textblock_section av-1nbsb0-267770883df2ee1c0db8dcf6edb2b156 '   itemscope=\"itemscope\" itemtype=\"https:\/\/schema.org\/CreativeWork\" ><div class='avia_textblock'  itemprop=\"text\" ><h1><strong>Sore<em>Fix<\/em> Pr\u00e9vention<\/strong> baume \u00e0 l\u00e8vres<\/h1>\n<p>(Bient\u00f4t disponible)<\/p>\n<hr \/>\n<\/div><\/section><br \/>\n<section  class='av_textblock_section av-1ch6ks-7a048b94750fbdf1df72ffef15aa6d91 '   itemscope=\"itemscope\" itemtype=\"https:\/\/schema.org\/CreativeWork\" ><div class='avia_textblock'  itemprop=\"text\" ><p>Sore<em>Fix<\/em> Pr\u00e9vention est un baume \u00e0 l\u00e8vres, formul\u00e9 \u00e0 base de zinc, qui pr\u00e9vient les boutons de fi\u00e8vre en formant une barri\u00e8re protectrice pour prot\u00e8ger les l\u00e8vres des agents d\u00e9clencheurs des boutons de fi\u00e8vre. De plus, Sore<em>Fix<\/em> Pr\u00e9vention contient un puissant filtre solaire (SPF30), des huiles naturelles et de la vitamine E pour am\u00e9liorer l&#8217;\u00e9tat des l\u00e8vres.<\/p>\n<h3>Pourquoi utiliser Sore<em>Fix<\/em> Pr\u00e9vention ?<\/h3>\n<ul>\n<li>Pr\u00e9vient les boutons de fi\u00e8vre<\/li>\n<li>Forme une barri\u00e8re protectrice contre les agents d\u00e9clencheurs des boutons de fi\u00e8vre<\/li>\n<li>Contient un puissant filtre solaire (SPF30)<\/li>\n<li>Am\u00e9liore l\u2019\u00e9tat des l\u00e8vres gr\u00e2ce aux huiles naturelles et \u00e0 la vitamine E<\/li>\n<\/ul>\n<p><strong>Sore<em>F<\/em><\/strong><strong><em>ix<\/em> Pr\u00e9vention peut \u00eatre conserv\u00e9 UN an apr\u00e8s ouverture.<\/strong><\/p>\n<\/div><\/section><\/p><\/div>\n<style type=\"text\/css\" data-created_by=\"avia_inline_auto\" id=\"style-css-av-17h18k-7e5605d268b56ec12659d8ffcabde82e\">\n.flex_column.av-17h18k-7e5605d268b56ec12659d8ffcabde82e{\nborder-radius:0px 0px 0px 0px;\n}\n<\/style>\n<div  class='flex_column av-17h18k-7e5605d268b56ec12659d8ffcabde82e av_one_third  avia-builder-el-7  el_after_av_two_third  el_before_av_two_third  first no_margin flex_column_div  column-top-margin'     ><style type=\"text\/css\" data-created_by=\"avia_inline_auto\" id=\"style-css-av-124jgc-ad69f2f8c51641d2b6e1f8226c322467\">\n.avia-image-container.av-124jgc-ad69f2f8c51641d2b6e1f8226c322467 img.avia_image{\nbox-shadow:none;\n}\n.avia-image-container.av-124jgc-ad69f2f8c51641d2b6e1f8226c322467 .av-image-caption-overlay-center{\ncolor:#ffffff;\n}\n<\/style>\n<div  class='avia-image-container av-124jgc-ad69f2f8c51641d2b6e1f8226c322467 av-styling- avia-align-center  avia-builder-el-8  avia-builder-el-no-sibling '   itemprop=\"image\" itemscope=\"itemscope\" itemtype=\"https:\/\/schema.org\/ImageObject\" ><div class=\"avia-image-container-inner\"><div class=\"avia-image-overlay-wrap\"><img decoding=\"async\" fetchpriority=\"high\" class='wp-image-3096 avia-img-lazy-loading-not-3096 avia_image ' src=\"https:\/\/www.sorefix.com\/fr\/files\/2019\/07\/usage-300x263.jpg\" alt='' title='usage'  height=\"263\" width=\"300\"  itemprop=\"thumbnailUrl\" srcset=\"https:\/\/www.sorefix.com\/fr\/files\/2019\/07\/usage-300x263.jpg 300w, https:\/\/www.sorefix.com\/fr\/files\/2019\/07\/usage-450x395.jpg 450w, https:\/\/www.sorefix.com\/fr\/files\/2019\/07\/usage.jpg 700w\" sizes=\"(max-width: 300px) 100vw, 300px\" \/><\/div><\/div><\/div><\/div>\n<style type=\"text\/css\" data-created_by=\"avia_inline_auto\" id=\"style-css-av-pxgcs-3ad592a7e8dbe3884033126bbbf56580\">\n.flex_column.av-pxgcs-3ad592a7e8dbe3884033126bbbf56580{\nborder-radius:0px 0px 0px 0px;\n}\n<\/style>\n<div  class='flex_column av-pxgcs-3ad592a7e8dbe3884033126bbbf56580 av_two_third  avia-builder-el-9  el_after_av_one_third  avia-builder-el-last  no_margin flex_column_div  column-top-margin'     ><section  class='av_textblock_section av-2111o-0512c7af295245a806711449ef016c14 '   itemscope=\"itemscope\" itemtype=\"https:\/\/schema.org\/CreativeWork\" ><div class='avia_textblock'  itemprop=\"text\" ><h3>Baume \u00e0 l\u00e8vres hydratant<\/h3>\n<p>Le baume \u00e0 l\u00e8vres Sore<em>Fix<\/em> Pr\u00e9vention est riche en huiles naturelles et en vitamine E pour am\u00e9liorer l\u2019\u00e9tat des l\u00e8vres. Sore<em>Fix<\/em> Pr\u00e9vention peut \u00eatre utilis\u00e9 quotidiennement pour pr\u00e9venir un bouton de fi\u00e8vre et pour hydrater les l\u00e8vres.<\/p>\n<p>Curieux de savoir ce qu\u2019est un bouton de fi\u00e8vre? En savoir plus <a href=\"http:\/\/www.sorefix.com\/france\/a-propos-des-boutons-de-fievre\/quest-ce-quun-bouton-de-fievre\/\">Qu\u2019est-ce qu\u2019un bouton de fi\u00e8vre ?<\/a><\/p>\n<\/div><\/section><br \/>\n\n<style type=\"text\/css\" data-created_by=\"avia_inline_auto\" id=\"style-css-av-35kx8-4de23a3cff4287fc2b764c6f88605abe\">\n#top .av_textblock_section.av-35kx8-4de23a3cff4287fc2b764c6f88605abe .avia_textblock{\nfont-size:14px;\n}\n<\/style>\n<section  class='av_textblock_section av-35kx8-4de23a3cff4287fc2b764c6f88605abe '   itemscope=\"itemscope\" itemtype=\"https:\/\/schema.org\/CreativeWork\" ><div class='avia_textblock'  itemprop=\"text\" ><p><em>Lire la <a href=\"https:\/\/www.sorefix.com\/france\/files\/2019\/07\/Sorefix_Prevent-Jar_artwork-leaflet_L014FR101_20190626_v2.2-outlined.pdf\" target=\"_blank\" rel=\"noopener noreferrer\">notice<\/a> de SoreFix Pr\u00e9vention<\/em><\/p>\n<h6><span style=\"text-decoration: underline\"><em>SoreFix Pr\u00e9vention sera bient\u00f4t disponible.<\/em><\/span><\/h6>\n<\/div><\/section><\/p><\/div>\n<\/div><\/div><\/main><!-- close content main element --><\/div><\/div><div id='after_section_1'  class='main_color av_default_container_wrap container_wrap fullsize'  ><div class='container av-section-cont-open' ><div class='template-page content  av-content-full alpha units'><div class='post-entry post-entry-type-page post-entry-244'><div class='entry-content-wrapper clearfix'>\n\n<style type=\"text\/css\" data-created_by=\"avia_inline_auto\" id=\"style-css-av-sl4ss-41d75f1a4f28e7255a690c39e113cc5f\">\n.flex_column.av-sl4ss-41d75f1a4f28e7255a690c39e113cc5f{\nborder-radius:0px 0px 0px 0px;\npadding:0px 0px 0px 0px;\n}\n<\/style>\n<div  class='flex_column av-sl4ss-41d75f1a4f28e7255a690c39e113cc5f av_one_full  avia-builder-el-12  el_after_av_section  el_before_av_three_fifth  avia-builder-el-first  first flex_column_div av-zero-column-padding  '     ><section  class='av_textblock_section av-jv5gara4-10263b30d18a181d2008fb275839d6d9 '   itemscope=\"itemscope\" itemtype=\"https:\/\/schema.org\/CreativeWork\" ><div class='avia_textblock'  itemprop=\"text\" ><h2 style=\"text-align: center\"><\/h2>\n<hr \/>\n<h2 style=\"text-align: center\">TECHNOLOGIE MULTI-PHASES<\/h2>\n<h2 style=\"text-align: center\"><\/h2>\n<\/div><\/section><\/div>\n<style type=\"text\/css\" data-created_by=\"avia_inline_auto\" id=\"style-css-av-1yecbf-d553b4bf5adab10437f9ba446212e0a6\">\n.flex_column.av-1yecbf-d553b4bf5adab10437f9ba446212e0a6{\nborder-radius:0px 0px 0px 0px;\npadding:0px 0px 0px 0px;\n}\n<\/style>\n<div  class='flex_column av-1yecbf-d553b4bf5adab10437f9ba446212e0a6 av_three_fifth  avia-builder-el-14  el_after_av_one_full  el_before_av_two_fifth  first flex_column_div av-zero-column-padding  column-top-margin'     ><p><section  class='av_textblock_section av-1p2e6j-77ba354aaad8d6eb925ee06648af3376 '   itemscope=\"itemscope\" itemtype=\"https:\/\/schema.org\/CreativeWork\" ><div class='avia_textblock'  itemprop=\"text\" ><p><strong><img loading=\"lazy\" decoding=\"async\" class=\"alignleft wp-image-473\" src=\"\/nl\/files\/2017\/05\/fase0.png\" alt=\"\" width=\"40\" height=\"77\" \/>Virus du bouton de fi\u00e8vre inactif <\/strong><br \/>\nLe <a href=\"http:\/\/www.sorefix.com\/france\/a-propos-des-boutons-de-fievre\/lherpes-simplex-virus\/\">virus de l\u2019herp\u00e8s simplex<\/a> n\u2019est pas actif.<br \/>\n<span style=\"color: #1eb53a\">Sore<em>Fix<\/em> Pr\u00e9vention<\/span> bloque les agents d\u00e9clencheurs des boutons de fi\u00e8vre et am\u00e9liore l\u2019\u00e9tat des l\u00e8vres.<\/p>\n<\/div><\/section><br \/>\n<section  class='av_textblock_section av-1ld8yz-3f3b54ab90bc913e286c13e03d0d6b61 '   itemscope=\"itemscope\" itemtype=\"https:\/\/schema.org\/CreativeWork\" ><div class='avia_textblock'  itemprop=\"text\" ><p><strong><img loading=\"lazy\" decoding=\"async\" class=\"alignleft wp-image-474\" src=\"\/nl\/files\/2017\/05\/fase1.png\" alt=\"\" width=\"40\" height=\"79\" \/>Picotements<\/strong><br \/>\nLes premiers sympt\u00f4mes du bouton de fi\u00e8vre apparaissent.<br \/>\n<span style=\"color: #cc0c00\">Sore<em>Fix<\/em> Traitement<\/span> soulage les picotements.<\/p>\n<\/div><\/section><br \/>\n<section  class='av_textblock_section av-53yw3-1ca027e25c08ff64a5fddb51e56f7b39 '   itemscope=\"itemscope\" itemtype=\"https:\/\/schema.org\/CreativeWork\" ><div class='avia_textblock'  itemprop=\"text\" ><p><strong><img loading=\"lazy\" decoding=\"async\" class=\"alignleft wp-image-475\" src=\"\/nl\/files\/2017\/05\/fase2.png\" alt=\"\" width=\"40\" height=\"74\" \/>V\u00e9sicules<\/strong><br \/>\nDes v\u00e9sicules se forment.<br \/>\n<span style=\"color: #cc0c00\">Sore<em>Fix<\/em> Traitement<\/span> r\u00e9duit les v\u00e9sicules.<\/p>\n<\/div><\/section><br \/>\n<section  class='av_textblock_section av-17ias3-08bde4489e181b0298bc267836f8e55d '   itemscope=\"itemscope\" itemtype=\"https:\/\/schema.org\/CreativeWork\" ><div class='avia_textblock'  itemprop=\"text\" ><p><strong><img loading=\"lazy\" decoding=\"async\" class=\"alignleft wp-image-476\" src=\"\/nl\/files\/2017\/05\/fase3.png\" alt=\"\" width=\"41\" height=\"78\" \/>Ulc\u00e9ration<\/strong><br \/>\nUne plaie se d\u00e9veloppe.<br \/>\n<span style=\"color: #cc0c00\">Sore<em>Fix<\/em> Traitement<\/span> r\u00e9duit le temps de gu\u00e9rison.<\/p>\n<\/div><\/section><br \/>\n<section  class='av_textblock_section av-10q677-b9a95db594f2db8715b63fba063b69fd '   itemscope=\"itemscope\" itemtype=\"https:\/\/schema.org\/CreativeWork\" ><div class='avia_textblock'  itemprop=\"text\" ><p><strong><img loading=\"lazy\" decoding=\"async\" class=\"alignleft wp-image-477\" src=\"\/nl\/files\/2017\/05\/fase4.png\" alt=\"\" width=\"41\" height=\"78\" \/>Gu\u00e9rison<\/strong><br \/>\nLa v\u00e9sicule s\u00e8che et forme une cro\u00fbte.<br \/>\n<span style=\"color: #cc0c00\">Sore<em>Fix<\/em> Traitement<\/span> emp\u00eache la cro\u00fbte de se fissurer.<\/p>\n<\/div><\/section><\/p><\/div><\/p>\n\n<style type=\"text\/css\" data-created_by=\"avia_inline_auto\" id=\"style-css-av-yecgb-655876d189178a231cfa8516c0c663c8\">\n.flex_column.av-yecgb-655876d189178a231cfa8516c0c663c8{\nborder-radius:0px 0px 0px 0px;\npadding:0px 0px 0px 0px;\n}\n<\/style>\n<div  class='flex_column av-yecgb-655876d189178a231cfa8516c0c663c8 av_two_fifth  avia-builder-el-20  el_after_av_three_fifth  avia-builder-el-last  flex_column_div av-zero-column-padding  column-top-margin'     ><p>\n<style type=\"text\/css\" data-created_by=\"avia_inline_auto\" id=\"style-css-av-t2wh7-e2e940f9200dfe8236970ab6e5e07ad1\">\n#top .hr.hr-invisible.av-t2wh7-e2e940f9200dfe8236970ab6e5e07ad1{\nheight:50px;\n}\n<\/style>\n<div  class='hr av-t2wh7-e2e940f9200dfe8236970ab6e5e07ad1 hr-invisible  avia-builder-el-21  el_before_av_image  avia-builder-el-first '><span class='hr-inner '><span class=\"hr-inner-style\"><\/span><\/span><\/div><br \/>\n\n<style type=\"text\/css\" data-created_by=\"avia_inline_auto\" id=\"style-css-av-n2m7n-6fffcef297a1e9c3b329b01fb4f745ca\">\n.avia-image-container.av-n2m7n-6fffcef297a1e9c3b329b01fb4f745ca img.avia_image{\nbox-shadow:none;\n}\n.avia-image-container.av-n2m7n-6fffcef297a1e9c3b329b01fb4f745ca .av-image-caption-overlay-center{\ncolor:#ffffff;\n}\n<\/style>\n<div  class='avia-image-container av-n2m7n-6fffcef297a1e9c3b329b01fb4f745ca av-styling- avia-align-center  avia-builder-el-22  el_after_av_hr  avia-builder-el-last '   itemprop=\"image\" itemscope=\"itemscope\" itemtype=\"https:\/\/schema.org\/ImageObject\" ><div class=\"avia-image-container-inner\"><div class=\"avia-image-overlay-wrap\"><img decoding=\"async\" fetchpriority=\"high\" class='wp-image-3157 avia-img-lazy-loading-not-3157 avia_image ' src=\"https:\/\/www.sorefix.com\/fr\/files\/2019\/07\/Afbeelding1.png\" alt='' title='Afbeelding1'  height=\"625\" width=\"625\"  itemprop=\"thumbnailUrl\" srcset=\"https:\/\/www.sorefix.com\/fr\/files\/2019\/07\/Afbeelding1.png 625w, https:\/\/www.sorefix.com\/fr\/files\/2019\/07\/Afbeelding1-80x80.png 80w, https:\/\/www.sorefix.com\/fr\/files\/2019\/07\/Afbeelding1-300x300.png 300w, https:\/\/www.sorefix.com\/fr\/files\/2019\/07\/Afbeelding1-36x36.png 36w, https:\/\/www.sorefix.com\/fr\/files\/2019\/07\/Afbeelding1-180x180.png 180w, https:\/\/www.sorefix.com\/fr\/files\/2019\/07\/Afbeelding1-120x120.png 120w, https:\/\/www.sorefix.com\/fr\/files\/2019\/07\/Afbeelding1-450x450.png 450w\" sizes=\"(max-width: 625px) 100vw, 625px\" \/><\/div><\/div><\/div><\/p><\/div>\n","protected":false},"excerpt":{"rendered":"","protected":false},"author":7,"featured_media":786,"parent":201,"menu_order":4,"comment_status":"closed","ping_status":"closed","template":"","meta":{"_acf_changed":false,"footnotes":""},"class_list":["post-244","page","type-page","status-publish","has-post-thumbnail","hentry"],"acf":[],"yoast_head":"<!-- This site is optimized with the Yoast SEO plugin v26.9 - https:\/\/yoast.com\/product\/yoast-seo-wordpress\/ -->\n<title>SoreFix Prevent peut pr\u00e9venir l\u2019herp\u00e8s labial, car il constitue une barri\u00e8re physique.<\/title>\n<meta name=\"description\" content=\"SoreFix Prevent bevat een hoge zonnefactor. De koortslip balsem is rijk aan natuurlijke oli\u00ebn en vitamine E om de conditie van de lippen te verbeteren.\" \/>\n<meta name=\"robots\" content=\"index, follow, max-snippet:-1, max-image-preview:large, max-video-preview:-1\" \/>\n<link rel=\"canonical\" href=\"https:\/\/www.sorefix.com\/fr\/produits\/sorefix-prevention-baume-a-levres\/\" \/>\n<meta property=\"og:locale\" content=\"fr_FR\" \/>\n<meta property=\"og:type\" content=\"article\" \/>\n<meta property=\"og:title\" content=\"SoreFix Prevent peut pr\u00e9venir l\u2019herp\u00e8s labial, car il constitue une barri\u00e8re physique.\" \/>\n<meta property=\"og:description\" content=\"SoreFix Prevent bevat een hoge zonnefactor. De koortslip balsem is rijk aan natuurlijke oli\u00ebn en vitamine E om de conditie van de lippen te verbeteren.\" \/>\n<meta property=\"og:url\" content=\"https:\/\/www.sorefix.com\/fr\/produits\/sorefix-prevention-baume-a-levres\/\" \/>\n<meta property=\"og:site_name\" content=\"SoreFix France\" \/>\n<meta property=\"article:modified_time\" content=\"2019-07-11T13:57:57+00:00\" \/>\n<meta property=\"og:image\" content=\"https:\/\/www.sorefix.com\/fr\/files\/2017\/05\/sorefix-header-potje.png\" \/>\n\t<meta property=\"og:image:width\" content=\"855\" \/>\n\t<meta property=\"og:image:height\" content=\"284\" \/>\n\t<meta property=\"og:image:type\" content=\"image\/png\" \/>\n<meta name=\"twitter:card\" content=\"summary_large_image\" \/>\n<meta name=\"twitter:label1\" content=\"Est. reading time\" \/>\n\t<meta name=\"twitter:data1\" content=\"7 minutes\" \/>\n<script type=\"application\/ld+json\" class=\"yoast-schema-graph\">{\"@context\":\"https:\/\/schema.org\",\"@graph\":[{\"@type\":\"WebPage\",\"@id\":\"https:\/\/www.sorefix.com\/fr\/produits\/sorefix-prevention-baume-a-levres\/\",\"url\":\"https:\/\/www.sorefix.com\/fr\/produits\/sorefix-prevention-baume-a-levres\/\",\"name\":\"SoreFix Prevent peut pr\u00e9venir l\u2019herp\u00e8s labial, car il constitue une barri\u00e8re physique.\",\"isPartOf\":{\"@id\":\"https:\/\/www.sorefix.com\/fr\/#website\"},\"primaryImageOfPage\":{\"@id\":\"https:\/\/www.sorefix.com\/fr\/produits\/sorefix-prevention-baume-a-levres\/#primaryimage\"},\"image\":{\"@id\":\"https:\/\/www.sorefix.com\/fr\/produits\/sorefix-prevention-baume-a-levres\/#primaryimage\"},\"thumbnailUrl\":\"https:\/\/www.sorefix.com\/fr\/files\/2017\/05\/sorefix-header-potje.png\",\"datePublished\":\"2017-03-14T10:13:11+00:00\",\"dateModified\":\"2019-07-11T13:57:57+00:00\",\"description\":\"SoreFix Prevent bevat een hoge zonnefactor. De koortslip balsem is rijk aan natuurlijke oli\u00ebn en vitamine E om de conditie van de lippen te verbeteren.\",\"breadcrumb\":{\"@id\":\"https:\/\/www.sorefix.com\/fr\/produits\/sorefix-prevention-baume-a-levres\/#breadcrumb\"},\"inLanguage\":\"fr-FR\",\"potentialAction\":[{\"@type\":\"ReadAction\",\"target\":[\"https:\/\/www.sorefix.com\/fr\/produits\/sorefix-prevention-baume-a-levres\/\"]}]},{\"@type\":\"ImageObject\",\"inLanguage\":\"fr-FR\",\"@id\":\"https:\/\/www.sorefix.com\/fr\/produits\/sorefix-prevention-baume-a-levres\/#primaryimage\",\"url\":\"https:\/\/www.sorefix.com\/fr\/files\/2017\/05\/sorefix-header-potje.png\",\"contentUrl\":\"https:\/\/www.sorefix.com\/fr\/files\/2017\/05\/sorefix-header-potje.png\",\"width\":855,\"height\":284},{\"@type\":\"BreadcrumbList\",\"@id\":\"https:\/\/www.sorefix.com\/fr\/produits\/sorefix-prevention-baume-a-levres\/#breadcrumb\",\"itemListElement\":[{\"@type\":\"ListItem\",\"position\":1,\"name\":\"Home\",\"item\":\"https:\/\/www.sorefix.com\/fr\/\"},{\"@type\":\"ListItem\",\"position\":2,\"name\":\"Produits\",\"item\":\"https:\/\/www.sorefix.com\/fr\/produits\/\"},{\"@type\":\"ListItem\",\"position\":3,\"name\":\"SoreFix Pr\u00e9vention baume \u00e0 l\u00e8vres\"}]},{\"@type\":\"WebSite\",\"@id\":\"https:\/\/www.sorefix.com\/fr\/#website\",\"url\":\"https:\/\/www.sorefix.com\/fr\/\",\"name\":\"SoreFix France\",\"description\":\"La solution \u00e0 vos boutons de fi\u00e8vre!\",\"potentialAction\":[{\"@type\":\"SearchAction\",\"target\":{\"@type\":\"EntryPoint\",\"urlTemplate\":\"https:\/\/www.sorefix.com\/fr\/?s={search_term_string}\"},\"query-input\":{\"@type\":\"PropertyValueSpecification\",\"valueRequired\":true,\"valueName\":\"search_term_string\"}}],\"inLanguage\":\"fr-FR\"}]}<\/script>\n<!-- \/ Yoast SEO plugin. -->","yoast_head_json":{"title":"SoreFix Prevent peut pr\u00e9venir l\u2019herp\u00e8s labial, car il constitue une barri\u00e8re physique.","description":"SoreFix Prevent bevat een hoge zonnefactor. De koortslip balsem is rijk aan natuurlijke oli\u00ebn en vitamine E om de conditie van de lippen te verbeteren.","robots":{"index":"index","follow":"follow","max-snippet":"max-snippet:-1","max-image-preview":"max-image-preview:large","max-video-preview":"max-video-preview:-1"},"canonical":"https:\/\/www.sorefix.com\/fr\/produits\/sorefix-prevention-baume-a-levres\/","og_locale":"fr_FR","og_type":"article","og_title":"SoreFix Prevent peut pr\u00e9venir l\u2019herp\u00e8s labial, car il constitue une barri\u00e8re physique.","og_description":"SoreFix Prevent bevat een hoge zonnefactor. De koortslip balsem is rijk aan natuurlijke oli\u00ebn en vitamine E om de conditie van de lippen te verbeteren.","og_url":"https:\/\/www.sorefix.com\/fr\/produits\/sorefix-prevention-baume-a-levres\/","og_site_name":"SoreFix France","article_modified_time":"2019-07-11T13:57:57+00:00","og_image":[{"width":855,"height":284,"url":"https:\/\/www.sorefix.com\/fr\/files\/2017\/05\/sorefix-header-potje.png","type":"image\/png"}],"twitter_card":"summary_large_image","twitter_misc":{"Est. reading time":"7 minutes"},"schema":{"@context":"https:\/\/schema.org","@graph":[{"@type":"WebPage","@id":"https:\/\/www.sorefix.com\/fr\/produits\/sorefix-prevention-baume-a-levres\/","url":"https:\/\/www.sorefix.com\/fr\/produits\/sorefix-prevention-baume-a-levres\/","name":"SoreFix Prevent peut pr\u00e9venir l\u2019herp\u00e8s labial, car il constitue une barri\u00e8re physique.","isPartOf":{"@id":"https:\/\/www.sorefix.com\/fr\/#website"},"primaryImageOfPage":{"@id":"https:\/\/www.sorefix.com\/fr\/produits\/sorefix-prevention-baume-a-levres\/#primaryimage"},"image":{"@id":"https:\/\/www.sorefix.com\/fr\/produits\/sorefix-prevention-baume-a-levres\/#primaryimage"},"thumbnailUrl":"https:\/\/www.sorefix.com\/fr\/files\/2017\/05\/sorefix-header-potje.png","datePublished":"2017-03-14T10:13:11+00:00","dateModified":"2019-07-11T13:57:57+00:00","description":"SoreFix Prevent bevat een hoge zonnefactor. De koortslip balsem is rijk aan natuurlijke oli\u00ebn en vitamine E om de conditie van de lippen te verbeteren.","breadcrumb":{"@id":"https:\/\/www.sorefix.com\/fr\/produits\/sorefix-prevention-baume-a-levres\/#breadcrumb"},"inLanguage":"fr-FR","potentialAction":[{"@type":"ReadAction","target":["https:\/\/www.sorefix.com\/fr\/produits\/sorefix-prevention-baume-a-levres\/"]}]},{"@type":"ImageObject","inLanguage":"fr-FR","@id":"https:\/\/www.sorefix.com\/fr\/produits\/sorefix-prevention-baume-a-levres\/#primaryimage","url":"https:\/\/www.sorefix.com\/fr\/files\/2017\/05\/sorefix-header-potje.png","contentUrl":"https:\/\/www.sorefix.com\/fr\/files\/2017\/05\/sorefix-header-potje.png","width":855,"height":284},{"@type":"BreadcrumbList","@id":"https:\/\/www.sorefix.com\/fr\/produits\/sorefix-prevention-baume-a-levres\/#breadcrumb","itemListElement":[{"@type":"ListItem","position":1,"name":"Home","item":"https:\/\/www.sorefix.com\/fr\/"},{"@type":"ListItem","position":2,"name":"Produits","item":"https:\/\/www.sorefix.com\/fr\/produits\/"},{"@type":"ListItem","position":3,"name":"SoreFix Pr\u00e9vention baume \u00e0 l\u00e8vres"}]},{"@type":"WebSite","@id":"https:\/\/www.sorefix.com\/fr\/#website","url":"https:\/\/www.sorefix.com\/fr\/","name":"SoreFix France","description":"La solution \u00e0 vos boutons de fi\u00e8vre!","potentialAction":[{"@type":"SearchAction","target":{"@type":"EntryPoint","urlTemplate":"https:\/\/www.sorefix.com\/fr\/?s={search_term_string}"},"query-input":{"@type":"PropertyValueSpecification","valueRequired":true,"valueName":"search_term_string"}}],"inLanguage":"fr-FR"}]}},"_links":{"self":[{"href":"https:\/\/www.sorefix.com\/fr\/wp-json\/wp\/v2\/pages\/244","targetHints":{"allow":["GET"]}}],"collection":[{"href":"https:\/\/www.sorefix.com\/fr\/wp-json\/wp\/v2\/pages"}],"about":[{"href":"https:\/\/www.sorefix.com\/fr\/wp-json\/wp\/v2\/types\/page"}],"author":[{"embeddable":true,"href":"https:\/\/www.sorefix.com\/fr\/wp-json\/wp\/v2\/users\/7"}],"replies":[{"embeddable":true,"href":"https:\/\/www.sorefix.com\/fr\/wp-json\/wp\/v2\/comments?post=244"}],"version-history":[{"count":0,"href":"https:\/\/www.sorefix.com\/fr\/wp-json\/wp\/v2\/pages\/244\/revisions"}],"up":[{"embeddable":true,"href":"https:\/\/www.sorefix.com\/fr\/wp-json\/wp\/v2\/pages\/201"}],"wp:featuredmedia":[{"embeddable":true,"href":"https:\/\/www.sorefix.com\/fr\/wp-json\/wp\/v2\/media\/786"}],"wp:attachment":[{"href":"https:\/\/www.sorefix.com\/fr\/wp-json\/wp\/v2\/media?parent=244"}],"curies":[{"name":"wp","href":"https:\/\/api.w.org\/{rel}","templated":true}]}}