{"id":274,"date":"2017-03-14T12:49:10","date_gmt":"2017-03-14T11:49:10","guid":{"rendered":"\/\/www.sorefix.com\/ned\/?page_id=274"},"modified":"2019-07-11T08:09:30","modified_gmt":"2019-07-11T08:09:30","slug":"quest-ce-quun-bouton-de-fievre","status":"publish","type":"page","link":"https:\/\/www.sorefix.com\/fr\/a-propos-des-boutons-de-fievre\/quest-ce-quun-bouton-de-fievre\/","title":{"rendered":"Qu\u2019est ce qu\u2019un bouton de fi\u00e8vre?"},"content":{"rendered":"<div id='page-content-section-margin'  class='avia-section av-27e5qa-f3323a71ffc7d871ed76d973de2ada74 main_color avia-section-default avia-no-border-styling  avia-builder-el-0  avia-builder-el-no-sibling  avia-bg-style-scroll container_wrap fullsize'  ><div class='container av-section-cont-open' ><main  role=\"main\" itemprop=\"mainContentOfPage\"  class='template-page content  av-content-full alpha units'><div class='post-entry post-entry-type-page post-entry-274'><div class='entry-content-wrapper clearfix'>\n\n<style type=\"text\/css\" data-created_by=\"avia_inline_auto\" id=\"style-css-av-233zkq-f2e615bace4abce64f0f9bf276490bcd\">\n.flex_column.av-233zkq-f2e615bace4abce64f0f9bf276490bcd{\nborder-radius:0px 0px 0px 0px;\npadding:0px 0px 0px 0px;\n}\n<\/style>\n<div  class='flex_column av-233zkq-f2e615bace4abce64f0f9bf276490bcd av_one_full  avia-builder-el-1  avia-builder-el-no-sibling  first flex_column_div av-zero-column-padding  '     ><p>\n<style type=\"text\/css\" data-created_by=\"avia_inline_auto\" id=\"style-css-av-1sesai-dca3f2689ce2991ef31824fae2d173a6\">\n#top .hr.hr-invisible.av-1sesai-dca3f2689ce2991ef31824fae2d173a6{\nheight:20px;\n}\n<\/style>\n<div  class='hr av-1sesai-dca3f2689ce2991ef31824fae2d173a6 hr-invisible  avia-builder-el-2  el_before_av_textblock  avia-builder-el-first '><span class='hr-inner '><span class=\"hr-inner-style\"><\/span><\/span><\/div><br \/>\n<section  class='av_textblock_section av-jv54u1w5-15d2c287e4691d55f8ac02be1188bf85 '   itemscope=\"itemscope\" itemtype=\"https:\/\/schema.org\/CreativeWork\" ><div class='avia_textblock'  itemprop=\"text\" ><h1>Qu\u2019est ce qu\u2019un bouton de fi\u00e8vre?<\/h1>\n<hr \/>\n<\/div><\/section><br \/>\n<section  class='av_textblock_section av-1w0b3m-1633aa9a5e6c2dd8399f38b58a8d9ba6 '   itemscope=\"itemscope\" itemtype=\"https:\/\/schema.org\/CreativeWork\" ><div class='avia_textblock'  itemprop=\"text\" ><p>Les boutons de fi\u00e8vre, aussi connus sous le nom d\u2019herp\u00e8s labial, se forment habituellement sur les l\u00e8vres ou autour de la bouche. Il s\u2019agit de l\u2019une des infections virales les plus fr\u00e9quentes, due \u00e0 un virus appel\u00e9 <a href=\"http:\/\/www.sorefix.com\/france\/a-propos-des-boutons-de-fievre\/lherpes-simplex-virus\/\">herp\u00e8s simplex virus de type 1 (HSV-1)<\/a>.<\/p>\n<p>L\u2019herp\u00e8s simplex virus 1 est contagieux d\u00e8s les premiers picotements et jusqu\u2019\u00e0 ce que le bouton de fi\u00e8vre soit compl\u00e8tement gu\u00e9ri. Apprenez-en plus sur <a href=\"http:\/\/www.sorefix.com\/france\/a-propos-des-boutons-de-fievre\/conseils-et-astuces\/\">Conseils et astuces<\/a>.<\/p>\n<\/div><\/section><br \/>\n\n<style type=\"text\/css\" data-created_by=\"avia_inline_auto\" id=\"style-css-av-1jbr56-43f8e3891528c51788ef99010d28f429\">\n.avia-image-container.av-1jbr56-43f8e3891528c51788ef99010d28f429 img.avia_image{\nbox-shadow:none;\n}\n.avia-image-container.av-1jbr56-43f8e3891528c51788ef99010d28f429 .av-image-caption-overlay-center{\ncolor:#ffffff;\n}\n<\/style>\n<div  class='avia-image-container av-1jbr56-43f8e3891528c51788ef99010d28f429 av-styling- av-img-linked avia-align-center  avia-builder-el-5  el_after_av_textblock  el_before_av_hr '   itemprop=\"image\" itemscope=\"itemscope\" itemtype=\"https:\/\/schema.org\/ImageObject\" ><div class=\"avia-image-container-inner\"><div class=\"avia-image-overlay-wrap\"><a href=\"https:\/\/www.sorefix.com\/fr\/a-propos-des-boutons-de-fievre\/les-4-phases-du-bouton-de-fievre\/\" class='avia_image '  aria-label='phases-fr'><img decoding=\"async\" fetchpriority=\"high\" class='wp-image-3124 avia-img-lazy-loading-not-3124 avia_image ' src=\"https:\/\/www.sorefix.com\/fr\/files\/2019\/07\/phases-fr.jpg\" alt='' title='phases-fr'  height=\"200\" width=\"950\"  itemprop=\"thumbnailUrl\" srcset=\"https:\/\/www.sorefix.com\/fr\/files\/2019\/07\/phases-fr.jpg 950w, https:\/\/www.sorefix.com\/fr\/files\/2019\/07\/phases-fr-300x63.jpg 300w, https:\/\/www.sorefix.com\/fr\/files\/2019\/07\/phases-fr-768x162.jpg 768w, https:\/\/www.sorefix.com\/fr\/files\/2019\/07\/phases-fr-705x148.jpg 705w, https:\/\/www.sorefix.com\/fr\/files\/2019\/07\/phases-fr-450x95.jpg 450w\" sizes=\"(max-width: 950px) 100vw, 950px\" \/><\/a><\/div><\/div><\/div><br \/>\n\n<style type=\"text\/css\" data-created_by=\"avia_inline_auto\" id=\"style-css-av-if0q-7d9340e2cefedf1be934665e65377359\">\n#top .hr.hr-invisible.av-if0q-7d9340e2cefedf1be934665e65377359{\nheight:20px;\n}\n<\/style>\n<div  class='hr av-if0q-7d9340e2cefedf1be934665e65377359 hr-invisible  avia-builder-el-6  el_after_av_image  el_before_av_textblock '><span class='hr-inner '><span class=\"hr-inner-style\"><\/span><\/span><\/div><br \/>\n<section  class='av_textblock_section av-173zcq-197566c3be49445e298a98c8a0587625 '   itemscope=\"itemscope\" itemtype=\"https:\/\/schema.org\/CreativeWork\" ><div class='avia_textblock'  itemprop=\"text\" ><p>Un bouton de fi\u00e8vre se caract\u00e9rise par de petites v\u00e9sicules remplies d\u2019un liquide qui rend la peau rouge et gonfl\u00e9e. Les v\u00e9sicules du bouton de fi\u00e8vre sont souvent tr\u00e8s douloureuses. Etant donn\u00e9 que ces v\u00e9sicules sont remplies de liquide, leur couche superficielle est tr\u00e8s sensible et le fait de les toucher ou de les frotter peut provoquer une infection s\u00e9v\u00e8re. Si un traitement ad\u00e9quat est pris \u00e0 temps, les chances de cicatrisation n\u2019en seront que meilleures.<\/p>\n<p>Cependant, dans la plupart des cas, les boutons de fi\u00e8vre ont tendance \u00e0 r\u00e9appara\u00eetre. Contrairement \u00e0 la plupart des virus, l\u2018herp\u00e8s simplex virus 1, une fois contract\u00e9, n\u2019est jamais totalement \u00e9limin\u00e9 de l\u2019organisme.<\/p>\n<p>Curieux de savoir ce qui cause un bouton de fi\u00e8vre ? En savoir plus <a href=\"http:\/\/www.sorefix.com\/france\/a-propos-des-boutons-de-fievre\/lherpes-simplex-virus\/\">l\u2019herpes simplex virus<\/a><\/p>\n<\/div><\/section><br \/>\n\n<style type=\"text\/css\" data-created_by=\"avia_inline_auto\" id=\"style-css-av-11utxu-9e8bacd2faaa475d28554b1ee3489dd5\">\n#top .hr.hr-invisible.av-11utxu-9e8bacd2faaa475d28554b1ee3489dd5{\nheight:20px;\n}\n<\/style>\n<div  class='hr av-11utxu-9e8bacd2faaa475d28554b1ee3489dd5 hr-invisible  avia-builder-el-8  el_after_av_textblock  el_before_av_image '><span class='hr-inner '><span class=\"hr-inner-style\"><\/span><\/span><\/div><br \/>\n\n<style type=\"text\/css\" data-created_by=\"avia_inline_auto\" id=\"style-css-av-wm03m-32eddf85fa6aa77b9d509b4ad13d901b\">\n.avia-image-container.av-wm03m-32eddf85fa6aa77b9d509b4ad13d901b img.avia_image{\nbox-shadow:none;\n}\n.avia-image-container.av-wm03m-32eddf85fa6aa77b9d509b4ad13d901b .av-image-caption-overlay-center{\ncolor:#ffffff;\n}\n<\/style>\n<div  class='avia-image-container av-wm03m-32eddf85fa6aa77b9d509b4ad13d901b av-styling- avia-align-center  avia-builder-el-9  el_after_av_hr  el_before_av_hr '   itemprop=\"image\" itemscope=\"itemscope\" itemtype=\"https:\/\/schema.org\/ImageObject\" ><div class=\"avia-image-container-inner\"><div class=\"avia-image-overlay-wrap\"><img decoding=\"async\" fetchpriority=\"high\" class='wp-image-3123 avia-img-lazy-loading-not-3123 avia_image ' src=\"https:\/\/www.sorefix.com\/fr\/files\/2019\/07\/outbreak-fr.jpg\" alt='' title='outbreak-fr'  height=\"159\" width=\"951\"  itemprop=\"thumbnailUrl\" srcset=\"https:\/\/www.sorefix.com\/fr\/files\/2019\/07\/outbreak-fr.jpg 951w, https:\/\/www.sorefix.com\/fr\/files\/2019\/07\/outbreak-fr-300x50.jpg 300w, https:\/\/www.sorefix.com\/fr\/files\/2019\/07\/outbreak-fr-768x128.jpg 768w, https:\/\/www.sorefix.com\/fr\/files\/2019\/07\/outbreak-fr-705x118.jpg 705w, https:\/\/www.sorefix.com\/fr\/files\/2019\/07\/outbreak-fr-450x75.jpg 450w\" sizes=\"(max-width: 951px) 100vw, 951px\" \/><\/div><\/div><\/div><br \/>\n\n<style type=\"text\/css\" data-created_by=\"avia_inline_auto\" id=\"style-css-av-2gw22-cffe799e43554502bb044e14888bbbd2\">\n#top .hr.hr-invisible.av-2gw22-cffe799e43554502bb044e14888bbbd2{\nheight:50px;\n}\n<\/style>\n<div  class='hr av-2gw22-cffe799e43554502bb044e14888bbbd2 hr-invisible  avia-builder-el-10  el_after_av_image  el_before_av_textblock '><span class='hr-inner '><span class=\"hr-inner-style\"><\/span><\/span><\/div><br \/>\n\n<style type=\"text\/css\" data-created_by=\"avia_inline_auto\" id=\"style-css-av-lxef6-1d15e3a5abc2077913144b402f5221b9\">\n#top .av_textblock_section.av-lxef6-1d15e3a5abc2077913144b402f5221b9 .avia_textblock{\nfont-size:11px;\n}\n<\/style>\n<section  class='av_textblock_section av-lxef6-1d15e3a5abc2077913144b402f5221b9 '   itemscope=\"itemscope\" itemtype=\"https:\/\/schema.org\/CreativeWork\" ><div class='avia_textblock'  itemprop=\"text\" ><ol>\n<li>Herpes simplex virus. World Health Organization.\u00a0(2016, January). Retrieved April 27, 2016, from\u00a0<a href=\"http:\/\/www.who.int\/mediacentre\/factsheets\/fs400\/en\/\">http:\/\/www.who.int\/mediacentre\/factsheets\/fs400\/en\/<\/a><\/li>\n<li>Oral Herpes. American Sexual Health Association. (n.d.). Retrieved April 28, 2016, from\u00a0<a href=\"http:\/\/www.ashasexualhealth.org\/stdsstis\/herpes\/oral-herpes\/\">http:\/\/www.ashasexualhealth.org\/stdsstis\/herpes\/oral-herpes\/<\/a><\/li>\n<\/ol>\n<\/div><\/section><\/p><\/div>\n","protected":false},"excerpt":{"rendered":"","protected":false},"author":7,"featured_media":773,"parent":2306,"menu_order":9,"comment_status":"closed","ping_status":"closed","template":"","meta":{"_acf_changed":false,"footnotes":""},"class_list":["post-274","page","type-page","status-publish","has-post-thumbnail","hentry"],"acf":[],"yoast_head":"<!-- This site is optimized with the Yoast SEO plugin v26.9 - https:\/\/yoast.com\/product\/yoast-seo-wordpress\/ -->\n<title>Un bouton de fi\u00e8vre s&#039;appelle \u00e9galement boutons de fi\u00e8vre<\/title>\n<meta name=\"description\" content=\"Meestal worden deze op de lippen of rond de mond gevormd. Koortslip is de meest voorkomende virale infectie en wordt veroorzaakt door Herpes Simplex Virus.\" \/>\n<meta name=\"robots\" content=\"index, follow, max-snippet:-1, max-image-preview:large, max-video-preview:-1\" \/>\n<link rel=\"canonical\" href=\"https:\/\/www.sorefix.com\/fr\/a-propos-des-boutons-de-fievre\/quest-ce-quun-bouton-de-fievre\/\" \/>\n<meta property=\"og:locale\" content=\"fr_FR\" \/>\n<meta property=\"og:type\" content=\"article\" \/>\n<meta property=\"og:title\" content=\"Un bouton de fi\u00e8vre s&#039;appelle \u00e9galement boutons de fi\u00e8vre\" \/>\n<meta property=\"og:description\" content=\"Meestal worden deze op de lippen of rond de mond gevormd. Koortslip is de meest voorkomende virale infectie en wordt veroorzaakt door Herpes Simplex Virus.\" \/>\n<meta property=\"og:url\" content=\"https:\/\/www.sorefix.com\/fr\/a-propos-des-boutons-de-fievre\/quest-ce-quun-bouton-de-fievre\/\" \/>\n<meta property=\"og:site_name\" content=\"SoreFix France\" \/>\n<meta property=\"article:modified_time\" content=\"2019-07-11T08:09:30+00:00\" \/>\n<meta property=\"og:image\" content=\"https:\/\/www.sorefix.com\/fr\/files\/2017\/05\/koortslip-header.png\" \/>\n\t<meta property=\"og:image:width\" content=\"771\" \/>\n\t<meta property=\"og:image:height\" content=\"211\" \/>\n\t<meta property=\"og:image:type\" content=\"image\/png\" \/>\n<meta name=\"twitter:card\" content=\"summary_large_image\" \/>\n<meta name=\"twitter:label1\" content=\"Est. reading time\" \/>\n\t<meta name=\"twitter:data1\" content=\"4 minutes\" \/>\n<script type=\"application\/ld+json\" class=\"yoast-schema-graph\">{\"@context\":\"https:\/\/schema.org\",\"@graph\":[{\"@type\":\"WebPage\",\"@id\":\"https:\/\/www.sorefix.com\/fr\/a-propos-des-boutons-de-fievre\/quest-ce-quun-bouton-de-fievre\/\",\"url\":\"https:\/\/www.sorefix.com\/fr\/a-propos-des-boutons-de-fievre\/quest-ce-quun-bouton-de-fievre\/\",\"name\":\"Un bouton de fi\u00e8vre s'appelle \u00e9galement boutons de fi\u00e8vre\",\"isPartOf\":{\"@id\":\"https:\/\/www.sorefix.com\/fr\/#website\"},\"primaryImageOfPage\":{\"@id\":\"https:\/\/www.sorefix.com\/fr\/a-propos-des-boutons-de-fievre\/quest-ce-quun-bouton-de-fievre\/#primaryimage\"},\"image\":{\"@id\":\"https:\/\/www.sorefix.com\/fr\/a-propos-des-boutons-de-fievre\/quest-ce-quun-bouton-de-fievre\/#primaryimage\"},\"thumbnailUrl\":\"https:\/\/www.sorefix.com\/fr\/files\/2017\/05\/koortslip-header.png\",\"datePublished\":\"2017-03-14T11:49:10+00:00\",\"dateModified\":\"2019-07-11T08:09:30+00:00\",\"description\":\"Meestal worden deze op de lippen of rond de mond gevormd. Koortslip is de meest voorkomende virale infectie en wordt veroorzaakt door Herpes Simplex Virus.\",\"breadcrumb\":{\"@id\":\"https:\/\/www.sorefix.com\/fr\/a-propos-des-boutons-de-fievre\/quest-ce-quun-bouton-de-fievre\/#breadcrumb\"},\"inLanguage\":\"fr-FR\",\"potentialAction\":[{\"@type\":\"ReadAction\",\"target\":[\"https:\/\/www.sorefix.com\/fr\/a-propos-des-boutons-de-fievre\/quest-ce-quun-bouton-de-fievre\/\"]}]},{\"@type\":\"ImageObject\",\"inLanguage\":\"fr-FR\",\"@id\":\"https:\/\/www.sorefix.com\/fr\/a-propos-des-boutons-de-fievre\/quest-ce-quun-bouton-de-fievre\/#primaryimage\",\"url\":\"https:\/\/www.sorefix.com\/fr\/files\/2017\/05\/koortslip-header.png\",\"contentUrl\":\"https:\/\/www.sorefix.com\/fr\/files\/2017\/05\/koortslip-header.png\",\"width\":771,\"height\":211},{\"@type\":\"BreadcrumbList\",\"@id\":\"https:\/\/www.sorefix.com\/fr\/a-propos-des-boutons-de-fievre\/quest-ce-quun-bouton-de-fievre\/#breadcrumb\",\"itemListElement\":[{\"@type\":\"ListItem\",\"position\":1,\"name\":\"Home\",\"item\":\"https:\/\/www.sorefix.com\/fr\/\"},{\"@type\":\"ListItem\",\"position\":2,\"name\":\"Boutons de fi\u00e8vre\",\"item\":\"https:\/\/www.sorefix.com\/fr\/a-propos-des-boutons-de-fievre\/\"},{\"@type\":\"ListItem\",\"position\":3,\"name\":\"Qu\u2019est ce qu\u2019un bouton de fi\u00e8vre?\"}]},{\"@type\":\"WebSite\",\"@id\":\"https:\/\/www.sorefix.com\/fr\/#website\",\"url\":\"https:\/\/www.sorefix.com\/fr\/\",\"name\":\"SoreFix France\",\"description\":\"La solution \u00e0 vos boutons de fi\u00e8vre!\",\"potentialAction\":[{\"@type\":\"SearchAction\",\"target\":{\"@type\":\"EntryPoint\",\"urlTemplate\":\"https:\/\/www.sorefix.com\/fr\/?s={search_term_string}\"},\"query-input\":{\"@type\":\"PropertyValueSpecification\",\"valueRequired\":true,\"valueName\":\"search_term_string\"}}],\"inLanguage\":\"fr-FR\"}]}<\/script>\n<!-- \/ Yoast SEO plugin. -->","yoast_head_json":{"title":"Un bouton de fi\u00e8vre s'appelle \u00e9galement boutons de fi\u00e8vre","description":"Meestal worden deze op de lippen of rond de mond gevormd. Koortslip is de meest voorkomende virale infectie en wordt veroorzaakt door Herpes Simplex Virus.","robots":{"index":"index","follow":"follow","max-snippet":"max-snippet:-1","max-image-preview":"max-image-preview:large","max-video-preview":"max-video-preview:-1"},"canonical":"https:\/\/www.sorefix.com\/fr\/a-propos-des-boutons-de-fievre\/quest-ce-quun-bouton-de-fievre\/","og_locale":"fr_FR","og_type":"article","og_title":"Un bouton de fi\u00e8vre s'appelle \u00e9galement boutons de fi\u00e8vre","og_description":"Meestal worden deze op de lippen of rond de mond gevormd. Koortslip is de meest voorkomende virale infectie en wordt veroorzaakt door Herpes Simplex Virus.","og_url":"https:\/\/www.sorefix.com\/fr\/a-propos-des-boutons-de-fievre\/quest-ce-quun-bouton-de-fievre\/","og_site_name":"SoreFix France","article_modified_time":"2019-07-11T08:09:30+00:00","og_image":[{"width":771,"height":211,"url":"https:\/\/www.sorefix.com\/fr\/files\/2017\/05\/koortslip-header.png","type":"image\/png"}],"twitter_card":"summary_large_image","twitter_misc":{"Est. reading time":"4 minutes"},"schema":{"@context":"https:\/\/schema.org","@graph":[{"@type":"WebPage","@id":"https:\/\/www.sorefix.com\/fr\/a-propos-des-boutons-de-fievre\/quest-ce-quun-bouton-de-fievre\/","url":"https:\/\/www.sorefix.com\/fr\/a-propos-des-boutons-de-fievre\/quest-ce-quun-bouton-de-fievre\/","name":"Un bouton de fi\u00e8vre s'appelle \u00e9galement boutons de fi\u00e8vre","isPartOf":{"@id":"https:\/\/www.sorefix.com\/fr\/#website"},"primaryImageOfPage":{"@id":"https:\/\/www.sorefix.com\/fr\/a-propos-des-boutons-de-fievre\/quest-ce-quun-bouton-de-fievre\/#primaryimage"},"image":{"@id":"https:\/\/www.sorefix.com\/fr\/a-propos-des-boutons-de-fievre\/quest-ce-quun-bouton-de-fievre\/#primaryimage"},"thumbnailUrl":"https:\/\/www.sorefix.com\/fr\/files\/2017\/05\/koortslip-header.png","datePublished":"2017-03-14T11:49:10+00:00","dateModified":"2019-07-11T08:09:30+00:00","description":"Meestal worden deze op de lippen of rond de mond gevormd. Koortslip is de meest voorkomende virale infectie en wordt veroorzaakt door Herpes Simplex Virus.","breadcrumb":{"@id":"https:\/\/www.sorefix.com\/fr\/a-propos-des-boutons-de-fievre\/quest-ce-quun-bouton-de-fievre\/#breadcrumb"},"inLanguage":"fr-FR","potentialAction":[{"@type":"ReadAction","target":["https:\/\/www.sorefix.com\/fr\/a-propos-des-boutons-de-fievre\/quest-ce-quun-bouton-de-fievre\/"]}]},{"@type":"ImageObject","inLanguage":"fr-FR","@id":"https:\/\/www.sorefix.com\/fr\/a-propos-des-boutons-de-fievre\/quest-ce-quun-bouton-de-fievre\/#primaryimage","url":"https:\/\/www.sorefix.com\/fr\/files\/2017\/05\/koortslip-header.png","contentUrl":"https:\/\/www.sorefix.com\/fr\/files\/2017\/05\/koortslip-header.png","width":771,"height":211},{"@type":"BreadcrumbList","@id":"https:\/\/www.sorefix.com\/fr\/a-propos-des-boutons-de-fievre\/quest-ce-quun-bouton-de-fievre\/#breadcrumb","itemListElement":[{"@type":"ListItem","position":1,"name":"Home","item":"https:\/\/www.sorefix.com\/fr\/"},{"@type":"ListItem","position":2,"name":"Boutons de fi\u00e8vre","item":"https:\/\/www.sorefix.com\/fr\/a-propos-des-boutons-de-fievre\/"},{"@type":"ListItem","position":3,"name":"Qu\u2019est ce qu\u2019un bouton de fi\u00e8vre?"}]},{"@type":"WebSite","@id":"https:\/\/www.sorefix.com\/fr\/#website","url":"https:\/\/www.sorefix.com\/fr\/","name":"SoreFix France","description":"La solution \u00e0 vos boutons de fi\u00e8vre!","potentialAction":[{"@type":"SearchAction","target":{"@type":"EntryPoint","urlTemplate":"https:\/\/www.sorefix.com\/fr\/?s={search_term_string}"},"query-input":{"@type":"PropertyValueSpecification","valueRequired":true,"valueName":"search_term_string"}}],"inLanguage":"fr-FR"}]}},"_links":{"self":[{"href":"https:\/\/www.sorefix.com\/fr\/wp-json\/wp\/v2\/pages\/274","targetHints":{"allow":["GET"]}}],"collection":[{"href":"https:\/\/www.sorefix.com\/fr\/wp-json\/wp\/v2\/pages"}],"about":[{"href":"https:\/\/www.sorefix.com\/fr\/wp-json\/wp\/v2\/types\/page"}],"author":[{"embeddable":true,"href":"https:\/\/www.sorefix.com\/fr\/wp-json\/wp\/v2\/users\/7"}],"replies":[{"embeddable":true,"href":"https:\/\/www.sorefix.com\/fr\/wp-json\/wp\/v2\/comments?post=274"}],"version-history":[{"count":0,"href":"https:\/\/www.sorefix.com\/fr\/wp-json\/wp\/v2\/pages\/274\/revisions"}],"up":[{"embeddable":true,"href":"https:\/\/www.sorefix.com\/fr\/wp-json\/wp\/v2\/pages\/2306"}],"wp:featuredmedia":[{"embeddable":true,"href":"https:\/\/www.sorefix.com\/fr\/wp-json\/wp\/v2\/media\/773"}],"wp:attachment":[{"href":"https:\/\/www.sorefix.com\/fr\/wp-json\/wp\/v2\/media?parent=274"}],"curies":[{"name":"wp","href":"https:\/\/api.w.org\/{rel}","templated":true}]}}