{"id":283,"date":"2017-03-14T12:54:33","date_gmt":"2017-03-14T11:54:33","guid":{"rendered":"\/\/www.sorefix.com\/ned\/?page_id=283"},"modified":"2019-07-11T08:16:11","modified_gmt":"2019-07-11T08:16:11","slug":"les-4-phases-du-bouton-de-fievre","status":"publish","type":"page","link":"https:\/\/www.sorefix.com\/fr\/a-propos-des-boutons-de-fievre\/les-4-phases-du-bouton-de-fievre\/","title":{"rendered":"Les 4 phases du bouton de fi\u00e8vre"},"content":{"rendered":"<div id='page-content-section-margin'  class='avia-section av-1crllv-5060eb7d10829214f406c4b12b9a13a1 main_color avia-section-default avia-no-border-styling  avia-builder-el-0  avia-builder-el-no-sibling  avia-bg-style-scroll container_wrap fullsize'  ><div class='container av-section-cont-open' ><main  role=\"main\" itemprop=\"mainContentOfPage\"  class='template-page content  av-content-full alpha units'><div class='post-entry post-entry-type-page post-entry-283'><div class='entry-content-wrapper clearfix'>\n\n<style type=\"text\/css\" data-created_by=\"avia_inline_auto\" id=\"style-css-av-16gljf-f230d8c88a5978e75413f73ab266da03\">\n.flex_column.av-16gljf-f230d8c88a5978e75413f73ab266da03{\nborder-radius:0px 0px 0px 0px;\npadding:0px 0px 0px 0px;\n}\n<\/style>\n<div  class='flex_column av-16gljf-f230d8c88a5978e75413f73ab266da03 av_three_fifth  avia-builder-el-1  el_before_av_two_fifth  avia-builder-el-first  first flex_column_div av-zero-column-padding  '     ><p><div  class='hr av-8pyor-3d4e629dd0e0b3f730c667cb1039beaa hr-default  avia-builder-el-2  el_before_av_textblock  avia-builder-el-first '><span class='hr-inner '><span class=\"hr-inner-style\"><\/span><\/span><\/div><br \/>\n<section  class='av_textblock_section av-jv55nm8j-582a984f6d8466c6df9474db609c6eb0 '   itemscope=\"itemscope\" itemtype=\"https:\/\/schema.org\/CreativeWork\" ><div class='avia_textblock'  itemprop=\"text\" ><h1>LES 4 PHASES DU BOUTON DE FI\u00c8VRE<\/h1>\n<hr \/>\n<\/div><\/section><br \/>\n<section  class='av_textblock_section av-15nyob-b4838f0d92aed98244b6a8b2ccd39ee3 '   itemscope=\"itemscope\" itemtype=\"https:\/\/schema.org\/CreativeWork\" ><div class='avia_textblock'  itemprop=\"text\" ><p>Il extiste 4 phases principales dans le cycle de vie d\u2019un bouton de fi\u00e8vre. L\u2018herp\u00e8s simplex virus est contagieux pendant chacune de ces phases. La plupart du temps, une pouss\u00e9e de boutons de fi\u00e8vre dure de 7 \u00e0 10 jours mais peut parfois persister jusqu\u2019\u00e0 2 semaines. Si un bouton de fi\u00e8vre persiste plus longtemps, il est recommand\u00e9 de prendre contact avec votre m\u00e9decin.<\/p>\n<h3>Phase 1 (jours 1-2) Picotements et d\u00e9mangeaisons<\/h3>\n<p>Habituellement, vous ressentez une tension de la peau dans la zone o\u00f9 le bouton de fi\u00e8vre va se d\u00e9velopper. En r\u00e9action \u00e0 l\u2019infection, cette zone devient rouge et gonfl\u00e9e. M\u00eame \u00e0 ce stade pr\u00e9coce, l\u2019infection est contagieuse. Par cons\u00e9quent, \u00e9vitez les contacts physiques si vous sentez qu\u2019un bouton de fi\u00e8vre va appara\u00eetre.<\/p>\n<h3>Phase 2 (jours 2-4) Apparition des v\u00e9sicules<\/h3>\n<p>C\u2019est le stade o\u00f9 apparaissent les v\u00e9sicules des boutons de fi\u00e8vre. La zone touch\u00e9e devient rouge et douloureuse. De petites v\u00e9sicules se forment, qui peuvent confluer en une grande v\u00e9sicule. Le liquide des v\u00e9sicules contient des millions de particules virales.<\/p>\n<h3>Phase 3 (jours 4-5) Suintements et ulc\u00e9rations<\/h3>\n<p>L\u2019ulc\u00e9ration survient quand les v\u00e9sicules \u00e9clatent. C\u2019est \u00e0 ce stade que vous d\u00e9veloppez une l\u00e9sion ouverte, susceptible de s\u2019infecter rapidement. Il s\u2019agit de la phase la plus douloureuse et la plus contagieuse.<\/p>\n<h3>Phase 4\u00a0 (&gt; 5 jours) Cicatrisation<\/h3>\n<p>Les v\u00e9sicules se dess\u00e8chent et une cro\u00fbte de couleur jaune ou brune se forme alors. Lorsque la cro\u00fbte tombe, des fissures douloureuses pouvant saigner peuvent appara\u00eetre. Des cro\u00fbtes de plus en plus petites vont se former jusqu\u2019\u00e0 la cicatrisation compl\u00e8te du bouton de fi\u00e8vre.<\/p>\n<\/div><\/section><\/p><\/div>\n<style type=\"text\/css\" data-created_by=\"avia_inline_auto\" id=\"style-css-av-wxg57-ed6ce917e24c8220b591654d8bd44d43\">\n.flex_column.av-wxg57-ed6ce917e24c8220b591654d8bd44d43{\nborder-radius:0px 0px 0px 0px;\npadding:0px 0px 0px 0px;\n}\n<\/style>\n<div  class='flex_column av-wxg57-ed6ce917e24c8220b591654d8bd44d43 av_two_fifth  avia-builder-el-5  el_after_av_three_fifth  avia-builder-el-last  flex_column_div av-zero-column-padding  '     ><p>\n<style type=\"text\/css\" data-created_by=\"avia_inline_auto\" id=\"style-css-av-t4bez-f35a2927a166bbd0bb2ac4753f21ed4f\">\n#top .hr.hr-invisible.av-t4bez-f35a2927a166bbd0bb2ac4753f21ed4f{\nheight:140px;\n}\n<\/style>\n<div  class='hr av-t4bez-f35a2927a166bbd0bb2ac4753f21ed4f hr-invisible  avia-builder-el-6  el_before_av_hr  avia-builder-el-first '><span class='hr-inner '><span class=\"hr-inner-style\"><\/span><\/span><\/div><br \/>\n<div  class='hr av-8pyor-3d4e629dd0e0b3f730c667cb1039beaa hr-default  avia-builder-el-7  el_after_av_hr  el_before_av_image '><span class='hr-inner '><span class=\"hr-inner-style\"><\/span><\/span><\/div><br \/>\n\n<style type=\"text\/css\" data-created_by=\"avia_inline_auto\" id=\"style-css-av-l2tcj-3eafcb5e67a15d0d48866008e06043bd\">\n.avia-image-container.av-l2tcj-3eafcb5e67a15d0d48866008e06043bd img.avia_image{\nbox-shadow:none;\n}\n.avia-image-container.av-l2tcj-3eafcb5e67a15d0d48866008e06043bd .av-image-caption-overlay-center{\ncolor:#ffffff;\n}\n<\/style>\n<div  class='avia-image-container av-l2tcj-3eafcb5e67a15d0d48866008e06043bd av-styling- avia-align-center  avia-builder-el-8  el_after_av_hr  avia-builder-el-last '   itemprop=\"image\" itemscope=\"itemscope\" itemtype=\"https:\/\/schema.org\/ImageObject\" ><div class=\"avia-image-container-inner\"><div class=\"avia-image-overlay-wrap\"><img decoding=\"async\" fetchpriority=\"high\" class='wp-image-3157 avia-img-lazy-loading-not-3157 avia_image ' src=\"https:\/\/www.sorefix.com\/fr\/files\/2019\/07\/Afbeelding1.png\" alt='' title='Afbeelding1'  height=\"625\" width=\"625\"  itemprop=\"thumbnailUrl\" srcset=\"https:\/\/www.sorefix.com\/fr\/files\/2019\/07\/Afbeelding1.png 625w, https:\/\/www.sorefix.com\/fr\/files\/2019\/07\/Afbeelding1-80x80.png 80w, https:\/\/www.sorefix.com\/fr\/files\/2019\/07\/Afbeelding1-300x300.png 300w, https:\/\/www.sorefix.com\/fr\/files\/2019\/07\/Afbeelding1-36x36.png 36w, https:\/\/www.sorefix.com\/fr\/files\/2019\/07\/Afbeelding1-180x180.png 180w, https:\/\/www.sorefix.com\/fr\/files\/2019\/07\/Afbeelding1-120x120.png 120w, https:\/\/www.sorefix.com\/fr\/files\/2019\/07\/Afbeelding1-450x450.png 450w\" sizes=\"(max-width: 625px) 100vw, 625px\" \/><\/div><\/div><\/div><\/p><\/div>\n","protected":false},"excerpt":{"rendered":"","protected":false},"author":7,"featured_media":773,"parent":2306,"menu_order":12,"comment_status":"closed","ping_status":"closed","template":"","meta":{"_acf_changed":false,"footnotes":""},"class_list":["post-283","page","type-page","status-publish","has-post-thumbnail","hentry"],"acf":[],"yoast_head":"<!-- This site is optimized with the Yoast SEO plugin v26.9 - https:\/\/yoast.com\/product\/yoast-seo-wordpress\/ -->\n<title>Il y a 4 phases dans le cycle de vie des boutons de fi\u00e8vre<\/title>\n<meta name=\"description\" content=\"De duur van alle fases samen is ongeveer 7 tot 10 dagen, maar soms 2 weken of langer. Raadpleeg een arts als een koortslip langer duurt dan 14 dagen.\" \/>\n<meta name=\"robots\" content=\"index, follow, max-snippet:-1, max-image-preview:large, max-video-preview:-1\" \/>\n<link rel=\"canonical\" href=\"https:\/\/www.sorefix.com\/fr\/a-propos-des-boutons-de-fievre\/les-4-phases-du-bouton-de-fievre\/\" \/>\n<meta property=\"og:locale\" content=\"fr_FR\" \/>\n<meta property=\"og:type\" content=\"article\" \/>\n<meta property=\"og:title\" content=\"Il y a 4 phases dans le cycle de vie des boutons de fi\u00e8vre\" \/>\n<meta property=\"og:description\" content=\"De duur van alle fases samen is ongeveer 7 tot 10 dagen, maar soms 2 weken of langer. Raadpleeg een arts als een koortslip langer duurt dan 14 dagen.\" \/>\n<meta property=\"og:url\" content=\"https:\/\/www.sorefix.com\/fr\/a-propos-des-boutons-de-fievre\/les-4-phases-du-bouton-de-fievre\/\" \/>\n<meta property=\"og:site_name\" content=\"SoreFix France\" \/>\n<meta property=\"article:modified_time\" content=\"2019-07-11T08:16:11+00:00\" \/>\n<meta property=\"og:image\" content=\"https:\/\/www.sorefix.com\/fr\/files\/2017\/05\/koortslip-header.png\" \/>\n\t<meta property=\"og:image:width\" content=\"771\" \/>\n\t<meta property=\"og:image:height\" content=\"211\" \/>\n\t<meta property=\"og:image:type\" content=\"image\/png\" \/>\n<meta name=\"twitter:card\" content=\"summary_large_image\" \/>\n<meta name=\"twitter:label1\" content=\"Est. reading time\" \/>\n\t<meta name=\"twitter:data1\" content=\"4 minutes\" \/>\n<script type=\"application\/ld+json\" class=\"yoast-schema-graph\">{\"@context\":\"https:\/\/schema.org\",\"@graph\":[{\"@type\":\"WebPage\",\"@id\":\"https:\/\/www.sorefix.com\/fr\/a-propos-des-boutons-de-fievre\/les-4-phases-du-bouton-de-fievre\/\",\"url\":\"https:\/\/www.sorefix.com\/fr\/a-propos-des-boutons-de-fievre\/les-4-phases-du-bouton-de-fievre\/\",\"name\":\"Il y a 4 phases dans le cycle de vie des boutons de fi\u00e8vre\",\"isPartOf\":{\"@id\":\"https:\/\/www.sorefix.com\/fr\/#website\"},\"primaryImageOfPage\":{\"@id\":\"https:\/\/www.sorefix.com\/fr\/a-propos-des-boutons-de-fievre\/les-4-phases-du-bouton-de-fievre\/#primaryimage\"},\"image\":{\"@id\":\"https:\/\/www.sorefix.com\/fr\/a-propos-des-boutons-de-fievre\/les-4-phases-du-bouton-de-fievre\/#primaryimage\"},\"thumbnailUrl\":\"https:\/\/www.sorefix.com\/fr\/files\/2017\/05\/koortslip-header.png\",\"datePublished\":\"2017-03-14T11:54:33+00:00\",\"dateModified\":\"2019-07-11T08:16:11+00:00\",\"description\":\"De duur van alle fases samen is ongeveer 7 tot 10 dagen, maar soms 2 weken of langer. Raadpleeg een arts als een koortslip langer duurt dan 14 dagen.\",\"breadcrumb\":{\"@id\":\"https:\/\/www.sorefix.com\/fr\/a-propos-des-boutons-de-fievre\/les-4-phases-du-bouton-de-fievre\/#breadcrumb\"},\"inLanguage\":\"fr-FR\",\"potentialAction\":[{\"@type\":\"ReadAction\",\"target\":[\"https:\/\/www.sorefix.com\/fr\/a-propos-des-boutons-de-fievre\/les-4-phases-du-bouton-de-fievre\/\"]}]},{\"@type\":\"ImageObject\",\"inLanguage\":\"fr-FR\",\"@id\":\"https:\/\/www.sorefix.com\/fr\/a-propos-des-boutons-de-fievre\/les-4-phases-du-bouton-de-fievre\/#primaryimage\",\"url\":\"https:\/\/www.sorefix.com\/fr\/files\/2017\/05\/koortslip-header.png\",\"contentUrl\":\"https:\/\/www.sorefix.com\/fr\/files\/2017\/05\/koortslip-header.png\",\"width\":771,\"height\":211},{\"@type\":\"BreadcrumbList\",\"@id\":\"https:\/\/www.sorefix.com\/fr\/a-propos-des-boutons-de-fievre\/les-4-phases-du-bouton-de-fievre\/#breadcrumb\",\"itemListElement\":[{\"@type\":\"ListItem\",\"position\":1,\"name\":\"Home\",\"item\":\"https:\/\/www.sorefix.com\/fr\/\"},{\"@type\":\"ListItem\",\"position\":2,\"name\":\"Boutons de fi\u00e8vre\",\"item\":\"https:\/\/www.sorefix.com\/fr\/a-propos-des-boutons-de-fievre\/\"},{\"@type\":\"ListItem\",\"position\":3,\"name\":\"Les 4 phases du bouton de fi\u00e8vre\"}]},{\"@type\":\"WebSite\",\"@id\":\"https:\/\/www.sorefix.com\/fr\/#website\",\"url\":\"https:\/\/www.sorefix.com\/fr\/\",\"name\":\"SoreFix France\",\"description\":\"La solution \u00e0 vos boutons de fi\u00e8vre!\",\"potentialAction\":[{\"@type\":\"SearchAction\",\"target\":{\"@type\":\"EntryPoint\",\"urlTemplate\":\"https:\/\/www.sorefix.com\/fr\/?s={search_term_string}\"},\"query-input\":{\"@type\":\"PropertyValueSpecification\",\"valueRequired\":true,\"valueName\":\"search_term_string\"}}],\"inLanguage\":\"fr-FR\"}]}<\/script>\n<!-- \/ Yoast SEO plugin. -->","yoast_head_json":{"title":"Il y a 4 phases dans le cycle de vie des boutons de fi\u00e8vre","description":"De duur van alle fases samen is ongeveer 7 tot 10 dagen, maar soms 2 weken of langer. Raadpleeg een arts als een koortslip langer duurt dan 14 dagen.","robots":{"index":"index","follow":"follow","max-snippet":"max-snippet:-1","max-image-preview":"max-image-preview:large","max-video-preview":"max-video-preview:-1"},"canonical":"https:\/\/www.sorefix.com\/fr\/a-propos-des-boutons-de-fievre\/les-4-phases-du-bouton-de-fievre\/","og_locale":"fr_FR","og_type":"article","og_title":"Il y a 4 phases dans le cycle de vie des boutons de fi\u00e8vre","og_description":"De duur van alle fases samen is ongeveer 7 tot 10 dagen, maar soms 2 weken of langer. Raadpleeg een arts als een koortslip langer duurt dan 14 dagen.","og_url":"https:\/\/www.sorefix.com\/fr\/a-propos-des-boutons-de-fievre\/les-4-phases-du-bouton-de-fievre\/","og_site_name":"SoreFix France","article_modified_time":"2019-07-11T08:16:11+00:00","og_image":[{"width":771,"height":211,"url":"https:\/\/www.sorefix.com\/fr\/files\/2017\/05\/koortslip-header.png","type":"image\/png"}],"twitter_card":"summary_large_image","twitter_misc":{"Est. reading time":"4 minutes"},"schema":{"@context":"https:\/\/schema.org","@graph":[{"@type":"WebPage","@id":"https:\/\/www.sorefix.com\/fr\/a-propos-des-boutons-de-fievre\/les-4-phases-du-bouton-de-fievre\/","url":"https:\/\/www.sorefix.com\/fr\/a-propos-des-boutons-de-fievre\/les-4-phases-du-bouton-de-fievre\/","name":"Il y a 4 phases dans le cycle de vie des boutons de fi\u00e8vre","isPartOf":{"@id":"https:\/\/www.sorefix.com\/fr\/#website"},"primaryImageOfPage":{"@id":"https:\/\/www.sorefix.com\/fr\/a-propos-des-boutons-de-fievre\/les-4-phases-du-bouton-de-fievre\/#primaryimage"},"image":{"@id":"https:\/\/www.sorefix.com\/fr\/a-propos-des-boutons-de-fievre\/les-4-phases-du-bouton-de-fievre\/#primaryimage"},"thumbnailUrl":"https:\/\/www.sorefix.com\/fr\/files\/2017\/05\/koortslip-header.png","datePublished":"2017-03-14T11:54:33+00:00","dateModified":"2019-07-11T08:16:11+00:00","description":"De duur van alle fases samen is ongeveer 7 tot 10 dagen, maar soms 2 weken of langer. Raadpleeg een arts als een koortslip langer duurt dan 14 dagen.","breadcrumb":{"@id":"https:\/\/www.sorefix.com\/fr\/a-propos-des-boutons-de-fievre\/les-4-phases-du-bouton-de-fievre\/#breadcrumb"},"inLanguage":"fr-FR","potentialAction":[{"@type":"ReadAction","target":["https:\/\/www.sorefix.com\/fr\/a-propos-des-boutons-de-fievre\/les-4-phases-du-bouton-de-fievre\/"]}]},{"@type":"ImageObject","inLanguage":"fr-FR","@id":"https:\/\/www.sorefix.com\/fr\/a-propos-des-boutons-de-fievre\/les-4-phases-du-bouton-de-fievre\/#primaryimage","url":"https:\/\/www.sorefix.com\/fr\/files\/2017\/05\/koortslip-header.png","contentUrl":"https:\/\/www.sorefix.com\/fr\/files\/2017\/05\/koortslip-header.png","width":771,"height":211},{"@type":"BreadcrumbList","@id":"https:\/\/www.sorefix.com\/fr\/a-propos-des-boutons-de-fievre\/les-4-phases-du-bouton-de-fievre\/#breadcrumb","itemListElement":[{"@type":"ListItem","position":1,"name":"Home","item":"https:\/\/www.sorefix.com\/fr\/"},{"@type":"ListItem","position":2,"name":"Boutons de fi\u00e8vre","item":"https:\/\/www.sorefix.com\/fr\/a-propos-des-boutons-de-fievre\/"},{"@type":"ListItem","position":3,"name":"Les 4 phases du bouton de fi\u00e8vre"}]},{"@type":"WebSite","@id":"https:\/\/www.sorefix.com\/fr\/#website","url":"https:\/\/www.sorefix.com\/fr\/","name":"SoreFix France","description":"La solution \u00e0 vos boutons de fi\u00e8vre!","potentialAction":[{"@type":"SearchAction","target":{"@type":"EntryPoint","urlTemplate":"https:\/\/www.sorefix.com\/fr\/?s={search_term_string}"},"query-input":{"@type":"PropertyValueSpecification","valueRequired":true,"valueName":"search_term_string"}}],"inLanguage":"fr-FR"}]}},"_links":{"self":[{"href":"https:\/\/www.sorefix.com\/fr\/wp-json\/wp\/v2\/pages\/283","targetHints":{"allow":["GET"]}}],"collection":[{"href":"https:\/\/www.sorefix.com\/fr\/wp-json\/wp\/v2\/pages"}],"about":[{"href":"https:\/\/www.sorefix.com\/fr\/wp-json\/wp\/v2\/types\/page"}],"author":[{"embeddable":true,"href":"https:\/\/www.sorefix.com\/fr\/wp-json\/wp\/v2\/users\/7"}],"replies":[{"embeddable":true,"href":"https:\/\/www.sorefix.com\/fr\/wp-json\/wp\/v2\/comments?post=283"}],"version-history":[{"count":0,"href":"https:\/\/www.sorefix.com\/fr\/wp-json\/wp\/v2\/pages\/283\/revisions"}],"up":[{"embeddable":true,"href":"https:\/\/www.sorefix.com\/fr\/wp-json\/wp\/v2\/pages\/2306"}],"wp:featuredmedia":[{"embeddable":true,"href":"https:\/\/www.sorefix.com\/fr\/wp-json\/wp\/v2\/media\/773"}],"wp:attachment":[{"href":"https:\/\/www.sorefix.com\/fr\/wp-json\/wp\/v2\/media?parent=283"}],"curies":[{"name":"wp","href":"https:\/\/api.w.org\/{rel}","templated":true}]}}