{"id":295,"date":"2017-03-14T13:27:28","date_gmt":"2017-03-14T12:27:28","guid":{"rendered":"\/\/www.sorefix.com\/ned\/?page_id=295"},"modified":"2019-07-11T08:21:50","modified_gmt":"2019-07-11T08:21:50","slug":"bebe-et-boutons-de-fievre","status":"publish","type":"page","link":"https:\/\/www.sorefix.com\/fr\/bebe-et-boutons-de-fievre\/","title":{"rendered":"B\u00e9b\u00e9 et boutons de fi\u00e8vre"},"content":{"rendered":"<div id='page-content-section'  class='avia-section av-28vc3j-87b6a9b85cb3b5e802c2f77aa8136ba2 main_color avia-section-default avia-no-border-styling  avia-builder-el-0  avia-builder-el-no-sibling  avia-bg-style-scroll container_wrap fullsize'  ><div class='container av-section-cont-open' ><main  role=\"main\" itemprop=\"mainContentOfPage\"  class='template-page content  av-content-full alpha units'><div class='post-entry post-entry-type-page post-entry-295'><div class='entry-content-wrapper clearfix'>\n\n<style type=\"text\/css\" data-created_by=\"avia_inline_auto\" id=\"style-css-av-24bo4f-153bff898afa4e07aeefad7cb24ca574\">\n.flex_column.av-24bo4f-153bff898afa4e07aeefad7cb24ca574{\nborder-radius:0px 0px 0px 0px;\npadding:0px 30px 0px 0px;\n}\n<\/style>\n<div  class='flex_column av-24bo4f-153bff898afa4e07aeefad7cb24ca574 av_one_third  avia-builder-el-1  el_before_av_two_third  avia-builder-el-first  first no_margin flex_column_div  '     ><p>\n<style type=\"text\/css\" data-created_by=\"avia_inline_auto\" id=\"style-css-av-1wvdxz-1087aa15bacfb3a55f631f6c2e970d50\">\n#top .hr.hr-invisible.av-1wvdxz-1087aa15bacfb3a55f631f6c2e970d50{\nheight:120px;\n}\n<\/style>\n<div  class='hr av-1wvdxz-1087aa15bacfb3a55f631f6c2e970d50 hr-invisible  avia-builder-el-2  el_before_av_image  avia-builder-el-first '><span class='hr-inner '><span class=\"hr-inner-style\"><\/span><\/span><\/div><br \/>\n\n<style type=\"text\/css\" data-created_by=\"avia_inline_auto\" id=\"style-css-av-1pd7v3-0e3a0899b2fa1ecc64147ac07d6eb5da\">\n.avia-image-container.av-1pd7v3-0e3a0899b2fa1ecc64147ac07d6eb5da img.avia_image{\nbox-shadow:none;\n}\n.avia-image-container.av-1pd7v3-0e3a0899b2fa1ecc64147ac07d6eb5da .av-image-caption-overlay-center{\ncolor:#ffffff;\n}\n<\/style>\n<div  class='avia-image-container av-1pd7v3-0e3a0899b2fa1ecc64147ac07d6eb5da av-styling- avia-align-center  avia-builder-el-3  el_after_av_hr  avia-builder-el-last '   itemprop=\"image\" itemscope=\"itemscope\" itemtype=\"https:\/\/schema.org\/ImageObject\" ><div class=\"avia-image-container-inner\"><div class=\"avia-image-overlay-wrap\"><img decoding=\"async\" fetchpriority=\"high\" class='wp-image-936 avia-img-lazy-loading-not-936 avia_image ' src=\"https:\/\/www.sorefix.com\/fr\/files\/2017\/03\/Afbeelding3-small.jpg\" alt='' title='Afbeelding3-small'  height=\"534\" width=\"500\"  itemprop=\"thumbnailUrl\" srcset=\"https:\/\/www.sorefix.com\/fr\/files\/2017\/03\/Afbeelding3-small.jpg 500w, https:\/\/www.sorefix.com\/fr\/files\/2017\/03\/Afbeelding3-small-281x300.jpg 281w, https:\/\/www.sorefix.com\/fr\/files\/2017\/03\/Afbeelding3-small-450x481.jpg 450w\" sizes=\"(max-width: 500px) 100vw, 500px\" \/><\/div><\/div><\/div><\/p><\/div>\n<style type=\"text\/css\" data-created_by=\"avia_inline_auto\" id=\"style-css-av-1jkyy7-a322b54c3816bf60bc6e32ab87d15896\">\n.flex_column.av-1jkyy7-a322b54c3816bf60bc6e32ab87d15896{\nborder-radius:0px 0px 0px 0px;\npadding:0px 0px 0px 0px;\n}\n<\/style>\n<div  class='flex_column av-1jkyy7-a322b54c3816bf60bc6e32ab87d15896 av_two_third  avia-builder-el-4  el_after_av_one_third  avia-builder-el-last  no_margin flex_column_div av-zero-column-padding  '     ><section  class='av_textblock_section av-jv55sifi-9e9fb59acec5d337d99d0cae525e2e2e '   itemscope=\"itemscope\" itemtype=\"https:\/\/schema.org\/CreativeWork\" ><div class='avia_textblock'  itemprop=\"text\" ><h1>B\u00c9B\u00c9 ET BOUTONS DE FI\u00c8VRE<\/h1>\n<hr \/>\n<\/div><\/section><br \/>\n<section  class='av_textblock_section av-18az7j-42eeb2a6080ce2f53631e45ffca2d0da '   itemscope=\"itemscope\" itemtype=\"https:\/\/schema.org\/CreativeWork\" ><div class='avia_textblock'  itemprop=\"text\" ><p>Tout le monde peut transmettre l\u2019herp\u00e8s simplex virus \u00e0 un b\u00e9b\u00e9, par exemple par un baiser, en partageant une tasse, un objet ou un jouet \u00e0 mordiller avec une personne porteuse du virus.<\/p>\n<p>La plupart des gens sont contamin\u00e9s par l\u2018herp\u00e8s simplex virus pendant l\u2019enfance. Lors de la premi\u00e8re infection, les sympt\u00f4mes suivants peuvent survenir chez le b\u00e9b\u00e9 :<\/p>\n<ul>\n<li>Douleur dans la bouche<\/li>\n<li>Faible consommation de boisson<\/li>\n<li>Ganglions lymphatiques enfl\u00e9s<\/li>\n<li>Inflammation des gencives<\/li>\n<li>V\u00e9sicules sur ou autour de la bouche<\/li>\n<li>Fi\u00e8vre<\/li>\n<li>Somnolence<\/li>\n<li>Gorge douloureuse\/ maux de gorge<\/li>\n<\/ul>\n<p>Si votre b\u00e9b\u00e9 a moins de 3 mois et qu\u2019il pr\u00e9sente une plaie au niveau de la bouche, appelez imm\u00e9diatement votre m\u00e9decin.<\/p>\n<h3><\/h3>\n<\/div><\/section><br \/>\n<section  class='av_textblock_section av-jxfwc9ev-e360721a3e9b9ed1bcd4713ae99f5d32 '   itemscope=\"itemscope\" itemtype=\"https:\/\/schema.org\/CreativeWork\" ><div class='avia_textblock'  itemprop=\"text\" ><h3 class=\"p1\">Dangers d&#8217;un bouton de fi\u00e8vre chez les b\u00e9b\u00e9s<\/h3>\n<p>Un bouton de fi\u00e8vre peut \u00eatre dangereux pour un b\u00e9b\u00e9. Si un b\u00e9b\u00e9 a moins de 3 mois et qu\u2019il pr\u00e9sente des sympt\u00f4mes, il est conseill\u00e9 de consulter un m\u00e9decin. SoreFix ne convient pas au traitement des sympt\u00f4mes de l\u2019herp\u00e8s labial chez les b\u00e9b\u00e9s. Surtout chez les jeunes enfants, le virus peut facilement se propager \u00e0 d\u2019autres parties du corps.<\/p>\n<p>Essayez d\u2019emp\u00eacher votre b\u00e9b\u00e9 de toucher le bouton de fi\u00e8vre. Pour l\u2019emp\u00eacher de r\u00e9pandre l\u2019infection, lavez-lui r\u00e9guli\u00e8rement les mains et essayez de l\u2019emp\u00eacher de toucher son bouton de fi\u00e8vre. Vous pouvez lui mettre de petites moufles ou des chaussettes sur les mains pendant qu\u2019il dort.<\/p>\n<p>Si vous avez un bouton de fi\u00e8vre, vous devez \u00e9viter d\u2019embrasser votre b\u00e9b\u00e9 (surtout s\u2019il s\u2019agit d\u2019un nouveau-n\u00e9) tant que le bouton de fi\u00e8vre n\u2019a pas totalement disparu. Rappelez-vous, un seul baiser par une l\u00e8vre infect\u00e9e suffit \u00e0 transmettre le virus. Il est \u00e9galement pr\u00e9f\u00e9rable d\u2019\u00e9viter de partager les tasses et les couverts tant que vous pr\u00e9sentez un bouton de fi\u00e8vre.<\/p>\n<p>Si votre enfant a tendance \u00e0 avoir des boutons de fi\u00e8vre en grandissant, vous pouvez lui appliquer SoreFix baume \u00e0 l\u00e8vres\u00a0afin de pr\u00e9venir toute r\u00e9cidive, notamment lorsqu\u2019il est expos\u00e9 au soleil ou au froid, qui sont des agents d\u00e9clencheurs communs des pouss\u00e9es de boutons de fi\u00e8vre.<\/p>\n<p>SoreFix peut \u00eatre utilis\u00e9 chez l\u2019enfant \u00e0 partir de 4 ans.<\/p>\n<\/div><\/section><\/p><\/div>\n","protected":false},"excerpt":{"rendered":"","protected":false},"author":7,"featured_media":777,"parent":0,"menu_order":13,"comment_status":"closed","ping_status":"closed","template":"","meta":{"_acf_changed":false,"footnotes":""},"class_list":["post-295","page","type-page","status-publish","has-post-thumbnail","hentry"],"acf":[],"yoast_head":"<!-- This site is optimized with the Yoast SEO plugin v26.9 - https:\/\/yoast.com\/product\/yoast-seo-wordpress\/ -->\n<title>Vivre avec les boutons de fi\u00e8vre: Traitez et pr\u00e9venez, ne laissez pas les boutons de fi\u00e8vre g\u00e2cher votre sourire!<\/title>\n<meta name=\"description\" content=\"Indien je vaak een koortslip krijgt dan helpt SoreFix een koortslip te voorkomen of het aantal keren te verminderen. Zo kun je leven met een koortslip.\" \/>\n<meta name=\"robots\" content=\"index, follow, max-snippet:-1, max-image-preview:large, max-video-preview:-1\" \/>\n<link rel=\"canonical\" href=\"https:\/\/www.sorefix.com\/fr\/bebe-et-boutons-de-fievre\/\" \/>\n<meta property=\"og:locale\" content=\"fr_FR\" \/>\n<meta property=\"og:type\" content=\"article\" \/>\n<meta property=\"og:title\" content=\"Vivre avec les boutons de fi\u00e8vre: Traitez et pr\u00e9venez, ne laissez pas les boutons de fi\u00e8vre g\u00e2cher votre sourire!\" \/>\n<meta property=\"og:description\" content=\"Indien je vaak een koortslip krijgt dan helpt SoreFix een koortslip te voorkomen of het aantal keren te verminderen. Zo kun je leven met een koortslip.\" \/>\n<meta property=\"og:url\" content=\"https:\/\/www.sorefix.com\/fr\/bebe-et-boutons-de-fievre\/\" \/>\n<meta property=\"og:site_name\" content=\"SoreFix France\" \/>\n<meta property=\"article:modified_time\" content=\"2019-07-11T08:21:50+00:00\" \/>\n<meta property=\"og:image\" content=\"https:\/\/www.sorefix.com\/fr\/files\/2017\/05\/meisje-header2.png\" \/>\n\t<meta property=\"og:image:width\" content=\"345\" \/>\n\t<meta property=\"og:image:height\" content=\"211\" \/>\n\t<meta property=\"og:image:type\" content=\"image\/png\" \/>\n<meta name=\"twitter:card\" content=\"summary_large_image\" \/>\n<meta name=\"twitter:label1\" content=\"Est. reading time\" \/>\n\t<meta name=\"twitter:data1\" content=\"4 minutes\" \/>\n<script type=\"application\/ld+json\" class=\"yoast-schema-graph\">{\"@context\":\"https:\/\/schema.org\",\"@graph\":[{\"@type\":\"WebPage\",\"@id\":\"https:\/\/www.sorefix.com\/fr\/bebe-et-boutons-de-fievre\/\",\"url\":\"https:\/\/www.sorefix.com\/fr\/bebe-et-boutons-de-fievre\/\",\"name\":\"Vivre avec les boutons de fi\u00e8vre: Traitez et pr\u00e9venez, ne laissez pas les boutons de fi\u00e8vre g\u00e2cher votre sourire!\",\"isPartOf\":{\"@id\":\"https:\/\/www.sorefix.com\/fr\/#website\"},\"primaryImageOfPage\":{\"@id\":\"https:\/\/www.sorefix.com\/fr\/bebe-et-boutons-de-fievre\/#primaryimage\"},\"image\":{\"@id\":\"https:\/\/www.sorefix.com\/fr\/bebe-et-boutons-de-fievre\/#primaryimage\"},\"thumbnailUrl\":\"https:\/\/www.sorefix.com\/fr\/files\/2017\/05\/meisje-header2.png\",\"datePublished\":\"2017-03-14T12:27:28+00:00\",\"dateModified\":\"2019-07-11T08:21:50+00:00\",\"description\":\"Indien je vaak een koortslip krijgt dan helpt SoreFix een koortslip te voorkomen of het aantal keren te verminderen. Zo kun je leven met een koortslip.\",\"breadcrumb\":{\"@id\":\"https:\/\/www.sorefix.com\/fr\/bebe-et-boutons-de-fievre\/#breadcrumb\"},\"inLanguage\":\"fr-FR\",\"potentialAction\":[{\"@type\":\"ReadAction\",\"target\":[\"https:\/\/www.sorefix.com\/fr\/bebe-et-boutons-de-fievre\/\"]}]},{\"@type\":\"ImageObject\",\"inLanguage\":\"fr-FR\",\"@id\":\"https:\/\/www.sorefix.com\/fr\/bebe-et-boutons-de-fievre\/#primaryimage\",\"url\":\"https:\/\/www.sorefix.com\/fr\/files\/2017\/05\/meisje-header2.png\",\"contentUrl\":\"https:\/\/www.sorefix.com\/fr\/files\/2017\/05\/meisje-header2.png\",\"width\":345,\"height\":211},{\"@type\":\"BreadcrumbList\",\"@id\":\"https:\/\/www.sorefix.com\/fr\/bebe-et-boutons-de-fievre\/#breadcrumb\",\"itemListElement\":[{\"@type\":\"ListItem\",\"position\":1,\"name\":\"Home\",\"item\":\"https:\/\/www.sorefix.com\/fr\/\"},{\"@type\":\"ListItem\",\"position\":2,\"name\":\"B\u00e9b\u00e9 et boutons de fi\u00e8vre\"}]},{\"@type\":\"WebSite\",\"@id\":\"https:\/\/www.sorefix.com\/fr\/#website\",\"url\":\"https:\/\/www.sorefix.com\/fr\/\",\"name\":\"SoreFix France\",\"description\":\"La solution \u00e0 vos boutons de fi\u00e8vre!\",\"potentialAction\":[{\"@type\":\"SearchAction\",\"target\":{\"@type\":\"EntryPoint\",\"urlTemplate\":\"https:\/\/www.sorefix.com\/fr\/?s={search_term_string}\"},\"query-input\":{\"@type\":\"PropertyValueSpecification\",\"valueRequired\":true,\"valueName\":\"search_term_string\"}}],\"inLanguage\":\"fr-FR\"}]}<\/script>\n<!-- \/ Yoast SEO plugin. -->","yoast_head_json":{"title":"Vivre avec les boutons de fi\u00e8vre: Traitez et pr\u00e9venez, ne laissez pas les boutons de fi\u00e8vre g\u00e2cher votre sourire!","description":"Indien je vaak een koortslip krijgt dan helpt SoreFix een koortslip te voorkomen of het aantal keren te verminderen. Zo kun je leven met een koortslip.","robots":{"index":"index","follow":"follow","max-snippet":"max-snippet:-1","max-image-preview":"max-image-preview:large","max-video-preview":"max-video-preview:-1"},"canonical":"https:\/\/www.sorefix.com\/fr\/bebe-et-boutons-de-fievre\/","og_locale":"fr_FR","og_type":"article","og_title":"Vivre avec les boutons de fi\u00e8vre: Traitez et pr\u00e9venez, ne laissez pas les boutons de fi\u00e8vre g\u00e2cher votre sourire!","og_description":"Indien je vaak een koortslip krijgt dan helpt SoreFix een koortslip te voorkomen of het aantal keren te verminderen. Zo kun je leven met een koortslip.","og_url":"https:\/\/www.sorefix.com\/fr\/bebe-et-boutons-de-fievre\/","og_site_name":"SoreFix France","article_modified_time":"2019-07-11T08:21:50+00:00","og_image":[{"width":345,"height":211,"url":"https:\/\/www.sorefix.com\/fr\/files\/2017\/05\/meisje-header2.png","type":"image\/png"}],"twitter_card":"summary_large_image","twitter_misc":{"Est. reading time":"4 minutes"},"schema":{"@context":"https:\/\/schema.org","@graph":[{"@type":"WebPage","@id":"https:\/\/www.sorefix.com\/fr\/bebe-et-boutons-de-fievre\/","url":"https:\/\/www.sorefix.com\/fr\/bebe-et-boutons-de-fievre\/","name":"Vivre avec les boutons de fi\u00e8vre: Traitez et pr\u00e9venez, ne laissez pas les boutons de fi\u00e8vre g\u00e2cher votre sourire!","isPartOf":{"@id":"https:\/\/www.sorefix.com\/fr\/#website"},"primaryImageOfPage":{"@id":"https:\/\/www.sorefix.com\/fr\/bebe-et-boutons-de-fievre\/#primaryimage"},"image":{"@id":"https:\/\/www.sorefix.com\/fr\/bebe-et-boutons-de-fievre\/#primaryimage"},"thumbnailUrl":"https:\/\/www.sorefix.com\/fr\/files\/2017\/05\/meisje-header2.png","datePublished":"2017-03-14T12:27:28+00:00","dateModified":"2019-07-11T08:21:50+00:00","description":"Indien je vaak een koortslip krijgt dan helpt SoreFix een koortslip te voorkomen of het aantal keren te verminderen. Zo kun je leven met een koortslip.","breadcrumb":{"@id":"https:\/\/www.sorefix.com\/fr\/bebe-et-boutons-de-fievre\/#breadcrumb"},"inLanguage":"fr-FR","potentialAction":[{"@type":"ReadAction","target":["https:\/\/www.sorefix.com\/fr\/bebe-et-boutons-de-fievre\/"]}]},{"@type":"ImageObject","inLanguage":"fr-FR","@id":"https:\/\/www.sorefix.com\/fr\/bebe-et-boutons-de-fievre\/#primaryimage","url":"https:\/\/www.sorefix.com\/fr\/files\/2017\/05\/meisje-header2.png","contentUrl":"https:\/\/www.sorefix.com\/fr\/files\/2017\/05\/meisje-header2.png","width":345,"height":211},{"@type":"BreadcrumbList","@id":"https:\/\/www.sorefix.com\/fr\/bebe-et-boutons-de-fievre\/#breadcrumb","itemListElement":[{"@type":"ListItem","position":1,"name":"Home","item":"https:\/\/www.sorefix.com\/fr\/"},{"@type":"ListItem","position":2,"name":"B\u00e9b\u00e9 et boutons de fi\u00e8vre"}]},{"@type":"WebSite","@id":"https:\/\/www.sorefix.com\/fr\/#website","url":"https:\/\/www.sorefix.com\/fr\/","name":"SoreFix France","description":"La solution \u00e0 vos boutons de fi\u00e8vre!","potentialAction":[{"@type":"SearchAction","target":{"@type":"EntryPoint","urlTemplate":"https:\/\/www.sorefix.com\/fr\/?s={search_term_string}"},"query-input":{"@type":"PropertyValueSpecification","valueRequired":true,"valueName":"search_term_string"}}],"inLanguage":"fr-FR"}]}},"_links":{"self":[{"href":"https:\/\/www.sorefix.com\/fr\/wp-json\/wp\/v2\/pages\/295","targetHints":{"allow":["GET"]}}],"collection":[{"href":"https:\/\/www.sorefix.com\/fr\/wp-json\/wp\/v2\/pages"}],"about":[{"href":"https:\/\/www.sorefix.com\/fr\/wp-json\/wp\/v2\/types\/page"}],"author":[{"embeddable":true,"href":"https:\/\/www.sorefix.com\/fr\/wp-json\/wp\/v2\/users\/7"}],"replies":[{"embeddable":true,"href":"https:\/\/www.sorefix.com\/fr\/wp-json\/wp\/v2\/comments?post=295"}],"version-history":[{"count":0,"href":"https:\/\/www.sorefix.com\/fr\/wp-json\/wp\/v2\/pages\/295\/revisions"}],"wp:featuredmedia":[{"embeddable":true,"href":"https:\/\/www.sorefix.com\/fr\/wp-json\/wp\/v2\/media\/777"}],"wp:attachment":[{"href":"https:\/\/www.sorefix.com\/fr\/wp-json\/wp\/v2\/media?parent=295"}],"curies":[{"name":"wp","href":"https:\/\/api.w.org\/{rel}","templated":true}]}}