{"id":301,"date":"2017-03-14T13:31:40","date_gmt":"2017-03-14T12:31:40","guid":{"rendered":"\/\/www.sorefix.com\/ned\/?page_id=301"},"modified":"2019-07-11T08:19:11","modified_gmt":"2019-07-11T08:19:11","slug":"conseils-et-astuces","status":"publish","type":"page","link":"https:\/\/www.sorefix.com\/fr\/a-propos-des-boutons-de-fievre\/conseils-et-astuces\/","title":{"rendered":"Conseils et astuces"},"content":{"rendered":"<div id='page-content-section-margin'  class='avia-section av-174059-e3b231d9740de09b43757dec555866fa main_color avia-section-default avia-no-border-styling  avia-builder-el-0  el_before_av_section  avia-builder-el-first  avia-bg-style-scroll container_wrap fullsize'  ><div class='container av-section-cont-open' ><main  role=\"main\" itemprop=\"mainContentOfPage\"  class='template-page content  av-content-full alpha units'><div class='post-entry post-entry-type-page post-entry-301'><div class='entry-content-wrapper clearfix'>\n\n<style type=\"text\/css\" data-created_by=\"avia_inline_auto\" id=\"style-css-av-12x7wl-635eb252a218bcc9d20f7cbdac102080\">\n.flex_column.av-12x7wl-635eb252a218bcc9d20f7cbdac102080{\nborder-radius:0px 0px 0px 0px;\npadding:0px 0px 0px 0px;\n}\n<\/style>\n<div  class='flex_column av-12x7wl-635eb252a218bcc9d20f7cbdac102080 av_one_full  avia-builder-el-1  avia-builder-el-no-sibling  first flex_column_div av-zero-column-padding  '     ><p><div  class='hr av-a3lql-d86bbf55173f196454ebcd3cd9634c60 hr-default  avia-builder-el-2  el_before_av_textblock  avia-builder-el-first '><span class='hr-inner '><span class=\"hr-inner-style\"><\/span><\/span><\/div><br \/>\n<section  class='av_textblock_section av-jv563eyj-666e010a05e79156a89bdc41662381b8 '   itemscope=\"itemscope\" itemtype=\"https:\/\/schema.org\/CreativeWork\" ><div class='avia_textblock'  itemprop=\"text\" ><h1>CONSEILS ET ASTUCES<\/h1>\n<hr \/>\n<\/div><\/section><br \/>\n<section  class='av_textblock_section av-uv48d-107fab8bc7aec471a341dc536d54687a '   itemscope=\"itemscope\" itemtype=\"https:\/\/schema.org\/CreativeWork\" ><div class='avia_textblock'  itemprop=\"text\" ><h3 style=\"margin: 0 0 10px 0\">Pr\u00e9venir les boutons de fi\u00e8vre:<\/h3>\n<table>\n<tbody>\n<tr>\n<td style=\"background: #46B957\" width=\"50%\">\n<h3><span style=\"color: #ffffff\">Les gestes \u00e0 adopter<\/span><\/h3>\n<\/td>\n<td style=\"background: #EF1D2B\" width=\"50%\">\n<h3><span style=\"color: #ffffff\">Les gestes \u00e0 \u00e9viter<\/span><\/h3>\n<\/td>\n<\/tr>\n<tr>\n<td><img loading=\"lazy\" decoding=\"async\" class=\"alignleft size-full wp-image-1250\" src=\"http:\/\/www.sorefix.com\/france\/files\/2017\/03\/groenvinkje.png\" alt=\"\" width=\"18\" height=\"19\" \/>Veiller \u00e0 dormir suffisamment<\/td>\n<td><img loading=\"lazy\" decoding=\"async\" class=\"alignleft size-full wp-image-1251\" src=\"http:\/\/www.sorefix.com\/france\/files\/2017\/03\/roodkruisje.png\" alt=\"\" width=\"18\" height=\"19\" \/>Embrasser une personne avec un bouton de fi\u00e8vre<\/td>\n<\/tr>\n<tr>\n<td><img loading=\"lazy\" decoding=\"async\" class=\"alignleft size-full wp-image-1250\" src=\"http:\/\/www.sorefix.com\/france\/files\/2017\/03\/groenvinkje.png\" alt=\"\" width=\"18\" height=\"19\" \/>Hydrater vos l\u00e8vres<\/td>\n<td><img loading=\"lazy\" decoding=\"async\" class=\"alignleft size-full wp-image-1251\" src=\"http:\/\/www.sorefix.com\/france\/files\/2017\/03\/roodkruisje.png\" alt=\"\" width=\"18\" height=\"19\" \/>Partager les serviettes, les rasoirs, les verres et ustensiles<\/td>\n<\/tr>\n<tr>\n<td><img loading=\"lazy\" decoding=\"async\" class=\"alignleft size-full wp-image-1250\" src=\"http:\/\/www.sorefix.com\/france\/files\/2017\/03\/groenvinkje.png\" alt=\"\" width=\"18\" height=\"19\" \/>Se prot\u00e9ger les l\u00e8vres du froid et du soleil<\/td>\n<td><img loading=\"lazy\" decoding=\"async\" class=\"alignleft size-full wp-image-1251\" src=\"http:\/\/www.sorefix.com\/france\/files\/2017\/03\/roodkruisje.png\" alt=\"\" width=\"18\" height=\"19\" \/>\u00catre en contact proche avec un b\u00e9b\u00e9 si l\u2019on a un bouton de fi\u00e8vre<\/td>\n<\/tr>\n<tr>\n<td><img loading=\"lazy\" decoding=\"async\" class=\"alignleft size-full wp-image-1250\" src=\"http:\/\/www.sorefix.com\/france\/files\/2017\/03\/groenvinkje.png\" alt=\"\" width=\"18\" height=\"19\" \/>Utiliser <a href=\"http:\/\/www.sorefix.com\/france\/produits\/sorefix-prevention-baume-a-levres\/\">Sore<em>Fix<\/em> Pr\u00e9vention <\/a>en cas d\u2019exposition \u00e0 des agents d\u00e9clencheurs<\/td>\n<td><img loading=\"lazy\" decoding=\"async\" class=\"alignleft size-full wp-image-1251\" src=\"http:\/\/www.sorefix.com\/france\/files\/2017\/03\/roodkruisje.png\" alt=\"\" width=\"18\" height=\"19\" \/>S\u2019exposer au soleil<\/td>\n<\/tr>\n<tr>\n<td><\/td>\n<td><img loading=\"lazy\" decoding=\"async\" class=\"alignleft size-full wp-image-1251\" src=\"http:\/\/www.sorefix.com\/france\/files\/2017\/03\/roodkruisje.png\" alt=\"\" width=\"18\" height=\"19\" \/>Se mordre les l\u00e8vres<\/td>\n<\/tr>\n<\/tbody>\n<\/table>\n<\/div><\/section><br \/>\n\n<style type=\"text\/css\" data-created_by=\"avia_inline_auto\" id=\"style-css-av-svfzh-6303ccbf036d9fa64e1c2d10287ec28d\">\n#top .hr.hr-invisible.av-svfzh-6303ccbf036d9fa64e1c2d10287ec28d{\nheight:30px;\n}\n<\/style>\n<div  class='hr av-svfzh-6303ccbf036d9fa64e1c2d10287ec28d hr-invisible  avia-builder-el-5  el_after_av_textblock  el_before_av_textblock '><span class='hr-inner '><span class=\"hr-inner-style\"><\/span><\/span><\/div><br \/>\n<section  class='av_textblock_section av-kmvad-1e2870e45cbadda932cdfb481e602526 '   itemscope=\"itemscope\" itemtype=\"https:\/\/schema.org\/CreativeWork\" ><div class='avia_textblock'  itemprop=\"text\" ><h3 style=\"margin: 20px 0 10px 0\">Quand on a un bouton de fi\u00e8vre :<\/h3>\n<table class=\"redback\" style=\"height: 212px\" width=\"879\">\n<tbody>\n<tr>\n<td style=\"background: #46B957\" width=\"50%\">\n<h3><span style=\"color: #ffffff\">Les gestes \u00e0 adopter<\/span><\/h3>\n<\/td>\n<td style=\"background: #EF1D2B\" width=\"50%\">\n<h3><span style=\"color: #ffffff\">Les gestes \u00e0 \u00e9viter<\/span><\/h3>\n<\/td>\n<\/tr>\n<tr>\n<td><img loading=\"lazy\" decoding=\"async\" class=\"alignleft size-full wp-image-1250\" src=\"http:\/\/www.sorefix.com\/france\/files\/2017\/03\/groenvinkje.png\" alt=\"\" width=\"18\" height=\"19\" \/>Bien dormir et se reposer<\/td>\n<td><img loading=\"lazy\" decoding=\"async\" class=\"alignleft size-full wp-image-1251\" src=\"http:\/\/www.sorefix.com\/france\/files\/2017\/03\/roodkruisje.png\" alt=\"\" width=\"18\" height=\"19\" \/>Embrasser ses proches<\/td>\n<\/tr>\n<tr>\n<td><img loading=\"lazy\" decoding=\"async\" class=\"alignleft size-full wp-image-1250\" src=\"http:\/\/www.sorefix.com\/france\/files\/2017\/03\/groenvinkje.png\" alt=\"\" width=\"18\" height=\"19\" \/>Se laver les mains r\u00e9guli\u00e8rement avec de l\u2019eau chaude et du savon<\/td>\n<td><img loading=\"lazy\" decoding=\"async\" class=\"alignleft size-full wp-image-1251\" src=\"http:\/\/www.sorefix.com\/france\/files\/2017\/03\/roodkruisje.png\" alt=\"\" width=\"18\" height=\"19\" \/>Toucher ou gratter un bouton de fi\u00e8vre<\/td>\n<\/tr>\n<tr>\n<td><img loading=\"lazy\" decoding=\"async\" class=\"alignleft size-full wp-image-1250\" src=\"http:\/\/www.sorefix.com\/france\/files\/2017\/03\/groenvinkje.png\" alt=\"\" width=\"18\" height=\"19\" \/>Prot\u00e9ger les b\u00e9b\u00e9s et les jeunes enfants<\/td>\n<td><img loading=\"lazy\" decoding=\"async\" class=\"alignleft size-full wp-image-1251\" src=\"http:\/\/www.sorefix.com\/france\/files\/2017\/03\/roodkruisje.png\" alt=\"\" width=\"18\" height=\"19\" \/>Manger sal\u00e9 et\/ou acide<\/td>\n<\/tr>\n<tr>\n<td><img loading=\"lazy\" decoding=\"async\" class=\"alignleft size-full wp-image-1250\" src=\"http:\/\/www.sorefix.com\/france\/files\/2017\/03\/groenvinkje.png\" alt=\"\" width=\"18\" height=\"19\" \/>Appliquer <a href=\"http:\/\/www.sorefix.com\/france\/produits\/sorefix-traitement-creme\/\">le produit uniquement<\/a> sur les zones affect\u00e9es et les v\u00e9sicules<\/td>\n<td><img loading=\"lazy\" decoding=\"async\" class=\"alignleft size-full wp-image-1251\" src=\"http:\/\/www.sorefix.com\/france\/files\/2017\/03\/roodkruisje.png\" alt=\"\" width=\"18\" height=\"19\" \/>Partager les serviettes, les rasoirs, les verres avec les personnes qui ont un bouton de fi\u00e8vre<\/td>\n<\/tr>\n<tr>\n<td><img loading=\"lazy\" decoding=\"async\" class=\"alignleft size-full wp-image-1250\" src=\"http:\/\/www.sorefix.com\/france\/files\/2017\/03\/groenvinkje.png\" alt=\"\" width=\"18\" height=\"19\" \/>Se prot\u00e9ger lors de relations sexuelles<\/td>\n<td><\/td>\n<\/tr>\n<tr>\n<td><img loading=\"lazy\" decoding=\"async\" class=\"alignleft size-full wp-image-1250\" src=\"http:\/\/www.sorefix.com\/france\/files\/2017\/03\/groenvinkje.png\" alt=\"\" width=\"18\" height=\"19\" \/>Faire attention lors de l\u2019application du maquillage et lors du d\u00e9maquillage<\/td>\n<td><\/td>\n<\/tr>\n<tr>\n<td><img loading=\"lazy\" decoding=\"async\" class=\"alignleft size-full wp-image-1250\" src=\"http:\/\/www.sorefix.com\/france\/files\/2017\/03\/groenvinkje.png\" alt=\"\" width=\"18\" height=\"19\" \/>Faire attention lors du port de lentilles de contact (mains propres)<\/td>\n<td><\/td>\n<\/tr>\n<\/tbody>\n<\/table>\n<\/div><\/section><\/p><\/div><\/div><\/div><\/main><!-- close content main element --><\/div><\/div><div id='av_section_2'  class='avia-section av-9vbwd-7687a1b7c0dd369df3204f0108a2e9cc main_color avia-section-default avia-no-border-styling  avia-builder-el-7  el_after_av_section  avia-builder-el-last  avia-bg-style-scroll container_wrap fullsize'  ><div class='container av-section-cont-open' ><div class='template-page content  av-content-full alpha units'><div class='post-entry post-entry-type-page post-entry-301'><div class='entry-content-wrapper clearfix'><\/p>\n","protected":false},"excerpt":{"rendered":"","protected":false},"author":7,"featured_media":777,"parent":2306,"menu_order":15,"comment_status":"closed","ping_status":"closed","template":"","meta":{"_acf_changed":false,"footnotes":""},"class_list":["post-301","page","type-page","status-publish","has-post-thumbnail","hentry"],"acf":[],"yoast_head":"<!-- This site is optimized with the Yoast SEO plugin v26.9 - https:\/\/yoast.com\/product\/yoast-seo-wordpress\/ -->\n<title>Ce qu&#039;il faut faire et ne pas faire en mati\u00e8re de pr\u00e9vention et de traitement de l&#039;herp\u00e8s labial<\/title>\n<meta name=\"description\" content=\"Een van de do&#039;s en don&#039;ts - Do&#039;s: Gezond eten, don&#039;ts: Geen handdoeken, scheermesjes, tandenborstels met een persoon dat een koortslip heeft delen.\" \/>\n<meta name=\"robots\" content=\"index, follow, max-snippet:-1, max-image-preview:large, max-video-preview:-1\" \/>\n<link rel=\"canonical\" href=\"https:\/\/www.sorefix.com\/fr\/a-propos-des-boutons-de-fievre\/conseils-et-astuces\/\" \/>\n<meta property=\"og:locale\" content=\"fr_FR\" \/>\n<meta property=\"og:type\" content=\"article\" \/>\n<meta property=\"og:title\" content=\"Ce qu&#039;il faut faire et ne pas faire en mati\u00e8re de pr\u00e9vention et de traitement de l&#039;herp\u00e8s labial\" \/>\n<meta property=\"og:description\" content=\"Een van de do&#039;s en don&#039;ts - Do&#039;s: Gezond eten, don&#039;ts: Geen handdoeken, scheermesjes, tandenborstels met een persoon dat een koortslip heeft delen.\" \/>\n<meta property=\"og:url\" content=\"https:\/\/www.sorefix.com\/fr\/a-propos-des-boutons-de-fievre\/conseils-et-astuces\/\" \/>\n<meta property=\"og:site_name\" content=\"SoreFix France\" \/>\n<meta property=\"article:modified_time\" content=\"2019-07-11T08:19:11+00:00\" \/>\n<meta property=\"og:image\" content=\"https:\/\/www.sorefix.com\/fr\/files\/2017\/05\/meisje-header2.png\" \/>\n\t<meta property=\"og:image:width\" content=\"345\" \/>\n\t<meta property=\"og:image:height\" content=\"211\" \/>\n\t<meta property=\"og:image:type\" content=\"image\/png\" \/>\n<meta name=\"twitter:card\" content=\"summary_large_image\" \/>\n<meta name=\"twitter:label1\" content=\"Est. reading time\" \/>\n\t<meta name=\"twitter:data1\" content=\"3 minutes\" \/>\n<script type=\"application\/ld+json\" class=\"yoast-schema-graph\">{\"@context\":\"https:\/\/schema.org\",\"@graph\":[{\"@type\":\"WebPage\",\"@id\":\"https:\/\/www.sorefix.com\/fr\/a-propos-des-boutons-de-fievre\/conseils-et-astuces\/\",\"url\":\"https:\/\/www.sorefix.com\/fr\/a-propos-des-boutons-de-fievre\/conseils-et-astuces\/\",\"name\":\"Ce qu'il faut faire et ne pas faire en mati\u00e8re de pr\u00e9vention et de traitement de l'herp\u00e8s labial\",\"isPartOf\":{\"@id\":\"https:\/\/www.sorefix.com\/fr\/#website\"},\"primaryImageOfPage\":{\"@id\":\"https:\/\/www.sorefix.com\/fr\/a-propos-des-boutons-de-fievre\/conseils-et-astuces\/#primaryimage\"},\"image\":{\"@id\":\"https:\/\/www.sorefix.com\/fr\/a-propos-des-boutons-de-fievre\/conseils-et-astuces\/#primaryimage\"},\"thumbnailUrl\":\"https:\/\/www.sorefix.com\/fr\/files\/2017\/05\/meisje-header2.png\",\"datePublished\":\"2017-03-14T12:31:40+00:00\",\"dateModified\":\"2019-07-11T08:19:11+00:00\",\"description\":\"Een van de do's en don'ts - Do's: Gezond eten, don'ts: Geen handdoeken, scheermesjes, tandenborstels met een persoon dat een koortslip heeft delen.\",\"breadcrumb\":{\"@id\":\"https:\/\/www.sorefix.com\/fr\/a-propos-des-boutons-de-fievre\/conseils-et-astuces\/#breadcrumb\"},\"inLanguage\":\"fr-FR\",\"potentialAction\":[{\"@type\":\"ReadAction\",\"target\":[\"https:\/\/www.sorefix.com\/fr\/a-propos-des-boutons-de-fievre\/conseils-et-astuces\/\"]}]},{\"@type\":\"ImageObject\",\"inLanguage\":\"fr-FR\",\"@id\":\"https:\/\/www.sorefix.com\/fr\/a-propos-des-boutons-de-fievre\/conseils-et-astuces\/#primaryimage\",\"url\":\"https:\/\/www.sorefix.com\/fr\/files\/2017\/05\/meisje-header2.png\",\"contentUrl\":\"https:\/\/www.sorefix.com\/fr\/files\/2017\/05\/meisje-header2.png\",\"width\":345,\"height\":211},{\"@type\":\"BreadcrumbList\",\"@id\":\"https:\/\/www.sorefix.com\/fr\/a-propos-des-boutons-de-fievre\/conseils-et-astuces\/#breadcrumb\",\"itemListElement\":[{\"@type\":\"ListItem\",\"position\":1,\"name\":\"Home\",\"item\":\"https:\/\/www.sorefix.com\/fr\/\"},{\"@type\":\"ListItem\",\"position\":2,\"name\":\"Boutons de fi\u00e8vre\",\"item\":\"https:\/\/www.sorefix.com\/fr\/a-propos-des-boutons-de-fievre\/\"},{\"@type\":\"ListItem\",\"position\":3,\"name\":\"Conseils et astuces\"}]},{\"@type\":\"WebSite\",\"@id\":\"https:\/\/www.sorefix.com\/fr\/#website\",\"url\":\"https:\/\/www.sorefix.com\/fr\/\",\"name\":\"SoreFix France\",\"description\":\"La solution \u00e0 vos boutons de fi\u00e8vre!\",\"potentialAction\":[{\"@type\":\"SearchAction\",\"target\":{\"@type\":\"EntryPoint\",\"urlTemplate\":\"https:\/\/www.sorefix.com\/fr\/?s={search_term_string}\"},\"query-input\":{\"@type\":\"PropertyValueSpecification\",\"valueRequired\":true,\"valueName\":\"search_term_string\"}}],\"inLanguage\":\"fr-FR\"}]}<\/script>\n<!-- \/ Yoast SEO plugin. -->","yoast_head_json":{"title":"Ce qu'il faut faire et ne pas faire en mati\u00e8re de pr\u00e9vention et de traitement de l'herp\u00e8s labial","description":"Een van de do's en don'ts - Do's: Gezond eten, don'ts: Geen handdoeken, scheermesjes, tandenborstels met een persoon dat een koortslip heeft delen.","robots":{"index":"index","follow":"follow","max-snippet":"max-snippet:-1","max-image-preview":"max-image-preview:large","max-video-preview":"max-video-preview:-1"},"canonical":"https:\/\/www.sorefix.com\/fr\/a-propos-des-boutons-de-fievre\/conseils-et-astuces\/","og_locale":"fr_FR","og_type":"article","og_title":"Ce qu'il faut faire et ne pas faire en mati\u00e8re de pr\u00e9vention et de traitement de l'herp\u00e8s labial","og_description":"Een van de do's en don'ts - Do's: Gezond eten, don'ts: Geen handdoeken, scheermesjes, tandenborstels met een persoon dat een koortslip heeft delen.","og_url":"https:\/\/www.sorefix.com\/fr\/a-propos-des-boutons-de-fievre\/conseils-et-astuces\/","og_site_name":"SoreFix France","article_modified_time":"2019-07-11T08:19:11+00:00","og_image":[{"width":345,"height":211,"url":"https:\/\/www.sorefix.com\/fr\/files\/2017\/05\/meisje-header2.png","type":"image\/png"}],"twitter_card":"summary_large_image","twitter_misc":{"Est. reading time":"3 minutes"},"schema":{"@context":"https:\/\/schema.org","@graph":[{"@type":"WebPage","@id":"https:\/\/www.sorefix.com\/fr\/a-propos-des-boutons-de-fievre\/conseils-et-astuces\/","url":"https:\/\/www.sorefix.com\/fr\/a-propos-des-boutons-de-fievre\/conseils-et-astuces\/","name":"Ce qu'il faut faire et ne pas faire en mati\u00e8re de pr\u00e9vention et de traitement de l'herp\u00e8s labial","isPartOf":{"@id":"https:\/\/www.sorefix.com\/fr\/#website"},"primaryImageOfPage":{"@id":"https:\/\/www.sorefix.com\/fr\/a-propos-des-boutons-de-fievre\/conseils-et-astuces\/#primaryimage"},"image":{"@id":"https:\/\/www.sorefix.com\/fr\/a-propos-des-boutons-de-fievre\/conseils-et-astuces\/#primaryimage"},"thumbnailUrl":"https:\/\/www.sorefix.com\/fr\/files\/2017\/05\/meisje-header2.png","datePublished":"2017-03-14T12:31:40+00:00","dateModified":"2019-07-11T08:19:11+00:00","description":"Een van de do's en don'ts - Do's: Gezond eten, don'ts: Geen handdoeken, scheermesjes, tandenborstels met een persoon dat een koortslip heeft delen.","breadcrumb":{"@id":"https:\/\/www.sorefix.com\/fr\/a-propos-des-boutons-de-fievre\/conseils-et-astuces\/#breadcrumb"},"inLanguage":"fr-FR","potentialAction":[{"@type":"ReadAction","target":["https:\/\/www.sorefix.com\/fr\/a-propos-des-boutons-de-fievre\/conseils-et-astuces\/"]}]},{"@type":"ImageObject","inLanguage":"fr-FR","@id":"https:\/\/www.sorefix.com\/fr\/a-propos-des-boutons-de-fievre\/conseils-et-astuces\/#primaryimage","url":"https:\/\/www.sorefix.com\/fr\/files\/2017\/05\/meisje-header2.png","contentUrl":"https:\/\/www.sorefix.com\/fr\/files\/2017\/05\/meisje-header2.png","width":345,"height":211},{"@type":"BreadcrumbList","@id":"https:\/\/www.sorefix.com\/fr\/a-propos-des-boutons-de-fievre\/conseils-et-astuces\/#breadcrumb","itemListElement":[{"@type":"ListItem","position":1,"name":"Home","item":"https:\/\/www.sorefix.com\/fr\/"},{"@type":"ListItem","position":2,"name":"Boutons de fi\u00e8vre","item":"https:\/\/www.sorefix.com\/fr\/a-propos-des-boutons-de-fievre\/"},{"@type":"ListItem","position":3,"name":"Conseils et astuces"}]},{"@type":"WebSite","@id":"https:\/\/www.sorefix.com\/fr\/#website","url":"https:\/\/www.sorefix.com\/fr\/","name":"SoreFix France","description":"La solution \u00e0 vos boutons de fi\u00e8vre!","potentialAction":[{"@type":"SearchAction","target":{"@type":"EntryPoint","urlTemplate":"https:\/\/www.sorefix.com\/fr\/?s={search_term_string}"},"query-input":{"@type":"PropertyValueSpecification","valueRequired":true,"valueName":"search_term_string"}}],"inLanguage":"fr-FR"}]}},"_links":{"self":[{"href":"https:\/\/www.sorefix.com\/fr\/wp-json\/wp\/v2\/pages\/301","targetHints":{"allow":["GET"]}}],"collection":[{"href":"https:\/\/www.sorefix.com\/fr\/wp-json\/wp\/v2\/pages"}],"about":[{"href":"https:\/\/www.sorefix.com\/fr\/wp-json\/wp\/v2\/types\/page"}],"author":[{"embeddable":true,"href":"https:\/\/www.sorefix.com\/fr\/wp-json\/wp\/v2\/users\/7"}],"replies":[{"embeddable":true,"href":"https:\/\/www.sorefix.com\/fr\/wp-json\/wp\/v2\/comments?post=301"}],"version-history":[{"count":0,"href":"https:\/\/www.sorefix.com\/fr\/wp-json\/wp\/v2\/pages\/301\/revisions"}],"up":[{"embeddable":true,"href":"https:\/\/www.sorefix.com\/fr\/wp-json\/wp\/v2\/pages\/2306"}],"wp:featuredmedia":[{"embeddable":true,"href":"https:\/\/www.sorefix.com\/fr\/wp-json\/wp\/v2\/media\/777"}],"wp:attachment":[{"href":"https:\/\/www.sorefix.com\/fr\/wp-json\/wp\/v2\/media?parent=301"}],"curies":[{"name":"wp","href":"https:\/\/api.w.org\/{rel}","templated":true}]}}